{"id":10123,"date":"2025-08-27T18:55:52","date_gmt":"2025-08-27T16:55:52","guid":{"rendered":"https:\/\/deep-space-astronomy.ch\/?post_type=product&#038;p=10123"},"modified":"2025-08-27T18:59:24","modified_gmt":"2025-08-27T16:59:24","slug":"daystar-quark-gemini-combo-deux-en-un-pour-sct-et-mak-chromosphere-et-prominence","status":"publish","type":"product","link":"https:\/\/deep-space-astronomy.ch\/de\/produkt\/daystar-quark-gemini-combo-deux-en-un-pour-sct-et-mak-chromosphere-et-prominence\/","title":{"rendered":"DayStar Quark GEMINI Zwei-in-Eins-Kombo f\u00fcr SCT und Mak - Chromosphere und Prominence"},"content":{"rendered":"<p>&nbsp;<\/p>\n<div class=\"container\">\n<header>\n<h1 style=\"text-align: center;\">DayStar Combo Gemini H-Alpha - F\u00fcr SCT, Mak und Refraktoren F\/15-F\/30<\/h1>\n<p><img fetchpriority=\"high\" decoding=\"async\" class=\"aligncenter wp-image-10124 size-full\" src=\"https:\/\/deep-space-astronomy.ch\/wp-content\/uploads\/2025\/08\/GeminiCombo.avif\" alt=\"\" width=\"1000\" height=\"750\" srcset=\"https:\/\/deep-space-astronomy.ch\/wp-content\/uploads\/2025\/08\/GeminiCombo.avif 1000w, https:\/\/deep-space-astronomy.ch\/wp-content\/uploads\/2025\/08\/GeminiCombo-300x225.avif 300w, https:\/\/deep-space-astronomy.ch\/wp-content\/uploads\/2025\/08\/GeminiCombo-768x576.avif 768w, https:\/\/deep-space-astronomy.ch\/wp-content\/uploads\/2025\/08\/GeminiCombo-16x12.avif 16w, https:\/\/deep-space-astronomy.ch\/wp-content\/uploads\/2025\/08\/GeminiCombo-600x450.avif 600w\" sizes=\"(max-width: 1000px) 100vw, 1000px\" \/><\/p>\n<p class=\"lead\">Die Gemini-Combo kombiniert H-alpha-Filter <strong>Prominenz<\/strong> und <strong>Chromosph\u00e4re<\/strong> f\u00fcr sofortiges Umschalten mithilfe eines seitlichen Schiebereglers. Nutzen Sie das Beste aus beiden Bandbreitenoptionen in einem einzigen Tool, ohne Hardwareaustausch oder Refokussierung.<\/p>\n<\/header>\n<section>\n<h2>Pr\u00e4sentation<\/h2>\n<p>Die Gemini-Combo erm\u00f6glicht :<\/p>\n<ul>\n<li>Einfaches Umschalten zwischen Prominence (breite Bandbreite) und Chromosphere (schmale Bandbreite mit hohem Kontrast) als optometrischer Test.<\/li>\n<li>Sofortige Beobachtung ohne Filteraustausch oder Refokus.<\/li>\n<li>Kompatibilit\u00e4t mit SCT, Maksutov und Refraktoren \u00fcber optionale telezentrische Barlows (2,8x oder 4,3x).<\/li>\n<li>Leichtes und kompaktes All-in-One-Ger\u00e4t, das zus\u00e4tzliche Adapter \u00fcberfl\u00fcssig macht.<\/li>\n<li>Interne Baffles f\u00fcr verbesserten Kontrast und optimierte AR-Beschichtungen 656 nm.<\/li>\n<\/ul>\n<p class=\"callout\">Wichtig: F\u00fcr SCT und Maksutov ist ein Front-Mount-Energieabweisungsfilter (ERF) erforderlich, um den optischen Tubus zu sch\u00fctzen und eine optimale Leistung zu erzielen.<\/p>\n<\/section>\n<section>\n<h2>Technische Spezifikationen<\/h2>\n<table>\n<tbody>\n<tr>\n<th>Typ<\/th>\n<td>H-Alpha-Filter Combo Gemini (Prominence + Chromosphere)<\/td>\n<\/tr>\n<tr>\n<th>Kompatibilit\u00e4t<\/th>\n<td>SCT, Maksutov, Refraktoren F\/15-F\/30<\/td>\n<\/tr>\n<tr>\n<th>Okularauszug<\/th>\n<td>1,25\u2033 Standard, Snout 1,25\u2033 inklusive + Adapter 2\u00b0 off-axis f\u00fcr ERF<\/td>\n<\/tr>\n<tr>\n<th>Barlow \/ Optik<\/th>\n<td>Kein eingebautes Barlow - 0 Leistung, nur Filter. Optionale telezentrische Barrows verf\u00fcgbar.<\/td>\n<\/tr>\n<tr>\n<th>Blockierender Filter<\/th>\n<td>Integriert, 25 mm<\/td>\n<\/tr>\n<tr>\n<th>Klare Apertur<\/th>\n<td>21 mm<\/td>\n<\/tr>\n<tr>\n<th>Ern\u00e4hrung<\/th>\n<td>USB 5 V 1,5 A, Netzteil 90-240 V enthalten<\/td>\n<\/tr>\n<tr>\n<th>Tuning<\/th>\n<td>Wing-Shift-R\u00e4der \u00b10,5 \u00c5 mit Raststufen alle 0,1 \u00c5; Status-LEDs: power, warming, ready, fault<\/td>\n<\/tr>\n<tr>\n<th>Garantie<\/th>\n<td>5 Jahre<\/td>\n<\/tr>\n<tr>\n<th>Geh\u00e4use geliefert<\/th>\n<td>Hardcase f\u00fcr Schutz und Transport<\/td>\n<\/tr>\n<tr>\n<th>Beobachtung<\/th>\n<td>Volle Scheibe bis ~1800 mm Brennweite; keine Blendenbegrenzung, Verwendung mit SCT und off-axis ERF Maks<\/td>\n<\/tr>\n<tr>\n<th>Optionales Zubeh\u00f6r<\/th>\n<td>Akkupack 8h<\/td>\n<\/tr>\n<\/tbody>\n<\/table>\n<\/section>\n<section>\n<h2>Vergleich Prominence vs. Chromosphere<\/h2>\n<table>\n<thead>\n<tr>\n<th>Kriterium<\/th>\n<th>Prominenz<\/th>\n<th>Chromosph\u00e4re<\/th>\n<\/tr>\n<\/thead>\n<tbody>\n<tr>\n<td>Bandbreite FWHM<\/td>\n<td>Breiter (&gt;0,6 \u00c5) - heller<\/td>\n<td>Schmaler (&lt;0,5 \u00c5) - besserer Oberfl\u00e4chenkontrast<\/td>\n<\/tr>\n<tr>\n<td>Filamente<\/td>\n<td>Schwierig zu beobachten<\/td>\n<td>Sichtbar und detailliert<\/td>\n<\/tr>\n<tr>\n<td>Protuberanzen<\/td>\n<td>Sehr gl\u00e4nzend an der Blattspreite<\/td>\n<td>Sichtbar, aber weniger hell<\/td>\n<\/tr>\n<tr>\n<td>Kontrast<\/td>\n<td>Weniger Kontrast, Helligkeitspriorit\u00e4t<\/td>\n<td>Hoher Kontrast, ideal f\u00fcr chromosph\u00e4rische Details<\/td>\n<\/tr>\n<tr>\n<td>Empfohlene Verwendung<\/td>\n<td>Schnelle visuelle Beobachtung<\/td>\n<td>Detaillierte Beobachtung und Astrofotografie<\/td>\n<\/tr>\n<\/tbody>\n<\/table>\n<\/section>\n<section>\n<h2>Wichtige Anweisungen f\u00fcr SCT \/ Maksutov<\/h2>\n<ul>\n<li>SCT: Verwenden Sie einen off-axis Front-Mount-ERF mit reduzierter \u00d6ffnung, um den Sekund\u00e4rspiegel zu sch\u00fctzen.<\/li>\n<li>Maksutov: ERF Front-Mount obligatorisch, um eine \u00dcberhitzung des optischen Tubus zu vermeiden.<\/li>\n<li>Refraktoren F\/15-F\/30: Setzen Sie den Combo Gemini direkt in den abgewinkelten Umlenker ein, keine zus\u00e4tzliche Anpassung.<\/li>\n<\/ul>\n<\/section>\n<footer>\u00a9 DayStar Instruments - Pr\u00fcfen Sie vor dem Kauf die Kompatibilit\u00e4t. Support: service@daystarfilters.com | Tel: 866-680-6563<\/p>\n<\/footer>\n<\/div>\n<p>&nbsp;<\/p>","protected":false},"excerpt":{"rendered":"<p>&nbsp; DayStar Combo Gemini H\u2011Alpha \u2014 Pour SCT, Mak et r\u00e9fracteurs F\/15\u2013F\/30 Le Combo Gemini combine les filtres H\u2011alpha Prominence et Chromosphere pour un basculement instantan\u00e9 gr\u00e2ce \u00e0 un curseur lat\u00e9ral. Profitez du meilleur des deux options de bande passante dans un seul outil, sans \u00e9change de mat\u00e9riel ni refocus. Pr\u00e9sentation Le Combo Gemini permet [&hellip;]<\/p>\n","protected":false},"featured_media":10125,"comment_status":"open","ping_status":"closed","template":"","meta":[],"product_brand":[834],"product_cat":[816,645,642,70],"product_tag":[],"class_list":{"0":"post-10123","1":"product","2":"type-product","3":"status-publish","4":"has-post-thumbnail","6":"product_brand-daystar","7":"product_cat-nouveautes","8":"product_cat-filtres-solaires","9":"product_cat-materiel-pour-lobservation-solaire","10":"product_cat-reducteurs-et-extendeurs-de-focale","12":"first","13":"on_supplier","14":"taxable","15":"shipping-taxable","16":"purchasable","17":"product-type-simple"},"_links":{"self":[{"href":"https:\/\/deep-space-astronomy.ch\/de\/wp-json\/wp\/v2\/product\/10123","targetHints":{"allow":["GET"]}}],"collection":[{"href":"https:\/\/deep-space-astronomy.ch\/de\/wp-json\/wp\/v2\/product"}],"about":[{"href":"https:\/\/deep-space-astronomy.ch\/de\/wp-json\/wp\/v2\/types\/product"}],"replies":[{"embeddable":true,"href":"https:\/\/deep-space-astronomy.ch\/de\/wp-json\/wp\/v2\/comments?post=10123"}],"wp:featuredmedia":[{"embeddable":true,"href":"https:\/\/deep-space-astronomy.ch\/de\/wp-json\/wp\/v2\/media\/10125"}],"wp:attachment":[{"href":"https:\/\/deep-space-astronomy.ch\/de\/wp-json\/wp\/v2\/media?parent=10123"}],"wp:term":[{"taxonomy":"product_brand","embeddable":true,"href":"https:\/\/deep-space-astronomy.ch\/de\/wp-json\/wp\/v2\/product_brand?post=10123"},{"taxonomy":"product_cat","embeddable":true,"href":"https:\/\/deep-space-astronomy.ch\/de\/wp-json\/wp\/v2\/product_cat?post=10123"},{"taxonomy":"product_tag","embeddable":true,"href":"https:\/\/deep-space-astronomy.ch\/de\/wp-json\/wp\/v2\/product_tag?post=10123"}],"curies":[{"name":"wp","href":"https:\/\/api.w.org\/{rel}","templated":true}]}}