{"id":10130,"date":"2025-08-27T19:29:54","date_gmt":"2025-08-27T17:29:54","guid":{"rendered":"https:\/\/deep-space-astronomy.ch\/?post_type=product&#038;p=10130"},"modified":"2025-08-27T19:35:19","modified_gmt":"2025-08-27T17:35:19","slug":"daystar-quark-magnesium-i-b2-line","status":"publish","type":"product","link":"https:\/\/deep-space-astronomy.ch\/de\/produkt\/daystar-quark-magnesium-i-b2-line\/","title":{"rendered":"DayStar Quark - Magnesium I b2-line"},"content":{"rendered":"<h1 style=\"text-align: center;\">DayStar Quark Magnesium I b2-line<\/h1>\n<h2><img decoding=\"async\" class=\"aligncenter\" src=\"https:\/\/www.daystarfilters.com\/df\/wp-content\/uploads\/2025\/03\/MagnesiumQuark1k.jpg\" \/><\/h2>\n<h2>Pr\u00e4sentation<\/h2>\n<p>Die <strong>Quark Magnesium I b2-line<\/strong> \u00f6ffnet ein neues Fenster f\u00fcr die Sonnenbeobachtung, indem sie enth\u00fcllt<br \/>\ndie Gebiete stark <strong>magnetisiert<\/strong> der Sonne in der hellen Linie des <strong>Magnesium I (b2)<\/strong> bei 5172,8 \u00c5.<br \/>\nDa das menschliche Auge f\u00fcr diese Wellenl\u00e4nge besonders empfindlich ist, ist das erhaltene Bild mehr <strong>wie Kalzium, Alpha-Wasserstoff oder sogar Natrium.<\/strong>,<br \/>\nwas die visuelle Beobachtung erheblich erleichtert und die Belichtungszeit f\u00fcr die Fotografie verk\u00fcrzt.<\/p>\n<h2>Wozu dient der Filter Magnesium I b2?<\/h2>\n<ul>\n<li>Beobachten Sie die <strong>Aktivstr\u00e4nde<\/strong> (Strand) und die gro\u00dfen solaren magnetischen Strukturen.<\/li>\n<li>Erkennen des <strong>Dunkelmottling<\/strong> des Chromosph\u00e4rennetzes.<\/li>\n<li>Hervorheben des <strong>Zeeman-Ph\u00e4nomen<\/strong>Die Absorptionslinie wird durch ein starkes Magnetfeld \"gespalten\".<\/li>\n<li>Erkunden von Gebieten mit<strong>sehr hohe Energieaktivit\u00e4t<\/strong>In anderen Wellenl\u00e4ngen sind sie unsichtbar.<\/li>\n<\/ul>\n<p><img decoding=\"async\" class=\"aligncenter\" src=\"https:\/\/www.daystarfilters.com\/df\/wp-content\/uploads\/2025\/03\/AR2703_Mar30.jpg\" \/><\/p>\n<h2>Technische Daten<\/h2>\n<table>\n<tbody>\n<tr>\n<th>Wellenl\u00e4nge<\/th>\n<td>5172,8 \u00c5 (Magnesiumlinie I b2)<\/td>\n<\/tr>\n<tr>\n<th>Bandbreite<\/th>\n<td>\u2248 0,4 \u00c5 oder schmaler<\/td>\n<\/tr>\n<tr>\n<th>Kompatible Teleskope<\/th>\n<td>Refraktoren F\/4 bis F\/8<\/td>\n<\/tr>\n<tr>\n<th>Optische Elemente<\/th>\n<td>Fabry-Perot-Hengst, ohne integrierte Barlow<\/td>\n<\/tr>\n<tr>\n<th>ERF-Kompatibilit\u00e4t<\/th>\n<td>Spezifische ERF-Filter erforderlich - rote oder gelbe Glasfilter <strong>lassen Magnesium nicht passieren<\/strong>. Empfehlung eines UV\/IR-Cut-Filters f\u00fcr mehr Sicherheit.<\/td>\n<\/tr>\n<tr>\n<th>Output<\/th>\n<td>Flie\u00dfend 1,25\u2033 Standard (2\u2033-Optionen verf\u00fcgbar)<\/td>\n<\/tr>\n<tr>\n<th>Ern\u00e4hrung<\/th>\n<td>USB 5V 1,5A - kann den ganzen Tag mit einem kompakten optionalen Akku betrieben werden<\/td>\n<\/tr>\n<tr>\n<th>Blockieren<\/th>\n<td>Integrierter Sperrfilter 25 mm, klare \u00d6ffnung 21 mm<\/td>\n<\/tr>\n<tr>\n<th>Garantie<\/th>\n<td>5 Jahre<\/td>\n<\/tr>\n<\/tbody>\n<\/table>\n<h2>Starke Punkte<\/h2>\n<ul>\n<li>Viel helleres Bild als Calcium, H\u03b1 oder Natrium \u2192 Erleichterte Beobachtungen.<\/li>\n<li>Enth\u00fcllt magnetische und chromosph\u00e4rische Strukturen, die in anderen B\u00e4ndern unsichtbar sind.<\/li>\n<li>Kompaktes Design, kein zus\u00e4tzliches Zubeh\u00f6r erforderlich<\/li>\n<li>F\u00fcr 517 nm optimierte Antireflexbeschichtungen mit internen Blenden zur Verbesserung des Kontrasts.<\/li>\n<\/ul>\n<h2>Verwendung<\/h2>\n<p>Legen Sie einfach den <strong>Quark Magnesium I b2-line<\/strong> in der <strong>abgewinkelte Umlenkung<\/strong> Ihres Refraktors von F\/4 bis F\/8,<br \/>\nf\u00fcgen Sie ein Okular hinzu und beobachten Sie. Es sind keine komplizierten Einstellungen erforderlich.<\/p>\n<p class=\"note\">\u26a0\ufe0f Die Verwendung eines geeigneten Energieabweisungsfilters (ERF) ist unerl\u00e4sslich, um Ihr Instrument zu sch\u00fctzen und einen sicheren Betrieb zu gew\u00e4hrleisten.<\/p>\n<h2>Inhalt des Pakets<\/h2>\n<ul>\n<li>Quark Magnesium I b2-line mit integriertem Blocking-Filter<\/li>\n<li>Netzadapter 90-240 V mit internationalen Steckdosen<\/li>\n<li>Hartschalenkoffer f\u00fcr den Transport<\/li>\n<\/ul>\n<p>&nbsp;<\/p>","protected":false},"excerpt":{"rendered":"<p>DayStar Quark Magnesium I b2-line Pr\u00e9sentation Le Quark Magnesium I b2-line ouvre une nouvelle fen\u00eatre d\u2019observation solaire, en r\u00e9v\u00e9lant les zones fortement magn\u00e9tis\u00e9es du Soleil dans la brillante raie du Magn\u00e9sium I (b2) \u00e0 5172,8 \u00c5. L\u2019\u0153il humain \u00e9tant particuli\u00e8rement sensible \u00e0 cette longueur d\u2019onde, l\u2019image obtenue est plus lumineuse que le Calcium, l\u2019Hydrog\u00e8ne Alpha [&hellip;]<\/p>\n","protected":false},"featured_media":10131,"comment_status":"open","ping_status":"closed","template":"","meta":[],"product_brand":[834],"product_cat":[816,645,642,70],"product_tag":[],"class_list":{"0":"post-10130","1":"product","2":"type-product","3":"status-publish","4":"has-post-thumbnail","6":"product_brand-daystar","7":"product_cat-nouveautes","8":"product_cat-filtres-solaires","9":"product_cat-materiel-pour-lobservation-solaire","10":"product_cat-reducteurs-et-extendeurs-de-focale","12":"first","13":"on_supplier","14":"taxable","15":"shipping-taxable","16":"purchasable","17":"product-type-simple"},"_links":{"self":[{"href":"https:\/\/deep-space-astronomy.ch\/de\/wp-json\/wp\/v2\/product\/10130","targetHints":{"allow":["GET"]}}],"collection":[{"href":"https:\/\/deep-space-astronomy.ch\/de\/wp-json\/wp\/v2\/product"}],"about":[{"href":"https:\/\/deep-space-astronomy.ch\/de\/wp-json\/wp\/v2\/types\/product"}],"replies":[{"embeddable":true,"href":"https:\/\/deep-space-astronomy.ch\/de\/wp-json\/wp\/v2\/comments?post=10130"}],"wp:featuredmedia":[{"embeddable":true,"href":"https:\/\/deep-space-astronomy.ch\/de\/wp-json\/wp\/v2\/media\/10131"}],"wp:attachment":[{"href":"https:\/\/deep-space-astronomy.ch\/de\/wp-json\/wp\/v2\/media?parent=10130"}],"wp:term":[{"taxonomy":"product_brand","embeddable":true,"href":"https:\/\/deep-space-astronomy.ch\/de\/wp-json\/wp\/v2\/product_brand?post=10130"},{"taxonomy":"product_cat","embeddable":true,"href":"https:\/\/deep-space-astronomy.ch\/de\/wp-json\/wp\/v2\/product_cat?post=10130"},{"taxonomy":"product_tag","embeddable":true,"href":"https:\/\/deep-space-astronomy.ch\/de\/wp-json\/wp\/v2\/product_tag?post=10130"}],"curies":[{"name":"wp","href":"https:\/\/api.w.org\/{rel}","templated":true}]}}