{"id":10133,"date":"2025-08-27T19:36:42","date_gmt":"2025-08-27T17:36:42","guid":{"rendered":"https:\/\/deep-space-astronomy.ch\/?post_type=product&#038;p=10133"},"modified":"2025-08-27T19:39:10","modified_gmt":"2025-08-27T17:39:10","slug":"daystar-quark-calcium-h-line","status":"publish","type":"product","link":"https:\/\/deep-space-astronomy.ch\/de\/produkt\/daystar-quark-calcium-h-line\/","title":{"rendered":"DayStar Quark - Calcium H-line"},"content":{"rendered":"<p>&nbsp;<\/p>\n<h1 style=\"text-align: center;\">Daystar Quark Calcium H-line<\/h1>\n<p class=\"price\"><img decoding=\"async\" class=\"aligncenter\" src=\"https:\/\/www.daystarfilters.com\/df\/wp-content\/uploads\/2025\/03\/CalQuark2015-12-15-_Web.jpg\" \/><\/p>\n<h2>Beschreibung<\/h2>\n<p>Die <strong>Quark Calcium H-line<\/strong> \u00fcbernimmt das praktische All-in-One-Konzept des urspr\u00fcnglichen Quarks, jedoch optimiert f\u00fcr den Rochen <strong>Calcium H (397 nm)<\/strong>.<\/p>\n<p>Entwickelt f\u00fcr Refraktoren von <strong>F\/7 oder h\u00f6her<\/strong>Es erm\u00f6glicht Amateur- und fortgeschrittenen Astronomen, die Calcium-Aktivit\u00e4t der Sonne auf einfache Weise zu erforschen.<\/p>\n<h2>Warum sollten Sie sich f\u00fcr den Rochen Calcium H entscheiden?<\/h2>\n<p>Rochen <strong>Kalzium H<\/strong> und <strong>Kalzium K<\/strong> bieten fast identische Ansichten der Sonnenoberfl\u00e4che.<br \/>\nViele \u00e4ltere Astronomen k\u00f6nnen das Spektrum von K (393 nm) jedoch nicht gut wahrnehmen. Daher wird die H-Linie (397 nm) f\u00fcr die visuelle Beobachtung empfohlen :<br \/>\ndie h\u00f6here Wellenl\u00e4nge macht es f\u00fcr eine gr\u00f6\u00dfere Anzahl von Beobachtern zug\u00e4nglich.<\/p>\n<p>Mit diesem Filter k\u00f6nnen Sie sehen :<\/p>\n<ul>\n<li>aktive Regionen und leuchtende Str\u00e4nde,<\/li>\n<li>Fakult\u00e4ten und Strukturen in der N\u00e4he von Sonnenflecken,<\/li>\n<li>das Chromosph\u00e4rennetzwerk im Kontrast.<\/li>\n<\/ul>\n<h2>Hauptmerkmale<\/h2>\n<table>\n<tbody>\n<tr>\n<th>Merkmal<\/th>\n<th>Detail<\/th>\n<\/tr>\n<tr>\n<td>Wellenl\u00e4nge<\/td>\n<td>Calcium H - 397 nm<\/td>\n<\/tr>\n<tr>\n<td>Bandbreite (FWHM)<\/td>\n<td>\u2248 5 \u00c5 (variabel je nach Instrument)<\/td>\n<\/tr>\n<tr>\n<td>Kompatible Refraktoren<\/td>\n<td>F\/7 oder mehr (k\u00fcrzer m\u00f6glich mit Powermate 2x-2,5x)<\/td>\n<\/tr>\n<tr>\n<td>Design<\/td>\n<td>All-in-One, leichtes Okularformat<\/td>\n<\/tr>\n<tr>\n<td>Ern\u00e4hrung<\/td>\n<td>USB, 5V 1,5A, geringer Stromverbrauch (optionaler tragbarer Akku)<\/td>\n<\/tr>\n<tr>\n<td>Kompatible ERF-Filter<\/td>\n<td>Kein rotes oder gelbes Glas. Empfohlen: UV\/IR-Cut-Filter<\/td>\n<\/tr>\n<tr>\n<td>Optische Verarbeitung<\/td>\n<td>AR-Beschichtungen optimiert f\u00fcr 397 nm, internes Baffeln<\/td>\n<\/tr>\n<\/tbody>\n<\/table>\n<h2>Sicherheit und Empfehlungen<\/h2>\n<ul>\n<li>Eine <strong>Energieabweisungsfilter (ERF)<\/strong> f\u00fcr das Teleskop geeignet ist, ist f\u00fcr eine sichere Verwendung erforderlich.<\/li>\n<li>Das Calcium-Quark <strong>kann nicht mit einem vorne montierten ERF verwendet werden<\/strong> des Instruments.<\/li>\n<li>Die Verwendung eines UV\/IR-Cut-Filters wird dringend empfohlen, um die Optik und den Betrachter zu sch\u00fctzen.<\/li>\n<\/ul>\n<h2>Zusammenfassung<\/h2>\n<p>Die <strong>Daystar Quark Calcium H-line<\/strong> macht die Sonnenbeobachtung in Calcium zug\u00e4nglich, einfach und erschwinglich,<br \/>\nmit einer f\u00fcr die meisten Beobachter ausreichenden Helligkeit und einer ausgezeichneten Kompatibilit\u00e4t mit Standardrefraktoren.<br \/>\nEs ist ein ideales p\u00e4dagogisches und wissenschaftliches Werkzeug zur Erforschung von Chromosph\u00e4renph\u00e4nomenen.<\/p>\n<p class=\"note\">* Der Quark ist ein Produkt von DayStar Instruments und verwendet die Fabry-P\u00e9rot-Standardtechnologie.<\/p>\n<p>&nbsp;<\/p>","protected":false},"excerpt":{"rendered":"<p>&nbsp; Daystar Quark Calcium H-line Description Le Quark Calcium H-line reprend le concept pratique et tout-en-un du Quark original, mais optimis\u00e9 pour la raie Calcium H (397 nm). Con\u00e7u pour les r\u00e9fracteurs de F\/7 ou plus, il permet aux astronomes amateurs et confirm\u00e9s d\u2019explorer facilement l\u2019activit\u00e9 solaire en Calcium. Pourquoi choisir la raie Calcium H [&hellip;]<\/p>\n","protected":false},"featured_media":10134,"comment_status":"open","ping_status":"closed","template":"","meta":[],"product_brand":[834],"product_cat":[816,645,642,70],"product_tag":[],"class_list":{"0":"post-10133","1":"product","2":"type-product","3":"status-publish","4":"has-post-thumbnail","6":"product_brand-daystar","7":"product_cat-nouveautes","8":"product_cat-filtres-solaires","9":"product_cat-materiel-pour-lobservation-solaire","10":"product_cat-reducteurs-et-extendeurs-de-focale","12":"first","13":"on_supplier","14":"taxable","15":"shipping-taxable","16":"purchasable","17":"product-type-simple"},"_links":{"self":[{"href":"https:\/\/deep-space-astronomy.ch\/de\/wp-json\/wp\/v2\/product\/10133","targetHints":{"allow":["GET"]}}],"collection":[{"href":"https:\/\/deep-space-astronomy.ch\/de\/wp-json\/wp\/v2\/product"}],"about":[{"href":"https:\/\/deep-space-astronomy.ch\/de\/wp-json\/wp\/v2\/types\/product"}],"replies":[{"embeddable":true,"href":"https:\/\/deep-space-astronomy.ch\/de\/wp-json\/wp\/v2\/comments?post=10133"}],"wp:featuredmedia":[{"embeddable":true,"href":"https:\/\/deep-space-astronomy.ch\/de\/wp-json\/wp\/v2\/media\/10134"}],"wp:attachment":[{"href":"https:\/\/deep-space-astronomy.ch\/de\/wp-json\/wp\/v2\/media?parent=10133"}],"wp:term":[{"taxonomy":"product_brand","embeddable":true,"href":"https:\/\/deep-space-astronomy.ch\/de\/wp-json\/wp\/v2\/product_brand?post=10133"},{"taxonomy":"product_cat","embeddable":true,"href":"https:\/\/deep-space-astronomy.ch\/de\/wp-json\/wp\/v2\/product_cat?post=10133"},{"taxonomy":"product_tag","embeddable":true,"href":"https:\/\/deep-space-astronomy.ch\/de\/wp-json\/wp\/v2\/product_tag?post=10133"}],"curies":[{"name":"wp","href":"https:\/\/api.w.org\/{rel}","templated":true}]}}