{"id":10660,"date":"2025-09-16T14:50:25","date_gmt":"2025-09-16T12:50:25","guid":{"rendered":"https:\/\/deep-space-astronomy.ch\/?post_type=product&#038;p=10660"},"modified":"2025-09-22T18:39:08","modified_gmt":"2025-09-22T16:39:08","slug":"celestron-starsense-explorer-130dx","status":"publish","type":"product","link":"https:\/\/deep-space-astronomy.ch\/de\/produkt\/celestron-starsense-explorer-130dx\/","title":{"rendered":"Celestron StarSense Explorer 130DX"},"content":{"rendered":"<h3 style=\"text-align: center;\">Newton StarSense Explorer 130DX Teleskop - Die Erforschung der Sterne wird intuitiv<\/h3>\n<p><img fetchpriority=\"high\" decoding=\"async\" class=\"aligncenter wp-image-10661 size-large\" src=\"https:\/\/deep-space-astronomy.ch\/wp-content\/uploads\/2025\/09\/AB_133345_1-1024x768.avif\" alt=\"\" width=\"800\" height=\"600\" srcset=\"https:\/\/deep-space-astronomy.ch\/wp-content\/uploads\/2025\/09\/AB_133345_1-1024x768.avif 1024w, https:\/\/deep-space-astronomy.ch\/wp-content\/uploads\/2025\/09\/AB_133345_1-300x225.avif 300w, https:\/\/deep-space-astronomy.ch\/wp-content\/uploads\/2025\/09\/AB_133345_1-768x576.avif 768w, https:\/\/deep-space-astronomy.ch\/wp-content\/uploads\/2025\/09\/AB_133345_1-16x12.avif 16w, https:\/\/deep-space-astronomy.ch\/wp-content\/uploads\/2025\/09\/AB_133345_1-600x450.avif 600w, https:\/\/deep-space-astronomy.ch\/wp-content\/uploads\/2025\/09\/AB_133345_1.avif 1200w\" sizes=\"(max-width: 800px) 100vw, 800px\" \/><\/p>\n<p>Entdecken Sie den <strong>130mm Newton-Teleskop - sehr netter Durchmesser, mit dem viele Leute angefangen haben - mit Smartphone-Halterung und StarSense Explorer-Technologie<\/strong> - ein ideales Beobachtungsinstrument f\u00fcr den Einstieg in die Astronomie, ohne auf Leistung verzichten zu m\u00fcssen. Mit einem Spiegeldurchmesser von 130 mm und einer Brennweite von 650 mm bietet es einen klaren und hellen Blick auf den Mond, die Planeten und Deep-Sky-Objekte wie Galaxien und Nebel.<\/p>\n<h3>Ein intelligentes Teleskop, das von Ihrem Smartphone gesteuert wird<\/h3>\n<p>Dank der <strong>StarSense Explorer-Technologie<\/strong>k\u00f6nnen Sie Ihr Smartphone in einen echten astronomischen F\u00fchrer verwandeln. Befestigen Sie Ihr Handy einfach an der daf\u00fcr vorgesehenen Halterung, starten Sie die entsprechende App und lassen Sie die eingebaute Intelligenz Sterne und Konstellationen in Echtzeit erkennen. W\u00e4hlen Sie dann das Himmelsobjekt aus, das Sie beobachten m\u00f6chten, folgen Sie den Pfeilen auf dem Bildschirm, und schon k\u00f6nnen Sie loslegen. <strong>richten Sie das Teleskop manuell aus<\/strong> mit erstaunlicher Leichtigkeit in die richtige Richtung.<\/p>\n<h3>Vollst\u00e4ndiger Inhalt, um mit der Beobachtung zu beginnen<\/h3>\n<p>Das Teleskop wird mit allem geliefert, was Sie brauchen, um sofort loszulegen :<\/p>\n<ul>\n<li>2 Kellner-Okulare 25 mm und 10 mm (Vergr\u00f6\u00dferungen 40x und 100x)<\/li>\n<li>Eine 2x Barlow-Linse<\/li>\n<li>Ein StarPointer Rotpunktsucher<\/li>\n<li>Eine einfach zu bedienende azimutale Montierung mit stabilem Stativ<\/li>\n<li>Eine StarSense Explorer Smartphone-Halterung<\/li>\n<li>Ein integriertes Zubeh\u00f6rtablett<\/li>\n<\/ul>\n<h3>Technische Daten des StarSense Explorer 114mm Teleskops<\/h3>\n<table>\n<tbody>\n<tr>\n<th>Art der Optik<\/th>\n<td>Newton-Reflektor<\/td>\n<\/tr>\n<tr>\n<th>Durchmesser der \u00d6ffnung<\/th>\n<td>130 mm<\/td>\n<\/tr>\n<tr>\n<th>Brennweite<\/th>\n<td>650 mm<\/td>\n<\/tr>\n<tr>\n<th>Computergesteuert<\/th>\n<td>Nicht<\/td>\n<\/tr>\n<tr>\n<th>Kompatible mobile Anwendung<\/th>\n<td>Ja, StarSense Explorer<\/td>\n<\/tr>\n<tr>\n<th>Verwendung in der Astrofotografie<\/th>\n<td>nicht<\/td>\n<\/tr>\n<tr>\n<th>Sucher<\/th>\n<td>StarPointer mit rotem Punkt<\/td>\n<\/tr>\n<tr>\n<th>System der Fassung<\/th>\n<td>Azimutal<\/td>\n<\/tr>\n<tr>\n<th>Maximale Vergr\u00f6\u00dferung<\/th>\n<td>200x<\/td>\n<\/tr>\n<tr>\n<th>L\u00e4nge des Rohrs<\/th>\n<td>64 cm<\/td>\n<\/tr>\n<tr>\n<th>Gewicht<\/th>\n<td>8.3 kg<\/td>\n<\/tr>\n<tr>\n<th>Garantie<\/th>\n<td>24 Monate<\/td>\n<\/tr>\n<\/tbody>\n<\/table>\n<h3>Ideal zur Beobachtung des Mondes, der Planeten und der Galaxien<\/h3>\n<p>Der 130-mm-Prim\u00e4rspiegel sammelt genug Licht, um Mondkrater, die Ringe des Saturns, die B\u00e4nder des Jupiters und einige der hellsten Galaxien und Nebel zu enth\u00fcllen. Er ist der <strong>perfektes Teleskop f\u00fcr Himmelsneugierige<\/strong> die einen Einstieg in die Astronomie suchen, ohne sich in der Komplexit\u00e4t zu verlieren.<\/p>\n<h3>Warum sollten Sie dieses Teleskop w\u00e4hlen?<\/h3>\n<ul>\n<li><strong>Intelligente F\u00fchrung per Smartphone<\/strong> : ideal f\u00fcr Anf\u00e4nger<\/li>\n<li><strong>Intuitive azimutale Montierung<\/strong> : einfach zu handhaben<\/li>\n<li><strong>Leistungsstarke Optik<\/strong> : 114-mm-Spiegel f\u00fcr hervorragende Helligkeit<\/li>\n<li><strong>Gebrauchsfertig<\/strong> : wird mit allem notwendigen Zubeh\u00f6r geliefert<\/li>\n<\/ul>\n<p>G\u00f6nnen Sie sich einen vereinfachten Zugang zu den Wundern des Nachthimmels mit dem <strong>StarSense Explorer 130mm Teleskop<\/strong> - eine Kombination aus moderner Technologie und klassischer Optik, die entwickelt wurde, um die Astronomie f\u00fcr jedermann zug\u00e4nglich zu machen.<\/p>","protected":false},"excerpt":{"rendered":"<p>T\u00e9lescope Newton StarSense Explorer 130DX \u2013 L&rsquo;exploration des \u00e9toiles devient intuitive D\u00e9couvrez le t\u00e9lescope Newton 130mm &#8211; diam\u00e8tre tr\u00e8s sympa avec lequel beaucoup de personnes ont d\u00e9but\u00e9 &#8211; avec support pour smartphone et technologie StarSense Explorer \u2013 un instrument d&rsquo;observation id\u00e9al pour d\u00e9buter en astronomie sans sacrifier la performance. Gr\u00e2ce \u00e0 son miroir de 130 [&hellip;]<\/p>\n","protected":false},"featured_media":10785,"comment_status":"open","ping_status":"closed","template":"","meta":[],"product_brand":[413],"product_cat":[815,747],"product_tag":[],"class_list":{"0":"post-10660","1":"product","2":"type-product","3":"status-publish","4":"has-post-thumbnail","6":"product_brand-celestron","7":"product_cat-debutants","8":"product_cat-newton","10":"first","11":"instock","12":"taxable","13":"shipping-taxable","14":"purchasable","15":"product-type-simple"},"_links":{"self":[{"href":"https:\/\/deep-space-astronomy.ch\/de\/wp-json\/wp\/v2\/product\/10660","targetHints":{"allow":["GET"]}}],"collection":[{"href":"https:\/\/deep-space-astronomy.ch\/de\/wp-json\/wp\/v2\/product"}],"about":[{"href":"https:\/\/deep-space-astronomy.ch\/de\/wp-json\/wp\/v2\/types\/product"}],"replies":[{"embeddable":true,"href":"https:\/\/deep-space-astronomy.ch\/de\/wp-json\/wp\/v2\/comments?post=10660"}],"wp:featuredmedia":[{"embeddable":true,"href":"https:\/\/deep-space-astronomy.ch\/de\/wp-json\/wp\/v2\/media\/10785"}],"wp:attachment":[{"href":"https:\/\/deep-space-astronomy.ch\/de\/wp-json\/wp\/v2\/media?parent=10660"}],"wp:term":[{"taxonomy":"product_brand","embeddable":true,"href":"https:\/\/deep-space-astronomy.ch\/de\/wp-json\/wp\/v2\/product_brand?post=10660"},{"taxonomy":"product_cat","embeddable":true,"href":"https:\/\/deep-space-astronomy.ch\/de\/wp-json\/wp\/v2\/product_cat?post=10660"},{"taxonomy":"product_tag","embeddable":true,"href":"https:\/\/deep-space-astronomy.ch\/de\/wp-json\/wp\/v2\/product_tag?post=10660"}],"curies":[{"name":"wp","href":"https:\/\/api.w.org\/{rel}","templated":true}]}}