{"id":10759,"date":"2025-09-21T14:26:06","date_gmt":"2025-09-21T12:26:06","guid":{"rendered":"https:\/\/deep-space-astronomy.ch\/?post_type=product&#038;p=10759"},"modified":"2025-09-23T10:28:18","modified_gmt":"2025-09-23T08:28:18","slug":"wanderer-astro-wandererrotator","status":"publish","type":"product","link":"https:\/\/deep-space-astronomy.ch\/de\/produkt\/wanderer-astro-wandererrotator\/","title":{"rendered":"Wanderer Astro - WandererRotator"},"content":{"rendered":"<div class=\"product-description\">\n<h3 style=\"text-align: center;\">WandererRotator V2 - Motorisierter Pr\u00e4zisionsrotator f\u00fcr die Astrofotografie<\/h3>\n<p>Richten Sie Ihren Bildausschnitt zwischen mehreren Sitzungen mit h\u00f6chster Pr\u00e4zision aus oder holen Sie ihn zur\u00fcck, eliminieren Sie unerw\u00fcnschte Bildfelddrehungen und gewinnen Sie mehr Komfort bei der Automatisierung: Die <strong>WandererRotator V2<\/strong> sind ultrapr\u00e4zise, motorisierte Rotatoren mit schlankem Profil, die so konzipiert sind, dass sie einen starren Bildgebungszug tragen und eine optimale Orthogonalit\u00e4t gew\u00e4hrleisten.<br \/>\nSie werden zwischen Ihrer Kamera und dem Korrektor\/Reducer\/Flattener platziert und von Ihrer bevorzugten Aufnahmesoftware aus gesteuert.<\/p>\n<ul>\n<li><strong>Genauigkeit &amp; Steifigkeit :<\/strong> feine, gleichm\u00e4\u00dfige Rotation f\u00fcr millimetergenaues Framing, Anti-Tilt-Konstruktion.<\/li>\n<li><strong>Niedriges Profil :<\/strong> minimiert die Auswirkungen auf den Backfocus und l\u00e4sst sich leicht in die meisten optischen Z\u00fcge integrieren.<\/li>\n<li><strong>Einfache Kontrolle :<\/strong> 12-V-Stromversorgung, USB-Treiber, Softwarekompatibilit\u00e4t (ASCOM\/INDI je nach Ihrer Konfiguration).<\/li>\n<li><strong>Astro-Nomade oder Feststation :<\/strong> zuverl\u00e4ssig bei niedrigen Temperaturen, ideal f\u00fcr leichtes Setup im Observatorium.<\/li>\n<\/ul>\n<h3>Drei Versionen zur Auswahl, gleiche DNA, unterschiedliche Bed\u00fcrfnisse<\/h3>\n<p>Um sich an die Gr\u00f6\u00dfe Ihrer Sensoren, Zubeh\u00f6rteile und Drehmomentanforderungen anzupassen, wird der WandererRotator V2 angeboten in<br \/>\n<strong>Mini V2 (M54)<\/strong>, <strong>Lite V2 (M68)<\/strong> und <strong>Pro V2 (M92)<\/strong>.<br \/>\nW\u00e4hlen Sie einfach die Version, die dem mechanischen Durchmesser Ihres Bilderrahmens und der anzutreibenden Last entspricht.<\/p>\n<table class=\"table-compare\" style=\"width: 100%; border-collapse: collapse;\">\n<thead>\n<tr>\n<th style=\"text-align: left; border-bottom: 1px solid #ddd; padding: 8px;\">Merkmale<\/th>\n<th style=\"text-align: left; border-bottom: 1px solid #ddd; padding: 8px;\">Mini V2 (M54)<\/th>\n<th style=\"text-align: left; border-bottom: 1px solid #ddd; padding: 8px;\">Lite V2 (M68)<\/th>\n<th style=\"text-align: left; border-bottom: 1px solid #ddd; padding: 8px;\">Pro V2 (M92)<\/th>\n<\/tr>\n<\/thead>\n<tbody>\n<tr>\n<td style=\"padding: 8px; border-bottom: 1px solid #f1f1f1;\">Mechanische \u00d6ffnung \/ Gewinde<\/td>\n<td style=\"padding: 8px; border-bottom: 1px solid #f1f1f1;\"><strong>M54<\/strong> - ideal f\u00fcr kompakte Z\u00fcge und Sensoren bis zum Vollformat je nach Optik<\/td>\n<td style=\"padding: 8px; border-bottom: 1px solid #f1f1f1;\"><strong>M68<\/strong> - breiter Durchgang f\u00fcr Zubeh\u00f6r 2\u2033 \/ gro\u00dfe Sensoren<\/td>\n<td style=\"padding: 8px; border-bottom: 1px solid #f1f1f1;\"><strong>M92<\/strong> - sehr gro\u00dfer Durchlass f\u00fcr anspruchsvolle Optiken und Sensoren<\/td>\n<\/tr>\n<tr>\n<td style=\"padding: 8px; border-bottom: 1px solid #f1f1f1;\">Profil \/ Backfocus<\/td>\n<td style=\"padding: 8px; border-bottom: 1px solid #f1f1f1;\">Ultrad\u00fcnnes Profil (das kompakteste der drei)<\/td>\n<td style=\"padding: 8px; border-bottom: 1px solid #f1f1f1;\">Schlankes Profil, guter Kompromiss zwischen Kompaktheit und Steifigkeit<\/td>\n<td style=\"padding: 8px; border-bottom: 1px solid #f1f1f1;\">St\u00e4rkeres Profil f\u00fcr hohe Belastungen<\/td>\n<\/tr>\n<tr>\n<td style=\"padding: 8px; border-bottom: 1px solid #f1f1f1;\">Empfohlene Belastung \/ Drehmoment<\/td>\n<td style=\"padding: 8px; border-bottom: 1px solid #f1f1f1;\">Leichte bis mittlere Setups<\/td>\n<td style=\"padding: 8px; border-bottom: 1px solid #f1f1f1;\">Mittlere bis fortgeschrittene Setups<\/td>\n<td style=\"padding: 8px; border-bottom: 1px solid #f1f1f1;\">Schwere Setups, umfangreiches Zubeh\u00f6r, feste Stelle<\/td>\n<\/tr>\n<tr>\n<td style=\"padding: 8px; border-bottom: 1px solid #f1f1f1;\">Typische Nutzung<\/td>\n<td style=\"padding: 8px; border-bottom: 1px solid #f1f1f1;\">Nomade, kompakte Refraktoren, Korrektoren 2\u2033.<\/td>\n<td style=\"padding: 8px; border-bottom: 1px solid #f1f1f1;\">Vielseitig: gro\u00dfe Korrektoren, erweiterte Sensoren<\/td>\n<td style=\"padding: 8px; border-bottom: 1px solid #f1f1f1;\">Observatorium \/ schwere Sensoren \/ starke mechanische Beanspruchung<\/td>\n<\/tr>\n<tr>\n<td style=\"padding: 8px; border-bottom: 1px solid #f1f1f1;\">Software-Kompatibilit\u00e4t<\/td>\n<td style=\"padding: 8px; border-bottom: 1px solid #f1f1f1;\">USB-Steuerung, Treiber verf\u00fcgbar (ASCOM\/INDI je nach Konfiguration)<\/td>\n<td style=\"padding: 8px; border-bottom: 1px solid #f1f1f1;\">USB-Steuerung, Treiber verf\u00fcgbar (ASCOM\/INDI je nach Konfiguration)<\/td>\n<td style=\"padding: 8px; border-bottom: 1px solid #f1f1f1;\">USB-Steuerung, Treiber verf\u00fcgbar (ASCOM\/INDI je nach Konfiguration)<\/td>\n<\/tr>\n<tr>\n<td style=\"padding: 8px; border-bottom: 1px solid #f1f1f1;\">Ern\u00e4hrung<\/td>\n<td style=\"padding: 8px; border-bottom: 1px solid #f1f1f1;\">12 V DC<\/td>\n<td style=\"padding: 8px; border-bottom: 1px solid #f1f1f1;\">12 V DC<\/td>\n<td style=\"padding: 8px; border-bottom: 1px solid #f1f1f1;\">12 V DC<\/td>\n<\/tr>\n<\/tbody>\n<\/table>\n<h3>Warum sollte man sich f\u00fcr einen WandererRotator V2 entscheiden?<\/h3>\n<ul>\n<li><strong>Perfektes Framing<\/strong> ohne Ber\u00fchrung des Okularhalters: reproduzierbare, automatisierbare Rotation ohne wahrnehmbares Spiel.<\/li>\n<li><strong>Gesunde optische Kette<\/strong>\u00a0: Anti-Tilt-Design und Steifigkeit zur Erhaltung der Kollimation und Orthogonalit\u00e4t.<\/li>\n<li><strong>Einfache Integration<\/strong>\u00a0: niedriges Profil, gro\u00dfe Auswahl an Gewindeadaptern (je nach Version und Konfiguration).<\/li>\n<li><strong>Automatisierung<\/strong>\u00a0: Ideal f\u00fcr Mosaike, mehrere Bildebenen und Imaging-Skripte.<\/li>\n<\/ul>\n<h3>Welches Modell f\u00fcr mein Setup?<\/h3>\n<p>- <strong>Mini V2 (M54)<\/strong> : Priorit\u00e4t f\u00fcr Kompaktheit und Gewicht, kurze Z\u00fcge, 2\u2033-Korrekturen.<br \/>\n- <strong>Lite V2 (M68)<\/strong> : der vielseitige \u00abSweet Spot\u00bb f\u00fcr gro\u00dfe Sensoren und Zubeh\u00f6r 2\u2033 \/ M68.<br \/>\n- <strong>Pro V2 (M92)<\/strong> : Schwerpunkt auf mechanischem Durchgang und Steifigkeit f\u00fcr schwere Z\u00fcge und anspruchsvolle Sensoren.<\/p>\n<div class=\"version-selector\" style=\"margin: 16px 0; padding: 12px; border: 1px solid #eee; border-radius: 8px;\"><\/div>\n<h3>Inhalt &amp; Kompatibilit\u00e4t<\/h3>\n<p>Der genaue Inhalt und die Adapter k\u00f6nnen je nach Version und Ihrer Konfiguration (Kamera, Korrektor, verf\u00fcgbarer Backfocus usw.) variieren. Bitte kontaktieren Sie uns, um den optischen Pfad und die ben\u00f6tigten Gewinde zu validieren.<\/p>\n<h3>DSA-Rat<\/h3>\n<p>Um mechanische Belastungen zu vermeiden, achten Sie darauf, gleichm\u00e4\u00dfig festzuziehen, die Orthogonalit\u00e4t nach der Montage zu \u00fcberpr\u00fcfen und Sicherheitspositionen in Ihrer Erfassungssoftware (park\/zero) zu definieren, bevor Sie Ihre Sequenzen automatisieren.<\/p>\n<\/div>","protected":false},"excerpt":{"rendered":"<p>WandererRotator V2 \u2013 Rotateur motoris\u00e9 de pr\u00e9cision pour astrophotographie Alignez ou r\u00e9cup\u00e9rez votre cadrage entre plusieurs s\u00e9ance avec une pr\u00e9cision extr\u00eame, \u00e9liminez les rotations de champ ind\u00e9sirables et gagnez en confort d\u2019automatisation : les WandererRotator V2 sont des rotateurs motoris\u00e9s ultra-pr\u00e9cis, \u00e0 profil fin, con\u00e7us pour supporter un train d\u2019imagerie rigide et garantir une orthogonalit\u00e9 [&hellip;]<\/p>\n","protected":false},"featured_media":10803,"comment_status":"open","ping_status":"closed","template":"","meta":[],"product_brand":[839],"product_cat":[620,19],"product_tag":[],"class_list":{"0":"post-10759","1":"product","2":"type-product","3":"status-publish","4":"has-post-thumbnail","6":"product_brand-wanderer-astro","7":"product_cat-rotateurs","8":"product_cat-accessoires","10":"first","11":"instock","12":"taxable","13":"shipping-taxable","14":"purchasable","15":"product-type-variable"},"_links":{"self":[{"href":"https:\/\/deep-space-astronomy.ch\/de\/wp-json\/wp\/v2\/product\/10759","targetHints":{"allow":["GET"]}}],"collection":[{"href":"https:\/\/deep-space-astronomy.ch\/de\/wp-json\/wp\/v2\/product"}],"about":[{"href":"https:\/\/deep-space-astronomy.ch\/de\/wp-json\/wp\/v2\/types\/product"}],"replies":[{"embeddable":true,"href":"https:\/\/deep-space-astronomy.ch\/de\/wp-json\/wp\/v2\/comments?post=10759"}],"wp:featuredmedia":[{"embeddable":true,"href":"https:\/\/deep-space-astronomy.ch\/de\/wp-json\/wp\/v2\/media\/10803"}],"wp:attachment":[{"href":"https:\/\/deep-space-astronomy.ch\/de\/wp-json\/wp\/v2\/media?parent=10759"}],"wp:term":[{"taxonomy":"product_brand","embeddable":true,"href":"https:\/\/deep-space-astronomy.ch\/de\/wp-json\/wp\/v2\/product_brand?post=10759"},{"taxonomy":"product_cat","embeddable":true,"href":"https:\/\/deep-space-astronomy.ch\/de\/wp-json\/wp\/v2\/product_cat?post=10759"},{"taxonomy":"product_tag","embeddable":true,"href":"https:\/\/deep-space-astronomy.ch\/de\/wp-json\/wp\/v2\/product_tag?post=10759"}],"curies":[{"name":"wp","href":"https:\/\/api.w.org\/{rel}","templated":true}]}}