{"id":10819,"date":"2025-09-23T10:43:09","date_gmt":"2025-09-23T08:43:09","guid":{"rendered":"https:\/\/deep-space-astronomy.ch\/?post_type=product&#038;p=10819"},"modified":"2025-09-23T10:48:20","modified_gmt":"2025-09-23T08:48:20","slug":"wanderer-astro-panneau-a-flats-motorise-wanderercover-v4-ec-ir","status":"publish","type":"product","link":"https:\/\/deep-space-astronomy.ch\/de\/produkt\/wanderer-astro-panneau-a-flats-motorise-wanderercover-v4-ec-ir\/","title":{"rendered":"Wanderer Astro - Motorisierte Flat Panel WandererCover V4-EC IR"},"content":{"rendered":"<div class=\"product-description\">\n<h3>WandererCover V4-EC IR - Motorisierte Flatpanel mit Infrarot-Fernbedienung<\/h3>\n<p><strong>Steuerbar \u00fcber ASIAIR \/ StellaVita<\/strong>, kompatibel <strong>ASCOM<\/strong> und <strong>INDI<\/strong>am <em>WandererCover V4-EC IR<\/em> ist die neue Generation von <strong>motorisierte flat panel<\/strong>. Ultraleicht, robust und unterscheidet sich vom klassischen V4-EC-Modell durch seine <strong>direkte Steuerung \u00fcber Infrarot-Fernbedienung<\/strong> - ideal f\u00fcr den Einsatz im Feld und f\u00fcr mobile Setups. Kein USB mehr n\u00f6tig: ein einfaches Kabel <strong>12V<\/strong> reicht aus, um alles zu verwalten.<\/p>\n<h3>Warum sollten Sie sich f\u00fcr die IR-Version entscheiden?<\/h3>\n<ul>\n<li><strong>Steuerung \u00fcber Infrarot-Fernbedienung<\/strong> : Sie m\u00fcssen kein USB-Kabel mehr anschlie\u00dfen, wenn Sie ASCOM nicht verwenden - vereinfacht das Setup vor Ort.<\/li>\n<li><strong>Schnelle Installation<\/strong> : ein einziges Kabel <strong>12V<\/strong> versorgt das System mit Strom und steuert es.<\/li>\n<li><strong>Perfekt f\u00fcr ASIAIR<\/strong> : Vereinfachte Verwaltung, ohne einen Computer zu ben\u00f6tigen.<\/li>\n<li><strong>Nomadenfreundlich<\/strong> : weniger Kabel, weniger St\u00f6rungsstellen, reibungsloserer Ablauf Ihrer N\u00e4chte.<\/li>\n<\/ul>\n<h3>Hauptmerkmale<\/h3>\n<ul>\n<li><strong>Integrierter Mikro-Encoder<\/strong> : Feedback in Echtzeit, <strong>\u00b10,25\u00b0<\/strong> von Pr\u00e4zision, anpassbare Winkel.<\/li>\n<li><strong>Verst\u00e4rkter Motor<\/strong> : +50 % Tragf\u00e4higkeit, k\u00e4ltebest\u00e4ndig (bis zu <strong>-25 \u00b0C<\/strong>), mehr als <strong>3.000 Zyklen<\/strong> getestet.<\/li>\n<li><strong>Anti-Tau-Heizpaneel<\/strong> : h\u00e4lt die Flat die ganze Nacht \u00fcber trocken und verdunstet den Tau am Morgen, steuerbar in <strong>NINA<\/strong> (Plugin \u00abDevice Actions and Commands\u00bb).<\/li>\n<li><strong>Perfekte Flats<\/strong> : verbesserter PWM-Controller (\u00d72), <strong>255 Stufen<\/strong> der Helligkeit, keine Streifen ab <strong>0,1 s<\/strong>, Innerhalb von ~1 s werden Narrowband-Flats (3 nm) erzeugt.<\/li>\n<li><strong>Exklusives Kabelmanagement<\/strong> : L\u00f6sung gegen Abrei\u00dfen, <strong>weiche Pads<\/strong> kratzfest, inklusive Universalschellen.<\/li>\n<li><strong>Erweiterte Kompatibilit\u00e4t<\/strong> : <strong>ASCOM<\/strong>, <strong>INDI<\/strong>, <strong>ASIAIR Plus<\/strong>, <strong>StellaVita<\/strong> (\u00fcber DC-Ausgang).<\/li>\n<\/ul>\n<p class=\"small\"><em>Achtung: Nicht kompatibel mit ASIAIR, das in die Kameras der ZWO AIR-Serie integriert ist.<\/em><\/p>\n<h3>Schnellwahlhilfe (heller Durchmesser)<\/h3>\n<p><strong>Goldene Regel<\/strong> : Nehmen Sie immer ein Modell, dessen <strong>Lichtdurchmesser \u2265 Au\u00dfendurchmesser<\/strong> des Windschutzes.<\/p>\n<ul>\n<li>Beispiel: Brille <strong>100 mm<\/strong> mit Nebelf\u00e4nger <strong>\u00d8 120 mm<\/strong> \u2192 w\u00e4hlen <strong>125IR<\/strong>.<\/li>\n<\/ul>\n<table class=\"specs\" style=\"width: 100%; border-collapse: collapse;\">\n<thead>\n<tr>\n<th style=\"text-align: left; border-bottom: 1px solid #ddd;\">Modell<\/th>\n<th style=\"text-align: left; border-bottom: 1px solid #ddd;\">Leuchtender Durchmesser<\/th>\n<th style=\"text-align: left; border-bottom: 1px solid #ddd;\">Typische Kompatibilit\u00e4t*<\/th>\n<\/tr>\n<\/thead>\n<tbody>\n<tr>\n<td>WMFP4-80IR<\/td>\n<td>\u2248 80 mm<\/td>\n<td>Kleine Brille 60-70 mm<\/td>\n<\/tr>\n<tr>\n<td>WMFP4-100IR<\/td>\n<td>\u2248 100 mm<\/td>\n<td>Brille 72-85 mm<\/td>\n<\/tr>\n<tr>\n<td>WMFP4-125IR<\/td>\n<td>\u2248 125 mm<\/td>\n<td>Brille 90-102 mm<\/td>\n<\/tr>\n<tr>\n<td>WMFP4-150IR<\/td>\n<td>\u2248 150 mm<\/td>\n<td>Brille 107-120 mm \/ kleiner Newton<\/td>\n<\/tr>\n<tr>\n<td>WMFP4-190IR<\/td>\n<td>\u2248 190 mm<\/td>\n<td>Newton 150-200 mm \/ SCT 6-8\u201d<\/td>\n<\/tr>\n<tr>\n<td>WMFP4-225IR<\/td>\n<td>\u2248 225 mm<\/td>\n<td>Newton 200-250 mm \/ SCT 9.25\".<\/td>\n<\/tr>\n<tr>\n<td>WMFP4-240IR<\/td>\n<td>\u2248 240 mm<\/td>\n<td>Newton 250 mm \/ SCT 10\u201d<\/td>\n<\/tr>\n<\/tbody>\n<\/table>\n<p class=\"small\">*Allgemeine Hinweise: Messen Sie immer den Au\u00dfendurchmesser des Windschutzes.<\/p>\n<h3>Technische Spezifikationen<\/h3>\n<table class=\"specs\" style=\"width: 100%; border-collapse: collapse;\">\n<tbody>\n<tr>\n<td style=\"width: 35%;\"><strong>Kontrolle<\/strong><\/td>\n<td>Infrarot-Fernbedienung + ASCOM + INDI + ASIAIR \/ StellaVita (\u00fcber DC)<\/td>\n<\/tr>\n<tr>\n<td><strong>Encoder<\/strong><\/td>\n<td>Winkelr\u00fcckmeldung, Genauigkeit \u00b10,25\u00b0.<\/td>\n<\/tr>\n<tr>\n<td><strong>Motor<\/strong><\/td>\n<td>+50 % Aufladen, niedrige Temperatur, &gt; 3.000 Zyklen<\/td>\n<\/tr>\n<tr>\n<td><strong>Widerstand gegen K\u00e4lte<\/strong><\/td>\n<td>-25 \u00b0C<\/td>\n<\/tr>\n<tr>\n<td><strong>Anti-Rosa-Heizung<\/strong><\/td>\n<td>Integriert, Steuerung \u00fcber NINA-Plugin<\/td>\n<\/tr>\n<tr>\n<td><strong>Flats<\/strong><\/td>\n<td>255 Stufen, no-banding \u2265 0,1 s, narrowband in ~1 s<\/td>\n<\/tr>\n<tr>\n<td><strong>Ern\u00e4hrung<\/strong><\/td>\n<td>DC 12V (1 Kabel gen\u00fcgt im IR-Modus)<\/td>\n<\/tr>\n<tr>\n<td><strong>Inklusive Zubeh\u00f6r<\/strong><\/td>\n<td>Befestigungsschellen, Schutzpads<\/td>\n<\/tr>\n<\/tbody>\n<\/table>\n<h3>In der Box enthalten<\/h3>\n<ul>\n<li>1\u00d7 <strong>WandererCover V4-EC IR<\/strong> (Gr\u00f6\u00dfe je nach Auswahl)<\/li>\n<li><strong>Infrarot-Fernbedienung<\/strong><\/li>\n<li>Schellen \/ Kabelbinder<\/li>\n<li>Pads zum Schutz der Beschlagsblende<\/li>\n<li>Benutzerhandbuch (zum Herunterladen)<\/li>\n<\/ul>\n<h3>FAQ<\/h3>\n<p><strong>Was ist der Unterschied zum klassischen V4-EC?<\/strong><br \/>\nDas IR-Modell beinhaltet eine <strong>Infrarot-Fernbedienung<\/strong>, Dies erm\u00f6glicht den Betrieb ohne USB, nur mit einem 12V-Netzteil. Das ist einfacher f\u00fcr nomadische Setups und ASIAIR.<\/p>\n<p><strong>Braucht man einen PC, um es zu steuern?<\/strong><br \/>\nNein, mit der Fernbedienung k\u00f6nnen Sie direkt \u00f6ffnen\/schlie\u00dfen. F\u00fcr die Automatisierung (NINA-Sequenzen usw.) ist USB\/ASCOM weiterhin m\u00f6glich.<\/p>\n<p><strong>Ist dies mit ASIAIR vereinbar?<\/strong><br \/>\nJa, mit dem <strong>neueste Firmware<\/strong> und den DC-Ausgang. Achtung: Nicht kompatibel mit dem in einigen ZWO-Kameras integrierten ASIAIR.<\/p>\n<p><strong>Ist die Heizung automatisch?<\/strong><br \/>\nNein, aber es ist steuerbar in <strong>NINA<\/strong> \u00fcber ein Plugin aktiviert werden. Er kann dauerhaft aktiviert bleiben, um Feuchtigkeit zu vermeiden.<\/p>\n<p><strong>Kann ich die Fernbedienung und ASCOM parallel verwenden?<\/strong><br \/>\nJa, IR ist eine zus\u00e4tzliche Steuerungsart, die das Leben als Nomade vereinfacht.<\/p>\n<\/div>","protected":false},"excerpt":{"rendered":"<p>WandererCover V4-EC IR \u2014 Panneau \u00e0 flats motoris\u00e9 avec t\u00e9l\u00e9commande infrarouge Contr\u00f4lable via ASIAIR \/ StellaVita, compatible ASCOM et INDI, le WandererCover V4-EC IR est la nouvelle g\u00e9n\u00e9ration de panneau \u00e0 flats motoris\u00e9. Ultra-l\u00e9ger, robuste, il se distingue du mod\u00e8le V4-EC classique par son contr\u00f4le direct via t\u00e9l\u00e9commande infrarouge \u2014 id\u00e9al pour le terrain et [&hellip;]<\/p>\n","protected":false},"featured_media":10830,"comment_status":"open","ping_status":"closed","template":"","meta":[],"product_brand":[839],"product_cat":[19,592],"product_tag":[],"class_list":{"0":"post-10819","1":"product","2":"type-product","3":"status-publish","4":"has-post-thumbnail","6":"product_brand-wanderer-astro","7":"product_cat-accessoires","8":"product_cat-panneaux--flats","10":"first","11":"instock","12":"taxable","13":"shipping-taxable","14":"purchasable","15":"product-type-variable"},"_links":{"self":[{"href":"https:\/\/deep-space-astronomy.ch\/de\/wp-json\/wp\/v2\/product\/10819","targetHints":{"allow":["GET"]}}],"collection":[{"href":"https:\/\/deep-space-astronomy.ch\/de\/wp-json\/wp\/v2\/product"}],"about":[{"href":"https:\/\/deep-space-astronomy.ch\/de\/wp-json\/wp\/v2\/types\/product"}],"replies":[{"embeddable":true,"href":"https:\/\/deep-space-astronomy.ch\/de\/wp-json\/wp\/v2\/comments?post=10819"}],"wp:featuredmedia":[{"embeddable":true,"href":"https:\/\/deep-space-astronomy.ch\/de\/wp-json\/wp\/v2\/media\/10830"}],"wp:attachment":[{"href":"https:\/\/deep-space-astronomy.ch\/de\/wp-json\/wp\/v2\/media?parent=10819"}],"wp:term":[{"taxonomy":"product_brand","embeddable":true,"href":"https:\/\/deep-space-astronomy.ch\/de\/wp-json\/wp\/v2\/product_brand?post=10819"},{"taxonomy":"product_cat","embeddable":true,"href":"https:\/\/deep-space-astronomy.ch\/de\/wp-json\/wp\/v2\/product_cat?post=10819"},{"taxonomy":"product_tag","embeddable":true,"href":"https:\/\/deep-space-astronomy.ch\/de\/wp-json\/wp\/v2\/product_tag?post=10819"}],"curies":[{"name":"wp","href":"https:\/\/api.w.org\/{rel}","templated":true}]}}