{"id":10889,"date":"2025-09-23T12:34:06","date_gmt":"2025-09-23T10:34:06","guid":{"rendered":"https:\/\/deep-space-astronomy.ch\/?post_type=product&#038;p=10889"},"modified":"2026-04-27T09:13:45","modified_gmt":"2026-04-27T07:13:45","slug":"wanderer-eta-m54-correcteur-de-tilt-electronique-ultra-fin","status":"publish","type":"product","link":"https:\/\/deep-space-astronomy.ch\/de\/produkt\/wanderer-eta-m54-correcteur-de-tilt-electronique-ultra-fin\/","title":{"rendered":"Wanderer ETA M54 - Ultrad\u00fcnne elektronische Neigungskorrektur"},"content":{"rendered":"<div class=\"product-description\">\n<h3>Wanderer ETA M54 - Ultrad\u00fcnne elektronische Neigungskorrektur (5 mm)<\/h3>\n<p>Schluss mit dem l\u00e4stigen Einstellen der Neigung im Dunkeln! Der <em>Wanderer ETA M54<\/em> ist der erste <strong>ultrapr\u00e4ziser elektronischer Tilt-Einsteller<\/strong>mit einer Dicke von nur <strong>5 mm<\/strong>. Kompatibel mit optischen Z\u00fcgen aus <strong>M54<\/strong>Es sorgt f\u00fcr eine <strong>automatische Tilt-Anpassung<\/strong> und Backfokus auch aus der Ferne \u00fcber <strong>NINA<\/strong> und <strong>WandererReich<\/strong>. Entwickelt f\u00fcr anspruchsvolle Astrofotografen, ist es ideal f\u00fcr <strong>Vollformatkameras<\/strong> und die <strong>schnelle Optik<\/strong>.<\/p>\n<p><em>SKU: WETA54 - Unverbindliche Preisempfehlung: 849 USD<\/em><\/p>\n<p class=\"small\">Die gezeigten Kameras, OAGs, Filter und andere Ger\u00e4te dienen nur der Veranschaulichung und sind nicht im Lieferumfang enthalten.<\/p>\n<h3>Starke Punkte<\/h3>\n<ul>\n<li><strong>Ultrad\u00fcnn :<\/strong> nur 5 mm dick, bewahrt die <strong>Backfokus von 55 mm<\/strong> in den meisten Konfigurationen.<\/li>\n<li><strong>Ultraleicht :<\/strong> Gewicht 470 g, perfekt f\u00fcr mobile Setups oder Schlosserteleskope.<\/li>\n<li><strong>Elektronische Neigungsanpassung<\/strong> : 3 unabh\u00e4ngige Motoren + 3 Pr\u00e4zisions-Encoder, <em>Aufl\u00f6sung 0,3 \u00b5m\/Step<\/em>Genauigkeit bis zu <strong>2 \u00b5m<\/strong>.<\/li>\n<li><strong>Anpassungsbereich :<\/strong> 1,2 mm, was mehr als ausreichend ist, um jeden Tilt oder Backfokus zu korrigieren.<\/li>\n<li><strong>Patentierte Doppelschichtstruktur<\/strong> : eliminiert jegliches Entweichen von Licht.<\/li>\n<li><strong>K\u00e4ltebest\u00e4ndig<\/strong> : Garantierter Betrieb bis zu <strong>-20 \u00b0C<\/strong>.<\/li>\n<li><strong>Software WandererEmpire<\/strong> : Visualisierung + einfache und leistungsstarke Steuerung.<\/li>\n<li><strong>NINA-Kompatibilit\u00e4t<\/strong> : vollst\u00e4ndige Integration, <strong>automatischer Tilt<\/strong> endlich m\u00f6glich.<\/li>\n<li><strong>Hochwertiges Design<\/strong> : fast 1.000 gekr\u00fcmmte Oberfl\u00e4chen, &gt; 50 Komponenten, maximale Steifigkeit, \u00e4sthetische Premium-Ausf\u00fchrungen.<\/li>\n<\/ul>\n<h3>Kompatibilit\u00e4t &amp; Montage<\/h3>\n<p>Der Wanderer ETA M54 kann sich <strong>direkt anschrauben<\/strong> vor einer Kamera, einem OAG oder einem Filterrad, w\u00e4hrend Sie den 55-mm-Backfokus beibehalten. Er wird mit <strong>M54-Gewindeadapter<\/strong> (optional). Erh\u00e4ltlich f\u00fcr optische Z\u00fcge <strong>ZWO, QHYCCD und ToupTek<\/strong>Mit speziellen Installationsanleitungen.<\/p>\n<ul>\n<li><strong>Farbkameras<\/strong> : direkte Verschraubung empfohlen.<\/li>\n<li><strong>Ohne GAO<\/strong> : vereinfachte Montage Kamera \u2192 Filterrad \u2192 ETA.<\/li>\n<li><strong>Mit OAG<\/strong> : Installation m\u00f6glich, wobei der optimale Backfokus beibehalten wird.<\/li>\n<\/ul>\n<h3>Technische Spezifikationen<\/h3>\n<table class=\"specs\" style=\"width: 100%; border-collapse: collapse;\">\n<tbody>\n<tr>\n<td style=\"width: 35%;\"><strong>Dicke<\/strong><\/td>\n<td>Nur 5 mm<\/td>\n<\/tr>\n<tr>\n<td><strong>Gewicht<\/strong><\/td>\n<td>470 g<\/td>\n<\/tr>\n<tr>\n<td><strong>Anpassungsbereich<\/strong><\/td>\n<td>1,2 mm<\/td>\n<\/tr>\n<tr>\n<td><strong>Aufl\u00f6sung Motor<\/strong><\/td>\n<td>0,3 \u00b5m pro Schritt<\/td>\n<\/tr>\n<tr>\n<td><strong>Genauigkeit der Positionierung<\/strong><\/td>\n<td>Bis zu 2 \u00b5m<\/td>\n<\/tr>\n<tr>\n<td><strong>Struktur<\/strong><\/td>\n<td>Doppelte Schicht gegen das Auslaufen von Licht<\/td>\n<\/tr>\n<tr>\n<td><strong>Materialien<\/strong><\/td>\n<td>Aluminiumlegierung + Premium-Finishs<\/td>\n<\/tr>\n<tr>\n<td><strong>Kompatible Software<\/strong><\/td>\n<td>WandererEmpire, NINA (Integration tilt auto)<\/td>\n<\/tr>\n<tr>\n<td><strong>Widerstand gegen K\u00e4lte<\/strong><\/td>\n<td>-20 \u00b0C<\/td>\n<\/tr>\n<tr>\n<td><strong>Gewinde<\/strong><\/td>\n<td>M54 (Adapter erh\u00e4ltlich)<\/td>\n<\/tr>\n<\/tbody>\n<\/table>\n<h3>In der Box enthalten<\/h3>\n<ul>\n<li>1\u00d7 <strong>Wanderer ETA M54<\/strong><\/li>\n<li>Kameraadapter auf der M54-Buchsenseite (je nach Konfiguration)<\/li>\n<li>Auslaufsichere Dichtung Licht (Polyetheretherketon)<\/li>\n<li>Installationshandbuch<\/li>\n<\/ul>\n<h3>FAQ<\/h3>\n<p><strong>Was ist der Unterschied zu einem manuellen Tilt?<\/strong><br \/>\nDie <strong>Wanderer ETA<\/strong> ist motorisiert, fernsteuerbar, mit einer Genauigkeit von <strong>2 \u00b5m<\/strong>Bei der manuellen Einstellung sind es mehrere Dutzend \u00b5m.<\/p>\n<p><strong>Kann man sie mit einer Vollformatkamera verwenden?<\/strong><br \/>\nJa, es wurde entwickelt, um Tilt bei gro\u00dfformatigen Sensoren wie der<strong>IMX455<\/strong> oder das <strong>QHY600<\/strong>.<\/p>\n<p><strong>Wird er meinen Backfocus ver\u00e4ndern?<\/strong><br \/>\nNein, seine Dicke von <strong>5 mm<\/strong> ber\u00fccksichtigt wird, und es h\u00e4lt die <strong>55 mm Standards<\/strong> in den meisten Setups.<\/p>\n<p><strong>Ist sie mit NINA kompatibel?<\/strong><br \/>\nJa, die Integration mit <strong>NINA<\/strong> erm\u00f6glicht eine <strong>automatischer Tilt<\/strong> in wenigen Minuten.<\/p>\n<p><strong>H\u00e4lt er strengen Wintern stand?<\/strong><br \/>\nJa, er bleibt funktionsf\u00e4hig bis <strong>-20 \u00b0C<\/strong>.<\/p>\n<p>&nbsp;<\/p>\n<\/div>","protected":false},"excerpt":{"rendered":"<p>Wanderer ETA M54 \u2014 Correcteur de tilt \u00e9lectronique ultra-fin (5\u00a0mm) Fini les r\u00e9glages fastidieux de tilt dans l\u2019obscurit\u00e9\u00a0! Le Wanderer ETA M54 est le premier ajusteur de tilt \u00e9lectronique ultra-pr\u00e9cis, d\u2019une \u00e9paisseur de seulement 5\u00a0mm. Compatible avec les trains optiques en M54, il assure un ajustement automatique du tilt et du back focus, m\u00eame \u00e0 [&hellip;]<\/p>\n","protected":false},"featured_media":10899,"comment_status":"open","ping_status":"closed","template":"","meta":[],"product_brand":[839],"product_cat":[19,841,592],"product_tag":[],"class_list":{"0":"post-10889","1":"product","2":"type-product","3":"status-publish","4":"has-post-thumbnail","6":"product_brand-wanderer-astro","7":"product_cat-accessoires","8":"product_cat-correcteur-de-tilt","9":"product_cat-panneaux--flats","11":"first","12":"onbackorder","13":"taxable","14":"shipping-taxable","15":"purchasable","16":"product-type-simple"},"_links":{"self":[{"href":"https:\/\/deep-space-astronomy.ch\/de\/wp-json\/wp\/v2\/product\/10889","targetHints":{"allow":["GET"]}}],"collection":[{"href":"https:\/\/deep-space-astronomy.ch\/de\/wp-json\/wp\/v2\/product"}],"about":[{"href":"https:\/\/deep-space-astronomy.ch\/de\/wp-json\/wp\/v2\/types\/product"}],"replies":[{"embeddable":true,"href":"https:\/\/deep-space-astronomy.ch\/de\/wp-json\/wp\/v2\/comments?post=10889"}],"wp:featuredmedia":[{"embeddable":true,"href":"https:\/\/deep-space-astronomy.ch\/de\/wp-json\/wp\/v2\/media\/10899"}],"wp:attachment":[{"href":"https:\/\/deep-space-astronomy.ch\/de\/wp-json\/wp\/v2\/media?parent=10889"}],"wp:term":[{"taxonomy":"product_brand","embeddable":true,"href":"https:\/\/deep-space-astronomy.ch\/de\/wp-json\/wp\/v2\/product_brand?post=10889"},{"taxonomy":"product_cat","embeddable":true,"href":"https:\/\/deep-space-astronomy.ch\/de\/wp-json\/wp\/v2\/product_cat?post=10889"},{"taxonomy":"product_tag","embeddable":true,"href":"https:\/\/deep-space-astronomy.ch\/de\/wp-json\/wp\/v2\/product_tag?post=10889"}],"curies":[{"name":"wp","href":"https:\/\/api.w.org\/{rel}","templated":true}]}}