{"id":10990,"date":"2025-09-25T15:34:18","date_gmt":"2025-09-25T13:34:18","guid":{"rendered":"https:\/\/deep-space-astronomy.ch\/?post_type=product&#038;p=10990"},"modified":"2025-11-18T17:37:00","modified_gmt":"2025-11-18T16:37:00","slug":"ritchey-chretien-ts-optics-gso-8","status":"publish","type":"product","link":"https:\/\/deep-space-astronomy.ch\/de\/produkt\/ritchey-chretien-ts-optics-gso-8\/","title":{"rendered":"Ritchey-Chr\u00e9tien TS-Optics GSO 8\u2033"},"content":{"rendered":"<h3 style=\"text-align: center;\">TS-Optics GSO 8\u2033 RC Pro 203\/1624 - Der Ritchey-Christian Astrograph der Referenzklasse.<\/h3>\n<p>Die <strong>Ritchey-Chr\u00e9tien TS-Optics GSO 8\u2033 RC (203 mm, 1624 mm, f\/8)<\/strong> wurde f\u00fcr die hochaufl\u00f6sende Astrofotografie entwickelt, ist aber auch f\u00fcr die visuelle Beobachtung bestens geeignet. Mit seinen hyperbolischen Quarzspiegeln (<em>Fused Silica<\/em>) mit 94 % Reflexionsgrad und seinem bel\u00fcfteten offenen Tubus sorgt es f\u00fcr eine stabile Fokussierung, helle Bilder und feine Sterne \u00fcber das gesamte Feld.<\/p>\n<h3>Starke Punkte<\/h3>\n<ul>\n<li><strong>Veritable Ritchey-Chr\u00e9tien<\/strong> : Feld nat\u00fcrlich korrigiert und komafrei.<\/li>\n<li><strong>Quarzspiegel<\/strong> : Stabilit\u00e4t des Fokus auch bei Temperaturschwankungen.<\/li>\n<li><strong>Reflektivit\u00e4t 94 %<\/strong> : direkter Gewinn an Helligkeit und Kontrast.<\/li>\n<li><strong>Offene R\u00f6hre + Bel\u00fcftung<\/strong> : schnelle Abk\u00fchlung, besserer Kontrast.<\/li>\n<li><strong>Gro\u00dfz\u00fcgiger Backfocus (\u2248159 mm)<\/strong> : ideal f\u00fcr Korrektoren, Reduktionsgetriebe, OAG und Filterr\u00e4der.<\/li>\n<li><strong>Kein Shifting<\/strong> : Prim\u00e4r fixiert, fokussiert von <em>focuser Monorail 2\u2033.<\/em>.<\/li>\n<li><strong>Zwei Vixenst\u00e4be<\/strong> : einfache Montage von Guidescope oder Piggyback-Kamera.<\/li>\n<\/ul>\n<h3>Astrofotografie<\/h3>\n<p>Die 8\u2033 RC erteilt <strong>sch\u00e4rfere und hellere Astrofotos<\/strong> als die vergleichbaren SCT oder Maksutov. Ohne Korrektor sind Sensoren bis zu <strong>APS-C<\/strong> sind perfekt verwendbar. F\u00fcr das Vollformat wird eine RC-Korrektur empfohlen. Mit dem <strong>Reducer CCD47 0,67\u00d7<\/strong>wird die Brennweite von 1624 mm auf \u22481088 mm und das Verh\u00e4ltnis f\/8 auf <strong>f\/5,36<\/strong>Das bedeutet, dass Sie doppelt so schnell arbeiten k\u00f6nnen.<\/p>\n<h3>Der Fokussierer Monorail 2\u2033.<\/h3>\n<p>Steifer als ein klassischer Crayford, der <strong>Einschienenbahn 2\u2033<\/strong> kombiniert Fluidit\u00e4t und Stabilit\u00e4t: Schiene aus massivem Edelstahl, kein Tilt beim Einrasten, 360\u00b0-Drehung f\u00fcr die Wahl des Bildausschnitts, 1:10-\u00dcbersetzung f\u00fcr eine pr\u00e4zise Fokussierung, Skala, um den Fokus leicht wiederzufinden, Kompatibilit\u00e4t mit Motorisierung.<\/p>\n<h3>Warum ein RC statt eines SCT?<\/h3>\n<ul>\n<li><strong>Keine Schmidtklinge<\/strong> : weniger anf\u00e4llig f\u00fcr Beschlag, maximale \u00dcbertragung (einschlie\u00dflich IR).<\/li>\n<li><strong>Korrigiertes Feld nach Design<\/strong> : feine Sterne in der Mitte wie an den R\u00e4ndern.<\/li>\n<li><strong>Keine verbleibenden Aberrationen<\/strong> : Kein permanenter Korrektor im Strahlengang.<\/li>\n<li><strong>Kein Mirror Shift<\/strong> : prim\u00e4r fest \u2192 maximale Stabilit\u00e4t bei Langzeitbelichtungsaufnahmen.<\/li>\n<\/ul>\n<h3>Technische Spezifikationen<\/h3>\n<table border=\"1\" cellspacing=\"0\" cellpadding=\"6\">\n<tbody>\n<tr>\n<td><strong>Optisches Design<\/strong><\/td>\n<td>Ritchey-Chr\u00e9tien (hyperbolische Spiegel)<\/td>\n<\/tr>\n<tr>\n<td><strong>Er\u00f6ffnung<\/strong><\/td>\n<td>203 mm (8\u2033)<\/td>\n<\/tr>\n<tr>\n<td><strong>Brennweite<\/strong><\/td>\n<td>1624 mm<\/td>\n<\/tr>\n<tr>\n<td><strong>Bericht f\/<\/strong><\/td>\n<td>f\/8 (\u2248 f\/5,36 mit 0,67\u00d7 Verkleinerung)<\/td>\n<\/tr>\n<tr>\n<td><strong>Theoretische Aufl\u00f6sung<\/strong><\/td>\n<td>0,58\u2033<\/td>\n<\/tr>\n<tr>\n<td><strong>Spiegel<\/strong><\/td>\n<td>Quarz, Reflektivit\u00e4t 94 %<\/td>\n<\/tr>\n<tr>\n<td><strong>Backfocus<\/strong><\/td>\n<td>\u2248254 mm von der R\u00fcckseite des Rohrs \/ 159 mm vom Schieber 2\u2033.<\/td>\n<\/tr>\n<tr>\n<td><strong>Sekund\u00e4re Obstruktion<\/strong><\/td>\n<td>85 mm<\/td>\n<\/tr>\n<tr>\n<td><strong>Fokussieren<\/strong><\/td>\n<td>Monorail 2\u2033 Doppelte Geschwindigkeit + 1,25\u2033-Adapter<\/td>\n<\/tr>\n<tr>\n<td><strong>Anschlussgewinde<\/strong><\/td>\n<td>M90\u00d71<\/td>\n<\/tr>\n<tr>\n<td><strong>Dovetail<\/strong><\/td>\n<td>2 Vixen-St\u00e4be (GP) von 395 mm L\u00e4nge<\/td>\n<\/tr>\n<tr>\n<td><strong>Durchmesser des Rohrs<\/strong><\/td>\n<td>230 mm<\/td>\n<\/tr>\n<tr>\n<td><strong>L\u00e4nge des Rohrs<\/strong><\/td>\n<td>580 mm (mit Fokussierer)<\/td>\n<\/tr>\n<tr>\n<td><strong>Gewicht<\/strong><\/td>\n<td>\u22488,25 kg (+0,5 kg Erweiterungsringe)<\/td>\n<\/tr>\n<\/tbody>\n<\/table>\n<h3>In der Schachtel<\/h3>\n<ul>\n<li>Teleskop RC 8\u2033 f\/8 (203\/1624)<\/li>\n<li>Focuser Monorail 2\u2033 (mit Adapter 1,25\u2033)<\/li>\n<li>Zwei Schwalbenschwanz-Stangen im Vixen-Stil (GP)<\/li>\n<li>M90-Erweiterungsringe<\/li>\n<li>Schutzkappe<\/li>\n<\/ul>\n<h3>Zusammenfassend<\/h3>\n<p>Die <strong>TS-Optics GSO 8\u2033 RC Pro<\/strong> ist eine erschwingliche High-End-L\u00f6sung f\u00fcr den Astrofotografen, der ein stabiles, helles und \u00fcber das gesamte Feld korrigiertes Instrument sucht. Mit dem optionalen Zubeh\u00f6r (Korrektor, Reducer, OAG, Filterrad) l\u00e4sst es sich leicht zu fortschrittlichen und qualitativ hochwertigen Setups aufr\u00fcsten.<\/p>","protected":false},"excerpt":{"rendered":"<p>TS-Optics GSO 8&Prime; RC Pro 203\/1624 \u2013 L\u2019astrographe Ritchey-Chr\u00e9tien de r\u00e9f\u00e9rence Le Ritchey-Chr\u00e9tien TS-Optics GSO 8&Prime;\u00a0RC (203 mm, 1624 mm, f\/8) est con\u00e7u pour l\u2019astrophotographie haute r\u00e9solution, mais reste parfaitement adapt\u00e9 \u00e0 l\u2019observation visuelle. Avec ses miroirs hyperboliques en quartz (fused silica) \u00e0 94 % de r\u00e9flectivit\u00e9 et son tube ouvert ventil\u00e9, il garantit une [&hellip;]<\/p>\n","protected":false},"featured_media":10992,"comment_status":"open","ping_status":"closed","template":"","meta":[],"product_brand":[842],"product_cat":[392,750],"product_tag":[],"class_list":{"0":"post-10990","1":"product","2":"type-product","3":"status-publish","4":"has-post-thumbnail","6":"product_brand-ts-optics","7":"product_cat-telescopes_reflecteurs","8":"product_cat-ritchey-chretien","10":"first","11":"on_supplier","12":"taxable","13":"shipping-taxable","14":"purchasable","15":"product-type-simple"},"_links":{"self":[{"href":"https:\/\/deep-space-astronomy.ch\/de\/wp-json\/wp\/v2\/product\/10990","targetHints":{"allow":["GET"]}}],"collection":[{"href":"https:\/\/deep-space-astronomy.ch\/de\/wp-json\/wp\/v2\/product"}],"about":[{"href":"https:\/\/deep-space-astronomy.ch\/de\/wp-json\/wp\/v2\/types\/product"}],"replies":[{"embeddable":true,"href":"https:\/\/deep-space-astronomy.ch\/de\/wp-json\/wp\/v2\/comments?post=10990"}],"wp:featuredmedia":[{"embeddable":true,"href":"https:\/\/deep-space-astronomy.ch\/de\/wp-json\/wp\/v2\/media\/10992"}],"wp:attachment":[{"href":"https:\/\/deep-space-astronomy.ch\/de\/wp-json\/wp\/v2\/media?parent=10990"}],"wp:term":[{"taxonomy":"product_brand","embeddable":true,"href":"https:\/\/deep-space-astronomy.ch\/de\/wp-json\/wp\/v2\/product_brand?post=10990"},{"taxonomy":"product_cat","embeddable":true,"href":"https:\/\/deep-space-astronomy.ch\/de\/wp-json\/wp\/v2\/product_cat?post=10990"},{"taxonomy":"product_tag","embeddable":true,"href":"https:\/\/deep-space-astronomy.ch\/de\/wp-json\/wp\/v2\/product_tag?post=10990"}],"curies":[{"name":"wp","href":"https:\/\/api.w.org\/{rel}","templated":true}]}}