{"id":11000,"date":"2025-09-25T15:47:21","date_gmt":"2025-09-25T13:47:21","guid":{"rendered":"https:\/\/deep-space-astronomy.ch\/?post_type=product&#038;p=11000"},"modified":"2025-12-29T11:07:27","modified_gmt":"2025-12-29T10:07:27","slug":"ts-optics-gso-10-rc-pro-carbone","status":"publish","type":"product","link":"https:\/\/deep-space-astronomy.ch\/de\/produkt\/ts-optics-gso-10-rc-pro-carbone\/","title":{"rendered":"TS-Optics GSO 10\u2033 RC Pro Carbon"},"content":{"rendered":"<h3>TS-Optics GSO 10\u2033 RC Pro Carbon Truss 250\/2000 - Der High-End-Astrograf<\/h3>\n<p>Die <strong>TS-Optics GSO 10\u2033 Ritchey-Chr\u00e9tien (250 mm, 2000 mm, f\/8)<\/strong> mit <strong>Carbon-Truss-Rohr<\/strong> ist ein Trauminstrument f\u00fcr die Astrofotografie. Es wurde nach dem gleichen Prinzip wie die gro\u00dfen professionellen Teleskope entwickelt und bietet ein korrigiertes Feld, eine au\u00dfergew\u00f6hnliche Fokusstabilit\u00e4t und eine robuste Mechanik, die f\u00fcr schwere Setups geeignet ist.<\/p>\n<h3>Starke Punkte<\/h3>\n<ul>\n<li><strong>Veritable Ritchey-Chr\u00e9tien<\/strong> : hyperbolische Spiegel \u2192 komafreies und flaches Feld.<\/li>\n<li><strong>Quarzspiegel (fused silica)<\/strong> : Stabilit\u00e4t des Fokus bei Temperaturschwankungen.<\/li>\n<li><strong>Reflektivit\u00e4t 94 %<\/strong> : helles Bild, verst\u00e4rkter Kontrast, direkte Signalverst\u00e4rkung.<\/li>\n<li><strong>Carbon Truss Tube<\/strong> : Maximale Steifigkeit, Fokus, der sich bei Langzeitbelichtungen kaum ver\u00e4ndert.<\/li>\n<li><strong>Prim\u00e4re Bel\u00fcftung + offenes Rohr<\/strong> : schnelles Aufheizen.<\/li>\n<li><strong>Zwei Schwalbenschw\u00e4nze Losmandy<\/strong> : robuste Befestigung und Montage von Zubeh\u00f6r (Guidescope, Piggyback).<\/li>\n<li><strong>Focuser MONORAIL 3\u2033.<\/strong> : Steifigkeit, 360\u00b0-Rotation, feine Untersetzung, hohe Tragf\u00e4higkeit (~5 kg).<\/li>\n<li><strong>Einstellbare Fokussierer-Tilt<\/strong> Fokussierer und Prim\u00e4rer entkoppelt, um die Rechtwinkligkeit des optischen Zuges perfekt zu korrigieren.<\/li>\n<\/ul>\n<h3>Astrofotografie<\/h3>\n<p>Der 10\u2033 RC erm\u00f6glicht den Betrieb von Sensoren bis zu <strong>APS-C<\/strong> ohne Korrekturen und liefert so gestochen scharfe Bilder. F\u00fcr den <strong>Vollformat<\/strong>, In diesem Fall wird die Verwendung eines RC-Korrektors empfohlen, um ein vollkommen ebenes Feld zu erhalten. Mit dem <strong>Reducer CCD47 0,67\u00d7<\/strong>, wird die Brennweite von 2000 mm auf ca. 1340 mm und das Verh\u00e4ltnis f\/8 auf <strong>f\/5,36<\/strong>, Die Zeit f\u00fcr die Belichtung wird um mehr als die H\u00e4lfte reduziert, w\u00e4hrend das Feld vergr\u00f6\u00dfert wird.<\/p>\n<h3>Warum ein Carbon Truss Tube?<\/h3>\n<p>Die Gewichtsreduktion ist minimal (~500 g), aber die <strong>Fokussierungsstabilit\u00e4t<\/strong> bei Temperaturschwankungen ist unvergleichlich. Das Karbon dehnt sich praktisch nicht aus, was lange Sitzungen ohne Refokussierung erm\u00f6glicht. Die Truss-Struktur h\u00e4lt die Kollimation unabh\u00e4ngig von der Position des Teleskops perfekt aufrecht und erleichtert die Bel\u00fcftung.<\/p>\n<h3>Der Fokussierer MONORAIL 3\u2033.<\/h3>\n<p>Weiterentwicklung des klassischen Crayford, der <strong>Einschienenbahn 3\u2033<\/strong> basiert auf einer massiven Edelstahlschiene, die selbst bei schweren optischen Z\u00fcgen ein Kippen verhindert. Er bietet einen Hub von ca. 80 mm, eine klare \u00d6ffnung von 68 mm, eine \u00dcbersetzung von 1:10 f\u00fcr Feineinstellungen, eine 360\u00b0-Drehung und spezielle Gewinde (M77x0,75 Innengewinde, M74x0,75 Au\u00dfengewinde, M68 Innengewinde) f\u00fcr eine optimale Kompatibilit\u00e4t (Korrektoren, OAG, schwere Kameras).<\/p>\n<h3>Vorteile RC vs. SCT\/Mak<\/h3>\n<ul>\n<li><strong>Keine Schmidtklinge<\/strong> : weniger Beschlag, maximale Transmission, Verwendung im Nahinfrarotbereich m\u00f6glich.<\/li>\n<li><strong>Pfad 100 % reflektierend<\/strong> : keine permanente Linse, mehr n\u00fctzliche Photonen f\u00fcr den Sensor.<\/li>\n<li><strong>Kein Mirror Shift<\/strong> : feste Prim\u00e4r, MAP \u00fcber externen Fokussierer \u2192 einwandfreie Stabilit\u00e4t.<\/li>\n<\/ul>\n<h3>Technische Spezifikationen<\/h3>\n<table border=\"1\" cellspacing=\"0\" cellpadding=\"6\">\n<tbody>\n<tr>\n<td><strong>Optisches Design<\/strong><\/td>\n<td>Ritchey-Chr\u00e9tien (hyperbolische Spiegel)<\/td>\n<\/tr>\n<tr>\n<td><strong>Er\u00f6ffnung<\/strong><\/td>\n<td>250 mm (10\u2033)<\/td>\n<\/tr>\n<tr>\n<td><strong>Brennweite<\/strong><\/td>\n<td>2000 mm<\/td>\n<\/tr>\n<tr>\n<td><strong>Bericht f\/<\/strong><\/td>\n<td>f\/8 (\u2248 f\/5,36 mit 0,67\u00d7 Verkleinerung)<\/td>\n<\/tr>\n<tr>\n<td><strong>Theoretische Aufl\u00f6sung<\/strong><\/td>\n<td>0,46\u2033<\/td>\n<\/tr>\n<tr>\n<td><strong>Spiegel<\/strong><\/td>\n<td>Quarz, Reflektivit\u00e4t 94 %<\/td>\n<\/tr>\n<tr>\n<td><strong>Backfocus<\/strong><\/td>\n<td>\u2248210 mm vom M117x1-Gewinde oder \u2248131 mm vom Flie\u00df 2\u2033.<\/td>\n<\/tr>\n<tr>\n<td><strong>Tube<\/strong><\/td>\n<td>Carbon Truss mit internen Schallw\u00e4nden<\/td>\n<\/tr>\n<tr>\n<td><strong>Durchmesser des Rohrs<\/strong><\/td>\n<td>\u2248420 mm<\/td>\n<\/tr>\n<tr>\n<td><strong>L\u00e4nge des Rohrs<\/strong><\/td>\n<td>\u2248580 mm (mit Fokussierer)<\/td>\n<\/tr>\n<tr>\n<td><strong>Gewicht<\/strong><\/td>\n<td>\u224816,5 kg (inkl. Fokussierer) + 1 kg Fokussierer<\/td>\n<\/tr>\n<tr>\n<td><strong>Sekund\u00e4re Obstruktion<\/strong><\/td>\n<td>\u2013<\/td>\n<\/tr>\n<tr>\n<td><strong>Fokussieren<\/strong><\/td>\n<td>MONORAIL 3\u2033 microfocuser, Belastbarkeit 5 kg<\/td>\n<\/tr>\n<tr>\n<td><strong>Verbindungen<\/strong><\/td>\n<td>2\u2033 &amp; 1,25\u2033 + Gewinde M77x0.75 weiblich \/ M74x0.75 m\u00e4nnlich \/ M68 innen<\/td>\n<\/tr>\n<tr>\n<td><strong>Schwalbenschw\u00e4nze<\/strong><\/td>\n<td>2\u00d7 Losmandy-Stil<\/td>\n<\/tr>\n<\/tbody>\n<\/table>\n<h3>In der Schachtel<\/h3>\n<ul>\n<li>RC-Teleskop 10\u2033 f\/8 Carbon Truss<\/li>\n<li>Fokussierer MONORAIL 3\u2033 (+ Adapter 2\u2033 und 1,25\u2033)<\/li>\n<li>Zwei Schwalbenschw\u00e4nze Losmandy<\/li>\n<li>Verl\u00e4ngerungsringe M117 (2\u00d725 mm, 1\u00d750 mm)<\/li>\n<li>Schutzkappe<\/li>\n<\/ul>\n<h3>Zusammenfassend<\/h3>\n<p>Die <strong>TS-Optics GSO 10\u2033 RC Pro Carbon Truss<\/strong> ist eine Referenz f\u00fcr die Deep-Sky-Bildgebung: gro\u00dfes, korrigiertes Gesichtsfeld, stabile Fokussierung durch Karbon + Quarz, robuste Mechanik mit neigbarem Fokussierer und Unterst\u00fctzung f\u00fcr schwere optische Z\u00fcge. Ein Teleskop f\u00fcr den anspruchsvollen Astrofotografen, der professionelle Ergebnisse anstrebt.<\/p>","protected":false},"excerpt":{"rendered":"<p>TS-Optics GSO 10&Prime; RC Pro Carbone Truss 250\/2000 \u2013 L\u2019astrographe haut de gamme Le TS-Optics GSO 10&Prime; Ritchey-Chr\u00e9tien (250 mm, 2000 mm, f\/8) avec tube carbone truss est un instrument de r\u00eave pour l\u2019astrophotographie. Con\u00e7u sur le m\u00eame principe que les grands t\u00e9lescopes professionnels, il offre un champ corrig\u00e9, une stabilit\u00e9 de focus exceptionnelle et [&hellip;]<\/p>\n","protected":false},"featured_media":11001,"comment_status":"open","ping_status":"closed","template":"","meta":[],"product_brand":[842],"product_cat":[750],"product_tag":[],"class_list":{"0":"post-11000","1":"product","2":"type-product","3":"status-publish","4":"has-post-thumbnail","6":"product_brand-ts-optics","7":"product_cat-ritchey-chretien","9":"first","10":"on_supplier","11":"taxable","12":"shipping-taxable","13":"purchasable","14":"product-type-simple"},"_links":{"self":[{"href":"https:\/\/deep-space-astronomy.ch\/de\/wp-json\/wp\/v2\/product\/11000","targetHints":{"allow":["GET"]}}],"collection":[{"href":"https:\/\/deep-space-astronomy.ch\/de\/wp-json\/wp\/v2\/product"}],"about":[{"href":"https:\/\/deep-space-astronomy.ch\/de\/wp-json\/wp\/v2\/types\/product"}],"replies":[{"embeddable":true,"href":"https:\/\/deep-space-astronomy.ch\/de\/wp-json\/wp\/v2\/comments?post=11000"}],"wp:featuredmedia":[{"embeddable":true,"href":"https:\/\/deep-space-astronomy.ch\/de\/wp-json\/wp\/v2\/media\/11001"}],"wp:attachment":[{"href":"https:\/\/deep-space-astronomy.ch\/de\/wp-json\/wp\/v2\/media?parent=11000"}],"wp:term":[{"taxonomy":"product_brand","embeddable":true,"href":"https:\/\/deep-space-astronomy.ch\/de\/wp-json\/wp\/v2\/product_brand?post=11000"},{"taxonomy":"product_cat","embeddable":true,"href":"https:\/\/deep-space-astronomy.ch\/de\/wp-json\/wp\/v2\/product_cat?post=11000"},{"taxonomy":"product_tag","embeddable":true,"href":"https:\/\/deep-space-astronomy.ch\/de\/wp-json\/wp\/v2\/product_tag?post=11000"}],"curies":[{"name":"wp","href":"https:\/\/api.w.org\/{rel}","templated":true}]}}