{"id":11005,"date":"2025-09-25T15:51:27","date_gmt":"2025-09-25T13:51:27","guid":{"rendered":"https:\/\/deep-space-astronomy.ch\/?post_type=product&#038;p=11005"},"modified":"2026-03-31T10:54:04","modified_gmt":"2026-03-31T08:54:04","slug":"ts-optics-gso-12-rc-pro-carbone","status":"publish","type":"product","link":"https:\/\/deep-space-astronomy.ch\/de\/produkt\/ts-optics-gso-12-rc-pro-carbone\/","title":{"rendered":"TS-Optics GSO 12\u2033 RC Pro Carbon"},"content":{"rendered":"<h3>TS-Optics GSO 12\u2033 RC Pro Carbon Truss Tube 304\/2432 - Die Macht Astrofotografie<\/h3>\n<p>Die <strong>TS-Optics GSO 12\u2033 Ritchey-Chr\u00e9tien (304 mm, 2432 mm, f\/8)<\/strong> mit Truss <strong>Karbonrohr<\/strong>\u00a0wurde f\u00fcr Astrofotografen entwickelt, die professionelle Ergebnisse verlangen. Mit seinem gro\u00dfen Durchmesser, den Quarzspiegeln mit 94 % Reflexionsgrad und der robusten Mechanik vereint es optische Leistung mit mechanischer Stabilit\u00e4t und ist ideal f\u00fcr den Betrieb von Sensoren bis zum Vollformat und dar\u00fcber hinaus.<\/p>\n<h3>Starke Punkte<\/h3>\n<ul>\n<li><strong>Veritable Ritchey-Chr\u00e9tien<\/strong> : prim\u00e4r und sekund\u00e4r hyperbolisch \u2192 komafreies und relativ flaches Feld.<\/li>\n<li><strong>Gro\u00dfer Durchmesser 304 mm<\/strong> : Aufl\u00f6sung von 0,38\u2033 und erh\u00f6hte Lichtsammlung f\u00fcr Nebel und weit entfernte Galaxien.<\/li>\n<li><strong>Quarzspiegel (fused silica)<\/strong> : kaum Dehnung, stabiler Fokus bei langen Belichtungszeiten.<\/li>\n<li><strong>Reflektivit\u00e4t 94 %<\/strong> : Bilder, die heller und kontrastreicher sind als die Standards bei 90 %.<\/li>\n<li><strong>Carbon Truss Tube<\/strong> : strukturelle Steifigkeit, schnelle Bel\u00fcftung, au\u00dfergew\u00f6hnliche Fokusstabilit\u00e4t bei Langzeit-Bildgebung.<\/li>\n<li><strong>Zwei Schwalbenschw\u00e4nze Losmandy<\/strong> : Maximale Kompatibilit\u00e4t f\u00fcr schwere Montagen und Zubeh\u00f6r.<\/li>\n<li><strong>Focuser RAP MONORAIL 3\u2033.<\/strong> : Rack-and-Pinion-Design auf Stahlschiene, 360\u00b0 drehbar, 1:10 Mikrofokus, 5 kg Tragf\u00e4higkeit, integriertes M68\/M74\/M77-Gewinde.<\/li>\n<li><strong>Version Gen. 2<\/strong> : Integrierter Tilt, optimierte Antireflex-Baffelung, verst\u00e4rkte 3\u2033-Erweiterung.<\/li>\n<\/ul>\n<h3>Astrofotografie<\/h3>\n<p>Der 12\u2033 RC liefert ein korrigiertes Feld bis zu etwa 35 mm Diagonale ohne Korrektor, ideal f\u00fcr Sensoren. <strong>APS-C<\/strong>. F\u00fcr den <strong>Vollformat<\/strong> und dar\u00fcber hinaus (max. 60 mm mit Korrektor), bietet TS passende optische L\u00f6sungen. Mit dem <strong>Reducer CCD47 0,67\u00d7<\/strong>sinkt die Brennweite auf \u22481629 mm und das Verh\u00e4ltnis f\/8 steigt auf <strong>f\/5,36<\/strong>Sie k\u00f6nnen die Belichtungszeiten halbieren und das Feld f\u00fcr gro\u00dfe Objekte erweitern.<\/p>\n<h3>Warum ein Carbon Truss Tube?<\/h3>\n<p>Kohlenstoff begrenzt im Gegensatz zu Aluminium die mit Temperatur\u00e4nderungen verbundenen Fokusschwankungen. Das Design <strong>truss<\/strong> sorgt f\u00fcr eine schnelle Bel\u00fcftung und eine mechanische Steifigkeit, die die Kollimation unabh\u00e4ngig von der Position des Tubus aufrechterh\u00e4lt. Das Ergebnis: weniger Refokussierung, mehr Konstanz bei Ihren n\u00e4chtlichen Erfassungen.<\/p>\n<h3>Der Fokussierer RAP Monorail 3\u2033.<\/h3>\n<p>Robuste Weiterentwicklung des Crayford, der <strong>RAP Monorail 3\u2033<\/strong> wird von einer massiven Stahlschiene statt von kleinen Kugeln getragen, wodurch selbst bei schwerer Belastung kein Tilt auftritt. Es bietet einen Hub von 50 mm, eine klare \u00d6ffnung von 68 mm, einen Mikrofokussierer 1:10 f\u00fcr pr\u00e4zise Einstellungen, eine 360\u00b0-Drehung und Gewinde (M68x1, M74x0.75, M77x0.75) f\u00fcr die sichere Montage von Zubeh\u00f6r wie Korrektoren, OAG und schweren Kameras.<\/p>\n<h3>Vorteile RC vs. SCT\/Mak<\/h3>\n<ul>\n<li><strong>Keine Schmidtklinge<\/strong> : weniger Beschlag, volle Lichtdurchl\u00e4ssigkeit, auch im nahen IR-Bereich.<\/li>\n<li><strong>Optischer Pfad 100 % reflektierend<\/strong> : keine permanenten Linsen \u2192 Lichtgewinn und bessere spektrale Neutralit\u00e4t.<\/li>\n<li><strong>Kein Mirror Shift<\/strong> : feste Prim\u00e4r, Fokussierung \u00fcber externen Fokussierer \u2192 optimale Stabilit\u00e4t bei Langzeitbelichtungsaufnahmen.<\/li>\n<\/ul>\n<h3>Technische Spezifikationen<\/h3>\n<table border=\"1\" cellspacing=\"0\" cellpadding=\"6\">\n<tbody>\n<tr>\n<td><strong>Optisches Design<\/strong><\/td>\n<td>Ritchey-Chr\u00e9tien (hyperbolische Spiegel)<\/td>\n<\/tr>\n<tr>\n<td><strong>Er\u00f6ffnung<\/strong><\/td>\n<td>304 mm (12\u2033)<\/td>\n<\/tr>\n<tr>\n<td><strong>Brennweite<\/strong><\/td>\n<td>2432 mm<\/td>\n<\/tr>\n<tr>\n<td><strong>Bericht f\/<\/strong><\/td>\n<td>f\/8 (\u2248 f\/5,36 mit 0,67\u00d7 Verkleinerung)<\/td>\n<\/tr>\n<tr>\n<td><strong>Theoretische Aufl\u00f6sung<\/strong><\/td>\n<td>0,38\u2033<\/td>\n<\/tr>\n<tr>\n<td><strong>Spiegel<\/strong><\/td>\n<td>Quarz, Reflektivit\u00e4t 94 %<\/td>\n<\/tr>\n<tr>\n<td><strong>Backfocus<\/strong><\/td>\n<td>\u2248285 mm vom M117-Gewinde, \u2248179 mm vom Gie\u00dfen 2\u2033.<\/td>\n<\/tr>\n<tr>\n<td><strong>Tube<\/strong><\/td>\n<td>Carbon Truss mit internem Baffle<\/td>\n<\/tr>\n<tr>\n<td><strong>Durchmesser des Rohrs<\/strong><\/td>\n<td>\u2248485 mm<\/td>\n<\/tr>\n<tr>\n<td><strong>L\u00e4nge des Rohrs<\/strong><\/td>\n<td>\u2248850 mm (ohne Fokussierung)<\/td>\n<\/tr>\n<tr>\n<td><strong>Gewicht<\/strong><\/td>\n<td>\u224824 kg (inkl. Fokussierer und Schwalbenschw\u00e4nze)<\/td>\n<\/tr>\n<tr>\n<td><strong>Fokussieren<\/strong><\/td>\n<td>RAP Monorail 3\u2033, Mikrofokussierer, Kapazit\u00e4t 5 kg<\/td>\n<\/tr>\n<tr>\n<td><strong>Verbindungen<\/strong><\/td>\n<td>2\u2033 &amp; 1,25\u2033 + Gewinde M68x1, M74x0.75, M77x0.75<\/td>\n<\/tr>\n<tr>\n<td><strong>Schwalbenschw\u00e4nze<\/strong><\/td>\n<td>2\u00d7 Losmandy-Stil<\/td>\n<\/tr>\n<\/tbody>\n<\/table>\n<h3>In der Schachtel<\/h3>\n<ul>\n<li>RC-Teleskop 12\u2033 f\/8 Carbon Truss<\/li>\n<li>Focuser RAP Monorail 3\u2033 mit 2\u2033 und 1,25\u2033 Adaptern<\/li>\n<li>Zwei Schwalbenschw\u00e4nze Losmandy<\/li>\n<li>Verl\u00e4ngerungsringe (2\u00d725 mm, 1\u00d750 mm)<\/li>\n<li>Schutzkappe<\/li>\n<\/ul>\n<h3>Zusammenfassend<\/h3>\n<p>Die <strong>TS-Optics GSO 12\u2033 RC Pro Carbon Truss<\/strong> ist das Werkzeug f\u00fcr den anspruchsvollen Astrofotografen: gro\u00dfz\u00fcgiger Durchmesser, Stabilit\u00e4t durch Karbon + Quarz, robuste Mechanik, optimierte Schikanen und ein hochwertiger Fokussierer. Eine L\u00f6sung, die bereit ist, mit den professionellen Standards f\u00fcr tiefe, scharfe und helle Bilder zu konkurrieren.<\/p>","protected":false},"excerpt":{"rendered":"<p>TS-Optics GSO 12&Prime; RC Pro Carbone Truss Tube 304\/2432 \u2013 La puissance astrophoto Le TS-Optics GSO 12&Prime; Ritchey-Chr\u00e9tien (304 mm, 2432 mm, f\/8) avec truss tube carbone\u00a0est con\u00e7u pour les astrophotographes qui exigent des r\u00e9sultats professionnels. Avec son grand diam\u00e8tre, ses miroirs quartz \u00e0 94 % de r\u00e9flectivit\u00e9 et sa m\u00e9canique robuste, il combine puissance [&hellip;]<\/p>\n","protected":false},"featured_media":11006,"comment_status":"open","ping_status":"closed","template":"","meta":[],"product_brand":[842],"product_cat":[750],"product_tag":[],"class_list":{"0":"post-11005","1":"product","2":"type-product","3":"status-publish","4":"has-post-thumbnail","6":"product_brand-ts-optics","7":"product_cat-ritchey-chretien","9":"first","10":"on_supplier","11":"taxable","12":"shipping-taxable","13":"purchasable","14":"product-type-simple"},"_links":{"self":[{"href":"https:\/\/deep-space-astronomy.ch\/de\/wp-json\/wp\/v2\/product\/11005","targetHints":{"allow":["GET"]}}],"collection":[{"href":"https:\/\/deep-space-astronomy.ch\/de\/wp-json\/wp\/v2\/product"}],"about":[{"href":"https:\/\/deep-space-astronomy.ch\/de\/wp-json\/wp\/v2\/types\/product"}],"replies":[{"embeddable":true,"href":"https:\/\/deep-space-astronomy.ch\/de\/wp-json\/wp\/v2\/comments?post=11005"}],"wp:featuredmedia":[{"embeddable":true,"href":"https:\/\/deep-space-astronomy.ch\/de\/wp-json\/wp\/v2\/media\/11006"}],"wp:attachment":[{"href":"https:\/\/deep-space-astronomy.ch\/de\/wp-json\/wp\/v2\/media?parent=11005"}],"wp:term":[{"taxonomy":"product_brand","embeddable":true,"href":"https:\/\/deep-space-astronomy.ch\/de\/wp-json\/wp\/v2\/product_brand?post=11005"},{"taxonomy":"product_cat","embeddable":true,"href":"https:\/\/deep-space-astronomy.ch\/de\/wp-json\/wp\/v2\/product_cat?post=11005"},{"taxonomy":"product_tag","embeddable":true,"href":"https:\/\/deep-space-astronomy.ch\/de\/wp-json\/wp\/v2\/product_tag?post=11005"}],"curies":[{"name":"wp","href":"https:\/\/api.w.org\/{rel}","templated":true}]}}