{"id":11009,"date":"2025-09-25T15:56:00","date_gmt":"2025-09-25T13:56:00","guid":{"rendered":"https:\/\/deep-space-astronomy.ch\/?post_type=product&#038;p=11009"},"modified":"2025-09-25T15:56:16","modified_gmt":"2025-09-25T13:56:16","slug":"ts-optics-gso-14-rc-pro","status":"publish","type":"product","link":"https:\/\/deep-space-astronomy.ch\/de\/produkt\/ts-optics-gso-14-rc-pro\/","title":{"rendered":"TS-Optics GSO 14\u2033 RC Pro"},"content":{"rendered":"<h3>TS-Optics GSO 14\u2033 RC Pro Carbon Truss Gen.2 355\/2854 - Der Sternwarten-Astrograph<\/h3>\n<p>Die <strong>TS-Optics GSO 14\u2033 Ritchey-Chr\u00e9tien (355 mm, 2854 mm, f\/8)<\/strong> mit <strong>Carbon Truss Tube<\/strong> und <strong>verbesserter Gen.2-Fokussierer<\/strong> ist ein leistungsstarkes Instrument f\u00fcr anspruchsvolle Observatorien und Astrofotografen. Mit seinem gro\u00dfen Durchmesser, der optimierten Mechanik und der au\u00dfergew\u00f6hnlichen Stabilit\u00e4t ist es eine High-End-L\u00f6sung f\u00fcr die Deep-Sky-Bildgebung.<\/p>\n<h3>Starke Punkte<\/h3>\n<ul>\n<li><strong>Veritable Ritchey-Chr\u00e9tien<\/strong> : prim\u00e4r\/sekund\u00e4r hyperbolisch \u2192 flaches Feld und ohne Koma.<\/li>\n<li><strong>Gro\u00dfer Durchmesser 355 mm<\/strong> : theoretische Aufl\u00f6sung von 0,34\u2033 und enorme Lichtsammlung.<\/li>\n<li><strong>Quarzspiegel<\/strong> : Stabilit\u00e4t des Fokus \u00fcber lange Belichtungszeiten trotz Temperaturschwankungen.<\/li>\n<li><strong>Auskleidung 94 %<\/strong> : helleres und kontrastreicheres Bild als bei den Standards 90 %.<\/li>\n<li><strong>Carbon Truss Tube<\/strong> : strukturelle Steifigkeit + geringe Ausdehnung \u2192 Kollimation und Fokus stabil.<\/li>\n<li><strong>Prim\u00e4re Bel\u00fcftung<\/strong> : Beschleunigtes Aufw\u00e4rmen, weniger interne Turbulenzen.<\/li>\n<li><strong>Zwei Schwalbenschw\u00e4nze Losmandy<\/strong> : robuste Montage von jeglichem Zubeh\u00f6r oder Guidescope.<\/li>\n<li><strong>Focuser RAP Gen.2<\/strong> : Zahnstange + Stahlschiene auf Lagern, hohe Kapazit\u00e4t, erh\u00f6hte Genauigkeit, Tilt unabh\u00e4ngig vom Primary einstellbar.<\/li>\n<\/ul>\n<h3>Astrofotografie<\/h3>\n<p>Der 14\u2033 RC beleuchtet ein korrigiertes Feld von etwa 35 mm ohne Korrektor, ideal bis zum <strong>APS-C<\/strong>. F\u00fcr den <strong>Vollformat<\/strong> und dar\u00fcber hinaus (~70 mm max. mit dediziertem Korrektor), bietet TS optimierte L\u00f6sungen. Dank des <strong>Reducer CCD47 0,67\u00d7<\/strong>wird die Brennweite von 2854 mm auf \u22481913 mm erh\u00f6ht, und das Verh\u00e4ltnis von <strong>f\/8 bis f\/5,36<\/strong>Das bedeutet, dass die Belichtungszeiten halbiert und das Bildfeld erweitert wird.<\/p>\n<h3>Warum ein Carbon Truss Tube?<\/h3>\n<p>Karbon reduziert die durch Temperaturschwankungen bedingten Fokusdrifts fast vollst\u00e4ndig. Das Design <strong>truss<\/strong> macht das Ganze leichter, f\u00f6rdert die K\u00fchlung und h\u00e4lt die Kollimation in allen Ausrichtungen aufrecht. Das 30 kg schwere Rohr bleibt dank seiner begrenzten L\u00e4nge (~1 m) mit kompakten Kuppeln kompatibel.<\/p>\n<h3>Der RAP Gen.2-Fokussierer<\/h3>\n<p>Die <strong>RAP 3\u2033 Gen.2<\/strong> verbessert deutlich die Steifigkeit und Pr\u00e4zision: Stahlschiene mit Lagern, untersetzte Zahnstange (1:10), 360\u00b0-Rotation, hohe Belastbarkeit. Integrierte Mehrfachgewinde (M69, M74, M77, M82) f\u00fcr Adapter, Korrektoren und OAG. Kompatibel mit Fokussiermotoren vom Typ EAF ohne Adapter.<\/p>\n<h3>Vorteile RC vs. SCT\/Mak<\/h3>\n<ul>\n<li><strong>Keine Schmidtklinge<\/strong> : kein Beschlagen, keine Absorption \u2192 volle Durchl\u00e4ssigkeit (sichtbar + IR).<\/li>\n<li><strong>Optischer Pfad 100 % reflektierend<\/strong> : Spektralneutralit\u00e4t und Photonengewinn.<\/li>\n<li><strong>Kein mirror shift<\/strong> : prim\u00e4r fest, MAP \u00fcber externen Fokussierer \u2192 maximale Stabilit\u00e4t.<\/li>\n<\/ul>\n<h3>Technische Spezifikationen<\/h3>\n<table border=\"1\" cellspacing=\"0\" cellpadding=\"6\">\n<tbody>\n<tr>\n<td><strong>Optisches Design<\/strong><\/td>\n<td>Ritchey-Chr\u00e9tien (hyperbolische Spiegel)<\/td>\n<\/tr>\n<tr>\n<td><strong>Er\u00f6ffnung<\/strong><\/td>\n<td>355 mm (14\u2033)<\/td>\n<\/tr>\n<tr>\n<td><strong>Brennweite<\/strong><\/td>\n<td>2854 mm<\/td>\n<\/tr>\n<tr>\n<td><strong>Bericht f\/<\/strong><\/td>\n<td>f\/8 (\u2248 f\/5,36 mit 0,67\u00d7 Verkleinerung)<\/td>\n<\/tr>\n<tr>\n<td><strong>Spiegel<\/strong><\/td>\n<td>Quarz, Reflektivit\u00e4t 94 %<\/td>\n<\/tr>\n<tr>\n<td><strong>Aufl\u00f6sung<\/strong><\/td>\n<td>\u22480,34\u2033<\/td>\n<\/tr>\n<tr>\n<td><strong>Backfocus<\/strong><\/td>\n<td>\u2248280 mm ab der R\u00fcckseite des Rohrs<\/td>\n<\/tr>\n<tr>\n<td><strong>Sekund\u00e4re Obstruktion<\/strong><\/td>\n<td>\u2248170 mm<\/td>\n<\/tr>\n<tr>\n<td><strong>Tube<\/strong><\/td>\n<td>Carbon Truss mit Edelstahl-\/Aluminiumverbindungen<\/td>\n<\/tr>\n<tr>\n<td><strong>Durchmesser des Rohrs<\/strong><\/td>\n<td>\u2248535 mm<\/td>\n<\/tr>\n<tr>\n<td><strong>L\u00e4nge des Rohrs<\/strong><\/td>\n<td>\u22481140 mm (mit Fokussierer), 990 mm (ohne)<\/td>\n<\/tr>\n<tr>\n<td><strong>Gewicht<\/strong><\/td>\n<td>\u224830 kg<\/td>\n<\/tr>\n<tr>\n<td><strong>Fokussieren<\/strong><\/td>\n<td>RAP 3\u2033 Gen.2, Zahnstange auf Stahlschiene, Mikrofokussierer 1:10<\/td>\n<\/tr>\n<tr>\n<td><strong>Verbindungen<\/strong><\/td>\n<td>2\u2033 und 1,25\u2033 + Gewinde M69, M74, M77, M82<\/td>\n<\/tr>\n<tr>\n<td><strong>Schwalbenschw\u00e4nze<\/strong><\/td>\n<td>2\u00d7 Losmandy-Stil<\/td>\n<\/tr>\n<\/tbody>\n<\/table>\n<h3>In der Schachtel<\/h3>\n<ul>\n<li>RC-Teleskop 14\u2033 f\/8 Carbon Truss Gen.2<\/li>\n<li>Fokussierer RAP 3\u2033 Gen.2<\/li>\n<li>Zwei Schwalbenschw\u00e4nze Losmandy<\/li>\n<li>Verl\u00e4ngerungsringe (2\u00d725 mm, 1\u00d750 mm)<\/li>\n<li>Schutzkappe<\/li>\n<\/ul>\n<h3>Zusammenfassend<\/h3>\n<p>Die <strong>TS-Optics GSO 14\u2033 RC Pro Carbon Truss Gen.2<\/strong> ist f\u00fcr private oder gemeinn\u00fctzige Sternwarten konzipiert: 355 mm Durchmesser, verst\u00e4rkte Mechanik, tilt-justierbarer Fokussierer, thermische Stabilit\u00e4t und ein korrigiertes weites Feld. Eine robuste und erweiterbare Plattform, um Ergebnisse auf professionellem Niveau in der fortgeschrittenen Astrofotografie anzustreben.<\/p>","protected":false},"excerpt":{"rendered":"<p>TS-Optics GSO 14&Prime; RC Pro Carbone Truss Gen.2 355\/2854 \u2013 L\u2019astrographe d\u2019observatoire Le TS-Optics GSO 14&Prime; Ritchey-Chr\u00e9tien (355 mm, 2854 mm, f\/8) avec tube truss carbone et focuser Gen.2 am\u00e9lior\u00e9 est un instrument puissant destin\u00e9 aux observatoires et astrophotographes exigeants. Avec son grand diam\u00e8tre, sa m\u00e9canique optimis\u00e9e et sa stabilit\u00e9 exceptionnelle, il s\u2019impose comme une [&hellip;]<\/p>\n","protected":false},"featured_media":11010,"comment_status":"open","ping_status":"closed","template":"","meta":[],"product_brand":[842],"product_cat":[750],"product_tag":[],"class_list":{"0":"post-11009","1":"product","2":"type-product","3":"status-publish","4":"has-post-thumbnail","6":"product_brand-ts-optics","7":"product_cat-ritchey-chretien","9":"first","10":"on_supplier","11":"taxable","12":"shipping-taxable","13":"purchasable","14":"product-type-simple"},"_links":{"self":[{"href":"https:\/\/deep-space-astronomy.ch\/de\/wp-json\/wp\/v2\/product\/11009","targetHints":{"allow":["GET"]}}],"collection":[{"href":"https:\/\/deep-space-astronomy.ch\/de\/wp-json\/wp\/v2\/product"}],"about":[{"href":"https:\/\/deep-space-astronomy.ch\/de\/wp-json\/wp\/v2\/types\/product"}],"replies":[{"embeddable":true,"href":"https:\/\/deep-space-astronomy.ch\/de\/wp-json\/wp\/v2\/comments?post=11009"}],"wp:featuredmedia":[{"embeddable":true,"href":"https:\/\/deep-space-astronomy.ch\/de\/wp-json\/wp\/v2\/media\/11010"}],"wp:attachment":[{"href":"https:\/\/deep-space-astronomy.ch\/de\/wp-json\/wp\/v2\/media?parent=11009"}],"wp:term":[{"taxonomy":"product_brand","embeddable":true,"href":"https:\/\/deep-space-astronomy.ch\/de\/wp-json\/wp\/v2\/product_brand?post=11009"},{"taxonomy":"product_cat","embeddable":true,"href":"https:\/\/deep-space-astronomy.ch\/de\/wp-json\/wp\/v2\/product_cat?post=11009"},{"taxonomy":"product_tag","embeddable":true,"href":"https:\/\/deep-space-astronomy.ch\/de\/wp-json\/wp\/v2\/product_tag?post=11009"}],"curies":[{"name":"wp","href":"https:\/\/api.w.org\/{rel}","templated":true}]}}