{"id":11014,"date":"2025-09-25T16:16:00","date_gmt":"2025-09-25T14:16:00","guid":{"rendered":"https:\/\/deep-space-astronomy.ch\/?post_type=product&#038;p=11014"},"modified":"2025-09-25T16:16:16","modified_gmt":"2025-09-25T14:16:16","slug":"outil-de-collimation-pour-ritchey-chretien","status":"publish","type":"product","link":"https:\/\/deep-space-astronomy.ch\/de\/produkt\/outil-de-collimation-pour-ritchey-chretien\/","title":{"rendered":"Kollimationswerkzeug f\u00fcr Ritchey-christlich"},"content":{"rendered":"<h3>TS Collimating Telescope - Pr\u00e4zise Kollimation f\u00fcr RC, Cassegrain, DK und Refraktoren<\/h3>\n<p>Die <strong>TS-Kollimationsmikroskop<\/strong> mit <strong>integrierte Beleuchtung<\/strong>Mit der neuen, aufladbaren Batterie und dem USB-C-Anschluss k\u00f6nnen Sie Teleskope sehr genau einstellen. <strong>Ritchey-Chr\u00e9tien, Cassegrain, Dall-Kirkham<\/strong> sowie die Refraktoren. Dank des Fokussierungssystems und der mitgelieferten Okulare wird jeder Schritt der Ausrichtung einfach, schnell und reproduzierbar.<\/p>\n<h3>Starke Punkte<\/h3>\n<ul>\n<li><strong>Teleskopgewinde<\/strong> : M48 mit T2-Adapter inklusive (M90 und M117 optional erh\u00e4ltlich)<\/li>\n<li><strong>Integrierte Beleuchtung<\/strong> : Kollimation auch in heller Umgebung m\u00f6glich<\/li>\n<li><strong>Wiederaufladbarer Akku<\/strong> : Betriebsdauer ca. 20 Stunden, Aufladen \u00fcber USB-C mit Anzeige<\/li>\n<li><strong>Kompatibilit\u00e4t<\/strong> : RC, Cassegrain, DK, Refraktoren<\/li>\n<li><strong>Inklusive Zubeh\u00f6r<\/strong> : 2 Okulare, Klemmung 1,25\u2033, T2-Gewinde<\/li>\n<li><strong>Kamera-Anschluss<\/strong> : durch T2 oder 1,25\u2033 \u2192 unterst\u00fctzte Kollimation m\u00f6glich<\/li>\n<li><strong>Kompatibler Laser<\/strong> : direktes Einsetzen zur Anpassung der Fokussiererachse<\/li>\n<\/ul>\n<h3>Warum sollte man das TS Collimating Telescope verwenden?<\/h3>\n<p>Mit herk\u00f6mmlichen Werkzeugen ist die Identifizierung der optischen Oberfl\u00e4chen schwierig, wodurch die Kollimation nur ann\u00e4hernd m\u00f6glich ist. Hier erm\u00f6glicht das vergr\u00f6\u00dfernde und fokussierbare optische System, sich nur auf das zu justierende Element (z. B. Sekund\u00e4rteil) zu konzentrieren, f\u00fcr eine Anpassung <strong>schnell und zuverl\u00e4ssig<\/strong>. Die eingebaute Beleuchtung enth\u00fcllt Reflexionen deutlich, selbst bei Tageslicht.<\/p>\n<h3>Erweiterte Anwendungen<\/h3>\n<ul>\n<li><strong>RC 6-8\u2033<\/strong> : erleichtert die Ausrichtung, wenn der Lichtraum zwischen den Schirmen nicht mehr sichtbar ist \u2192 klare Visualisierung der \u00c4ste der Sekund\u00e4rspinne.<\/li>\n<li><strong>Refraktoren<\/strong> Integrierte Beleuchtung: hebt farbige und konzentrische Reflexionen zur Feinabstimmung hervor, auch bei kurzen Dubletten (T2-Erweiterung m\u00f6glich).<\/li>\n<li><\/li>\n<\/ul>\n<h3>Kamera- und Laserkompatibilit\u00e4t<\/h3>\n<p>Die <strong>TS-Kollimator<\/strong> akzeptiert direkt einen <strong>Laser<\/strong> um die Achse des Fokussierers einzustellen (ein wichtiger Schritt bei RC). Au\u00dferdem ist ein <strong>Kamera<\/strong> kann eingef\u00fcgt werden (T2 oder 1,25\u2033), um die Kollimation in Echtzeit auf einem Bildschirm zu verfolgen, praktisch an einem festen Standort.<\/p>\n<h3>Technische Spezifikationen<\/h3>\n<table border=\"1\" cellspacing=\"0\" cellpadding=\"6\">\n<tbody>\n<tr>\n<td><strong>Seite des Teleskops<\/strong><\/td>\n<td>M48-Buchse + T2-Adapter enthalten (M90\/M117 optional)<\/td>\n<\/tr>\n<tr>\n<td><strong>Ausgangsseite<\/strong><\/td>\n<td>Klemmung 1,25\u2033 + Gewinde T2<\/td>\n<\/tr>\n<tr>\n<td><strong>Beleuchtung<\/strong><\/td>\n<td>Integrierte LED mit Li-Ionen-Akku (~20 h)<\/td>\n<\/tr>\n<tr>\n<td><strong>Nachladen<\/strong><\/td>\n<td>USB-C mit Statusanzeige<\/td>\n<\/tr>\n<tr>\n<td><strong>Kompatibilit\u00e4t<\/strong><\/td>\n<td>RC, Cassegrain, DK, Refraktoren<\/td>\n<\/tr>\n<tr>\n<td><strong>Inklusive Zubeh\u00f6r<\/strong><\/td>\n<td>2 Okulare f\u00fcr zwei Vergr\u00f6\u00dferungen, T2-Adapter<\/td>\n<\/tr>\n<tr>\n<td><strong>Erforderliche Werkzeuge<\/strong><\/td>\n<td>Inbusschl\u00fcssel 2 und 3 mm (nicht enthalten)<\/td>\n<\/tr>\n<\/tbody>\n<\/table>\n<h3>In der Schachtel<\/h3>\n<ul>\n<li>Collimating Telescope TS mit integrierter Beleuchtung<\/li>\n<li>2 Okulare<\/li>\n<li>M48\/T2-Adapter<\/li>\n<li>Eingebauter Akku<\/li>\n<\/ul>\n<h3>Zusammenfassend<\/h3>\n<p>Die <strong>TS Collimating Telescope<\/strong> ist das Standardwerkzeug f\u00fcr Amateur- und Berufsastronomen, die <strong>die optische Leistung maximieren<\/strong> ihrer Instrumente zu verbessern. Dank der integrierten Beleuchtung, der vielseitigen Gewinde und der Laser-\/Kamerakompatibilit\u00e4t erm\u00f6glicht er eine Kollimation <strong>schnell, genau und wiederholbar<\/strong> auf einer breiten Palette von Teleskopen.<\/p>","protected":false},"excerpt":{"rendered":"<p>TS Collimating Telescope \u2013 Collimation pr\u00e9cise pour RC, Cassegrain, DK et r\u00e9fracteurs Le microscope de collimation TS avec illumination int\u00e9gr\u00e9e, batterie rechargeable et port USB-C permet d\u2019ajuster avec une extr\u00eame pr\u00e9cision les t\u00e9lescopes Ritchey-Chr\u00e9tien, Cassegrain, Dall-Kirkham ainsi que les r\u00e9fracteurs. Gr\u00e2ce \u00e0 son syst\u00e8me de focalisation et ses oculaires inclus, chaque \u00e9tape de l\u2019alignement devient [&hellip;]<\/p>\n","protected":false},"featured_media":11015,"comment_status":"open","ping_status":"closed","template":"","meta":[],"product_brand":[842],"product_cat":[823],"product_tag":[],"class_list":{"0":"post-11014","1":"product","2":"type-product","3":"status-publish","4":"has-post-thumbnail","6":"product_brand-ts-optics","7":"product_cat-collimation","9":"first","10":"on_supplier","11":"taxable","12":"shipping-taxable","13":"purchasable","14":"product-type-simple"},"_links":{"self":[{"href":"https:\/\/deep-space-astronomy.ch\/de\/wp-json\/wp\/v2\/product\/11014","targetHints":{"allow":["GET"]}}],"collection":[{"href":"https:\/\/deep-space-astronomy.ch\/de\/wp-json\/wp\/v2\/product"}],"about":[{"href":"https:\/\/deep-space-astronomy.ch\/de\/wp-json\/wp\/v2\/types\/product"}],"replies":[{"embeddable":true,"href":"https:\/\/deep-space-astronomy.ch\/de\/wp-json\/wp\/v2\/comments?post=11014"}],"wp:featuredmedia":[{"embeddable":true,"href":"https:\/\/deep-space-astronomy.ch\/de\/wp-json\/wp\/v2\/media\/11015"}],"wp:attachment":[{"href":"https:\/\/deep-space-astronomy.ch\/de\/wp-json\/wp\/v2\/media?parent=11014"}],"wp:term":[{"taxonomy":"product_brand","embeddable":true,"href":"https:\/\/deep-space-astronomy.ch\/de\/wp-json\/wp\/v2\/product_brand?post=11014"},{"taxonomy":"product_cat","embeddable":true,"href":"https:\/\/deep-space-astronomy.ch\/de\/wp-json\/wp\/v2\/product_cat?post=11014"},{"taxonomy":"product_tag","embeddable":true,"href":"https:\/\/deep-space-astronomy.ch\/de\/wp-json\/wp\/v2\/product_tag?post=11014"}],"curies":[{"name":"wp","href":"https:\/\/api.w.org\/{rel}","templated":true}]}}