{"id":11016,"date":"2025-09-25T16:20:10","date_gmt":"2025-09-25T14:20:10","guid":{"rendered":"https:\/\/deep-space-astronomy.ch\/?post_type=product&#038;p=11016"},"modified":"2025-09-25T16:20:26","modified_gmt":"2025-09-25T14:20:26","slug":"ts-optics-adc-correcteur-de-dispersion-atmospherique","status":"publish","type":"product","link":"https:\/\/deep-space-astronomy.ch\/de\/produkt\/ts-optics-adc-correcteur-de-dispersion-atmospherique\/","title":{"rendered":"TS-Optics ADC - Atmosph\u00e4rischer Dispersionskorrektor"},"content":{"rendered":"<h3>TS-Optics ADC - Atmosph\u00e4rischer Dispersionskorrektor<\/h3>\n<p>Die <strong>TS-Optics ADC<\/strong> (Atmospheric Dispersion Corrector) wurde entwickelt, um die Sch\u00e4rfe und Detailgenauigkeit bei der Beobachtung und Abbildung von Planeten oder dem Mond deutlich zu verbessern, insbesondere wenn sich die Gestirne nahe am Horizont befinden. Mithilfe von zwei verstellbaren Prismen gleicht er die durch die Atmosph\u00e4re verursachte Farbverschiebung aus und sorgt so f\u00fcr sch\u00e4rfere und kontrastreichere Bilder.<\/p>\n<h3>Starke Punkte<\/h3>\n<ul>\n<li><strong>Korrektur der atmosph\u00e4rischen Streuung<\/strong> : Entfernt Farbs\u00e4ume, verbessert Sch\u00e4rfe und Details.<\/li>\n<li><strong>Einfache Nutzung<\/strong> : Einstellung \u00fcber einen Hebel, ohne das Okular oder die Kamera zu entfernen.<\/li>\n<li><strong>Ultrakompaktes Design<\/strong> : nur 29 mm hoch (T2 bis T2), binokular kompatibel.<\/li>\n<li><strong>Skala<\/strong> : reproduzierbare Einstellungen f\u00fcr den praktischen Gebrauch.<\/li>\n<li><strong>Universelle Verbindungen<\/strong> : T2 (M42x0,75) und flie\u00dfend 1,25\u2033 auf beiden Seiten.<\/li>\n<li><strong>Hohe Lichtdurchl\u00e4ssigkeit<\/strong> : bis zu 99 % dank hochwertiger mehrschichtiger Prismen.<\/li>\n<li><strong>Vielseitig<\/strong> : Beobachtung und Fotografie von Planeten, Mond und Doppelsternen.<\/li>\n<\/ul>\n<h3>Warum ein ADC?<\/h3>\n<p>In der N\u00e4he des Horizonts durchdringt das Licht eine dickere Schicht der Atmosph\u00e4re. Jede Wellenl\u00e4nge wird anders gebrochen (rot vs. blau), was zu einer sichtbaren Farbverschiebung f\u00fchrt: Die Planeten erscheinen unscharf und von Farbs\u00e4umen umgeben. Die <strong>TS-ADC<\/strong> korrigiert diesen Effekt in Echtzeit und bringt die Farben auf die gleiche Fokusebene zur\u00fcck \u2192. <strong>feinere, kontrastreichere und detailliertere Sterne und Planeten<\/strong>.<\/p>\n<h3>Kompatibilit\u00e4t und Verbindungen<\/h3>\n<p>Das System besteht aus drei Elementen, die \u00fcber T2-Gewinde miteinander verschraubt werden:<\/p>\n<ul>\n<li><strong>Seite des Teleskops<\/strong> : 1,25\u2033-Adapter mit T2-Au\u00dfengewinde<\/li>\n<li><strong>Korrigierender K\u00f6rper<\/strong> : T2 Innengewinde (Eingang) und T2 Au\u00dfengewinde (Ausgang)<\/li>\n<li><strong>Okular-\/Kameraseite<\/strong> : Adapter 1,25\u2033 mit T2-Gewinde<\/li>\n<\/ul>\n<p>Es l\u00e4sst sich leicht auf jedes Teleskop montieren, das T2 oder 1,25\u2033 akzeptiert. Kameras und Okulare werden \u00fcber ein T2-Gewinde oder ein Standard-Gleitst\u00fcck angeschlossen.<\/p>\n<h3>Technische Spezifikationen<\/h3>\n<table border=\"1\" cellspacing=\"0\" cellpadding=\"6\">\n<tbody>\n<tr>\n<td><strong>Optik<\/strong><\/td>\n<td>Hochwertige mehrschichtige Prismen<\/td>\n<\/tr>\n<tr>\n<td><strong>Optische H\u00f6he<\/strong><\/td>\n<td>\u224829 mm (T2 bis T2)<\/td>\n<\/tr>\n<tr>\n<td><strong>Teleskop-Anschluss<\/strong><\/td>\n<td>T2 m\u00e4nnlich \/ 1,25\u2033.<\/td>\n<\/tr>\n<tr>\n<td><strong>Kamera\/Okular-Anschluss<\/strong><\/td>\n<td>T2 weiblich + Adapter 1,25\u2033.<\/td>\n<\/tr>\n<tr>\n<td><strong>N\u00fctzliche \u00d6ffnung<\/strong><\/td>\n<td>30 mm<\/td>\n<\/tr>\n<tr>\n<td><strong>\u00dcbertragung<\/strong><\/td>\n<td>Bis zu 99 %<\/td>\n<\/tr>\n<tr>\n<td><strong>Empfohlene Verwendung<\/strong><\/td>\n<td>Blende 10 oder langsamer (mit Barlow empfohlen bei schnelleren Instrumenten)<\/td>\n<\/tr>\n<\/tbody>\n<\/table>\n<h3>In der Schachtel<\/h3>\n<ul>\n<li>TS-Optics ADC mit integrierten Prismen<\/li>\n<li>Adapter 1,25\u2033.<\/li>\n<li>T2-Gewinde (Ein-\/Ausgang)<\/li>\n<\/ul>\n<h3>Zusammenfassend<\/h3>\n<p>Diese <strong>ADC<\/strong> ist die unverzichtbare L\u00f6sung f\u00fcr alle Beobachtungen oder Bilder von Planeten und Mond in der N\u00e4he des Horizonts. Es ist kompakt, einfach zu bedienen und mit den meisten Setups kompatibel. <strong>sch\u00e4rfere, kontrastreichere und von Farbs\u00e4umen befreite Bilder<\/strong>, Sie k\u00f6nnen die Qualit\u00e4t Ihrer Astrofoto- und Beobachtungssitzungen ver\u00e4ndern.<\/p>","protected":false},"excerpt":{"rendered":"<p>TS-Optics ADC \u2013 Correcteur de dispersion atmosph\u00e9rique Le TS-Optics ADC (Atmospheric Dispersion Corrector) est con\u00e7u pour am\u00e9liorer nettement la nettet\u00e9 et les d\u00e9tails lors de l\u2019observation et de l\u2019imagerie plan\u00e9taire ou lunaire, en particulier lorsque les astres sont proches de l\u2019horizon. Gr\u00e2ce \u00e0 deux prismes r\u00e9glables, il compense le d\u00e9calage chromatique induit par l\u2019atmosph\u00e8re, offrant [&hellip;]<\/p>\n","protected":false},"featured_media":11017,"comment_status":"open","ping_status":"closed","template":"","meta":[],"product_brand":[842],"product_cat":[621],"product_tag":[],"class_list":{"0":"post-11016","1":"product","2":"type-product","3":"status-publish","4":"has-post-thumbnail","6":"product_brand-ts-optics","7":"product_cat-adc","9":"first","10":"on_supplier","11":"taxable","12":"shipping-taxable","13":"purchasable","14":"product-type-simple"},"_links":{"self":[{"href":"https:\/\/deep-space-astronomy.ch\/de\/wp-json\/wp\/v2\/product\/11016","targetHints":{"allow":["GET"]}}],"collection":[{"href":"https:\/\/deep-space-astronomy.ch\/de\/wp-json\/wp\/v2\/product"}],"about":[{"href":"https:\/\/deep-space-astronomy.ch\/de\/wp-json\/wp\/v2\/types\/product"}],"replies":[{"embeddable":true,"href":"https:\/\/deep-space-astronomy.ch\/de\/wp-json\/wp\/v2\/comments?post=11016"}],"wp:featuredmedia":[{"embeddable":true,"href":"https:\/\/deep-space-astronomy.ch\/de\/wp-json\/wp\/v2\/media\/11017"}],"wp:attachment":[{"href":"https:\/\/deep-space-astronomy.ch\/de\/wp-json\/wp\/v2\/media?parent=11016"}],"wp:term":[{"taxonomy":"product_brand","embeddable":true,"href":"https:\/\/deep-space-astronomy.ch\/de\/wp-json\/wp\/v2\/product_brand?post=11016"},{"taxonomy":"product_cat","embeddable":true,"href":"https:\/\/deep-space-astronomy.ch\/de\/wp-json\/wp\/v2\/product_cat?post=11016"},{"taxonomy":"product_tag","embeddable":true,"href":"https:\/\/deep-space-astronomy.ch\/de\/wp-json\/wp\/v2\/product_tag?post=11016"}],"curies":[{"name":"wp","href":"https:\/\/api.w.org\/{rel}","templated":true}]}}