{"id":11018,"date":"2025-09-25T16:24:35","date_gmt":"2025-09-25T14:24:35","guid":{"rendered":"https:\/\/deep-space-astronomy.ch\/?post_type=product&#038;p=11018"},"modified":"2025-09-25T16:24:48","modified_gmt":"2025-09-25T14:24:48","slug":"ts-optics-reducteur-ccd-2-067x-pour-rc","status":"publish","type":"product","link":"https:\/\/deep-space-astronomy.ch\/de\/produkt\/ts-optics-reducteur-ccd-2-067x-pour-rc\/","title":{"rendered":"TS-Optics CCD-Reduzierer 2\u2033 0,67\u00d7 - F\u00fcr RC"},"content":{"rendered":"<h3>TS-Optics CCD-Reducer 2\u2033 0,67\u00d7 - F\u00fcr RC, Refraktoren und Maksutov-Cassegrain<\/h3>\n<p>Die <strong>TS-Optics CCD Reducer 0,67\u00d7<\/strong> ist ein vielseitiger Fokussierungsreduzierer, der urspr\u00fcnglich f\u00fcr Teleskope entwickelt wurde <strong>Ritchey-Chr\u00e9tien<\/strong>aber auch bestens geeignet f\u00fcr <strong>Celestron EHD, Meade ACF, Maksutov-Cassegrain<\/strong> und <strong>Refraktoren f\/8 oder langsamer<\/strong> die \u00fcber einen ausreichenden Backfocus verf\u00fcgen. Er erm\u00f6glicht es, die Brennweite zu verk\u00fcrzen und das Blendenverh\u00e4ltnis zu beschleunigen, wodurch die Belichtungszeiten halbiert und gleichzeitig das fotografierte Feld vergr\u00f6\u00dfert wird.<\/p>\n<h3>Starke Punkte<\/h3>\n<ul>\n<li><strong>Erm\u00e4\u00dfigung 0,67\u00d7<\/strong> : Ein RC f\/8 wird zu f\/5,3, ein f\/10 zu f\/6,7 \u2192 um mehr als 50 verk\u00fcrzte Belichtungszeiten %.<\/li>\n<li><strong>Einfache Verbindung<\/strong> : Standard 2\u2033-Zylinder, der mit allen 2\u2033-Okularhaltern kompatibel ist.<\/li>\n<li><strong>M48-Gewinde auf der Kameraseite<\/strong> : Optimaler Backfocus von 85 mm (70-90 mm verwendbar).<\/li>\n<li><strong>Filtergewinde 2\u2033<\/strong> teleskopseitig integriert \u2192 direkte Kompatibilit\u00e4t mit Ihren Filtern.<\/li>\n<li><strong>Beleuchtetes Feld<\/strong> : bis zu 29 mm, perfekt f\u00fcr Sensoren <strong>APS-C<\/strong> (DSLR und Astrokameras).<\/li>\n<li><strong>Vielseitig<\/strong> : vorrangig Foto, aber mit 1,25\u2033 abgewinkelter Umlenkung visuell nutzbar.<\/li>\n<\/ul>\n<h3>Warum sollte man einen 0,67\u00d7 CCD-Reducer verwenden?<\/h3>\n<p>Bei der Astrofotografie ist die optische Geschwindigkeit von entscheidender Bedeutung: Die Brennweite zu verringern bedeutet, das Feld zu erweitern und gleichzeitig mehr Signale pro Zeiteinheit zu erfassen. Mit diesem Reducer werden Ihre Teleskope heller, Ihre <strong>k\u00fcrzere Posen<\/strong> und Ihre Bilder noch detailreicher. Es ist das ideale Zubeh\u00f6r, um diffuse Nebel und Galaxien mit gro\u00dfem Bildfeld zu fotografieren.<\/p>\n<h3>Kompatibilit\u00e4t<\/h3>\n<p>Der CCD47 ist optimiert f\u00fcr <strong>RC GSO\/TS\/AstroTech<\/strong>Es funktioniert aber auch sehr gut mit anderen Instrumenten, die \u00fcber einen 2\u2033-Okularhalter verf\u00fcgen. Es wird besonders empfohlen f\u00fcr :<\/p>\n<ul>\n<li><strong>RC<\/strong> : hervorragende Ausleuchtung und Korrektur bis zu <strong>APS-C.<\/strong><\/li>\n<li><strong>Refraktoren f\/8+<\/strong> : gute Korrektur mit ausreichendem Backfocus.<\/li>\n<li><strong>Maksutov-Cassegrain<\/strong> : verbessert die Geschwindigkeit bei der Bildgebung.<\/li>\n<li><strong>Celestron EHD \/ Meade ACF<\/strong> : gr\u00f6\u00dferes Feld und k\u00fcrzere Belichtungszeiten.<\/li>\n<\/ul>\n<h3>M\u00f6gliche Anpassungen<\/h3>\n<ul>\n<li><strong>DSLR<\/strong> : \u00fcber M48-Gewinde \u2192 z. B. SKM48-EOS-Adapter f\u00fcr Canon.<\/li>\n<li><strong>CCD \u00fcber T2<\/strong> : <em>TSFA2<\/em> (38,2 mm, Verl\u00e4ngerung) oder <em>TSM48-T2<\/em> (3,5 mm, kompakt f\u00fcr OAG\/Filterr\u00e4der).<\/li>\n<\/ul>\n<h3>Technische Spezifikationen<\/h3>\n<table border=\"1\" cellspacing=\"0\" cellpadding=\"6\">\n<tbody>\n<tr>\n<td><strong>Erm\u00e4\u00dfigung<\/strong><\/td>\n<td>0,67\u00d7<\/td>\n<\/tr>\n<tr>\n<td><strong>Teleskop-Anschluss<\/strong><\/td>\n<td>Zylinder 2\u2033 + Filtergewinde 2\u2033.<\/td>\n<\/tr>\n<tr>\n<td><strong>Kamera-Anschluss<\/strong><\/td>\n<td>Gewinde M48x0,75<\/td>\n<\/tr>\n<tr>\n<td><strong>Optimaler Backfocus<\/strong><\/td>\n<td>85 mm (70-90 mm verwendbar)<\/td>\n<\/tr>\n<tr>\n<td><strong>Beleuchtetes Feld<\/strong><\/td>\n<td>29 mm (APS-C)<\/td>\n<\/tr>\n<tr>\n<td><strong>Empfohlene Verwendung<\/strong><\/td>\n<td>f\/8 oder langsamer<\/td>\n<\/tr>\n<\/tbody>\n<\/table>\n<h3>In der Schachtel<\/h3>\n<ul>\n<li>CCD-Verkleinerer 2\u2033 0,67\u00d7<\/li>\n<li>Integriertes 2\u2033-Filtergewinde<\/li>\n<\/ul>\n<h3>Zusammenfassend<\/h3>\n<p>Die <strong>TS-Optics 2\u2033 CCD Reducer 0,67\u00d7<\/strong> ist ein unverzichtbares Zubeh\u00f6r, mit dem Sie Ihre f\/8+ Instrumente beschleunigen und die Belichtungszeiten drastisch reduzieren k\u00f6nnen. Kompakt, leicht anzupassen und f\u00fcr RC optimiert, erweitert es Ihr fotografisches Spektrum und steigert gleichzeitig die Produktivit\u00e4t Ihrer Astrofotosessions.<\/p>","protected":false},"excerpt":{"rendered":"<p>TS-Optics R\u00e9ducteur CCD 2&Prime; 0,67\u00d7 \u2013 Pour RC, r\u00e9fracteurs et Maksutov-Cassegrain Le TS-Optics CCD Reducer 0,67\u00d7 est un r\u00e9ducteur de focale polyvalent con\u00e7u initialement pour les t\u00e9lescopes Ritchey-Chr\u00e9tien, mais parfaitement adapt\u00e9 \u00e9galement aux Celestron EHD, Meade ACF, Maksutov-Cassegrain et r\u00e9fracteurs f\/8 ou plus lents disposant d\u2019un backfocus suffisant. Il permet de r\u00e9duire la focale et [&hellip;]<\/p>\n","protected":false},"featured_media":11019,"comment_status":"open","ping_status":"closed","template":"","meta":[],"product_brand":[842],"product_cat":[650],"product_tag":[],"class_list":{"0":"post-11018","1":"product","2":"type-product","3":"status-publish","4":"has-post-thumbnail","6":"product_brand-ts-optics","7":"product_cat-rducteurs-correcteurs-ap","9":"first","10":"on_supplier","11":"taxable","12":"shipping-taxable","13":"purchasable","14":"product-type-simple"},"_links":{"self":[{"href":"https:\/\/deep-space-astronomy.ch\/de\/wp-json\/wp\/v2\/product\/11018","targetHints":{"allow":["GET"]}}],"collection":[{"href":"https:\/\/deep-space-astronomy.ch\/de\/wp-json\/wp\/v2\/product"}],"about":[{"href":"https:\/\/deep-space-astronomy.ch\/de\/wp-json\/wp\/v2\/types\/product"}],"replies":[{"embeddable":true,"href":"https:\/\/deep-space-astronomy.ch\/de\/wp-json\/wp\/v2\/comments?post=11018"}],"wp:featuredmedia":[{"embeddable":true,"href":"https:\/\/deep-space-astronomy.ch\/de\/wp-json\/wp\/v2\/media\/11019"}],"wp:attachment":[{"href":"https:\/\/deep-space-astronomy.ch\/de\/wp-json\/wp\/v2\/media?parent=11018"}],"wp:term":[{"taxonomy":"product_brand","embeddable":true,"href":"https:\/\/deep-space-astronomy.ch\/de\/wp-json\/wp\/v2\/product_brand?post=11018"},{"taxonomy":"product_cat","embeddable":true,"href":"https:\/\/deep-space-astronomy.ch\/de\/wp-json\/wp\/v2\/product_cat?post=11018"},{"taxonomy":"product_tag","embeddable":true,"href":"https:\/\/deep-space-astronomy.ch\/de\/wp-json\/wp\/v2\/product_tag?post=11018"}],"curies":[{"name":"wp","href":"https:\/\/api.w.org\/{rel}","templated":true}]}}