{"id":11107,"date":"2025-09-29T11:32:16","date_gmt":"2025-09-29T09:32:16","guid":{"rendered":"https:\/\/deep-space-astronomy.ch\/?post_type=product&#038;p=11107"},"modified":"2025-11-18T17:36:15","modified_gmt":"2025-11-18T16:36:15","slug":"kendrick-resistance-chauffante-pour-miroir-secondaire-rc-8-10","status":"publish","type":"product","link":"https:\/\/deep-space-astronomy.ch\/de\/produkt\/kendrick-resistance-chauffante-pour-miroir-secondaire-rc-8-10\/","title":{"rendered":"Kendrick Heizwiderstand f\u00fcr Zweitspiegel (RC 8\u2033 &amp; 10\u2033)"},"content":{"rendered":"<h3>Kendrick Heizwiderstand f\u00fcr Zweitspiegel (RC 8\u2033 &amp; 10\u2033)<\/h3>\n<p>Dieser Heizstab wurde f\u00fcr Ritchey-Chr\u00e9tien-Teleskope mit 8\u2033 und 10\u2033 konzipiert.<br \/>\nverhindert wirksam das Beschlagen des Sekund\u00e4rspiegels.<br \/>\nSie wird einfach um die Halterung des Zweitspiegels gelegt und mit dem mitgelieferten Klebestreifen befestigt.<br \/>\nEine sanfte Erw\u00e4rmung h\u00e4lt den Spiegel \u00fcber dem Taupunkt, ohne die optische Qualit\u00e4t zu beeintr\u00e4chtigen.<\/p>\n<ul>\n<li>RC-kompatibel <strong>TS, AstroTec und GSO<\/strong> in 8\u2033 und 10\u2033.<\/li>\n<li><strong>Sanftes Erw\u00e4rmen<\/strong> von der R\u00fcckseite des Sekund\u00e4rspiegels<\/li>\n<li>Vermeide die <strong>Beschlagsbildung<\/strong> auch in feuchten N\u00e4chten<\/li>\n<li>Verbindung \u00fcber <strong>Cinch-Kabel<\/strong><\/li>\n<li>Einfache Installation: flexibler Spaltring + Klebeband im Lieferumfang enthalten<\/li>\n<li>M\u00f6glichkeit, die R\u00fcckseite mit schwarzem Klebeband zu isolieren, um eine h\u00f6here Effizienz zu erzielen<\/li>\n<li>Unauff\u00e4lliges Stromkabel entlang eines Spinnenastes<\/li>\n<\/ul>\n<table>\n<tbody>\n<tr>\n<td><strong>Kompatibilit\u00e4t<\/strong><\/td>\n<td>RC 8\u2033 &amp; 10\u2033 (TS, AstroTec, GSO)<\/td>\n<\/tr>\n<tr>\n<td><strong>Befestigung<\/strong><\/td>\n<td>Inklusive Klebestreifen (oder optionales Band\/Coppertape)<\/td>\n<\/tr>\n<tr>\n<td><strong>Verbindung<\/strong><\/td>\n<td>Standard-Cinch-Buchse<\/td>\n<\/tr>\n<tr>\n<td><strong>Installation<\/strong><\/td>\n<td>Flexibler Spaltring, einfach zu setzen<\/td>\n<\/tr>\n<\/tbody>\n<\/table>","protected":false},"excerpt":{"rendered":"<p>Kendrick R\u00e9sistance Chauffante pour Miroir Secondaire (RC 8&Prime; &amp; 10&Prime;) Con\u00e7ue pour les t\u00e9lescopes Ritchey-Chr\u00e9tien de 8&Prime; et 10&Prime;, cette r\u00e9sistance chauffante emp\u00eache efficacement la formation de bu\u00e9e sur le miroir secondaire. Elle se place simplement autour du support du miroir secondaire et se fixe gr\u00e2ce \u00e0 la bande adh\u00e9sive fournie. Un chauffage doux maintient [&hellip;]<\/p>\n","protected":false},"featured_media":11108,"comment_status":"open","ping_status":"closed","template":"","meta":[],"product_brand":[845],"product_cat":[733],"product_tag":[],"class_list":{"0":"post-11107","1":"product","2":"type-product","3":"status-publish","4":"has-post-thumbnail","6":"product_brand-kendrick","7":"product_cat-resistances-chauffante-et-controleurs","9":"first","10":"on_supplier","11":"taxable","12":"shipping-taxable","13":"purchasable","14":"product-type-simple"},"_links":{"self":[{"href":"https:\/\/deep-space-astronomy.ch\/de\/wp-json\/wp\/v2\/product\/11107","targetHints":{"allow":["GET"]}}],"collection":[{"href":"https:\/\/deep-space-astronomy.ch\/de\/wp-json\/wp\/v2\/product"}],"about":[{"href":"https:\/\/deep-space-astronomy.ch\/de\/wp-json\/wp\/v2\/types\/product"}],"replies":[{"embeddable":true,"href":"https:\/\/deep-space-astronomy.ch\/de\/wp-json\/wp\/v2\/comments?post=11107"}],"wp:featuredmedia":[{"embeddable":true,"href":"https:\/\/deep-space-astronomy.ch\/de\/wp-json\/wp\/v2\/media\/11108"}],"wp:attachment":[{"href":"https:\/\/deep-space-astronomy.ch\/de\/wp-json\/wp\/v2\/media?parent=11107"}],"wp:term":[{"taxonomy":"product_brand","embeddable":true,"href":"https:\/\/deep-space-astronomy.ch\/de\/wp-json\/wp\/v2\/product_brand?post=11107"},{"taxonomy":"product_cat","embeddable":true,"href":"https:\/\/deep-space-astronomy.ch\/de\/wp-json\/wp\/v2\/product_cat?post=11107"},{"taxonomy":"product_tag","embeddable":true,"href":"https:\/\/deep-space-astronomy.ch\/de\/wp-json\/wp\/v2\/product_tag?post=11107"}],"curies":[{"name":"wp","href":"https:\/\/api.w.org\/{rel}","templated":true}]}}