{"id":11401,"date":"2025-10-12T13:38:54","date_gmt":"2025-10-12T11:38:54","guid":{"rendered":"https:\/\/deep-space-astronomy.ch\/?post_type=product&#038;p=11401"},"modified":"2025-10-12T14:15:48","modified_gmt":"2025-10-12T12:15:48","slug":"2x-usb-2-0-a-male-usb-2-0-b-male-0-3m","status":"publish","type":"product","link":"https:\/\/deep-space-astronomy.ch\/de\/produkt\/2x-usb-2-0-a-male-usb-2-0-b-male-0-3m\/","title":{"rendered":"2x USB 2.0-A male &gt; USB 2.0-B male 0.3m"},"content":{"rendered":"<h3>Pegasus Astro Kabel - Leistung und Zuverl\u00e4ssigkeit f\u00fcr anspruchsvolle Astronomen<\/h3>\n<p>Die Kabel <strong>Pegasus Astro<\/strong> wurden speziell f\u00fcr die Bed\u00fcrfnisse von Astronomen und Astrofotografen entwickelt, die nach einer <strong>stabile, dauerhafte und st\u00f6rungsfreie Verbindung<\/strong> in ihren Montagen. Jedes Detail wurde durchdacht, um eine<br \/>\n<strong>schnelle Daten\u00fcbertragung<\/strong>eine <strong>zuverl\u00e4ssige Stromversorgung<\/strong> und eine <strong>Widerstandsf\u00e4higkeit gegen extreme Bedingungen<\/strong>Sie k\u00f6nnen auch die Anzahl der Personen erh\u00f6hen, die sich in der Schule aufhalten, und gleichzeitig den Platzbedarf der Schule verringern.<\/p>\n<p>Hergestellt aus <strong>hochwertige Materialien<\/strong> - Leiter aus reinem Kupfer, vergoldete oder vernickelte Anschl\u00fcsse, doppelte Abschirmung und ultraflexible Silikonummantelungen - diese Kabel sorgen f\u00fcr eine <strong>einwandfreie Signalqualit\u00e4t<\/strong> selbst in den anspruchsvollsten Umgebungen. Ihre Flexibilit\u00e4t und Robustheit erm\u00f6glichen eine <strong>l\u00e4ngerer Gebrauch ohne Leistungsverlust<\/strong>selbst nach Tausenden von Biegezyklen.<\/p>\n<p>Ob zum Anschluss einer Kamera, eines Fokus-Controllers, einer Montierung oder eines Power-Hubs - die Pegasus Astro-Kabel sind <strong>optimiert f\u00fcr die Feldastronomie<\/strong>. Ihre <strong>kurze, durchdachte L\u00e4nge<\/strong> erm\u00f6glicht es, Unordnung zu reduzieren<br \/>\nder Kabel, was ein sauberes, effizientes und \"spaghettifreies\" Setup erleichtert.<\/p>\n<h4>Allgemeine Merkmale :<\/h4>\n<ul>\n<li>Daten\u00fcbertragung bis zu <strong>10 Gbps<\/strong> (je nach Modell)<\/li>\n<li><strong>Doppelte Abschirmung<\/strong> f\u00fcr maximalen Schutz vor elektromagnetischen Interferenzen<\/li>\n<li><strong>Verst\u00e4rkte Verbinder<\/strong> (Zink, Aluminium oder Metall je nach Modell)<\/li>\n<li><strong>Universelle Kompatibilit\u00e4t<\/strong> : Kameras, Reittiere, Computer, USB-Hubs, Pegasus Astro Controller, etc.<\/li>\n<li><strong>Widerstand gegen niedrige Temperaturen<\/strong> f\u00fcr winterliche Beobachtungsn\u00e4chte<\/li>\n<li><strong>Au\u00dfergew\u00f6hnliche Flexibilit\u00e4t<\/strong> dank Silikonkabel oder Metallmantel je nach Modell<\/li>\n<\/ul>\n<p>Pegasus Astro Kabel sind die perfekte Balance zwischen <strong>mechanische Robustheit<\/strong>, <strong>elektrische Effizienz<\/strong> und <strong>Ergonomie<\/strong>Damit Sie sich bei Ihren n\u00e4chtlichen Beobachtungen auf das Wesentliche konzentrieren k\u00f6nnen: <strong>den Himmel, nicht die Kabel.<\/strong><\/p>\n<p><!-- Exemple de tableau optionnel \u00e0 compl\u00e9ter pour chaque c\u00e2ble --><\/p>\n<p>&nbsp;<\/p>","protected":false},"excerpt":{"rendered":"<p>C\u00e2ble Pegasus Astro \u2013 Performance et Fiabilit\u00e9 pour les Astronomes Exigeants Les c\u00e2bles Pegasus Astro ont \u00e9t\u00e9 con\u00e7us sp\u00e9cialement pour r\u00e9pondre aux besoins des astronomes et astrophotographes recherchant une connexion stable, durable et sans interf\u00e9rences dans leurs montages. Chaque d\u00e9tail a \u00e9t\u00e9 pens\u00e9 pour garantir une transmission de donn\u00e9es rapide, une alimentation fiable et une [&hellip;]<\/p>\n","protected":false},"featured_media":11412,"comment_status":"open","ping_status":"closed","template":"","meta":[],"product_brand":[517],"product_cat":[847],"product_tag":[],"class_list":{"0":"post-11401","1":"product","2":"type-product","3":"status-publish","4":"has-post-thumbnail","6":"product_brand-pegasus","7":"product_cat-cables","9":"first","10":"on_supplier","11":"taxable","12":"shipping-taxable","13":"purchasable","14":"product-type-simple"},"_links":{"self":[{"href":"https:\/\/deep-space-astronomy.ch\/de\/wp-json\/wp\/v2\/product\/11401","targetHints":{"allow":["GET"]}}],"collection":[{"href":"https:\/\/deep-space-astronomy.ch\/de\/wp-json\/wp\/v2\/product"}],"about":[{"href":"https:\/\/deep-space-astronomy.ch\/de\/wp-json\/wp\/v2\/types\/product"}],"replies":[{"embeddable":true,"href":"https:\/\/deep-space-astronomy.ch\/de\/wp-json\/wp\/v2\/comments?post=11401"}],"wp:featuredmedia":[{"embeddable":true,"href":"https:\/\/deep-space-astronomy.ch\/de\/wp-json\/wp\/v2\/media\/11412"}],"wp:attachment":[{"href":"https:\/\/deep-space-astronomy.ch\/de\/wp-json\/wp\/v2\/media?parent=11401"}],"wp:term":[{"taxonomy":"product_brand","embeddable":true,"href":"https:\/\/deep-space-astronomy.ch\/de\/wp-json\/wp\/v2\/product_brand?post=11401"},{"taxonomy":"product_cat","embeddable":true,"href":"https:\/\/deep-space-astronomy.ch\/de\/wp-json\/wp\/v2\/product_cat?post=11401"},{"taxonomy":"product_tag","embeddable":true,"href":"https:\/\/deep-space-astronomy.ch\/de\/wp-json\/wp\/v2\/product_tag?post=11401"}],"curies":[{"name":"wp","href":"https:\/\/api.w.org\/{rel}","templated":true}]}}