{"id":11456,"date":"2025-10-15T11:12:55","date_gmt":"2025-10-15T09:12:55","guid":{"rendered":"https:\/\/deep-space-astronomy.ch\/?post_type=product&#038;p=11456"},"modified":"2025-10-15T11:25:30","modified_gmt":"2025-10-15T09:25:30","slug":"oculaire-baader-hyperion-zoom-8-24-mm-mark-iv","status":"publish","type":"product","link":"https:\/\/deep-space-astronomy.ch\/de\/produkt\/oculaire-baader-hyperion-zoom-8-24-mm-mark-iv\/","title":{"rendered":"Baader Hyperion ZOOM Okular 8-24 mm Mark IV"},"content":{"rendered":"<h3 style=\"text-align: center;\">Baader Hyperion Universal Zoom Mark IV 8-24 mm (1\u00bc\"\/2\u2033)<\/h3>\n<p>Ein einziges Okular f\u00fcr f\u00fcnf Vergr\u00f6\u00dferungen? Fr\u00fcher eine Fantasie, heute qualitative Realit\u00e4t!<\/p>\n<article>\n<header>\n<figure><\/figure>\n<\/header>\n<section>\n<h3>Warum sollten Sie sich f\u00fcr den Hyperion Zoom Mark IV entscheiden?<\/h3>\n<p>Gegen den Strom der meisten Zoomobjektive entworfen, ist die<strong>Hyperion Zoom Mark IV 8-24 mm<\/strong> bevorzugt die <strong>optische Qualit\u00e4t bei maximaler Vergr\u00f6\u00dferung<\/strong>: Auswahl der Gl\u00e4ser, sorgf\u00e4ltiges Polieren und <em>Design<\/em> optimiert, um zu erhalten <strong>die beste Sch\u00e4rfe und ein Feld, das sich vergr\u00f6\u00dfert, wenn man sich dem Ziel n\u00e4hert <\/strong>(bis zu <strong>68\u00b0<\/strong> bis zum maximalen Zoom). Das Ergebnis ist ein vielseitiges, pr\u00e4zises und angenehmes Okular, das zum Liebling vieler Astronomen, Naturbeobachter und Ornithologen geworden ist - das ist auch <strong>das einzige Zoomobjektiv, das von Anfang an f\u00fcr die Verwendung unter einem Binokular konzipiert wurde<\/strong>.<\/p>\n<\/section>\n<section>\n<h4>5 Okulare in einem: 8 \/ 12 \/ 16 \/ 20 \/ 24 mm<\/h4>\n<p>Die <strong>kontinuierliche Vergr\u00f6\u00dferung<\/strong> von 8 bis 24 mm ist punktiert mit <strong>ClickStops<\/strong> bei den Brennweiten 8, 12, 16, 20 und 24 mm. Diese Anschl\u00e4ge machen die Einstellung <strong>schnell, genau und wiederholbar<\/strong>auch in der Dunkelheit. Bei binokularem Gebrauch sind zwei Okulare <em>Mark IV<\/em> synchronisieren sich in einem Augenblick bei gleicher Vergr\u00f6\u00dferung. Der Klick wurde <strong>weichgesp\u00fclt<\/strong> um die Tierwelt bei der Beobachtung aus kurzer Entfernung nicht zu st\u00f6ren.<\/p>\n<\/section>\n<section>\n<h3>Was sich an der Version \u00e4ndert <em>Universal Zoom Mark IV<\/em><\/h3>\n<ul>\n<li><strong>Leichteres Gewicht<\/strong>290 g (ca. -80 g im Vergleich zur vorherigen Generation).<\/li>\n<li><strong>Durchmesser 55 mm<\/strong>: Binokular kompatibel ab einem <em>Pupillenabstand<\/em> von 55 mm.<\/li>\n<li><strong>Abnehmbare, verstellbare Augenmuschel<\/strong> das Gewinde freigeben <strong>M43 Foto\/Video<\/strong> und maximiert den Nasenraum in Bino (Gummiaugenmuscheln im Lieferumfang enthalten).<\/li>\n<li><strong>Optimierter ClickStop<\/strong>Die Anschl\u00e4ge 8\/12\/16\/20\/24 mm sind leichter zug\u00e4nglich.<\/li>\n<li><strong>\u00dcberarbeitete Zoom-Mechanik<\/strong>: fl\u00fcssiger Betrieb bei kaltem Wetter <strong>Parfokalit\u00e4t<\/strong> zwischen den Brennpunkten verfeinert.<\/li>\n<li><strong>Backfocus um ca. 4 mm erh\u00f6ht<\/strong>: entscheidender Vorteil bei vielen Fernrohren.<\/li>\n<\/ul>\n<p>Die <em>Mark IV<\/em> wird geliefert mit <strong>zwei T\u00fcrmchen<\/strong> (1\u00bc \" und 2\u2033) mit Gewinde f\u00fcr Filter, von <strong>Zero-Tilt-Sicherheitskerben <\/strong>rutschfest, und eine <strong>Baader Clutch<\/strong> gelb mit Gurt (wird auch an einem Stativbein befestigt, perfekt, um die Kappen nicht mehr zu verlieren).<\/p>\n<\/section>\n<section>\n<h3>Hochwertiges optisches Finish<\/h3>\n<p>Mehrschichtige Behandlungen <strong>Phantom Group Coating\u00ae<\/strong> minimieren Reflexionen und Verluste und sorgen f\u00fcr einen hohen Kontrast vom Planeten bis zum Deep Sky. Das Okular bleibt <strong>parfokal<\/strong> \u00fcber den gesamten Bereich: Sie zoomen, ohne erneut zu fokussieren. Bei 8 mm profitieren Sie von einem <strong>scheinbares Feld bis zu 68\u00b0<\/strong>Die Kamera ist ideal, um detaillierte Objekte bequem einzurahmen.<\/p>\n<\/section>\n<section>\n<h3>Anschl\u00fcsse auf der Teleskopseite<\/h3>\n<h3>Grundplatten 1\u00bc \" und 2\u2033 (abnehmbar)<\/h3>\n<p>Die 1\u00bc \" und 2\u2033-Fassungen werden entsprechend Ihrem Winkeltrieb oder Okularhalter montiert\/demontiert. Ein <strong>SC 2\u2033-Gewinde<\/strong> erm\u00f6glicht die <strong>Direktverbindung<\/strong> an Teleskopen\/Spiegeln\/Prismen \u00fcber den optionalen 2\u2033\/2\u2033-Ring (Ref.\u00a0<code>#1508080<\/code>).<\/p>\n<h3>Inklusive Adapter \"A\" (Spektiv) &amp; \"B\" (Teleskop)<\/h3>\n<ul>\n<li><strong>Adapter A (Fernrohr)<\/strong>\u00a0: Die Mark IV gewinnt \u2248 4 mm Backfocus und erreicht mehr<br \/>\nleicht unendlich auf Spektiven, die mechanisch 1\u00bc\"-Okulare akzeptieren, aber M\u00fche haben, MAP zu machen.<br \/>\nNehmen Sie den Revolver 1\u00bc \" ab und verwenden Sie das 1 3\/8\u2033-Innengewinde, um fest auf<br \/>\n<strong>Celestron Ultima<\/strong> und \u00c4quivalente.<br \/>\n<em>Optional<\/em>\u00a0: Bajonettadapter <strong>Zeiss Diascope<\/strong> (ref.\u00a0<code>2454500<\/code>) und andere SPOT-Gewinderinge erh\u00e4ltlich.<\/li>\n<li><strong>Adapter B (Teleskop)<\/strong>\u00a0: f\u00fcgt den Platz hinzu, der n\u00f6tig ist, um zu verhindern, dass der SC 2\u2033 (5 cm) Haltering<br \/>\ndie Klemmschrauben der Winkelumlenkung ber\u00fchrt. Der mitgelieferte SC 2\u2033-Ring sichert auch die Befestigung an jedem SC-Gewinde,<br \/>\ninsbesondere unsere <em>diagonal 2\u2033 mit Klickverschluss<\/em> \u00fcber den 2\u2033\/2\u2033-Adapter (Ref.\u00a0<code>1508020<\/code>).<\/li>\n<\/ul>\n<p><em>Einzelheiten zur Konfiguration und zum Wechsel von Adaptern finden Sie im Handbuch.<\/em><\/p>\n<\/section>\n<section>\n<h3>Anschl\u00fcsse auf der Kameraseite<\/h3>\n<h4>M43-Gewinde &amp; Okularprojektion<\/h4>\n<p>Wie jedes Baader-Okular bietet auch das Mark IV einen <strong>M43-Gewinde<\/strong> an der Spitze f\u00fcr <strong>Videokameras<\/strong> und <strong>Spiegelreflexkamera \u00fcber T-2<\/strong> (Ring <strong>M43i \u2192 T-2a<\/strong> ref.\u00a0<code>2958080<\/code>, als Option). Die <strong>Abstandsring M43\/M43<\/strong> <em>(+7,5 mm)<\/em> ref.\u00a0<code>2954250<\/code> kann die Augenmuscheln hochklappen<br \/>\noder verhindern, dass ein M43-Geh\u00e4use mit der Linse in Ber\u00fchrung kommt.<\/p>\n<h4>Hyperion DT-System (SP54)<\/h4>\n<p>Mit der <strong>Ring M43 \u2194 SP54<\/strong> (ref.\u00a0<code>2958086<\/code>, Option), greifen Sie auf das <strong>Hyperion DT Ringe <\/strong>um alle g\u00e4ngigen PNA-Objektive zu koppeln in <strong>Augenprojektion<\/strong>. Eine Liste der DT-Ringe finden Sie im Abschnitt \"Zubeh\u00f6r f\u00fcr Okulare\".<\/p>\n<\/section>\n<section>\n<h3>Augenmuscheln &amp; Sehkomfort<\/h3>\n<ul>\n<li><strong>Gro\u00dfe, h\u00f6henverstellbare Augenmuschel<\/strong> (werkseitig montiert): Drehung gegen den Uhrzeigersinn zur Verl\u00e4ngerung; wird \u00fcber den Anschlag hinaus abgeschraubt, um das M43-Gewinde freizulegen.<\/li>\n<li><strong>Nicht faltbare Gummi-Augenmuschel<\/strong>\u00a0: perfekt ohne Brille im Binokular; guter Halt und stabiler Augenabstand.<\/li>\n<li><strong>Niedrige Augenmuschel mit umklappbarem Augenschutz<\/strong>\u00a0: ideal f\u00fcr Brillentr\u00e4ger; Seitenblenden zum Blockieren von Streulicht.<\/li>\n<\/ul>\n<\/section>\n<section>\n<h3>Erweiterter Bereich mit Barlow 2,25\u00d7<\/h3>\n<p>Schrauben Sie die <strong>Barlow Hyperion 2,25\u00d7<\/strong> auf den 1\u00bc \" Revolver, um das Zoomobjektiv in ein leistungsstarkes 3,6-10,7 mm zu verwandeln.<\/p>\n<p>Hier verf\u00fcgbar: <a href=\"https:\/\/deep-space-astronomy.ch\/de\/produkt\/barlow-baader-pour-hyperion-zoom\/\" target=\"_blank\" rel=\"noopener\">https:\/\/deep-space-astronomy.ch\/produit\/barlow-baader-pour-hyperion-zoom\/<\/a><\/p>\n<p><code><\/code><\/p>\n<\/section>\n<section>\n<h3>Inhalt der Schachtel<\/h3>\n<ul>\n<li>Baader Hyperion Zoom Mark IV Okular 8-24 mm<\/li>\n<li>Revolver 1\u00bc \" und 2\u2033 (Gewinde f\u00fcr Filter)<\/li>\n<li>Adapter <strong>A<\/strong> (Fernrohr) &amp; <strong>B<\/strong> (Teleskop)<\/li>\n<li>3 Augenmuscheln (verstellbar \/ gummiert \/ unten mit umklappbaren Schirmen)<\/li>\n<li>Kappen &amp; <strong>Baader Clutch<\/strong> mit Gurt<\/li>\n<li><em>Merkblatt Hyperion Universal Zoom Mark IV (PDF)<\/em><\/li>\n<\/ul>\n<\/section>\n<section>\n<h3>Technische Daten<\/h3>\n<table border=\"1\" cellspacing=\"0\" cellpadding=\"8\">\n<tbody>\n<tr>\n<th scope=\"row\">Brennweitenbereich<\/th>\n<td>8 - 24 mm (ClickStops: 8 \/ 12 \/ 16 \/ 20 \/ 24 mm)<\/td>\n<\/tr>\n<tr>\n<th scope=\"row\">Scheinbares Sichtfeld<\/th>\n<td>ca. 48\u00b0 (24 mm) bis <strong>68\u00b0<\/strong> (8 mm)<\/td>\n<\/tr>\n<tr>\n<th scope=\"row\">Parfocal<\/th>\n<td>Ja, bei allen Brennweiten<\/td>\n<\/tr>\n<tr>\n<th scope=\"row\">Behandlungen<\/th>\n<td>Phantom Group Coating\u00ae mehrschichtig<\/td>\n<\/tr>\n<tr>\n<th scope=\"row\">Teleskop-Kopplung<\/th>\n<td>1\u00bc \" und 2\u2033 (abnehmbare Federh\u00e4user), SC-Gewinde 2\u2033.<\/td>\n<\/tr>\n<tr>\n<th scope=\"row\">Optische Gewinde<\/th>\n<td>M43 (Foto\/Video), SP54 (\u00fcber M43\u2194SP54-Ring Ref. 2958086)<\/td>\n<\/tr>\n<tr>\n<th scope=\"row\">Schl\u00fcsselzubeh\u00f6r<\/th>\n<td>M43i\u2192T-2a Ref. 2958080, M43\/M43 +7,5 mm Ref. 2954250, Ring 2\u2033\/2\u2033 Ref. 1508080, Adap. 2\u2033\/2\u2033 Ref. 1508020, Adap. Diaskop Ref. 2454500<\/td>\n<\/tr>\n<tr>\n<th scope=\"row\">Gewicht<\/th>\n<td>\u2248 290 g<\/td>\n<\/tr>\n<tr>\n<th scope=\"row\">\u00c4u\u00dferer Durchmesser<\/th>\n<td>\u2248 55 mm (erleichterter binokularer Gebrauch)<\/td>\n<\/tr>\n<tr>\n<th scope=\"row\">Design<\/th>\n<td>Modular, parfokale Okulare, Zero-Tilt safety grooves<\/td>\n<\/tr>\n<tr>\n<th scope=\"row\">Kompatibilit\u00e4t mit Spektiven<\/th>\n<td>Optimiert \u00fcber Adapter A (+~4 mm Backfocus)<\/td>\n<\/tr>\n<tr>\n<th scope=\"row\">Referenzen<\/th>\n<td>Okular: 2454826 - Barlow-Kit: 2454827<\/td>\n<\/tr>\n<\/tbody>\n<\/table>\n<\/section>\n<section>\n<h2>FAQ - H\u00e4ufig gestellte Fragen<\/h2>\n<h3>Verkleinert sich das Feld beim Zoomen?<\/h3>\n<p>Nein. Im Gegensatz zu vielen anderen Zoomobjektiven bietet der Mark IV <strong>das gr\u00f6\u00dfte scheinbare Feld bei maximaler Vergr\u00f6\u00dferung<\/strong><br \/>\n(\u2248 68\u00b0 bei 8 mm), f\u00fcr ein immersives Gef\u00fchl, wenn man das Objekt \"n\u00e4her heranholt\".<\/p>\n<h3>Ist sie f\u00fcr Binokulare geeignet?<\/h3>\n<p>Ja. Der <strong>Durchmesser 55 mm<\/strong>Die <strong>ClickStops<\/strong> und die<strong>abnehmbare Augenmuschel<\/strong> die den Nasenraum freigibt, machen das Mark IV besonders komfortabel im Bino. Das Einstellen von zwei Okularen auf die gleiche Vergr\u00f6\u00dferung geht sehr schnell, sogar im Dunkeln.<\/p>\n<h3>Funktioniert er auch bei kaltem Wetter?<\/h3>\n<p>Baader revidierte den <strong>Zoom-Mechanismus<\/strong> und die <strong>Innenschienen<\/strong> f\u00fcr eine <strong>fl\u00fcssiges Man\u00f6ver bei niedrigen Temperaturen<\/strong>.<\/p>\n<h3>Kann ich es auf einem Fernrohr verwenden?<\/h3>\n<p>Ja \u00fcber den<strong>Adapter A<\/strong> das ~4 mm Backfocus hinzuf\u00fcgt. Es gibt L\u00f6sungen f\u00fcr Celestron Ultima, Zeiss Diascope (Bajonett Bestell-Nr. 2454500) und andere Modelle \u00fcber optionale Ringe.<\/p>\n<h3>Was ist mit Foto-\/Videoaufnahmen?<\/h3>\n<p>Das Gewindeschneiden <strong>M43<\/strong> akzeptiert direkt von Videokameras. F\u00fcr eine Spiegelreflexkamera\/DSLR verwenden Sie die <strong>Ring M43i\u2192T-2a<\/strong> (2958080) oder das System <strong>Hyperion DT<\/strong> \u00fcber SP54 (2958086) f\u00fcr die Augenprojektion.<\/p>\n<h3>Ich will noch mehr Vergr\u00f6\u00dferung...<\/h3>\n<p>F\u00fcgen Sie die <strong>Barlow Hyperion 2,25\u00d7<\/strong>: Ihr Strand wird <strong>\u2248 3,6 - 10,7 mm<\/strong>Sie k\u00f6nnen die Bildqualit\u00e4t verbessern, ohne Abstriche bei der Bildqualit\u00e4t machen zu m\u00fcssen.<\/p>\n<\/section>\n<section>\n<h2>Downloads &amp; Ressourcen<\/h2>\n<ul>\n<li><a href=\"\/de\/MANUEL-HYPERION-MARK-IV.pdf\/\" target=\"_blank\" rel=\"noopener\">Hyperion Universal Zoom Mark IV Handbuch (PDF)<\/a><\/li>\n<li><a href=\"#accessoires-compatibles\">Zubeh\u00f6r &amp; kompatible Ringe<\/a><\/li>\n<\/ul>\n<\/section>\n<footer>Brauchen Sie Hilfe bei der Auswahl oder Einrichtung Ihres Hyperion Zoom als Bino, mit Fernrohr oder als Foto? Kontaktieren Sie uns!<\/footer>\n<\/article>","protected":false},"excerpt":{"rendered":"<p>Baader Hyperion Universal Zoom Mark IV 8\u201324 mm (1\u00bc\u00a0\u00bb\/2&Prime;) Un seul oculaire pour 5 grossissements ? Autrefois, un fantasme, aujourd&rsquo;hui une r\u00e9alit\u00e9 qualitative ! Pourquoi choisir l\u2019Hyperion Zoom Mark\u00a0IV\u00a0? Con\u00e7u \u00e0 contre-courant de la plupart des zooms, l\u2019Hyperion Zoom Mark\u00a0IV 8\u201324\u00a0mm privil\u00e9gie la qualit\u00e9 optique au grossissement maximal\u2009: choix des verres, polissage soign\u00e9 et design [&hellip;]<\/p>\n","protected":false},"featured_media":11458,"comment_status":"open","ping_status":"closed","template":"","meta":[],"product_brand":[624],"product_cat":[695],"product_tag":[],"class_list":{"0":"post-11456","1":"product","2":"type-product","3":"status-publish","4":"has-post-thumbnail","6":"product_brand-baader","7":"product_cat-oculaires-et-smart-oculaires","9":"first","10":"instock","11":"taxable","12":"shipping-taxable","13":"purchasable","14":"product-type-simple"},"_links":{"self":[{"href":"https:\/\/deep-space-astronomy.ch\/de\/wp-json\/wp\/v2\/product\/11456","targetHints":{"allow":["GET"]}}],"collection":[{"href":"https:\/\/deep-space-astronomy.ch\/de\/wp-json\/wp\/v2\/product"}],"about":[{"href":"https:\/\/deep-space-astronomy.ch\/de\/wp-json\/wp\/v2\/types\/product"}],"replies":[{"embeddable":true,"href":"https:\/\/deep-space-astronomy.ch\/de\/wp-json\/wp\/v2\/comments?post=11456"}],"wp:featuredmedia":[{"embeddable":true,"href":"https:\/\/deep-space-astronomy.ch\/de\/wp-json\/wp\/v2\/media\/11458"}],"wp:attachment":[{"href":"https:\/\/deep-space-astronomy.ch\/de\/wp-json\/wp\/v2\/media?parent=11456"}],"wp:term":[{"taxonomy":"product_brand","embeddable":true,"href":"https:\/\/deep-space-astronomy.ch\/de\/wp-json\/wp\/v2\/product_brand?post=11456"},{"taxonomy":"product_cat","embeddable":true,"href":"https:\/\/deep-space-astronomy.ch\/de\/wp-json\/wp\/v2\/product_cat?post=11456"},{"taxonomy":"product_tag","embeddable":true,"href":"https:\/\/deep-space-astronomy.ch\/de\/wp-json\/wp\/v2\/product_tag?post=11456"}],"curies":[{"name":"wp","href":"https:\/\/api.w.org\/{rel}","templated":true}]}}