{"id":11462,"date":"2025-10-15T11:24:04","date_gmt":"2025-10-15T09:24:04","guid":{"rendered":"https:\/\/deep-space-astronomy.ch\/?post_type=product&#038;p=11462"},"modified":"2025-10-15T11:24:16","modified_gmt":"2025-10-15T09:24:16","slug":"barlow-baader-pour-hyperion-zoom","status":"publish","type":"product","link":"https:\/\/deep-space-astronomy.ch\/de\/produkt\/barlow-baader-pour-hyperion-zoom\/","title":{"rendered":"Barlow Baader f\u00fcr Hyperion Zoom"},"content":{"rendered":"<h3 style=\"text-align: center;\">Barlow Hyperion Zoom-Linse 2,25\u00d7<\/h3>\n<article>\n<header><\/header>\n<section>Ihr 8-24 mm wird ca. <strong>3,5-10,5 mm<\/strong>, Das ist eine gute Idee, um die <em>grossi<\/em> unter Beibehaltung der praktischen Zoomfunktion und der ClickStop-Markierungen.<\/p>\n<h3>\u00dcberblick<\/h3>\n<p>Die <strong>Barlow Baader Hyperion Zoom 2,25\u00d7<\/strong> wurde <strong>speziell f\u00fcr das Hyperion ClickStop Zoom-Okular entwickelt<\/strong><br \/>\n(Mark III und Mark IV). Wenn Sie es installieren, deckt Ihr Zoom eine <strong>Brennweitenbereich von ca. 3,5 bis 10,5 mm<\/strong>,<br \/>\nideal f\u00fcr Planeten, den Mond, Doppelsterne und Ziele, die eine hohe Vergr\u00f6\u00dferung erfordern. Seine<br \/>\n<strong>modularer Aufbau<\/strong> erm\u00f6glicht eine <strong>vielseitiger Einsatz<\/strong>: hochaufl\u00f6sende visuelle und <strong>Augenprojektion\/Astrophobie<\/strong>.<\/p>\n<\/section>\n<section>\n<h3>Starke Punkte<\/h3>\n<ul>\n<li><strong>Gewidmet Hyperion ClickStop Zoom (Mark III\/IV)<\/strong>\u00a0: einfache Einrichtung, Einstellungen beibehalten.<\/li>\n<li><strong>2,25\u00d7 Faktor<\/strong>\u00a0: verwandelt ein 8-24 mm in ca. <strong>3,5-10,5 mm<\/strong>.<\/li>\n<li><strong>Modulares Design<\/strong>\u00a0: kompatibel <em>setups<\/em> visuellen und Fotokonfigurationen (Augenprojektion).<\/li>\n<li><strong>Optische Baader-Qualit\u00e4t<\/strong>\u00a0: Kontrast und Sch\u00e4rfe f\u00fcr die Beobachtung bei hoher Vergr\u00f6\u00dferung.<\/li>\n<\/ul>\n<\/section>\n<section>\n<h3>Kompatibilit\u00e4t &amp; Nutzung<\/h3>\n<p>Optimiert f\u00fcr <strong>Hyperion ClickStop Zoom-Okulare<\/strong> (Mark III\/IV) wird die Barlow 2,25\u00d7 auf die<br \/>\n1\u00bc\u00bb-Revolver des Okulars, um sofort einen k\u00fcrzeren fokussierten Bereich zu bieten. Sie eignet sich f\u00fcr <strong>Teleskope<\/strong><br \/>\nakzeptiert das Format 1\u00bc \u00bb und l\u00e4sst sich m\u00fchelos in eine herk\u00f6mmliche Optikkette mit Winkelst\u00fcck oder Standard-Okularhalter integrieren.<\/p>\n<p>In <strong>Astrofotografie<\/strong>, Sie erm\u00f6glicht die <strong>Augenprojektion<\/strong> mit hoher Vergr\u00f6\u00dferung (Planetensensoren, Astrokameras usw.),<br \/>\npraktisch, um die Mondoberfl\u00e4che, die Jupiterstreifen, den Saturnring zu detaillieren oder die Trennung eines engen Doppelg\u00e4ngers einzufrieren.<\/p>\n<\/section>\n<section>\n<h3>Technische Daten<\/h3>\n<table border=\"1\" cellspacing=\"0\" cellpadding=\"8\">\n<tbody>\n<tr>\n<th scope=\"row\">Vergr\u00f6\u00dferungsfaktor<\/th>\n<td>2,25\u00d7<\/td>\n<\/tr>\n<tr>\n<th scope=\"row\">Resultierender Bereich (mit Hyperion Zoom)<\/th>\n<td>\u2248 3,5 - 10,5 mm<\/td>\n<\/tr>\n<tr>\n<th scope=\"row\">Kompatibilit\u00e4t<\/th>\n<td>Hyperion ClickStop Zoom Mark III \/ Mark IV<\/td>\n<\/tr>\n<tr>\n<th scope=\"row\">Verwendung<\/th>\n<td>Hochaufl\u00f6sende visuelle Beobachtung &amp; Augenprojektion (Foto)<\/td>\n<\/tr>\n<tr>\n<th scope=\"row\">Mechanisches Format<\/th>\n<td>F\u00fcr optischen Pfad 1\u00bc \u00bb<\/td>\n<\/tr>\n<tr>\n<th scope=\"row\">Referenz<\/th>\n<td>2956180<\/td>\n<\/tr>\n<tr>\n<th scope=\"row\">Preis<\/th>\n<td>133,00 \u20ac inkl. MwSt. - 111,76 \u20ac exkl. MwSt. (MwSt.-Basis DE 19 %)<\/td>\n<\/tr>\n<\/tbody>\n<\/table>\n<\/section>\n<section>\n<h2>Inhalt der Schachtel<\/h2>\n<ul>\n<li>Barlow Hyperion Zoom-Linse 2,25\u00d7<\/li>\n<li>Schutzkappen<\/li>\n<li>Gebrauchsanweisung<\/li>\n<\/ul>\n<\/section>\n<section>\n<h2>FAQ - H\u00e4ufig gestellte Fragen<\/h2>\n<h3>Ist sie nur f\u00fcr den Hyperion Zoom geeignet?<\/h3>\n<p>Sie wurde <strong>speziell entwickelt<\/strong> f\u00fcr den Hyperion ClickStop Zoom (Mark III\/IV), um sicherzustellen, dass<br \/>\ndas beste Ergebnis und eine einfache Anwendung. Dies ist die empfohlene Kombo f\u00fcr schnelle hohe Vergr\u00f6\u00dferungen.<\/p>\n<h3>Was erreiche ich konkret in Bezug auf die Brennweite?<\/h3>\n<p>Ihr 8-24 mm wird ca. <strong>3,5-10,5 mm<\/strong>, Das ist eine gute Idee, um die <em>grossi<\/em> bei gleichzeitiger Beibehaltung<br \/>\ndie Praktikabilit\u00e4t des Zooms und seine ClickStop-Markierungen.<\/p>\n<\/section>\n<\/article>\n<p>&nbsp;<\/p>\n<p>&nbsp;<\/p>","protected":false},"excerpt":{"rendered":"<p>Lentille Barlow Hyperion Zoom 2,25\u00d7 Votre 8\u201324\u00a0mm devient environ 3,5\u201310,5\u00a0mm, parfait pour pousser le grossi tout en conservant la praticit\u00e9 du zoom et ses rep\u00e8res ClickStop. Vue d\u2019ensemble La Barlow Baader Hyperion Zoom 2,25\u00d7 a \u00e9t\u00e9 sp\u00e9cialement con\u00e7ue pour l\u2019oculaire Hyperion ClickStop Zoom (Mark\u00a0III et Mark\u00a0IV). En l\u2019installant, votre zoom couvre une plage de distance [&hellip;]<\/p>\n","protected":false},"featured_media":11463,"comment_status":"open","ping_status":"closed","template":"","meta":[],"product_brand":[624],"product_cat":[369],"product_tag":[],"class_list":{"0":"post-11462","1":"product","2":"type-product","3":"status-publish","4":"has-post-thumbnail","6":"product_brand-baader","7":"product_cat-barlows","9":"first","10":"instock","11":"taxable","12":"shipping-taxable","13":"purchasable","14":"product-type-simple"},"_links":{"self":[{"href":"https:\/\/deep-space-astronomy.ch\/de\/wp-json\/wp\/v2\/product\/11462","targetHints":{"allow":["GET"]}}],"collection":[{"href":"https:\/\/deep-space-astronomy.ch\/de\/wp-json\/wp\/v2\/product"}],"about":[{"href":"https:\/\/deep-space-astronomy.ch\/de\/wp-json\/wp\/v2\/types\/product"}],"replies":[{"embeddable":true,"href":"https:\/\/deep-space-astronomy.ch\/de\/wp-json\/wp\/v2\/comments?post=11462"}],"wp:featuredmedia":[{"embeddable":true,"href":"https:\/\/deep-space-astronomy.ch\/de\/wp-json\/wp\/v2\/media\/11463"}],"wp:attachment":[{"href":"https:\/\/deep-space-astronomy.ch\/de\/wp-json\/wp\/v2\/media?parent=11462"}],"wp:term":[{"taxonomy":"product_brand","embeddable":true,"href":"https:\/\/deep-space-astronomy.ch\/de\/wp-json\/wp\/v2\/product_brand?post=11462"},{"taxonomy":"product_cat","embeddable":true,"href":"https:\/\/deep-space-astronomy.ch\/de\/wp-json\/wp\/v2\/product_cat?post=11462"},{"taxonomy":"product_tag","embeddable":true,"href":"https:\/\/deep-space-astronomy.ch\/de\/wp-json\/wp\/v2\/product_tag?post=11462"}],"curies":[{"name":"wp","href":"https:\/\/api.w.org\/{rel}","templated":true}]}}