{"id":11686,"date":"2025-10-30T15:14:56","date_gmt":"2025-10-30T14:14:56","guid":{"rendered":"https:\/\/deep-space-astronomy.ch\/?post_type=product&#038;p=11686"},"modified":"2025-10-30T15:15:11","modified_gmt":"2025-10-30T14:15:11","slug":"extension-de-colonne-pour-ioptron-literoc-hae69-hae43-haz71","status":"publish","type":"product","link":"https:\/\/deep-space-astronomy.ch\/de\/produkt\/extension-de-colonne-pour-ioptron-literoc-hae69-hae43-haz71\/","title":{"rendered":"S\u00e4ulenerweiterung f\u00fcr iOptron LiteRoc - HAE69, HAE43, HAZ71"},"content":{"rendered":"<p>S\u00e4ulenerweiterung f\u00fcr iOptron LiteRoc - HAE69, HAE43, HAZ71<\/p>","protected":false},"excerpt":{"rendered":"<p>S\u00e4ulenerweiterung f\u00fcr iOptron LiteRoc - HAE69, HAE43, HAZ71<\/p>","protected":false},"featured_media":11687,"comment_status":"open","ping_status":"closed","template":"","meta":[],"product_brand":[819],"product_cat":[635],"product_tag":[],"class_list":{"0":"post-11686","1":"product","2":"type-product","3":"status-publish","4":"has-post-thumbnail","6":"product_brand-ioptron","7":"product_cat-trpieds","9":"first","10":"on_supplier","11":"taxable","12":"shipping-taxable","13":"purchasable","14":"product-type-simple"},"_links":{"self":[{"href":"https:\/\/deep-space-astronomy.ch\/de\/wp-json\/wp\/v2\/product\/11686","targetHints":{"allow":["GET"]}}],"collection":[{"href":"https:\/\/deep-space-astronomy.ch\/de\/wp-json\/wp\/v2\/product"}],"about":[{"href":"https:\/\/deep-space-astronomy.ch\/de\/wp-json\/wp\/v2\/types\/product"}],"replies":[{"embeddable":true,"href":"https:\/\/deep-space-astronomy.ch\/de\/wp-json\/wp\/v2\/comments?post=11686"}],"wp:featuredmedia":[{"embeddable":true,"href":"https:\/\/deep-space-astronomy.ch\/de\/wp-json\/wp\/v2\/media\/11687"}],"wp:attachment":[{"href":"https:\/\/deep-space-astronomy.ch\/de\/wp-json\/wp\/v2\/media?parent=11686"}],"wp:term":[{"taxonomy":"product_brand","embeddable":true,"href":"https:\/\/deep-space-astronomy.ch\/de\/wp-json\/wp\/v2\/product_brand?post=11686"},{"taxonomy":"product_cat","embeddable":true,"href":"https:\/\/deep-space-astronomy.ch\/de\/wp-json\/wp\/v2\/product_cat?post=11686"},{"taxonomy":"product_tag","embeddable":true,"href":"https:\/\/deep-space-astronomy.ch\/de\/wp-json\/wp\/v2\/product_tag?post=11686"}],"curies":[{"name":"wp","href":"https:\/\/api.w.org\/{rel}","templated":true}]}}