{"id":11806,"date":"2025-11-08T07:12:55","date_gmt":"2025-11-08T06:12:55","guid":{"rendered":"https:\/\/deep-space-astronomy.ch\/?post_type=product&#038;p=11806"},"modified":"2025-11-08T07:13:08","modified_gmt":"2025-11-08T06:13:08","slug":"sesto-senso-3-focuser-robotique-pour-schmidt-cassegrain","status":"publish","type":"product","link":"https:\/\/deep-space-astronomy.ch\/de\/produkt\/sesto-senso-3-focuser-robotique-pour-schmidt-cassegrain\/","title":{"rendered":"Sesto Senso 3 - Robotischer Fokussierer f\u00fcr Schmidt-Cassegrain"},"content":{"rendered":"<h3>SESTO SENSO 3 SC - Robotischer Fokussierungsmotor f\u00fcr Schmidt-Cassegrain-Teleskope<\/h3>\n<p><strong>SESTO SENSO 3 SC<\/strong> ist der fortschrittlichste robotergest\u00fctzte Fokussierungsmotor, der jemals von <strong>PrimaLuceLab<\/strong> f\u00fcr Teleskope vom Typ <em>Schmidt-Cassegrain (SC)<\/em> und \u00c4hnliches, die mit einem Innenfokussierungssystem ausgestattet sind. Er ist kompatibel mit den Modellen <strong>Celestron Schmidt-Cassegrain (6\u2033 bis 14\u2033)<\/strong>, <strong>EdgeHD (8\u2033, 11\u2033, 14\u2033)<\/strong>, <strong>RASA (8\u2033 bis 14\u2033)<\/strong> sowie der <strong>SkyWatcher MAK180<\/strong>. Inspiriert vom Erfolg der vorherigen Generationen, vereint er noch mehr Spitzentechnologie in einem kompakten und robusten Geh\u00e4use, in dem die gesamte Elektronik und der Antrieb untergebracht sind.<\/p>\n<p><img decoding=\"async\" src=\"https:\/\/www.primalucelab.com\/img\/cms\/sesto-senso-3-sc-robotic-focusing-motor-USB-C-connectivity.jpg\" alt=\"SESTO SENSO 3 SC robotic focusing motor for SC type telescopes\" \/><\/p>\n<h3>Hauptmerkmale<\/h3>\n<ul>\n<li><strong>Kompaktes All-in-One-Fahrgestell<\/strong> - Entwickelt f\u00fcr SC-Teleskope mit Innenfokussierung, die keine komplizierten externen Adapter ben\u00f6tigen.<\/li>\n<li><strong>Eingebauter Encoder<\/strong> - Genaue Positionsverfolgung und manuelle Bewegung ohne Referenzverlust m\u00f6glich, mit automatischer Wiederherstellungsfunktion.<\/li>\n<li><strong>Direct Pulley Clamp (DPC)<\/strong> - Mechanisch spielfreies Riemensystem, das eine reibungslose motorisierte Fokussierung und jederzeit eine manuelle Steuerung gew\u00e4hrleistet.<\/li>\n<li><strong>Hochaufl\u00f6sender Motor<\/strong> - F\u00e4hig zu mehr als <strong>2 Millionen Schritte<\/strong> f\u00fcr eine extrem genaue Kontrolle der inneren Spiegel.<\/li>\n<li><strong>USB-C-Anschluss<\/strong> - Schnelle und zuverl\u00e4ssige Verbindung zu Computern \u00fcber ein Standardkabel.<\/li>\n<li><strong>Integriertes Wi-Fi<\/strong> - Drahtlose Steuerung \u00fcber Smartphone oder Tablet mit dem <em>Virtual HandPad<\/em> integriert.<\/li>\n<li><strong>PLAY-Kompatibilit\u00e4t<\/strong> - Volle Kontrolle \u00fcber den Fokus mit Autofokus und Temperaturkompensation.<\/li>\n<li><strong>ASCOM-Kompatibilit\u00e4t<\/strong> - Nahtlose Integration mit NINA, SGP, MaxIm DL und anderer Astrofotografie-Software.<\/li>\n<li><strong>Dedizierter ARCO-Port<\/strong> - Direkte Verbindung zum ARCO-Rotator ohne zus\u00e4tzliches Kabel.<\/li>\n<li><strong>DARK Mode<\/strong> - Dimmbare LEDs, die vollst\u00e4ndig ausgeschaltet werden k\u00f6nnen, um die Nachtsicht zu erhalten.<\/li>\n<li><strong>GHOST Modus<\/strong> - Betrieb ohne USB-Kabel, wenn es an einen Computer angeschlossen ist <em>EAGLE<\/em>.<\/li>\n<li><strong>Temperatursensor (optional)<\/strong> - Automatische Kompensation des Fokus bei Temperaturschwankungen.<\/li>\n<li><strong>Gewicht<\/strong> - 440 g (1.0 lb), vollst\u00e4ndig in Italien hergestellt.<\/li>\n<\/ul>\n<p><img decoding=\"async\" src=\"https:\/\/www.primalucelab.com\/img\/cms\/sesto-senso-3-sc-robotic-focusing-motor-ports.jpg\" alt=\"SESTO SENSO 3 SC robotic focusing motor for SC type telescopes\" \/><\/p>\n<h3>Kompaktes Design und umfassende Konnektivit\u00e4t<\/h3>\n<p>Die <strong>SESTO SENSO 3 SC<\/strong> integriert die gesamte Elektronik in einem einzigen, eleganten Geh\u00e4use mit seitlichen Anschl\u00fcssen f\u00fcr einen einfachen Zugriff. Es verf\u00fcgt \u00fcber in der Helligkeit einstellbare LED-Anzeigen, einen Anschluss <strong>USB-C<\/strong> f\u00fcr die Verbindung mit einem Computer oder <em>EAGLE<\/em>, einem Hafen <strong>ARCO<\/strong> f\u00fcr den Rotator, eine 12-V-Stromversorgung (5,5\/2,5-mm-Stecker, positive Mitte) und einen Anschluss f\u00fcr einen Temperatursensor. Das Ganze bietet einen minimalen Verkabelungsaufwand und eine schnelle Installation, ideal f\u00fcr nomadische Setups oder entfernte Observatorien.<\/p>\n<p>&nbsp;<\/p>\n<p><img decoding=\"async\" src=\"https:\/\/www.primalucelab.com\/img\/cms\/sesto-senso-3-sc-robotic-focusing-motor-banner.jpg\" alt=\"SESTO SENSO 3 SC robotic focusing motor for SC type telescopes\" \/><\/p>\n<h3>Vereinfachte Installation dank Direct Pulley Clamp (DPC)<\/h3>\n<p>Das neue System <strong>Direct Pulley Clamp<\/strong> wurde speziell f\u00fcr Teleskope mit beweglichem Innenspiegel wie Celestron SC, EdgeHD, RASA und das SkyWatcher MAK180 entwickelt. Basierend auf einem spielfreien Riemenantrieb gew\u00e4hrleistet er eine reibungslose und pr\u00e4zise motorisierte Fokussierung, w\u00e4hrend er jederzeit eine manuelle Anpassung erm\u00f6glicht. Der interne Encoder beh\u00e4lt die exakte Position des Spiegels bei, selbst nach einer manuellen Justierung. Dank der mitgelieferten Adapter passt der SESTO SENSO 3 SC zu den folgenden Modellen:<\/p>\n<ul>\n<li>Celestron Schmidt-Cassegrain von 6\u2033 bis 14\u2033.<\/li>\n<li>Celestron EdgeHD 8\u2033, 11\u2033, 14\u2033 (au\u00dfer EdgeHD 9.25\u2033)<\/li>\n<li>Celestron RASA 8\u2033, 11\u2033, 14\u2033<\/li>\n<li>SkyWatcher MAK180PRO<\/li>\n<\/ul>\n<h3>Eingebauter Encoder und automatische Kalibrierung<\/h3>\n<p>Der eingebaute Encoder \u00fcberwacht st\u00e4ndig die Position der Motorwelle, auch bei manuellen Anpassungen. Der SESTO SENSO 3 SC bietet au\u00dferdem einen <strong>automatischer Kalibrierungsmodus<\/strong> exklusiv, das die minimale und maximale Position des internen Fokussierungssystems erkennt und so eine vollst\u00e4ndige Fernkonfiguration erm\u00f6glicht - ein gro\u00dfer Vorteil f\u00fcr automatisierte Observatorien.<\/p>\n<p>Die Funktion <strong>Automatic Position Recovery<\/strong> stellt die vorherige Position automatisch wieder her, wenn eine manuelle Bewegung erkannt wird. Es kann eine anpassbare Verz\u00f6gerung (von 0 bis 20 Sekunden) eingestellt werden, bevor die Position wiederhergestellt wird.<\/p>\n<p>&nbsp;<\/p>\n<p><img decoding=\"async\" src=\"https:\/\/www.primalucelab.com\/img\/cms\/sesto-senso-3-sc-robotic-focusing-motor-wifi-connectivity.jpg\" alt=\"SESTO SENSO 3 SC robotic focusing motor for SC type telescopes\" \/><\/p>\n<h3>Moderne und zuverl\u00e4ssige Konnektivit\u00e4t<\/h3>\n<p>Sein Hafen <strong>USB-C<\/strong> bietet eine robuste, umkehrbare Verbindung, die ideal f\u00fcr n\u00e4chtliche Beobachtungsbedingungen ist. Die moderne Schnittstelle verhindert ein versehentliches Trennen der Verbindung und l\u00e4sst sich leicht in aktuelle Computersysteme integrieren. Das integrierte Wi-Fi wiederum erm\u00f6glicht eine vollst\u00e4ndige Kontrolle ohne Computer \u00fcber Smartphones oder Tablets.<\/p>\n<h3>Erweiterte Software-Kompatibilit\u00e4t<\/h3>\n<p>Der SESTO SENSO 3 SC ist vollst\u00e4ndig kompatibel mit der Software <strong>PLAY<\/strong> von PrimaLuceLab und bietet eine intuitive Motorsteuerung, Autofokus und automatische Temperaturkompensation. Es funktioniert auch mit jeder Astrofotografie-Software, die das Protokoll unterst\u00fctzt. <strong>ASCOM<\/strong> (NINA, SGP, MaxIm DL usw.), wodurch eine nahtlose Integration in jede Umgebung gew\u00e4hrleistet wird.<\/p>\n<h3>Drahtlose Steuerung \u00fcber Wi-Fi<\/h3>\n<p>Das integrierte Wi-Fi-Modul baut sein eigenes Netzwerk auf und erm\u00f6glicht so die direkte Steuerung von einem Smartphone oder Tablet \u00fcber den <strong>Virtual HandPad<\/strong> die \u00fcber einen Browser zug\u00e4nglich ist. Sie k\u00f6nnen den Fokus anpassen, Lieblingspositionen speichern und das System ganz ohne Kabel steuern. Wi-Fi bleibt auch bei einer USB-Verbindung aktiv und erm\u00f6glicht so eine flexible Doppelsteuerung.<\/p>\n<p>&nbsp;<\/p>\n<p><img decoding=\"async\" src=\"https:\/\/www.primalucelab.com\/img\/cms\/sesto-senso-3-sc-robotic-focusing-motor-ARCO-port.jpg\" alt=\"SESTO SENSO 3 SC robotic focusing motor for SC type telescopes\" \/><\/p>\n<h3>Direkte Integration mit dem ARCO-Rotator<\/h3>\n<p>Dank seines dedizierten Anschlusses verbindet sich der SESTO SENSO 3 SC direkt mit dem <strong>ARCO-Rotator<\/strong>, Sie k\u00f6nnen die Kamera aus der Ferne schwenken, um einen bestimmten Bildausschnitt zu w\u00e4hlen, oder Sie k\u00f6nnen eine <em>Feldabweichung<\/em> bei langen Belichtungszeiten mit einem Altazimutgestell. Ein einziges Kabel reicht f\u00fcr die Stromversorgung und die Daten\u00fcbertragung aus, wodurch die Verkabelung erheblich vereinfacht wird.<\/p>\n<h3>DARK Modus und LED-Management<\/h3>\n<p>Die eingebauten Status-LEDs sind vollst\u00e4ndig einstellbar. Unter <strong>DARK Mode<\/strong>, Sie k\u00f6nnen reduziert oder ganz ausgeschaltet werden, so dass die Nachtsicht erhalten bleibt. Bei Verwendung mit einem System <em>EAGLE<\/em>, Der Dunkelmodus wird automatisch zu Beginn einer Bildsequenz aktiviert.<\/p>\n<h3>GHOST Mode und Firmware-Updates<\/h3>\n<p>Im Modus <strong>GHOST<\/strong>, Der SESTO SENSO 3 SC kann ohne USB-Kabel betrieben werden, wenn er mit einem EAGLE-Computer verbunden ist. Dieser Modus fungiert auch als Backup-Verbindung: Wenn das USB-Kabel abgezogen wird, bleibt die Steuerung \u00fcber EAGLE aktiv. Firmware-Updates k\u00f6nnen einfach \u00fcber die PLAY-Software installiert werden, um von den neuesten Verbesserungen zu profitieren.<\/p>\n<h3>Temperatursensor und automatische Kompensation<\/h3>\n<p>Der dedizierte Anschluss f\u00fcr den optionalen Temperatursensor erm\u00f6glicht eine <strong>automatischer Sch\u00e4rfeausgleich<\/strong> entsprechend den thermischen Ver\u00e4nderungen w\u00e4hrend der Nacht. Nach der Kalibrierung in der PLAY-Software passt das System den Fokus automatisch an und garantiert so stabile Ergebnisse auch bei schnellen Instrumenten (<em>f\/3 und mehr<\/em>).<\/p>\n<h3>Technische Daten<\/h3>\n<table>\n<tbody>\n<tr>\n<td><strong>Art des Teleskops<\/strong><\/td>\n<td>SC, EdgeHD, RASA, MAK180<\/td>\n<\/tr>\n<tr>\n<td><strong>Aufl\u00f6sung Motor<\/strong><\/td>\n<td>2 Millionen Schritte<\/td>\n<\/tr>\n<tr>\n<td><strong>Gewicht<\/strong><\/td>\n<td>440 g (1.0 lb)<\/td>\n<\/tr>\n<tr>\n<td><strong>Konnektivit\u00e4t<\/strong><\/td>\n<td>USB-C, Wi-Fi, ARCO-Anschluss, Temperatursensor<\/td>\n<\/tr>\n<tr>\n<td><strong>Ern\u00e4hrung<\/strong><\/td>\n<td>12 V DC (5,5\/2,5 mm, positives Zentrum)<\/td>\n<\/tr>\n<tr>\n<td><strong>Herstellung<\/strong><\/td>\n<td>Italien<\/td>\n<\/tr>\n<\/tbody>\n<\/table>\n<h3>Inhalt der Schachtel<\/h3>\n<p><img decoding=\"async\" src=\"https:\/\/www.primalucelab.com\/img\/cms\/sesto-senso-3-sc-robotic-focusing-motor-packing-list.jpg?1758008639487\" alt=\"SESTO SENSO 3 SC robotic focusing motor for SC type telescopes - packing list\" \/><\/p>\n<ul>\n<li>SESTO SENSO 3 SC<\/li>\n<li>Adapter und Montagematerial<\/li>\n<li>USB-C auf USB-A Kabel<\/li>\n<li>12-V-Netzkabel (Zigarettenanz\u00fcnderbuchse)<\/li>\n<li>Sechskantschl\u00fcssel f\u00fcr die Montage<\/li>\n<li>Schneller Installationsleitfaden<\/li>\n<\/ul>\n<p><em>Der SESTO SENSO 3 SC erweitert die Grenzen der Roboterfokussierung f\u00fcr Schmidt-Cassegrain-Teleskope und bietet Mikrometergenauigkeit, umfassende Softwarekompatibilit\u00e4t und nahtlose Integration in moderne Bildgebungssysteme.<\/em><\/p>","protected":false},"excerpt":{"rendered":"<p>SESTO SENSO 3 SC \u2013 Moteur de mise au point robotis\u00e9 pour t\u00e9lescopes Schmidt-Cassegrain SESTO SENSO 3 SC est le moteur de mise au point robotis\u00e9 le plus avanc\u00e9 jamais con\u00e7u par PrimaLuceLab pour les t\u00e9lescopes de type Schmidt-Cassegrain (SC) et assimil\u00e9s, \u00e9quip\u00e9s d\u2019un syst\u00e8me de mise au point interne. Il est compatible avec les [&hellip;]<\/p>\n","protected":false},"featured_media":11807,"comment_status":"open","ping_status":"closed","template":"","meta":[],"product_brand":[594],"product_cat":[609],"product_tag":[],"class_list":{"0":"post-11806","1":"product","2":"type-product","3":"status-publish","4":"has-post-thumbnail","6":"product_brand-primalucelab","7":"product_cat-systeme-de-map-robotique","9":"first","10":"on_supplier","11":"taxable","12":"shipping-taxable","13":"purchasable","14":"product-type-simple"},"_links":{"self":[{"href":"https:\/\/deep-space-astronomy.ch\/de\/wp-json\/wp\/v2\/product\/11806","targetHints":{"allow":["GET"]}}],"collection":[{"href":"https:\/\/deep-space-astronomy.ch\/de\/wp-json\/wp\/v2\/product"}],"about":[{"href":"https:\/\/deep-space-astronomy.ch\/de\/wp-json\/wp\/v2\/types\/product"}],"replies":[{"embeddable":true,"href":"https:\/\/deep-space-astronomy.ch\/de\/wp-json\/wp\/v2\/comments?post=11806"}],"wp:featuredmedia":[{"embeddable":true,"href":"https:\/\/deep-space-astronomy.ch\/de\/wp-json\/wp\/v2\/media\/11807"}],"wp:attachment":[{"href":"https:\/\/deep-space-astronomy.ch\/de\/wp-json\/wp\/v2\/media?parent=11806"}],"wp:term":[{"taxonomy":"product_brand","embeddable":true,"href":"https:\/\/deep-space-astronomy.ch\/de\/wp-json\/wp\/v2\/product_brand?post=11806"},{"taxonomy":"product_cat","embeddable":true,"href":"https:\/\/deep-space-astronomy.ch\/de\/wp-json\/wp\/v2\/product_cat?post=11806"},{"taxonomy":"product_tag","embeddable":true,"href":"https:\/\/deep-space-astronomy.ch\/de\/wp-json\/wp\/v2\/product_tag?post=11806"}],"curies":[{"name":"wp","href":"https:\/\/api.w.org\/{rel}","templated":true}]}}