{"id":11808,"date":"2025-11-08T07:18:17","date_gmt":"2025-11-08T06:18:17","guid":{"rendered":"https:\/\/deep-space-astronomy.ch\/?post_type=product&#038;p=11808"},"modified":"2025-11-08T07:18:31","modified_gmt":"2025-11-08T06:18:31","slug":"sesto-senso-3-ls-focuser-robotique-pour-objectifs-photo","status":"publish","type":"product","link":"https:\/\/deep-space-astronomy.ch\/de\/produkt\/sesto-senso-3-ls-focuser-robotique-pour-objectifs-photo\/","title":{"rendered":"Sesto Senso 3 LS - Roboter-Fokussierer f\u00fcr Fotoobjektive"},"content":{"rendered":"<h3>SESTO SENSO 3 LS - Roboter-Fokussiermotor f\u00fcr Fotoobjektive<\/h3>\n<p><strong>SESTO SENSO 3 LS<\/strong> ist PrimaLuceLabs fortschrittlichste robotergest\u00fctzte Fokussierungsmaschine, die sich den folgenden Themen widmet <strong>Fotoobjektive<\/strong>\u00a0(Canon, Nikon und andere). Sie wurde von den Versionen 1 und 2 \u00fcbernommen und f\u00fcgt exklusive Funktionen hinzu, die f\u00fcr die Astrofotografie mit Objektiven gedacht sind, und das alles in einer <strong>kompaktes All-in-One-Geh\u00e4use<\/strong> die notwendige Elektronik und Schnittstellen integriert.<\/p>\n<p><img decoding=\"async\" src=\"https:\/\/www.primalucelab.com\/img\/cms\/sesto-senso-3-ls-robotic-focusing-motor-banner.jpg\" alt=\"SESTO SENSO 3 LS robotic focusing motor for telephoto lenses\" \/><\/p>\n<h3>Wozu dient es?<\/h3>\n<p>In der Astrofotografie ist die <strong>Die Fokussierung (MAP) muss ultra-stabil bleiben.<\/strong> trotz Temperaturschwankungen, versehentlicher Drehung des MAP-Rings oder mechanischer Mikrospiele. Das SESTO SENSO 3 LS automatisiert die Fokussierung: Sie steuern den MAP-Ring des Objektivs. <strong>auf den Schritt genau<\/strong>, (USB-C), einem Smartphone\/Tablet (Wi-Fi\/Virtual HandPad) oder \u00fcber Software (PLAY\/ASCOM). Er erm\u00f6glicht au\u00dferdem <strong>automatisch zur\u00fcckkehren<\/strong> zur vorherigen Position zur\u00fcck, wenn der Ring ber\u00fchrt wurde (Automatic Position Recovery).<\/p>\n<p><img decoding=\"async\" src=\"https:\/\/www.primalucelab.com\/img\/cms\/sesto-senso-3-ls-robotic-focusing-motor-LGC.jpg\" alt=\"SESTO SENSO 3 LS robotic focusing motor for telephoto lenses\" \/><\/p>\n<h3>Was es von anderen SESTO SENSO 3 unterscheidet<\/h3>\n<ul>\n<li><strong>VS SESTO SENSO 3 (Externe Crayford\/R&amp;P)<\/strong> : Die Standardversion wird an den <em>externe Okularhalter<\/em> \u00fcber den <strong>SCC2<\/strong>. Die Version <strong>LS<\/strong> wird entworfen <em>speziell<\/em> f\u00fcr die <strong>Fotoobjektive<\/strong> und treibt ihren MAP-Ring direkt mit dem <strong>Lens Gear Clamp (LGC) (Objektiv-Gear-Klemme)<\/strong>, <strong>ohne Au\u00dfenriemen<\/strong>.<\/li>\n<li><strong>VS SESTO SENSO 3 SC (SC mit internem MAP)<\/strong> : die Version <strong>SC<\/strong> steuert die <em>interne Fokussierungen durch Spiegel<\/em> (Schmidt-Cassegrain\/EdgeHD\/RASA\/MAK180) \u00fcber den <strong>Direct Pulley Clamp (DPC)<\/strong> und bietet einen <strong>automatischer Kalibrierungsmodus<\/strong> des Bewegungsspielraums. Die Version <strong>LS<\/strong> ist gewidmet <strong>Fotoobjektive mit manuellem Ring<\/strong> und verwendet den <strong>LGC<\/strong>.<\/li>\n<\/ul>\n<p><img decoding=\"async\" src=\"https:\/\/www.primalucelab.com\/img\/cms\/sesto-senso-3-ls-robotic-focusing-motor-encoder.gif\" alt=\"SESTO SENSO 3 LS robotic focusing motor for telephoto lenses\" \/><\/p>\n<h3>St\u00e4rken (LS-Version)<\/h3>\n<ul>\n<li><strong>Kompaktes All-in-One-Fahrgestell<\/strong> f\u00fcr Fotoobjektive (Canon, Nikon und andere).<\/li>\n<li><strong>Eingebauter Encoder<\/strong> : Positionsverfolgung, manuelle Bewegungen ohne Referenzverlust m\u00f6glich, mit <em>Automatic Position Recovery<\/em> (einstellbare Verz\u00f6gerung von 0 bis 20 s).<\/li>\n<li><strong>Lens Gear Clamp (LGC) (Objektiv-Gear-Klemme)<\/strong> : Zahnradantrieb <strong>ohne Spiel<\/strong>, <strong>ohne Au\u00dfenriemen<\/strong>, Die MAP-Technologie erm\u00f6glicht eine fl\u00fcssige und pr\u00e4zise MAP.<\/li>\n<li><strong>Hochaufl\u00f6sender Motor<\/strong> : <strong>2 Millionen Schritte<\/strong> um den MAP-Ring von Teleobjektiven sehr fein zu steuern.<\/li>\n<li><strong>USB-C<\/strong> f\u00fcr die Steuerung von einem Computer aus (Windows\/EAGLE).<\/li>\n<li><strong>Wi-Fi + Virtual HandPad<\/strong> : Steuerung \u00fcber Smartphone\/Tablet, auch ohne PC.<\/li>\n<li><strong>PLAY-Kompatibilit\u00e4t<\/strong> : Positionskontrolle, <em>Autofokus<\/em>, Temperaturausgleich.<\/li>\n<li><strong>ASCOM-Treiber<\/strong> f\u00fcr Astrofotografie-Software von Drittanbietern.<\/li>\n<li><strong>Hafen ARCO<\/strong> : Direkte Verbindung des ARCO-Rotators (Daten + Strom \u00fcber ein einziges Kabel).<\/li>\n<li><strong>DARK Mode<\/strong> : Einstellbare LEDs, komplett abschaltbar.<\/li>\n<li><strong>GHOST Modus<\/strong> (mit EAGLE): Betrieb ohne USB-Kabel.<\/li>\n<li><strong>Anschluss Temperaturf\u00fchler<\/strong> f\u00fcr automatische MAP-Kompensation.<\/li>\n<li><strong>Italienische Herstellung<\/strong> \u2013 <strong>Gewicht :<\/strong> 515 g (1.1 lb).<\/li>\n<\/ul>\n<h3>Design und Konnektivit\u00e4t<\/h3>\n<p>Leichtes Geh\u00e4use mit seitlichen Anschl\u00fcssen : <strong>USB-C<\/strong> (PC\/EAGLE), <strong>ARCO-Hafen<\/strong> (Rotator), <strong>12-V-Stromversorgung<\/strong> (5,5\/2,5 mm, Mitte +) und <strong>Temperaturf\u00fchleranschluss<\/strong>. Die Status-LEDs sind <strong>skalierbar<\/strong> und abschaltbar, um Streulicht w\u00e4hrend der Belichtungen zu vermeiden.<\/p>\n<h3>Einfache Montage mit Lens Gear Clamp (LGC)<\/h3>\n<p>Die <strong>LGC<\/strong> ist f\u00fcr Fotoobjektive mit <strong>manueller Fokussierring<\/strong> (Canon, Nikon und andere). L\u2019<strong>Gummizahnrad<\/strong> treibt den MAP-Ring direkt an (<strong>ohne Riemen<\/strong>). Die <strong>Arca-Swiss-Klemme<\/strong> erm\u00f6glicht die Befestigung des SESTO SENSO 3 LS an einer <strong>Vixen-Bar PLUS<\/strong> f\u00fcr eine einfache Ausrichtung. Die MAP <strong>manuell bleibt m\u00f6glich<\/strong> zu jeder Zeit, wobei der Encoder die Position beibeh\u00e4lt.<\/p>\n<p>Wenn Ihr Objektiv nicht \u00fcber einen <em>L-Bracket<\/em> mit Fotogewinde zur Befestigung an der Vixen PLUS Stange, ein <strong>optionaler Sekund\u00e4rst\u00e4nder<\/strong> f\u00fcr Fotoobjektive ist verf\u00fcgbar, um Stabilit\u00e4t und Ausrichtung zu gew\u00e4hrleisten.<\/p>\n<p>Um die Haftung auf verschiedenen MAP-Ringen zu optimieren, k\u00f6nnen zwei <strong>austauschbare Gummizahnr\u00e4der<\/strong> werden mitgeliefert: eine f\u00fcr Ringe bis ~18 mm Breite und eine f\u00fcr dickere Ringe.<\/p>\n<p><strong>Kompatibilit\u00e4ten Beispiele<\/strong> (nicht ersch\u00f6pfend) :<\/p>\n<ul>\n<li>Nikkor Z 70-200 mm 1:2,8 VR S<\/li>\n<li>Nikkor Z 100-400 mm 1:4,5-5,6 VR S<\/li>\n<li>Nikkor Z 24-120 mm 1:4 S<\/li>\n<li>Nikkor Z 24-70 mm 1:4 S<\/li>\n<li>Und andere Teleobjektive mit manuellem MAP-Ring<\/li>\n<\/ul>\n<h3>Eingebauter Encoder und automatische Wiederaufnahme<\/h3>\n<p>Der hochaufl\u00f6sende Encoder verfolgt die Drehung der Motorwelle genau. Sie k\u00f6nnen <strong>den Objektivring mit der Hand drehen<\/strong> (LS eingeschaltet), ohne die Position zu verlieren. Die Funktion <strong>Automatic Position Recovery<\/strong> kann <strong>den MAP in die vorherige Position zur\u00fcckbringen<\/strong> nach einer manuellen\/unbeabsichtigten Drehung (Verz\u00f6gerung 0-20 s). <em>Bemerkung :<\/em> der Encoder erkennt die Motordrehung, keine eventuellen <em>interne Rutschungen<\/em> zum Mechanismus des Objektivs.<\/p>\n<h3>Technische Daten<\/h3>\n<table>\n<tbody>\n<tr>\n<td><strong>Verwendung<\/strong><\/td>\n<td>Fotografische Teleobjektive (Canon, Nikon usw.)<\/td>\n<\/tr>\n<tr>\n<td><strong>Trainingssystem<\/strong><\/td>\n<td><strong>LGC<\/strong> (Gummizahnrad, ohne externen Riemen)<\/td>\n<\/tr>\n<tr>\n<td><strong>Aufl\u00f6sung Motor<\/strong><\/td>\n<td><strong>2 Millionen Schritte<\/strong><\/td>\n<\/tr>\n<tr>\n<td><strong>Schnittstellen<\/strong><\/td>\n<td>USB-C, Wi-Fi (Virtual HandPad), ARCO-Anschluss, Temperatursensoranschluss<\/td>\n<\/tr>\n<tr>\n<td><strong>Funktionen<\/strong><\/td>\n<td>Autofokus (PLAY), ASCOM, DARK Mode, GHOST Mode (mit EAGLE)<\/td>\n<\/tr>\n<tr>\n<td><strong>Ern\u00e4hrung<\/strong><\/td>\n<td>12 V DC (5,5\/2,5 mm, positives Zentrum)<\/td>\n<\/tr>\n<tr>\n<td><strong>Gewicht<\/strong><\/td>\n<td><strong>515 g<\/strong> (1.1 lb)<\/td>\n<\/tr>\n<tr>\n<td><strong>Herstellung<\/strong><\/td>\n<td>Italien<\/td>\n<\/tr>\n<\/tbody>\n<\/table>\n<h3>Inhalt der Schachtel<\/h3>\n<ul>\n<li>SESTO SENSO 3 LS<\/li>\n<li><strong>Arca-Swiss-Halskette<\/strong> (Klemme)<\/li>\n<li><strong>Zahnr\u00e4der aus Gummi<\/strong> 6 mm und 18 mm<\/li>\n<li>USB-C auf USB-A Kabel<\/li>\n<li>12-V-Netzkabel (Zigarettenanz\u00fcnderbuchse)<\/li>\n<li>Sechskantschl\u00fcssel<\/li>\n<li>Schneller Installationsleitfaden<\/li>\n<\/ul>","protected":false},"excerpt":{"rendered":"<p>SESTO SENSO 3 LS \u2013 Moteur de mise au point robotis\u00e9 pour objectifs photo SESTO SENSO 3 LS est le moteur de mise au point robotis\u00e9 le plus avanc\u00e9 de PrimaLuceLab d\u00e9di\u00e9 aux objectifs photographiques\u00a0(Canon, Nikon, et autres). H\u00e9rit\u00e9 des versions 1 et 2, il ajoute des fonctions exclusives pens\u00e9es pour l\u2019astrophotographie avec objectifs, le [&hellip;]<\/p>\n","protected":false},"featured_media":11809,"comment_status":"open","ping_status":"closed","template":"","meta":[],"product_brand":[594],"product_cat":[609],"product_tag":[],"class_list":{"0":"post-11808","1":"product","2":"type-product","3":"status-publish","4":"has-post-thumbnail","6":"product_brand-primalucelab","7":"product_cat-systeme-de-map-robotique","9":"first","10":"on_supplier","11":"taxable","12":"shipping-taxable","13":"purchasable","14":"product-type-simple"},"_links":{"self":[{"href":"https:\/\/deep-space-astronomy.ch\/de\/wp-json\/wp\/v2\/product\/11808","targetHints":{"allow":["GET"]}}],"collection":[{"href":"https:\/\/deep-space-astronomy.ch\/de\/wp-json\/wp\/v2\/product"}],"about":[{"href":"https:\/\/deep-space-astronomy.ch\/de\/wp-json\/wp\/v2\/types\/product"}],"replies":[{"embeddable":true,"href":"https:\/\/deep-space-astronomy.ch\/de\/wp-json\/wp\/v2\/comments?post=11808"}],"wp:featuredmedia":[{"embeddable":true,"href":"https:\/\/deep-space-astronomy.ch\/de\/wp-json\/wp\/v2\/media\/11809"}],"wp:attachment":[{"href":"https:\/\/deep-space-astronomy.ch\/de\/wp-json\/wp\/v2\/media?parent=11808"}],"wp:term":[{"taxonomy":"product_brand","embeddable":true,"href":"https:\/\/deep-space-astronomy.ch\/de\/wp-json\/wp\/v2\/product_brand?post=11808"},{"taxonomy":"product_cat","embeddable":true,"href":"https:\/\/deep-space-astronomy.ch\/de\/wp-json\/wp\/v2\/product_cat?post=11808"},{"taxonomy":"product_tag","embeddable":true,"href":"https:\/\/deep-space-astronomy.ch\/de\/wp-json\/wp\/v2\/product_tag?post=11808"}],"curies":[{"name":"wp","href":"https:\/\/api.w.org\/{rel}","templated":true}]}}