{"id":11866,"date":"2025-11-12T15:05:39","date_gmt":"2025-11-12T14:05:39","guid":{"rendered":"https:\/\/deep-space-astronomy.ch\/?post_type=product&#038;p=11866"},"modified":"2025-11-12T15:05:53","modified_gmt":"2025-11-12T14:05:53","slug":"laser-de-collimation-bresser","status":"publish","type":"product","link":"https:\/\/deep-space-astronomy.ch\/de\/produkt\/laser-de-collimation-bresser\/","title":{"rendered":"BRESSER Kollimationslaser"},"content":{"rendered":"<div class=\"product-description\">\n<h3 style=\"text-align: center;\">Laserkollimator f\u00fcr Newton- &amp; Schmidt-Newton-Teleskope<\/h3>\n<p><strong>BEVOR SIE BEGINNEN<\/strong><br \/>\nDer Laserkollimator erm\u00f6glicht eine Einstellung (Kollimation) <em>schnell und einfach<\/em> Teleskope <strong>Newton<\/strong> und <strong>Schmidt-Newton<\/strong>.<\/p>\n<p><strong>Bemerkung :<\/strong> die Optik vom Typ <strong>Cassegrain<\/strong> und \u00e4hnliche Systeme <u>k\u00f6nnen nicht<\/u> mit diesem Laser kollimiert werden.<\/p>\n<h3>Zusammenstellung<\/h3>\n<ol>\n<li>Entfernen Sie das Okular oder die Staubschutzkappe vom Okularhalter.<\/li>\n<li>Setzen Sie den Kollimator Seite <strong>31,75 mm (1,25\u2033)<\/strong> in den Okularhalter ein und fixieren Sie ihn (Schalter <em>Ein\/Aus<\/em> nach oben gerichtet).<\/li>\n<li>Schalten Sie den Laser durch Dr\u00fccken des Schalters ein. Ein <strong>roter Punkt<\/strong> erscheint auf der Reflexionsfl\u00e4che: Das Ger\u00e4t ist bereit.<\/li>\n<\/ol>\n<h3>Einstellen des Teleskops<\/h3>\n<ol>\n<li>Der Strahl geht durch den Sekund\u00e4rspiegel zum Prim\u00e4rspiegel.<br \/>\nStellen Sie den <strong>Sekund\u00e4rspiegel<\/strong> damit der Strahl ankommt <strong>in der Mitte (Pastille)<\/strong> des Hauptspiegels.<br \/>\n<em>Anmerkung :<\/em> l\u00f6sen Sie niemals alle Schrauben gleichzeitig. Nur kleine Korrekturen (\u2248 <strong>\u00bc Drehung<\/strong>) sind in der Regel erforderlich.<\/li>\n<li>Passen Sie die Schrauben des <strong>Prim\u00e4rspiegel<\/strong> so dass der Strahl an sich selbst reflektiert wird und auf der Reflexionsfl\u00e4che des Kollimators als roter Punkt wieder erscheint.<\/li>\n<li>Verfeinern Sie, bis der Punkt <strong>genau zentriert<\/strong> auf der reflektierenden Oberfl\u00e4che.<\/li>\n<li>Falls vorhanden, ziehen Sie die Feststellschrauben des Hauptspiegels vorsichtig an. Der Punkt sollte weiterhin zentriert sein.<\/li>\n<\/ol>\n<h3>Einlegen \/ Wechseln der Batterien<\/h3>\n<p><strong>Wann wechseln?<\/strong> Wenn der Strahl schwach wird.<\/p>\n<ol>\n<li>\u00d6ffnen Sie den <strong>Batteriefachdeckel<\/strong>.<\/li>\n<li>Entfernen Sie die verbrauchten Batterien.<\/li>\n<li>Geben Sie  ein <strong>3 LR44*-Batterien<\/strong> in das Fach.<\/li>\n<li><strong>Wichtig :<\/strong> platzieren Sie den <strong>positiver Pol (+) \u00d6ffnungsseite<\/strong> des Fachs.<\/li>\n<li>Setzen Sie den Deckel wieder auf.<\/li>\n<\/ol>\n<h3>Pflege<\/h3>\n<ul>\n<li><strong>Reinigung :<\/strong> wischen Sie nur die Au\u00dfenseite mit einem <strong>trockenes Tuch<\/strong>.<\/li>\n<\/ul>\n<h3>\u00dcberpr\u00fcfen Sie die Ausrichtung der Laserdiode<\/h3>\n<ol>\n<li>Setzen Sie den Kollimator ein <em>ohne ihn festzuziehen<\/em> in den Okularhalter und schalten Sie es ein (die Kollimation des Teleskops ist hier nicht von Bedeutung).<\/li>\n<li>Machen Sie <strong>langsam drehen<\/strong> den Kollimator auf seiner Achse. Wenn der Punkt auf <strong>gleicher Ort<\/strong> auf dem Hauptspiegel ist die Diode richtig ausgerichtet.<\/li>\n<li>Wenn der Punkt einen <strong>Kreis<\/strong>, stellen Sie die Diode \u00fcber die <strong>Stellschraube<\/strong> mithilfe einer <strong>Inbusschl\u00fcssel*<\/strong> bis der Punkt w\u00e4hrend der Drehung fixiert bleibt.<\/li>\n<\/ol>\n<h3>Garantie<\/h3>\n<p>Garantie <strong>2 Jahre<\/strong> ab dem Kaufdatum.<\/p>\n<h3>Kompatibilit\u00e4t &amp; Spezifikationen<\/h3>\n<table border=\"1\" cellspacing=\"0\" cellpadding=\"8\">\n<tbody>\n<tr>\n<td><strong>Art des Instruments<\/strong><\/td>\n<td>Newton, Schmidt-Newton<\/td>\n<\/tr>\n<tr>\n<td><strong>Nicht kompatibel<\/strong><\/td>\n<td>Cassegrain und \u00e4hnliche Systeme<\/td>\n<\/tr>\n<tr>\n<td><strong>Format Okularhalter<\/strong><\/td>\n<td>31,75 mm (1,25\u2033)<\/td>\n<\/tr>\n<tr>\n<td><strong>Ern\u00e4hrung<\/strong><\/td>\n<td>3 \u00d7 LR44*<\/td>\n<\/tr>\n<\/tbody>\n<\/table>\n<p><small>*Zubeh\u00f6r je nach Version nicht im Lieferumfang enthalten.<\/small><\/p>\n<\/div>","protected":false},"excerpt":{"rendered":"<p>Collimateur Laser pour T\u00e9lescopes Newton &amp; Schmidt-Newton AVANT DE COMMENCER Le collimateur laser permet un r\u00e9glage (collimation) rapide et simple des t\u00e9lescopes Newton et Schmidt-Newton. Remarque : les optiques de type Cassegrain et syst\u00e8mes similaires ne peuvent pas \u00eatre collimat\u00e9s avec ce laser. Assemblage Retirez l\u2019oculaire ou le capuchon anti-poussi\u00e8re du porte-oculaire. Ins\u00e9rez le collimateur [&hellip;]<\/p>\n","protected":false},"featured_media":11867,"comment_status":"open","ping_status":"closed","template":"","meta":[],"product_brand":[807],"product_cat":[823],"product_tag":[],"class_list":{"0":"post-11866","1":"product","2":"type-product","3":"status-publish","4":"has-post-thumbnail","6":"product_brand-bresser","7":"product_cat-collimation","9":"first","10":"instock","11":"taxable","12":"shipping-taxable","13":"purchasable","14":"product-type-simple"},"_links":{"self":[{"href":"https:\/\/deep-space-astronomy.ch\/de\/wp-json\/wp\/v2\/product\/11866","targetHints":{"allow":["GET"]}}],"collection":[{"href":"https:\/\/deep-space-astronomy.ch\/de\/wp-json\/wp\/v2\/product"}],"about":[{"href":"https:\/\/deep-space-astronomy.ch\/de\/wp-json\/wp\/v2\/types\/product"}],"replies":[{"embeddable":true,"href":"https:\/\/deep-space-astronomy.ch\/de\/wp-json\/wp\/v2\/comments?post=11866"}],"wp:featuredmedia":[{"embeddable":true,"href":"https:\/\/deep-space-astronomy.ch\/de\/wp-json\/wp\/v2\/media\/11867"}],"wp:attachment":[{"href":"https:\/\/deep-space-astronomy.ch\/de\/wp-json\/wp\/v2\/media?parent=11866"}],"wp:term":[{"taxonomy":"product_brand","embeddable":true,"href":"https:\/\/deep-space-astronomy.ch\/de\/wp-json\/wp\/v2\/product_brand?post=11866"},{"taxonomy":"product_cat","embeddable":true,"href":"https:\/\/deep-space-astronomy.ch\/de\/wp-json\/wp\/v2\/product_cat?post=11866"},{"taxonomy":"product_tag","embeddable":true,"href":"https:\/\/deep-space-astronomy.ch\/de\/wp-json\/wp\/v2\/product_tag?post=11866"}],"curies":[{"name":"wp","href":"https:\/\/api.w.org\/{rel}","templated":true}]}}