{"id":12001,"date":"2025-11-21T14:41:34","date_gmt":"2025-11-21T13:41:34","guid":{"rendered":"https:\/\/deep-space-astronomy.ch\/?post_type=product&#038;p=12001"},"modified":"2026-03-17T19:34:33","modified_gmt":"2026-03-17T18:34:33","slug":"touptek-hope-d60","status":"publish","type":"product","link":"https:\/\/deep-space-astronomy.ch\/de\/produkt\/touptek-hope-d60\/","title":{"rendered":"ToupTek HOPE D60"},"content":{"rendered":"<h3 style=\"text-align: center;\">ToupTek HOPE D60 - Vollformat-PAPO-Refraktor 60 mm 1:4,66 f\u00fcr die Astrofotografie<\/h3>\n<p>Die <strong>ToupTek HOPE D60<\/strong> ist ein echter Astrograf im kompakten Format: Ein apochromatisches Fernrohr von <strong>60 mm Durchmesser<\/strong> und <strong>280 mm Brennweite<\/strong> (f\/4,66), ausgestattet mit einem <strong>PAPO-Optik (Planar Apochromatic)<\/strong> mit 5 Elementen und einem <strong>eingebauter Feldkorrektor<\/strong>. Es deckt m\u00fchelos einen Vollformatsensor (44 mm Bildkreis) ab und liefert gleichzeitig punktf\u00f6rmige Sterne von der Mitte bis in die Ecken, ohne dass eine zus\u00e4tzliche Korrektur oder komplizierte Backfocus-Berechnungen erforderlich sind.<\/p>\n<p>In erster Linie f\u00fcr die\u2019<strong>Deep-Sky-Astrofotografie<\/strong>, Dennoch ist die HOPE D60 auch f\u00fcr Anf\u00e4nger geeignet, die ein einfach zu spielendes und erweiterbares Instrument suchen. Sein kurzes, robustes Rohr, sein <strong>fokussieren von 3\u2033.<\/strong> mit Feinuntersetzung und seine M48\/M54-Schnittstellen machen ihn zu einem hervorragenden Begleiter sowohl f\u00fcr eine moderne Astrokamera als auch f\u00fcr ein Hybrid-Fotogeh\u00e4use.<\/p>\n<p><img decoding=\"async\" src=\"https:\/\/cdn.shopify.com\/s\/files\/1\/0833\/1532\/7288\/files\/HOPE_D60_detail_1.jpg\" alt=\"HOPE D60 Telescope Main Visual 1\" \/><\/p>\n<h3>Was ist die PAPO-Optikformel?<\/h3>\n<p>Die Formel <strong>PAPO (Planar Apochromatic)<\/strong> des HOPE D60 ist ein <strong>apochromatisches Objektiv mit 5 Linsen<\/strong> speziell f\u00fcr die Astrofotografie entwickelt :<\/p>\n<ul>\n<li><strong>5 Elemente in 3 Gruppen<\/strong> (PAPO), die Gl\u00e4ser kombiniert <strong>SD<\/strong> (geringe Streuung) und <strong>Lanthan<\/strong>, f\u00fcr eine <strong>fast keine chromatische Aberration<\/strong> und sehr naturgetreue Farben.<\/li>\n<li><strong>Flaches Design<\/strong> (planar) mit <strong>eingebauter Feldkorrektor<\/strong> - wird die Feldkr\u00fcmmung bereits in der Optik kompensiert, was zu einem <strong>vollkommen flaches Feld bis zum Rand eines Vollformatsensors<\/strong>.<\/li>\n<li>Der Korrektor ist <strong>in den optischen Zug integriert<\/strong> (und nicht als Zubeh\u00f6r hinzugef\u00fcgt), was:\n<ul>\n<li>reduziert das Risiko von Tilt und mechanischem Spiel,<\/li>\n<li>vereinfacht die optische Kette,<\/li>\n<li>vermeidet das Stapeln von Ringen und externen Korrekturmitteln.<\/li>\n<\/ul>\n<\/li>\n<\/ul>\n<p>Konkret bietet die PAPO-Formel <strong>runde, hochkonzentrierte Sterne<\/strong>, mit einer gleichm\u00e4\u00dfigen Sch\u00e4rfe \u00fcber das gesamte Bildfeld. Die optischen Tests zeigen einen <strong>RMS-Radius des Spots<\/strong> kleiner als <strong>1,1 \u00b5m in der Mitte<\/strong> und <strong>2,3 \u00b5m am Rand des Vollformats<\/strong>\u00a0: Man ist sehr nahe an der Beugungsgrenze. Das System beh\u00e4lt au\u00dferdem \u00fcber mehrere Wellenl\u00e4ngen hinweg eine nahezu identische Fokussierung bei, was eine <strong>gemeinsame Fokussierung f\u00fcr RGB<\/strong> und Sterne, die frei von Farbs\u00e4umen sind.<\/p>\n<p><img decoding=\"async\" src=\"https:\/\/cdn.shopify.com\/s\/files\/1\/0833\/1532\/7288\/files\/HOPE_D60_detail_8.jpg\" alt=\"HOPE D60 Telescope Spot Diagram\" \/><\/p>\n<h3>Optische Leistung: punktf\u00f6rmige Sterne und ein perfekt ausgeleuchtetes Feld<\/h3>\n<p>Die HOPE D60 wurde als schneller und perfekt korrigierter Astrograf f\u00fcr moderne Sensoren konzipiert:<\/p>\n<ul>\n<li><strong>Verh\u00e4ltnis f\/4,66<\/strong>\u00a0: kurze Brennweite von 280 mm f\u00fcr eine <strong>Gro\u00dffeld<\/strong> und ein <strong>hocheffiziente Lichtsammlung<\/strong>. Ideal f\u00fcr ausgedehnte Nebel, gro\u00dfe galaktische Felder, HII-Regionen usw.<\/li>\n<li><strong>Vollformatfeld (44 mm)<\/strong>\u00a0: Der Bildkreis deckt komfortabel 24\u00d736-mm-Sensoren mit <strong>klare Sterne bis in die Ecken<\/strong>.<\/li>\n<li><strong>Relative Beleuchtungsst\u00e4rke &gt; 90 % bei 22 mm<\/strong>\u00a0: Der Helligkeitsunterschied zwischen der Mitte und dem Rand des Sensors betr\u00e4gt &lt; 10 %, was die Vignettierung sehr stark einschr\u00e4nkt und weiche, leicht zu korrigierende Flats erm\u00f6glicht.<\/li>\n<li><strong>Hohe MTF<\/strong>\u00a0: Der HOPE D60 \u00fcbertrifft typischerweise <strong>0,95 bis 10 lp\/mm<\/strong> und bleibt \u00fcber <strong>0,85 bis 30 lp\/mm<\/strong>, Dies ist ein Zeichen f\u00fcr eine ausgezeichnete Aufl\u00f6sung und einen gleichm\u00e4\u00dfigen Kontrast \u00fcber das gesamte Bild.<\/li>\n<li><strong>Minimale L\u00e4ngsaberration<\/strong>\u00a0Die Sch\u00e4rfekurven in Abh\u00e4ngigkeit von der Wellenl\u00e4nge sind sehr eng, was eine hohe Genauigkeit gew\u00e4hrleistet. <strong>gemeinsamer Fokus von blau nach rot<\/strong> und ein scharfes Bild f\u00fcr die verschiedenen Filter.<\/li>\n<\/ul>\n<p>Die Kombination dieser Eigenschaften f\u00fchrt zu Bildern <strong>stark gen\u00e4ht, gleichm\u00e4\u00dfig und ohne weiche Ecken<\/strong>, Dies gilt auch f\u00fcr gro\u00dfe oder sehr anspruchsvolle Sensoren (feine Pixel).<\/p>\n<h3>Einfacher Backfokus und flaches natives Feld<\/h3>\n<p>Dank des <strong>integrierter Flattener<\/strong>, Die HOPE D60 funktioniert wie ein gebrauchsfertiger Astrograph:<\/p>\n<ul>\n<li><strong>Empfohlener Backfocus: 55 mm<\/strong> vom Gewindeauslass aus (tolerierbar ~50 bis 58 mm, 55 mm ist der Zielwert).<\/li>\n<li>Kein Bedarf an <strong>komplizierte Entfernungen berechnen<\/strong> noch einen externen Korrektor hinzuf\u00fcgen: Man begn\u00fcgt sich mit einer Standardkette (Kameraadapter + Ringe), um 55 mm zu erreichen.<\/li>\n<li>Dieser Ansatz verringert die Wahrscheinlichkeit von <strong>Tilt, Biegungen oder mechanische Fehlausrichtungen<\/strong> oft durch das Stapeln von Requisiten eingef\u00fchrt.<\/li>\n<\/ul>\n<p>Hinweis: Da Fokus und Backfocus f\u00fcr eine direkte Fotokette optimiert sind, ist die Verwendung eines <strong>abgewinkelte Umlenkung f\u00fcr die visuelle<\/strong> ist bei diesem Modell nicht empfehlenswert - der HOPE D60 ist wirklich als <strong>reines Astrophoto-Instrument<\/strong>.<\/p>\n<h3>Mechanisches Design: pr\u00e4ziser 3\u2033-Fokussierer und robustes Rohr<\/h3>\n<p>Die HOPE D60 ist nicht nur optisch ausgereift, sondern auch mechanisch sehr gut durchdacht:<\/p>\n<ul>\n<li><strong>Fokussierer von 3\u2033 mit Zahnstange\/Zahnrad<\/strong>, mit einer <strong>30 mm Hub<\/strong>, Einstellung <strong>schnell + Untersetzung 1:10<\/strong> f\u00fcr eine ultrapr\u00e4zise Fokussierung, die f\u00fcr moderne Kameras und Autofokus geeignet ist.<\/li>\n<li><strong>Skala und Fokussierfenster<\/strong>\u00a0: Einfaches Auffinden der idealen Position mit deinen verschiedenen Setups.<\/li>\n<li><strong>CNC-gefr\u00e4ste Aluminiumkonstruktion<\/strong>\u00a0: starrer Tubus, sehr gute Kollimationshaltung, Stabilit\u00e4t gegen\u00fcber Temperaturschwankungen und Vibrationen.<\/li>\n<li><strong>Geschw\u00e4rzte und gebaffte Innenr\u00f6hre<\/strong>\u00a0: Entfernen von Streulicht, um den Kontrast und die Sauberkeit der Bilder zu verbessern.<\/li>\n<li><strong>Zur\u00fcckziehbarer Nebelf\u00e4nger<\/strong>\u00a0: Sch\u00fctzt die Frontlinse, verhindert das Beschlagen der Linse und l\u00e4sst sich zusammenfalten, um weniger Platz zu beanspruchen.<\/li>\n<li><strong>Drehring (CAA) 360\u00b0<\/strong>\u00a0: erm\u00f6glicht <strong>die Kamera-\/Filterrad-Einheit schwenken<\/strong> ohne zu zerlegen, um den Bildausschnitt anzupassen, ohne den gesamten optischen Zug zu verstellen.<\/li>\n<li><strong>Multifunktionsgriff<\/strong> mit Steckpl\u00e4tzen f\u00fcr Zubeh\u00f6r (Sucher, Mini-Guidescope, ASIAIR\/StellaVita usw.).<\/li>\n<li><strong>Integrierte Schwalbenschwanzstange<\/strong> mit vorgebohrten Schlitzen, damit sie leicht an Ihre Halsketten und Platinen angepasst werden k\u00f6nnen.<\/li>\n<\/ul>\n<h3>Ultrakompaktes Format und einfacher Transport<\/h3>\n<p>Trotz seiner Leistung bleibt der HOPE D60 <strong>extrem kompakt<\/strong>\u00a0:<\/p>\n<ul>\n<li><strong>L\u00e4nge ca. 255 mm<\/strong> eingezogene Windschutzscheibe.<\/li>\n<li>Geringer Platzbedarf erm\u00f6glicht es <strong>in einer Fototasche unterbringen<\/strong> oder einen kleinen Transportkoffer.<\/li>\n<li>Perfekt f\u00fcr leichte Setups mit Reisefassungen, nomadische N\u00e4chte oder als <strong>zweite R\u00f6hre gro\u00dfes Feld<\/strong>.<\/li>\n<\/ul>\n<h3>M48- &amp; M54-Schnittstellen und erweiterte Kompatibilit\u00e4t<\/h3>\n<p>Der Ausgang des Fokussierers wurde so gestaltet, dass er sich leicht in moderne Astrofotoketten integrieren l\u00e4sst:<\/p>\n<ul>\n<li><strong>M48-Adapter im Lieferumfang enthalten<\/strong> standardm\u00e4\u00dfig: perfekt f\u00fcr die meisten Astrokameras und f\u00fcr T-Ringe von Hybrid-\/DSLR-Geh\u00e4usen.<\/li>\n<li><strong>Optionaler M54-Adapter<\/strong> verf\u00fcgbar f\u00fcr <strong>Sensoren mit gr\u00f6\u00dferem Format<\/strong> oder optische Z\u00fcge, die einen breiteren Durchgang ben\u00f6tigen (weniger mechanische Vignettierung).<\/li>\n<li>Kompatibel mit vielen <strong>Filterr\u00e4der, OAG und Fokussierungsmotoren<\/strong> des Marktes, dank standardisierter Schnittstellen.<\/li>\n<\/ul>\n<p>Die HOPE D60 ist auch f\u00fcr den Betrieb mit <strong>motorisierte Fokussierer<\/strong> von verschiedenen Marken, was die Integration in ein vollautomatisches Setup (Autofokus, lange Sequenzen, Remote usw.) vereinfacht.<\/p>\n<h3>Beispiele f\u00fcr Konfigurationen und Verwendungszwecke<\/h3>\n<p>Dank seiner Vielseitigkeit deckt der HOPE D60 ein sehr breites Spektrum an Einsatzm\u00f6glichkeiten ab:<\/p>\n<ul>\n<li><strong>Astrofotografie Deep Sky Wide Field<\/strong>\u00a0ausgedehnte Nebel, Molek\u00fclwolkenkomplexe, Regionen um die galaktische Ebene herum, gro\u00dfe offene Sternhaufen usw.<\/li>\n<li><strong>Astrofotografie von Mond und Sonne<\/strong> (mit passendem Filter): Sehr gute Aufl\u00f6sung und Kontrast dank der apochromatischen Optik und des flachen Feldes.<\/li>\n<li><strong>Verwendung als \u00abSuper-Teleobjektiv\u00bb.\u00bb<\/strong>\u00a0: Durch die Kopplung mit einer DSLR-\/Hybridkamera wird die HOPE D60 zu einer <strong>280-mm-Objektiv f\/4,66<\/strong> von sehr hoher Qualit\u00e4t, n\u00fctzlich auch f\u00fcr Tageslichtaufnahmen (Tiere, Landschaft usw.).<\/li>\n<li><strong>Nomadisches Setup<\/strong>\u00a0Leichte Montierung vom Typ HAE\/Star Adventurer\/\u00c4quivalent, gek\u00fchlte oder ungek\u00fchlte Farbkamera, HOPE D60, Controller vom Typ StellaVita oder ASIAIR - ein minimalistisches, aber \u00e4u\u00dferst leistungsf\u00e4higes Set.<\/li>\n<\/ul>\n<h3>Zusammenfassung der technischen Daten<\/h3>\n<table>\n<tbody>\n<tr>\n<td><strong>Art des Instruments<\/strong><\/td>\n<td>Apochromatischer Refraktor PAPO (Planar APO) 5 Elemente<\/td>\n<\/tr>\n<tr>\n<td><strong>Nutzbarer Durchmesser<\/strong><\/td>\n<td>60 mm<\/td>\n<\/tr>\n<tr>\n<td><strong>Brennweite<\/strong><\/td>\n<td>280 mm<\/td>\n<\/tr>\n<tr>\n<td><strong>Er\u00f6ffnungsbericht<\/strong><\/td>\n<td>f\/4,66<\/td>\n<\/tr>\n<tr>\n<td><strong>Bildkreis<\/strong><\/td>\n<td>44 mm (Vollformat)<\/td>\n<\/tr>\n<tr>\n<td><strong>Optisches Design<\/strong><\/td>\n<td>5 Linsen aus SD- &amp; Lanthan-Glas, integrierter Feldkorrektor (planar)<\/td>\n<\/tr>\n<tr>\n<td><strong>Bildqualit\u00e4t<\/strong><\/td>\n<td>Spot RMS &lt; 1,1 \u00b5m in der Mitte,  0,95 bei 10 lp\/mm, &gt; 0,85 bei 30 lp\/mm<\/td>\n<\/tr>\n<tr>\n<td><strong>Relative Illumination<\/strong><\/td>\n<td>&gt; 90 % am Rand des Vollformats (22 mm)<\/td>\n<\/tr>\n<tr>\n<td><strong>Backfocus empfohlen<\/strong><\/td>\n<td>55 mm (Bereich ~50-58 mm)<\/td>\n<\/tr>\n<tr>\n<td><strong>Fokussieren<\/strong><\/td>\n<td>3\u2033 Zahnstangen-\/Ritzelantrieb, Hub ~30 mm, doppelte Geschwindigkeit 1:10, Skala<\/td>\n<\/tr>\n<tr>\n<td><strong>Schnittstellen<\/strong><\/td>\n<td>M48 als Standard, M54-Adapter optional<\/td>\n<\/tr>\n<tr>\n<td><strong>L\u00e4nge des Rohrs<\/strong><\/td>\n<td>~255 mm eingezogene Nebelblende (sehr kompaktes Rohr)<\/td>\n<\/tr>\n<tr>\n<td><strong>R\u00f6hre &amp; Mechanik<\/strong><\/td>\n<td>CNC-gefr\u00e4stes Aluminium, innen geschw\u00e4rztes Rohr, einziehbarer Windschutz, Mehrzweckgriff, integrierter Schwalbenschwanz<\/td>\n<\/tr>\n<tr>\n<td><strong>Hauptnutzung<\/strong><\/td>\n<td>Deep Sky Astrofotografie Gro\u00dfes Feld, Mond-\/Sonnenfotografie (mit geeigneten Filtern), Teleobjektiv f\u00fcr Tageslichtaufnahmen<\/td>\n<\/tr>\n<\/tbody>\n<\/table>\n<h3>F\u00fcr wen ist das ToupTek HOPE D60 geeignet?<\/h3>\n<p>Der HOPE D60 richtet sich sowohl an den <strong>ehrgeiziger Anf\u00e4nger<\/strong> die ein einfaches, leistungsstarkes und entwicklungsf\u00e4higes Instrument wollen, als auch in der\u2019<strong>erfahrener Astrofotograf<\/strong> auf der Suche nach einem <strong>schneller, perfekt flacher und sehr kompakter Vollformat-Astrograf<\/strong>. Seine 5-Element-PAPO-Formel, sein 3\u2033-Fokussierer und seine modernen Schnittstellen machen es zu einem idealen Tubus, um die Vorteile aktueller Kameras und Geh\u00e4use voll auszusch\u00f6pfen - im Feld ebenso wie im festen oder mobilen Setup.<\/p>","protected":false},"excerpt":{"rendered":"<p>ToupTek HOPE D60 \u2013 R\u00e9fracteur PAPO plein format 60\u00a0mm f\/4,66 pour l\u2019astrophotographie Le ToupTek HOPE D60 est un v\u00e9ritable astrographe au format compact : une lunette apochromatique de 60\u00a0mm de diam\u00e8tre et 280\u00a0mm de focale (f\/4,66), dot\u00e9e d\u2019une optique PAPO (Planar Apochromatic) \u00e0 5 \u00e9l\u00e9ments et d\u2019un correcteur de champ int\u00e9gr\u00e9. Il couvre sans effort [&hellip;]<\/p>\n","protected":false},"featured_media":12002,"comment_status":"open","ping_status":"closed","template":"","meta":[],"product_brand":[831],"product_cat":[816,755],"product_tag":[],"class_list":{"0":"post-12001","1":"product","2":"type-product","3":"status-publish","4":"has-post-thumbnail","6":"product_brand-touptek","7":"product_cat-nouveautes","8":"product_cat-lunettes-apochromatiques","10":"first","11":"on_supplier","12":"taxable","13":"shipping-taxable","14":"purchasable","15":"product-type-simple"},"_links":{"self":[{"href":"https:\/\/deep-space-astronomy.ch\/de\/wp-json\/wp\/v2\/product\/12001","targetHints":{"allow":["GET"]}}],"collection":[{"href":"https:\/\/deep-space-astronomy.ch\/de\/wp-json\/wp\/v2\/product"}],"about":[{"href":"https:\/\/deep-space-astronomy.ch\/de\/wp-json\/wp\/v2\/types\/product"}],"replies":[{"embeddable":true,"href":"https:\/\/deep-space-astronomy.ch\/de\/wp-json\/wp\/v2\/comments?post=12001"}],"wp:featuredmedia":[{"embeddable":true,"href":"https:\/\/deep-space-astronomy.ch\/de\/wp-json\/wp\/v2\/media\/12002"}],"wp:attachment":[{"href":"https:\/\/deep-space-astronomy.ch\/de\/wp-json\/wp\/v2\/media?parent=12001"}],"wp:term":[{"taxonomy":"product_brand","embeddable":true,"href":"https:\/\/deep-space-astronomy.ch\/de\/wp-json\/wp\/v2\/product_brand?post=12001"},{"taxonomy":"product_cat","embeddable":true,"href":"https:\/\/deep-space-astronomy.ch\/de\/wp-json\/wp\/v2\/product_cat?post=12001"},{"taxonomy":"product_tag","embeddable":true,"href":"https:\/\/deep-space-astronomy.ch\/de\/wp-json\/wp\/v2\/product_tag?post=12001"}],"curies":[{"name":"wp","href":"https:\/\/api.w.org\/{rel}","templated":true}]}}