{"id":12007,"date":"2025-11-21T18:58:30","date_gmt":"2025-11-21T17:58:30","guid":{"rendered":"https:\/\/deep-space-astronomy.ch\/?post_type=product&#038;p=12007"},"modified":"2025-11-21T18:58:44","modified_gmt":"2025-11-21T17:58:44","slug":"celestron-skymaster-25x70-jumelles-geantes","status":"publish","type":"product","link":"https:\/\/deep-space-astronomy.ch\/de\/produkt\/celestron-skymaster-25x70-jumelles-geantes\/","title":{"rendered":"Celestron SkyMaster 25\u00d770 - Riesiges Fernglas"},"content":{"rendered":"<h3 style=\"text-align: center;\">Celestron SkyMaster 25\u00d770 - Riesiges Fernglas f\u00fcr astronomische Beobachtungen und gro\u00dfe Entfernungen<\/h3>\n<p>Die <strong>Celestron SkyMaster 25\u00d770<\/strong> sind riesige Ferngl\u00e4ser, die speziell f\u00fcr die\u2019<strong>Fernbeobachtung<\/strong> und die <strong>erste Schritte in der Astronomie<\/strong>. Mit einem <strong>25-fache Vergr\u00f6\u00dferung<\/strong> und gro\u00dfe <strong>70-mm-Objektive<\/strong>, Sie sammeln eine gro\u00dfe Menge an Licht und bieten detaillierte Ansichten des Mondes, von Sternhaufen, einigen Deep-Sky-Objekten, aber auch von entfernten terrestrischen Objekten (Schiffe, Reliefs, Tiere usw.).<\/p>\n<p>Robust, leicht zu handhaben und geliefert mit <strong>Stativadapter, Tasche, Gurt und Schutzvorrichtungen<\/strong>, Das SkyMaster 25\u00d770 ist die ideale Wahl f\u00fcr alle, die ein leistungsstarkes Fernglas f\u00fcr den Nachthimmel oder f\u00fcr die Beobachtung am Tag mit gro\u00dfer Reichweite suchen.<\/p>\n<h3>Helle 70-mm-Optik und 25-fache Vergr\u00f6\u00dferung<\/h3>\n<p>Die SkyMaster 25\u00d770 kombinieren einen <strong>25-fache Vergr\u00f6\u00dferung<\/strong> mit gro\u00dfen <strong>70-mm-Objektive<\/strong> :<\/p>\n<ul>\n<li><strong>25-fache Vergr\u00f6\u00dferung<\/strong>\u00a0: Vergr\u00f6\u00dfert das Ziel stark, ideal f\u00fcr den Mond, Krater, Berge, Details auf weit entfernten Objekten oder helle Sternhaufen.<\/li>\n<li><strong>70-mm-Objektive<\/strong>\u00a0: gro\u00dfe \u00d6ffnung bietet eine <strong>gute Helligkeit<\/strong>, Dies gilt insbesondere bei schlechten Lichtverh\u00e4ltnissen oder in der D\u00e4mmerung.<\/li>\n<li><strong>Brennweite der Objektive: 279,6 mm<\/strong>, Das entspricht einem optischen Verh\u00e4ltnis von etwa 1:4 und tr\u00e4gt zur guten Helligkeit des Bildes bei.<\/li>\n<\/ul>\n<p>Diese Kombination erm\u00f6glicht eine hohe Detailgenauigkeit und ist dennoch hell genug f\u00fcr die Freizeitastronomie und die terrestrische Beobachtung aus gro\u00dfer Entfernung.<\/p>\n<h3>Sichtfeld und Bedienungskomfort<\/h3>\n<p>Trotz der hohen Vergr\u00f6\u00dferung beh\u00e4lt dieses Fernglas einen <strong>nutzbares Sichtfeld<\/strong> und bequem f\u00fcr die Orientierung :<\/p>\n<ul>\n<li><strong>Winkliges Sichtfeld<\/strong>\u00a0: 2,7\u00b0.<\/li>\n<li><strong>Lineares Feld<\/strong>\u00a0: 141 ft bis 1000 yds (das entspricht etwa 47 m bis 1000 m).<\/li>\n<li><strong>Austrittspupille<\/strong>\u00a0: 2,8 mm.<\/li>\n<li><strong>Mindestentfernung zum Fokussieren<\/strong>\u00a0: 75 ft (ca. 23 m).<\/li>\n<\/ul>\n<p>Das Feld bleibt ausreichend, um ein Motiv zu verfolgen oder einen Bereich des Himmels abzusuchen. Die Austrittspupille von 2,8 mm eignet sich gut f\u00fcr die Beobachtung bei Nacht oder bei schwachem Licht, wobei die Auswirkungen der Aberrationen des Auges minimiert werden.<\/p>\n<h3>Komfort f\u00fcr Brillentr\u00e4ger<\/h3>\n<p>Die Celestron SkyMaster 25\u00d770 sind so konzipiert, dass sie auch mit Brille angenehm zu benutzen sind:<\/p>\n<ul>\n<li><strong>Augenrelief<\/strong> von 13 mm, geeignet f\u00fcr viele Brillentr\u00e4ger.<\/li>\n<li><strong>Dioptrieneinstellung<\/strong> von -4 bis +8 auf einem der Okulare, um die Unterschiede zwischen den beiden Augen auszugleichen.<\/li>\n<li><strong>Einstellbarer Pupillenabstand<\/strong> von 56 bis 72 mm und deckt damit die meisten K\u00f6rperformen ab.<\/li>\n<\/ul>\n<p>Diese Eigenschaften machen es einfach, eine bequeme Position und eine saubere Einstellung zu finden, selbst bei langen Beobachtungssessions.<\/p>\n<h3>Optische Qualit\u00e4t und BaK-4-Prismen<\/h3>\n<p>Um ein scharfes und kontrastreiches Bild zu liefern, verwenden die SkyMaster 25\u00d770 eine hochwertige Optik :<\/p>\n<ul>\n<li><strong>Prismen vom Typ Porro<\/strong> aus Glas <strong>BaK-4<\/strong>, Die <strong>gute Lichtdurchl\u00e4ssigkeit<\/strong> und gut definierten Pupillenr\u00e4ndern.<\/li>\n<li><strong>Multi-Coated-Optiken<\/strong>\u00a0: Mehrschichtige Verg\u00fctungen auf den Linsen verbessern den Kontrast, die Sch\u00e4rfe und die Farbtreue.<\/li>\n<li>Bild <strong>ultra-scharf \u00fcber das gesamte Sichtfeld<\/strong>, Das Teleskop ist sowohl f\u00fcr die Astronomie als auch f\u00fcr die Erdbeobachtung geeignet.<\/li>\n<\/ul>\n<p>Das Ergebnis ist ein helles Bild mit punktf\u00f6rmigeren Sternen und besser definierten Details bei weit entfernten Motiven.<\/p>\n<h3>Robuste Konstruktion und sicherer Griff<\/h3>\n<p>Die SkyMaster 25\u00d770 sind so konzipiert, dass sie regelm\u00e4\u00dfigem Gebrauch im Freien standhalten:<\/p>\n<ul>\n<li><strong>Gummibeschichtung<\/strong> \u00fcber die gesamte Fl\u00e4che und bietet eine <strong>fester Griff<\/strong> und begrenzen die Gefahr des Ausrutschens.<\/li>\n<li><strong>Schutz vor Feuchtigkeit<\/strong>\u00a0: Fernglas <strong>wasserbest\u00e4ndig<\/strong>, Sie sind f\u00fcr leicht feuchte Bodenbedingungen oder Tau geeignet.<\/li>\n<li>Solide Konstruktion, bereit f\u00fcr n\u00e4chtliche Ausfl\u00fcge, K\u00fcstenwanderungen oder Bergbeobachtungen.<\/li>\n<\/ul>\n<p>Hinweis: Dieses Fernglas ist nicht mit Stickstoff gef\u00fcllt, daher ist es nicht vollst\u00e4ndig wasserdicht oder gegen internes Beschlagen gesp\u00fclt, bietet aber dennoch einen guten Schutz f\u00fcr den normalen Gebrauch.<\/p>\n<h3>Verwendung auf einem Stativ empfohlen<\/h3>\n<p>Mit einer Vergr\u00f6\u00dferung von <strong>25x<\/strong> und ein Gewicht von ca. <strong>1,47 kg<\/strong> (52 oz) wird die Freihandbedienung schnell erm\u00fcdend und die Stabilit\u00e4t schwer zu halten. Celestron liefert daher :<\/p>\n<ul>\n<li>eine <strong>Stativadapter<\/strong> eingeschlossen,<\/li>\n<li>eine <strong>volle Kompatibilit\u00e4t mit den meisten Foto-\/Videostativen<\/strong>.<\/li>\n<\/ul>\n<p>Um das Potenzial dieses Fernglases - vor allem in der Astronomie - voll auszusch\u00f6pfen, ist ein <strong>stabiles Stativ<\/strong> wird dringend empfohlen. Es erm\u00f6glicht ein zitterfreies Gesichtsfeld und l\u00e4ngere Beobachtungen unter ausgezeichneten Komfortbedingungen.<\/p>\n<h3>Mitgeliefertes Zubeh\u00f6r und Transport<\/h3>\n<p>Die SkyMaster 25\u00d770 werden mit allem geliefert, was Sie ben\u00f6tigen, um sie einfach zu verwenden und zu transportieren:<\/p>\n<ul>\n<li><strong>Objektivkappen<\/strong>.<\/li>\n<li><strong>Stativadapter<\/strong>.<\/li>\n<li><strong>Rainguard<\/strong> (Schutz f\u00fcr die Augen).<\/li>\n<li><strong>Nylon-Tragetasche<\/strong> zur Aufbewahrung und f\u00fcr unterwegs.<\/li>\n<li><strong>Halsband<\/strong> um sie sicher zu tragen.<\/li>\n<li><strong>Reinigungstuch<\/strong> f\u00fcr die Linsen.<\/li>\n<li><strong>Anleitung<\/strong>.<\/li>\n<\/ul>\n<p>Ma\u00dfe: ca. <strong>220 mm x 110 mm x 280 mm<\/strong> (8,7\u2033 x 4,3\u2033 x 11,0\u2033), was sie zu einem imposanten Fernglas macht, das aber noch leicht in einer geeigneten Tasche transportiert werden kann.<\/p>\n<h3>Leistungen in der Astronomie<\/h3>\n<p>Dank ihrer \u00d6ffnung und Vergr\u00f6\u00dferung erm\u00f6glichen die SkyMaster 25\u00d770 den Zugang zu einer Vielzahl von Objekten am Nachthimmel:<\/p>\n<ul>\n<li><strong>Grenzmagnitude<\/strong> (unter gutem Himmel) bis ca. <strong>11,7<\/strong> (ideal), so dass man viele offene Sternhaufen, Kugelsternhaufen und einige helle Nebel sehen kann.<\/li>\n<li>In bescheideneren Verh\u00e4ltnissen bleibt man bei rund <strong>10,7<\/strong> (m\u00e4\u00dfiger Himmel) und <strong>9,7<\/strong> (verschmutzter Himmel).<\/li>\n<li>Die <strong>Mond<\/strong> enth\u00fcllt eine Vielzahl von Kratern, Reliefs, Mondmeeren und Schattenspielen.<\/li>\n<li>Die <strong>Sternhaufen<\/strong> wie die Plejaden, der Doppelsternhaufen des Perseus oder einige Messier-Objekte (M13, M11, etc.) sind sehr angenehm zu beobachten.<\/li>\n<\/ul>\n<p>Dieses Fernglas ist ein ausgezeichneter Kompromiss f\u00fcr alle, die den Himmel erkunden m\u00f6chten, ohne gleich in ein Teleskop zu investieren.<\/p>\n<h3>Detaillierte technische Daten<\/h3>\n<table>\n<tbody>\n<tr>\n<td><strong>Typ<\/strong><\/td>\n<td>Porroprismenfernglas f\u00fcr terrestrische und astronomische Beobachtungen<\/td>\n<\/tr>\n<tr>\n<td><strong>Vergr\u00f6\u00dferung<\/strong><\/td>\n<td>25x<\/td>\n<\/tr>\n<tr>\n<td><strong>Objektivdurchmesser<\/strong><\/td>\n<td>70 mm (2,75\u2033)<\/td>\n<\/tr>\n<tr>\n<td><strong>Brennweite der Objektive<\/strong><\/td>\n<td>279,63 mm (11\u2033)<\/td>\n<\/tr>\n<tr>\n<td><strong>Winkliges Sichtfeld<\/strong><\/td>\n<td>2,7\u00b0<\/td>\n<\/tr>\n<tr>\n<td><strong>Lineares Feld bei 1000 m<\/strong><\/td>\n<td>\u2248 47 m (141 ft bis 1000 yds)<\/td>\n<\/tr>\n<tr>\n<td><strong>Austrittspupille<\/strong><\/td>\n<td>2,8 mm<\/td>\n<\/tr>\n<tr>\n<td><strong>Augenrelief<\/strong><\/td>\n<td>13 mm<\/td>\n<\/tr>\n<tr>\n<td><strong>Mindestentfernung zum Fokussieren<\/strong><\/td>\n<td>75 ft (23 m)<\/td>\n<\/tr>\n<tr>\n<td><strong>Pupillendistanz<\/strong><\/td>\n<td>56 - 72 mm<\/td>\n<\/tr>\n<tr>\n<td><strong>Dioptrieneinstellung<\/strong><\/td>\n<td>-4 \u00e0 +8<\/td>\n<\/tr>\n<tr>\n<td><strong>D\u00e4mmerungsfaktor<\/strong><\/td>\n<td>41,83<\/td>\n<\/tr>\n<tr>\n<td><strong>Relative Helligkeit<\/strong><\/td>\n<td>7,84<\/td>\n<\/tr>\n<tr>\n<td><strong>Prismen<\/strong><\/td>\n<td>BaK-4, Typ Porro<\/td>\n<\/tr>\n<tr>\n<td><strong>Optische Behandlungen<\/strong><\/td>\n<td>Multi-Coated<\/td>\n<\/tr>\n<tr>\n<td><strong>Umweltschutz<\/strong><\/td>\n<td>Wasserbest\u00e4ndig (water resistant), nicht stickstoffgef\u00fcllt<\/td>\n<\/tr>\n<tr>\n<td><strong>Gewicht<\/strong><\/td>\n<td>52 oz (\u2248 1474 g)<\/td>\n<\/tr>\n<tr>\n<td><strong>Abmessungen<\/strong><\/td>\n<td>220 x 110 x 280 mm (8,7\u2033 x 4,3\u2033 x 11,0\u2033)<\/td>\n<\/tr>\n<tr>\n<td><strong>Stativgewinde<\/strong><\/td>\n<td>Ja, Stativadapter im Lieferumfang enthalten<\/td>\n<\/tr>\n<tr>\n<td><strong>Etui<\/strong><\/td>\n<td>Nylon-Tragetasche<\/td>\n<\/tr>\n<tr>\n<td><strong>Garantie<\/strong><\/td>\n<td>Begrenzte lebenslange Garantie (gem\u00e4\u00df Celestron-Bedingungen)<\/td>\n<\/tr>\n<\/tbody>\n<\/table>\n<h3>Solar-Sicherheitswarnung<\/h3>\n<p><strong>Achtung: Verwenden Sie dieses Fernglas niemals zur Beobachtung der Sonne, wenn Sie nicht \u00fcber einen geeigneten Spezialschutz verf\u00fcgen.<\/strong><\/p>\n<ul>\n<li><strong>Schauen Sie nie direkt in die Sonne<\/strong> mit blo\u00dfem Auge oder durch dieses Fernglas. Sie riskieren <strong>permanente und irreversible Augensch\u00e4den<\/strong>.<\/li>\n<li><strong>Projizieren Sie niemals das Bild der Sonne<\/strong> auf eine Oberfl\u00e4che mit dem Fernglas: Konzentrierte Hitze kann <strong>die Optik irreversibel sch\u00e4digen<\/strong> und Zubeh\u00f6r.<\/li>\n<li>Lassen Sie das Fernglas, das auf die Sonne gerichtet ist, nie unbeaufsichtigt, besonders wenn Kinder anwesend sind.<\/li>\n<\/ul>\n<p>Verwenden Sie f\u00fcr die Sonnenbeobachtung nur <strong>zertifizierte und angepasste Filter<\/strong> platziert <em>vor<\/em> die Ziele und halten Sie sich strikt an die Sicherheitshinweise.<\/p>\n<h3>F\u00fcr wen sind die Celestron SkyMaster 25\u00d770 geeignet?<\/h3>\n<p>Die Celestron SkyMaster 25\u00d770 richten sich an <strong>neugierig auf den Nachthimmel<\/strong>, zu <strong>Fans von fernen Landschaften<\/strong> und alle, die sich ein leistungsstarkes Fernglas w\u00fcnschen, um die Welt aus gro\u00dfer Entfernung zu erkunden. Sie stellen eine <strong>sehr attraktives Eingangstor zur Astronomie<\/strong>, Sie sind voll ausgestattet und bieten eine f\u00fcr ihre Klasse hervorragende optische Qualit\u00e4t.<\/p>","protected":false},"excerpt":{"rendered":"<p>Celestron SkyMaster 25&#215;70 \u2013 Jumelles g\u00e9antes pour l\u2019observation astronomique et longue distance Les Celestron SkyMaster 25&#215;70 sont des jumelles g\u00e9antes sp\u00e9cialement con\u00e7ues pour l\u2019observation \u00e0 longue distance et les premiers pas en astronomie. Avec un grossissement de 25x et de grandes objectifs de 70\u00a0mm, elles collectent une grande quantit\u00e9 de lumi\u00e8re et offrent des vues [&hellip;]<\/p>\n","protected":false},"featured_media":12008,"comment_status":"open","ping_status":"closed","template":"","meta":[],"product_brand":[413],"product_cat":[757],"product_tag":[],"class_list":{"0":"post-12007","1":"product","2":"type-product","3":"status-publish","4":"has-post-thumbnail","6":"product_brand-celestron","7":"product_cat-jumelles-lunettes_refracteurs","9":"first","10":"instock","11":"taxable","12":"shipping-taxable","13":"purchasable","14":"product-type-simple"},"_links":{"self":[{"href":"https:\/\/deep-space-astronomy.ch\/de\/wp-json\/wp\/v2\/product\/12007","targetHints":{"allow":["GET"]}}],"collection":[{"href":"https:\/\/deep-space-astronomy.ch\/de\/wp-json\/wp\/v2\/product"}],"about":[{"href":"https:\/\/deep-space-astronomy.ch\/de\/wp-json\/wp\/v2\/types\/product"}],"replies":[{"embeddable":true,"href":"https:\/\/deep-space-astronomy.ch\/de\/wp-json\/wp\/v2\/comments?post=12007"}],"wp:featuredmedia":[{"embeddable":true,"href":"https:\/\/deep-space-astronomy.ch\/de\/wp-json\/wp\/v2\/media\/12008"}],"wp:attachment":[{"href":"https:\/\/deep-space-astronomy.ch\/de\/wp-json\/wp\/v2\/media?parent=12007"}],"wp:term":[{"taxonomy":"product_brand","embeddable":true,"href":"https:\/\/deep-space-astronomy.ch\/de\/wp-json\/wp\/v2\/product_brand?post=12007"},{"taxonomy":"product_cat","embeddable":true,"href":"https:\/\/deep-space-astronomy.ch\/de\/wp-json\/wp\/v2\/product_cat?post=12007"},{"taxonomy":"product_tag","embeddable":true,"href":"https:\/\/deep-space-astronomy.ch\/de\/wp-json\/wp\/v2\/product_tag?post=12007"}],"curies":[{"name":"wp","href":"https:\/\/api.w.org\/{rel}","templated":true}]}}