{"id":12009,"date":"2025-11-21T18:59:55","date_gmt":"2025-11-21T17:59:55","guid":{"rendered":"https:\/\/deep-space-astronomy.ch\/?post_type=product&#038;p=12009"},"modified":"2025-11-21T19:03:19","modified_gmt":"2025-11-21T18:03:19","slug":"celestron-skymaster-20x80-jumelles-dastronomie","status":"publish","type":"product","link":"https:\/\/deep-space-astronomy.ch\/de\/produkt\/celestron-skymaster-20x80-jumelles-dastronomie\/","title":{"rendered":"Celestron SkyMaster 20\u00d780 - Astronomisches Fernglas"},"content":{"rendered":"<h3 style=\"text-align: center;\">Celestron SkyMaster 20\u00d780 - Hell leuchtendes Riesenzwillingsfernglas f\u00fcr Fernbeobachtung und Astronomie<\/h3>\n<p>Die <strong>Celestron SkyMaster 20\u00d780<\/strong> geh\u00f6ren zu den beliebtesten Riesenferngl\u00e4sern f\u00fcr Astronomie und Erdbeobachtung aus gro\u00dfer Entfernung. Mit einem <strong>20-fache Vergr\u00f6\u00dferung<\/strong> und riesige <strong>80-mm-Objektive<\/strong>, Sie sind so konzipiert, dass sie bei schlechten Lichtverh\u00e4ltnissen maximale Helligkeit und bei weit entfernten Motiven eine beeindruckende Detailgenauigkeit bieten.<\/p>\n<p>Dank ihrer <strong>Porro-Prismen BaK-4<\/strong>, ihre <strong>mehrschichtige Linsen<\/strong> und ihre <strong>sehr genaue Fokussierung<\/strong>, Das SkyMaster 20\u00d780 bietet ein helles, kontrastreiches Bildfeld, das sich perfekt f\u00fcr die Beobachtung des Nachthimmels, von Landschaften, Bergen oder entfernten Objekten eignet. Dar\u00fcber hinaus verf\u00fcgen sie \u00fcber eine <strong>integrierte Stativadapterstange<\/strong>, Dies ist besonders n\u00fctzlich, wenn man bedenkt, wie viel Gewicht und Kraft sie haben.<\/p>\n<h3>Riesige 80-mm-Objektive: maximale Helligkeit<\/h3>\n<p>Die Ziele von <strong>80 mm<\/strong> sammeln viel mehr Licht als ein Standardfernglas, was :<\/p>\n<ul>\n<li>eine <strong>ausgezeichnete Sichtbarkeit in der D\u00e4mmerung<\/strong> und unter dunklen Bedingungen ;<\/li>\n<li>eine einfache Beobachtung der <strong>helle Deep-Sky-Objekte<\/strong> (Sternhaufen, Nebel, Mehrfachsterne) ;<\/li>\n<li>eine F\u00e4higkeit zur Unterscheidung von <strong>Details \u00fcber weit entfernte irdische Themen<\/strong> ;<\/li>\n<li>eine <strong>hoher D\u00e4mmerungsfaktor<\/strong> von 40, ein Garant f\u00fcr Leistung bei schlechten Lichtverh\u00e4ltnissen.<\/li>\n<\/ul>\n<p>Die Brennweite der Objektive (328,6 mm) ergibt ein Lichtverh\u00e4ltnis von etwa 1:4,1 - sehr effektiv, um die Helligkeit der betrachteten Objekte zu maximieren.<\/p>\n<h3>20-fache Vergr\u00f6\u00dferung: perfekt f\u00fcr Astronomie und gro\u00dfe Entfernungen<\/h3>\n<p>Die Vergr\u00f6\u00dferung <strong>20x<\/strong> ist ein sehr guter Kompromiss zwischen Leistung und Benutzerkomfort :<\/p>\n<ul>\n<li>stark genug, um zu offenbaren <strong>die Monddetails<\/strong>, Sie k\u00f6nnen sich auch auf Sternhaufen oder weit entfernte Landschaftselemente konzentrieren; ;<\/li>\n<li>stabiler als 25x oder 30x und trotzdem sehr immersiv; ;<\/li>\n<li>eignet sich sowohl f\u00fcr die Astronomie als auch f\u00fcr die Beobachtung bei Tageslicht.<\/li>\n<\/ul>\n<p>Verbunden mit einer Austrittspupille von <strong>4 mm<\/strong>, Im Vergleich zu Modellen mit kleineren Pupillen bietet dieses Fernglas einen deutlich h\u00f6heren Beobachtungskomfort bei schwachem Licht.<\/p>\n<h3>Gro\u00dfes Sichtfeld und bequeme Beobachtung<\/h3>\n<p>Trotz ihrer St\u00e4rke bieten die SkyMaster 20\u00d780 ein Feld, das angenehm zu nutzen ist:<\/p>\n<ul>\n<li><strong>Winkelfeld<\/strong> : 3,7\u00b0<\/li>\n<li><strong>Lineares Feld<\/strong> : 195 ft bis 1000 yds (\u2248 65 m bis 1000 m)<\/li>\n<li><strong>Mindestentfernung zum Fokussieren<\/strong> : 33 m<\/li>\n<li><strong>Au\u00dfergew\u00f6hnliches Augenrelief<\/strong> von 18 mm - ideal f\u00fcr Brillentr\u00e4gerinnen und -tr\u00e4ger<\/li>\n<\/ul>\n<p>Die Beobachtung ist also immersiv, hell und komfortabel zugleich, selbst bei langen Sitzungen.<\/p>\n<h3>BaK-4-Prismen und Multi-Coated-Optiken<\/h3>\n<p>Die optische Qualit\u00e4t ist eine der St\u00e4rken der SkyMaster 20\u00d780. Es sind enthalten:<\/p>\n<ul>\n<li><strong>Porro-Prismen aus Glas BaK-4<\/strong> f\u00fcr eine hohe Lichtdurchl\u00e4ssigkeit und eine perfekt scharfe Pupille.<\/li>\n<li><strong>Multi-Coated-Behandlungen<\/strong> auf Linsen f\u00fcr einen <strong>verst\u00e4rkter Kontrast<\/strong> und eine Reduzierung von Spiegelungen.<\/li>\n<li><strong>Sehr scharfe Fokussierung<\/strong> \u00fcber das gesamte Feld dank des optimierten internen Fokussierungssystems.<\/li>\n<\/ul>\n<p>Das Ergebnis: helle Bilder, punktgenauere Sterne und eine visuelle Qualit\u00e4t, die den Anforderungen der Amateurastronomie entspricht.<\/p>\n<h3>Robuste Konstruktion und sicherer Griff<\/h3>\n<p>Die SkyMaster 20\u00d780 bieten eine solide und zuverl\u00e4ssige Konstruktion :<\/p>\n<ul>\n<li><strong>Gummibeschichtung<\/strong> f\u00fcr eine <strong>optimale Haftung<\/strong> und einen guten Schutz vor leichten St\u00f6\u00dfen.<\/li>\n<li><strong>Wasserbest\u00e4ndigkeit<\/strong> (water resistant) f\u00fcr den Einsatz im Freien.<\/li>\n<li>Langlebige Struktur, ideal f\u00fcr die Berge, die K\u00fcste oder f\u00fcr Beobachtungsn\u00e4chte.<\/li>\n<\/ul>\n<p>Beachten Sie: Das Fernglas ist nicht mit Stickstoff gef\u00fcllt, daher ist es nicht v\u00f6llig dicht gegen innere Beschlagnahme.<\/p>\n<h3>Integrierte Stativstange: maximale Stabilit\u00e4t<\/h3>\n<p>Angesichts ihres gro\u00dfen Gewichts (<strong>2,126 kg<\/strong>) und ihrer Vergr\u00f6\u00dferung, erfordert eine komfortable Beobachtung die Verwendung eines Stativs. Celestron erleichtert dies durch :<\/p>\n<ul>\n<li>eine <strong>integrierte Stativadapterstange<\/strong>, Der Adapter ist stabiler als ein einfacher geschraubter Adapter; ;<\/li>\n<li>eine <strong>universelle Kompatibilit\u00e4t<\/strong> mit den meisten Foto- und Videostativen.<\/li>\n<\/ul>\n<p>Mit einem Stativ entfaltet das SkyMaster 20\u00d780 seine ganze optische Qualit\u00e4t und wird zu einem gef\u00fcrchteten Instrument, um den Himmel oder ferne Landschaften zu erforschen.<\/p>\n<h3>Inklusive Zubeh\u00f6r<\/h3>\n<p>Das Fernglas wird gebrauchsfertig mit allem wichtigen Zubeh\u00f6r geliefert:<\/p>\n<ul>\n<li><strong>Objektivkappen<\/strong><\/li>\n<li><strong>Rainguard<\/strong> (Schutz f\u00fcr Augen)<\/li>\n<li><strong>Nylon-Tragetasche<\/strong><\/li>\n<li><strong>Halsband<\/strong><\/li>\n<li><strong>Reinigungstuch<\/strong><\/li>\n<li><strong>Anleitung<\/strong><\/li>\n<\/ul>\n<h3>Leistungen in der Astronomie<\/h3>\n<p>Mit ihren gro\u00dfen Linsen und der komfortablen Austrittspupille sind die SkyMaster 20\u00d780 eine ausgezeichnete Wahl f\u00fcr den Nachthimmel :<\/p>\n<ul>\n<li><strong>Grenzmagnitude<\/strong> : bis <strong>12,0<\/strong> unter ausgezeichnetem Himmel.<\/li>\n<li>In gem\u00e4\u00dfigtem Himmel : <strong>11,0<\/strong> ungef\u00e4hr.<\/li>\n<li>In mittelm\u00e4\u00dfigem Himmel : <strong>10,0<\/strong>.<\/li>\n<li>Sehr sch\u00f6ne Aussichten auf die <strong>Mond<\/strong>, Es gibt viele verschiedene Arten von Sternhaufen, wie offene Sternhaufen (Plejaden, Hyaden), Kugelsternhaufen (M13, M3), helle Nebel und so weiter.<\/li>\n<\/ul>\n<p>F\u00fcr einen motivierten Anf\u00e4nger oder einen Amateur, der eine einfache, aber leistungsstarke L\u00f6sung sucht, bietet dieses Fernglas einen echten Einstieg in die Astronomie.<\/p>\n<h3>Detaillierte technische Daten<\/h3>\n<table>\n<tbody>\n<tr>\n<td><strong>Typ<\/strong><\/td>\n<td>Riesiges Fernglas mit Porroprismen<\/td>\n<\/tr>\n<tr>\n<td><strong>Vergr\u00f6\u00dferung<\/strong><\/td>\n<td>20x<\/td>\n<\/tr>\n<tr>\n<td><strong>Objektivdurchmesser<\/strong><\/td>\n<td>80 mm (3,15\u2033)<\/td>\n<\/tr>\n<tr>\n<td><strong>Brennweite der Objektive<\/strong><\/td>\n<td>328,6 mm (12,94\u2033)<\/td>\n<\/tr>\n<tr>\n<td><strong>Winkelfeld<\/strong><\/td>\n<td>3,7\u00b0<\/td>\n<\/tr>\n<tr>\n<td><strong>Lineares Feld bei 1000 m<\/strong><\/td>\n<td>\u2248 65 m (195 ft bis 1000 yds)<\/td>\n<\/tr>\n<tr>\n<td><strong>Austrittspupille<\/strong><\/td>\n<td>4 mm<\/td>\n<\/tr>\n<tr>\n<td><strong>Augenrelief<\/strong><\/td>\n<td>18 mm<\/td>\n<\/tr>\n<tr>\n<td><strong>Mindestentfernung zum Fokussieren<\/strong><\/td>\n<td>33 m (108 ft)<\/td>\n<\/tr>\n<tr>\n<td><strong>Pupillendistanz<\/strong><\/td>\n<td>56 - 72 mm<\/td>\n<\/tr>\n<tr>\n<td><strong>Dioptrieneinstellung<\/strong><\/td>\n<td>-4 \u00e0 +8<\/td>\n<\/tr>\n<tr>\n<td><strong>D\u00e4mmerungsfaktor<\/strong><\/td>\n<td>40<\/td>\n<\/tr>\n<tr>\n<td><strong>Relative Helligkeit<\/strong><\/td>\n<td>16<\/td>\n<\/tr>\n<tr>\n<td><strong>Prismen<\/strong><\/td>\n<td>BaK-4, Porro<\/td>\n<\/tr>\n<tr>\n<td><strong>Optische Behandlungen<\/strong><\/td>\n<td>Multi-Coated<\/td>\n<\/tr>\n<tr>\n<td><strong>Umweltschutz<\/strong><\/td>\n<td>Wasserbest\u00e4ndig (water resistant), nicht mit Stickstoff gesp\u00fclt<\/td>\n<\/tr>\n<tr>\n<td><strong>Gewicht<\/strong><\/td>\n<td>2126 g (75 oz)<\/td>\n<\/tr>\n<tr>\n<td><strong>Abmessungen<\/strong><\/td>\n<td>228 \u00d7 120 \u00d7 325 mm (9,0\u2033 \u00d7 4,7\u2033 \u00d7 12,8\u2033)<\/td>\n<\/tr>\n<tr>\n<td><strong>Stativ<\/strong><\/td>\n<td>Integrierte Adaption - Stativ dringend empfohlen<\/td>\n<\/tr>\n<tr>\n<td><strong>Etui<\/strong><\/td>\n<td>Weiche Nylonh\u00fclle<\/td>\n<\/tr>\n<tr>\n<td><strong>Garantie<\/strong><\/td>\n<td>Begrenzte lebenslange Garantie (gem\u00e4\u00df Celestron-Bedingungen)<\/td>\n<\/tr>\n<\/tbody>\n<\/table>\n<h3>Solar-Sicherheitswarnung<\/h3>\n<p><strong>Beobachten Sie die Sonne niemals mit diesem Fernglas ohne einen geeigneten zertifizierten Sonnenfilter.<\/strong><\/p>\n<ul>\n<li>Schauen Sie niemals mit oder ohne Optik direkt in die Sonne: Gefahr von <strong>irreversible Augensch\u00e4den<\/strong>.<\/li>\n<li>Projizieren Sie niemals ein Bild der Sonne \u00fcber das Fernglas: Gefahr von <strong>innere Besch\u00e4digung durch Hitze<\/strong>.<\/li>\n<li>Lassen Sie das Instrument nicht unbeaufsichtigt, insbesondere wenn Kinder anwesend sind.<\/li>\n<\/ul>\n<h3>F\u00fcr wen sind die Celestron SkyMaster 20\u00d780?<\/h3>\n<p>Dieses Fernglas richtet sich an <strong>Amateurastronomen<\/strong>, zu <strong>Naturbeobachter<\/strong> und Langstreckenfans, die eine helle, leistungsstarke und immersive Optik w\u00fcnschen. Sie stellen einen hervorragenden Kompromiss zwischen Leistung, Preis, Vielseitigkeit und Bedienkomfort dar.<\/p>","protected":false},"excerpt":{"rendered":"<p>Celestron SkyMaster 20&#215;80 \u2013 Jumelles g\u00e9antes haute luminosit\u00e9 pour observation longue distance et astronomie Les Celestron SkyMaster 20&#215;80 font partie des jumelles g\u00e9antes les plus appr\u00e9ci\u00e9es des amateurs d\u2019astronomie et d\u2019observation terrestre \u00e0 longue distance. Avec un grossissement de 20x et d\u2019immenses objectifs de 80\u00a0mm, elles sont con\u00e7ues pour offrir une luminosit\u00e9 maximale en conditions [&hellip;]<\/p>\n","protected":false},"featured_media":12010,"comment_status":"open","ping_status":"closed","template":"","meta":[],"product_brand":[413],"product_cat":[757],"product_tag":[],"class_list":{"0":"post-12009","1":"product","2":"type-product","3":"status-publish","4":"has-post-thumbnail","6":"product_brand-celestron","7":"product_cat-jumelles-lunettes_refracteurs","9":"first","10":"instock","11":"taxable","12":"shipping-taxable","13":"purchasable","14":"product-type-simple"},"_links":{"self":[{"href":"https:\/\/deep-space-astronomy.ch\/de\/wp-json\/wp\/v2\/product\/12009","targetHints":{"allow":["GET"]}}],"collection":[{"href":"https:\/\/deep-space-astronomy.ch\/de\/wp-json\/wp\/v2\/product"}],"about":[{"href":"https:\/\/deep-space-astronomy.ch\/de\/wp-json\/wp\/v2\/types\/product"}],"replies":[{"embeddable":true,"href":"https:\/\/deep-space-astronomy.ch\/de\/wp-json\/wp\/v2\/comments?post=12009"}],"wp:featuredmedia":[{"embeddable":true,"href":"https:\/\/deep-space-astronomy.ch\/de\/wp-json\/wp\/v2\/media\/12010"}],"wp:attachment":[{"href":"https:\/\/deep-space-astronomy.ch\/de\/wp-json\/wp\/v2\/media?parent=12009"}],"wp:term":[{"taxonomy":"product_brand","embeddable":true,"href":"https:\/\/deep-space-astronomy.ch\/de\/wp-json\/wp\/v2\/product_brand?post=12009"},{"taxonomy":"product_cat","embeddable":true,"href":"https:\/\/deep-space-astronomy.ch\/de\/wp-json\/wp\/v2\/product_cat?post=12009"},{"taxonomy":"product_tag","embeddable":true,"href":"https:\/\/deep-space-astronomy.ch\/de\/wp-json\/wp\/v2\/product_tag?post=12009"}],"curies":[{"name":"wp","href":"https:\/\/api.w.org\/{rel}","templated":true}]}}