{"id":12011,"date":"2025-11-21T19:05:19","date_gmt":"2025-11-21T18:05:19","guid":{"rendered":"https:\/\/deep-space-astronomy.ch\/?post_type=product&#038;p=12011"},"modified":"2026-01-20T18:41:37","modified_gmt":"2026-01-20T17:41:37","slug":"celestron-skymaster-25x100-jumelles-dastronomie","status":"publish","type":"product","link":"https:\/\/deep-space-astronomy.ch\/de\/produkt\/celestron-skymaster-25x100-jumelles-dastronomie\/","title":{"rendered":"Celestron SkyMaster 25\u00d7100 - Astronomisches Fernglas"},"content":{"rendered":"<h3 style=\"text-align: center;\">Celestron SkyMaster 25\u00d7100 - Riesiges Fernglas f\u00fcr die Astronomie<\/h3>\n<p>Die <strong>Celestron SkyMaster 25\u00d7100<\/strong> repr\u00e4sentieren die Spitze der SkyMaster-Reihe: von <strong>100-mm-Riesenfernglas<\/strong> mit einem <strong>25-fache Vergr\u00f6\u00dferung<\/strong>, Diese Ferngl\u00e4ser sind so konzipiert, dass sie die Leistung eines kleinen Teleskops bieten, ohne den Sehkomfort eines Fernglases zu beeintr\u00e4chtigen.<br \/>\nSie sind ideal f\u00fcr die Astronomie, die Beobachtung \u00fcber gro\u00dfe Entfernungen, das Auffinden von Deep-Sky-Objekten, die Untersuchung ferner Landschaften oder die Beobachtung auf See.<\/p>\n<p>Dank ihrer enormen Lichtsammlung k\u00f6nnen ihre <strong>BaK-4-Prismen<\/strong> und ihre <strong>mehrschichtige Linsen<\/strong>, Dieses Fernglas liefert helle, kontrastreiche und detailreiche Bilder. Dank ihrer robusten Konstruktion und der M\u00f6glichkeit, sie auf einem Stativ zu montieren, eignen sie sich perfekt f\u00fcr anspruchsvolle Astronomiefans.<\/p>\n<h3>Riesige 100-mm-Objektive: Au\u00dfergew\u00f6hnliche Lichtst\u00e4rke<\/h3>\n<p>Die SkyMaster 25\u00d7100 sind mit massiven Objektiven von <strong>100 mm<\/strong>, Sie sind in der Lage, sehr viel Licht zu sammeln. Dies erm\u00f6glicht :<\/p>\n<ul>\n<li>eine verst\u00e4rkte Sichtbarkeit in den <strong>dunkle Bedingungen<\/strong> und unter dem Nachthimmel ;<\/li>\n<li>den Zugang zu <strong>Deep-Sky-Objekte<\/strong> geringer als bei 70- oder 80-mm-Modellen; ;<\/li>\n<li>eine detaillierte Beobachtung komplexer Sternregionen ;<\/li>\n<li>eine ausgezeichnete Helligkeit f\u00fcr gro\u00dfe Entfernungen auf der Erde ;<\/li>\n<li>eine <strong>sehr hoher D\u00e4mmerungsfaktor<\/strong> von 50, perfekt f\u00fcr schwaches Licht.<\/li>\n<\/ul>\n<p>Bei einer Brennweite der Objektive von <strong>417 mm<\/strong>, Dieses Fernglas hat ein Lichtverh\u00e4ltnis von ca. 1:4,2, was sehr effektiv ist, um die Klarheit von Nachtbildern zu maximieren.<\/p>\n<h3>25-fache Vergr\u00f6\u00dferung: Monddetails und helle stellaren Objekte<\/h3>\n<p>Die Vergr\u00f6\u00dferung <strong>25x<\/strong> liefert eine bemerkenswerte Detailgenauigkeit :<\/p>\n<ul>\n<li>klar definierte Mondkrater, Bergketten, Rimae und Mondmeere ;<\/li>\n<li>reiche Sternhaufen wie die Plejaden, der Doppelsternhaufen des Perseus, M7, M11 ;<\/li>\n<li>Kugelsternhaufen wie <strong>M13<\/strong> oder <strong>M3<\/strong> erscheinen k\u00f6rnig ;<\/li>\n<li>bestimmte leuchtende Nebel ;<\/li>\n<li>Details \u00fcber extrem weit entfernte irdische Themen.<\/li>\n<\/ul>\n<p>Diese Vergr\u00f6\u00dferung ist stark, aber dennoch brauchbar, wenn Sie einen <strong>stabiles Stativ<\/strong>.<\/p>\n<h3>Breites Sichtfeld trotz hoher Leistung<\/h3>\n<p>Die SkyMaster 25\u00d7100 bieten ein f\u00fcr ihre Klasse gro\u00dfz\u00fcgiges Sichtfeld :<\/p>\n<ul>\n<li><strong>3\u00b0<\/strong> von Winkelfeld ;<\/li>\n<li><strong>156 ft<\/strong> bis 1000 yds (\u2248 52 m bis 1000 m) ;<\/li>\n<li><strong>Austrittspupille<\/strong> von 4 mm, ideal f\u00fcr Nachtsichtger\u00e4te ;<\/li>\n<li><strong>Augenrelief<\/strong> komfortabel von 15 mm.<\/li>\n<\/ul>\n<p>Die Kombination aus Feld und \u00d6ffnung macht das Erlebnis sehr immersiv, besonders bei der Deep-Sky-Beobachtung.<\/p>\n<h3>Hochleistungsoptik: BaK-4 und Multi-Coated<\/h3>\n<p>Um ein Maximum an Kontrast und Sch\u00e4rfe zu bieten, stattet Celestron dieses Fernglas mit hochwertigen optischen Komponenten aus:<\/p>\n<ul>\n<li><strong>Porro-Prismen aus Glas BaK-4<\/strong> : Pupille sch\u00f6n rund, helles Bild, sauberer Feldrand.<\/li>\n<li><strong>Multi-Coated-Linsen<\/strong> : Reduzierung von Lichtreflexen, Verbesserung des Kontrasts, nat\u00fcrliche Farben.<\/li>\n<li><strong>Ultra-scharfe Fokussierung<\/strong> auf dem gesamten Feld.<\/li>\n<\/ul>\n<p>Diese Kombination erm\u00f6glicht spektakul\u00e4re Beobachtungen, insbesondere auf dem Mond und in dichten Sternregionen.<\/p>\n<h3>Robuste, ergonomische Konstruktion<\/h3>\n<p>Die Celestron SkyMaster 25\u00d7100 sind f\u00fcr eine lange Lebensdauer gebaut und halten den \u00e4u\u00dferen Bedingungen stand:<\/p>\n<ul>\n<li><strong>Gummibeschichtung<\/strong> sichert eine <strong>fester Griff<\/strong> und einen guten Schutz.<\/li>\n<li><strong>Wasserbest\u00e4ndigkeit<\/strong> (water resistant) f\u00fcr die Verwendung im Freien.<\/li>\n<li>Verst\u00e4rkte Struktur, die an ihre imposante Gr\u00f6\u00dfe angepasst ist.<\/li>\n<\/ul>\n<p>Hinweis: Dieses Fernglas ist nicht stickstoffgesp\u00fclt und daher unter extremen Bedingungen nicht vollst\u00e4ndig gegen internes Beschlagen gesch\u00fctzt.<\/p>\n<h3>Unerl\u00e4ssliches Stativ: Stabilit\u00e4t f\u00fcr 4 kg Optik<\/h3>\n<p>Mit einem Gewicht von fast <strong>4 kg (3969 g)<\/strong>, Dieses Fernglas ben\u00f6tigt unbedingt eine <strong>Montierung oder ein stabiles Stativ<\/strong>.<\/p>\n<ul>\n<li>Eine <strong>integrierte Stativplatte<\/strong> erm\u00f6glicht eine schnelle und sichere Befestigung.<\/li>\n<li>Kompatibel mit den meisten robusten Foto- und Videostativen.<\/li>\n<\/ul>\n<p>Wenn die SkyMaster 25\u00d7100 auf einem Stativ montiert sind, werden sie zu einem echten astronomischen Gro\u00dffeldinstrument.<\/p>\n<h3>Inklusive Zubeh\u00f6r<\/h3>\n<p>Das Fernglas wird mit allem unentbehrlichen Zubeh\u00f6r geliefert:<\/p>\n<ul>\n<li><strong>Objektivkappen<\/strong><\/li>\n<li><strong>Rainguard<\/strong><\/li>\n<li><strong>Nylon-Tragetasche<\/strong><\/li>\n<li><strong>Halsband<\/strong><\/li>\n<li><strong>Reinigungstuch<\/strong><\/li>\n<li><strong>Anleitung<\/strong><\/li>\n<\/ul>\n<h3>Leistungen in der Astronomie<\/h3>\n<p>Mit ihrer massiven 100-mm-\u00d6ffnung bieten die SkyMaster 25\u00d7100 einen spektakul\u00e4ren Zugang zum Himmel:<\/p>\n<ul>\n<li><strong>Grenzmagnitude<\/strong>\u00a0: bis <strong>12,5<\/strong> unter ausgezeichnetem Himmel ;<\/li>\n<li>\u2248 <strong>11,5<\/strong> in moderatem Himmel ;<\/li>\n<li>\u2248 <strong>10,5<\/strong> in mittelm\u00e4\u00dfigem Himmel.<\/li>\n<\/ul>\n<p>Sie sind besonders beeindruckend auf :<\/p>\n<ul>\n<li>die <strong>Mond<\/strong> ;<\/li>\n<li>die <strong>offene Sternhaufen<\/strong> ;<\/li>\n<li>die <strong>helle Kugelsternhaufen<\/strong> ;<\/li>\n<li>die <strong>Nebelregionen<\/strong> ;<\/li>\n<li>die <strong>Doppelsterne<\/strong> gl\u00e4nzend ;<\/li>\n<li>die Milchstra\u00dfe im Gro\u00dffeld.<\/li>\n<\/ul>\n<h3>Detaillierte technische Daten<\/h3>\n<table>\n<tbody>\n<tr>\n<td><strong>Typ<\/strong><\/td>\n<td>Riesiges Fernglas mit Porroprismen<\/td>\n<\/tr>\n<tr>\n<td><strong>Vergr\u00f6\u00dferung<\/strong><\/td>\n<td>25x<\/td>\n<\/tr>\n<tr>\n<td><strong>Objektivdurchmesser<\/strong><\/td>\n<td>100 mm (3,94\u2033)<\/td>\n<\/tr>\n<tr>\n<td><strong>Brennweite der Objektive<\/strong><\/td>\n<td>417,32 mm (16,43\u2033)<\/td>\n<\/tr>\n<tr>\n<td><strong>Winkelfeld<\/strong><\/td>\n<td>3\u00b0<\/td>\n<\/tr>\n<tr>\n<td><strong>Lineares Feld bei 1000 m<\/strong><\/td>\n<td>\u2248 52 m (156 ft bis 1000 yds)<\/td>\n<\/tr>\n<tr>\n<td><strong>Austrittspupille<\/strong><\/td>\n<td>4 mm<\/td>\n<\/tr>\n<tr>\n<td><strong>Augenrelief<\/strong><\/td>\n<td>15 mm<\/td>\n<\/tr>\n<tr>\n<td><strong>Mindestentfernung zum Fokussieren<\/strong><\/td>\n<td>24,4 m (80 ft)<\/td>\n<\/tr>\n<tr>\n<td><strong>Pupillendistanz<\/strong><\/td>\n<td>56 - 72 mm<\/td>\n<\/tr>\n<tr>\n<td><strong>Dioptrieneinstellung<\/strong><\/td>\n<td>\u00b15<\/td>\n<\/tr>\n<tr>\n<td><strong>D\u00e4mmerungsfaktor<\/strong><\/td>\n<td>50<\/td>\n<\/tr>\n<tr>\n<td><strong>Relative Helligkeit<\/strong><\/td>\n<td>16<\/td>\n<\/tr>\n<tr>\n<td><strong>Prismen<\/strong><\/td>\n<td>BaK-4, Typ Porro<\/td>\n<\/tr>\n<tr>\n<td><strong>Optische Behandlungen<\/strong><\/td>\n<td>Multi-Coated<\/td>\n<\/tr>\n<tr>\n<td><strong>Umweltschutz<\/strong><\/td>\n<td>Wasserfest (water resistant)<\/td>\n<\/tr>\n<tr>\n<td><strong>Stickstoffsp\u00fclungen<\/strong><\/td>\n<td>Nicht<\/td>\n<\/tr>\n<tr>\n<td><strong>Gewicht<\/strong><\/td>\n<td>3969 g (140 oz)<\/td>\n<\/tr>\n<tr>\n<td><strong>Abmessungen<\/strong><\/td>\n<td>256 \u00d7 130 \u00d7 388 mm (10,1\u2033 \u00d7 5,1\u2033 \u00d7 15,28\u2033)<\/td>\n<\/tr>\n<tr>\n<td><strong>Stativadaption<\/strong><\/td>\n<td>Ja - dringend empfohlen<\/td>\n<\/tr>\n<tr>\n<td><strong>Tragetasche<\/strong><\/td>\n<td>Nylon<\/td>\n<\/tr>\n<\/tbody>\n<\/table>\n<h3>Solar-Sicherheitswarnung<\/h3>\n<p><strong>Beobachten Sie die Sonne niemals durch dieses Fernglas ohne einen geeigneten Sonnenfilter.<\/strong><\/p>\n<ul>\n<li>Schauen Sie nie direkt in die Sonne: Gefahr von <strong>irreversible Augensch\u00e4den<\/strong>.<\/li>\n<li>Projizieren Sie niemals ein Bild der Sonne durch das Fernglas.\u2019<strong>Feuer oder innere Zerst\u00f6rung<\/strong>.<\/li>\n<li>Lassen Sie das Instrument niemals unbeaufsichtigt.<\/li>\n<\/ul>\n<h3>F\u00fcr wen sind die Celestron SkyMaster 25\u00d7100?<\/h3>\n<p>Dieses Fernglas richtet sich an <strong>begeisterte Astronomen<\/strong> auf der Suche nach einem leistungsstarken, hellen und immersiven Instrument, das mit einem Teleskop mit kleinem Durchmesser konkurrieren kann und gleichzeitig ein weites Feld und eine unvergleichliche binokulare Sicht bietet.<br \/>\nSie eignen sich auch f\u00fcr die terrestrische Beobachtung \u00fcber gro\u00dfe Entfernungen f\u00fcr anspruchsvolle Benutzer, die \u00fcber ein robustes Stativ verf\u00fcgen.<\/p>","protected":false},"excerpt":{"rendered":"<p>Celestron SkyMaster 25&#215;100 \u2013 Jumelles g\u00e9antes pour l\u2019astronomie Les Celestron SkyMaster 25&#215;100 repr\u00e9sentent le sommet de la gamme SkyMaster : des jumelles g\u00e9antes de 100\u00a0mm avec un grossissement de 25x, con\u00e7ues pour offrir des performances comparables \u00e0 un petit t\u00e9lescope tout en conservant le confort visuel d\u2019une paire de jumelles. Elles sont id\u00e9ales pour l\u2019astronomie, [&hellip;]<\/p>\n","protected":false},"featured_media":12012,"comment_status":"open","ping_status":"closed","template":"","meta":[],"product_brand":[413],"product_cat":[757],"product_tag":[],"class_list":{"0":"post-12011","1":"product","2":"type-product","3":"status-publish","4":"has-post-thumbnail","6":"product_brand-celestron","7":"product_cat-jumelles-lunettes_refracteurs","9":"first","10":"instock","11":"taxable","12":"shipping-taxable","13":"purchasable","14":"product-type-simple"},"_links":{"self":[{"href":"https:\/\/deep-space-astronomy.ch\/de\/wp-json\/wp\/v2\/product\/12011","targetHints":{"allow":["GET"]}}],"collection":[{"href":"https:\/\/deep-space-astronomy.ch\/de\/wp-json\/wp\/v2\/product"}],"about":[{"href":"https:\/\/deep-space-astronomy.ch\/de\/wp-json\/wp\/v2\/types\/product"}],"replies":[{"embeddable":true,"href":"https:\/\/deep-space-astronomy.ch\/de\/wp-json\/wp\/v2\/comments?post=12011"}],"wp:featuredmedia":[{"embeddable":true,"href":"https:\/\/deep-space-astronomy.ch\/de\/wp-json\/wp\/v2\/media\/12012"}],"wp:attachment":[{"href":"https:\/\/deep-space-astronomy.ch\/de\/wp-json\/wp\/v2\/media?parent=12011"}],"wp:term":[{"taxonomy":"product_brand","embeddable":true,"href":"https:\/\/deep-space-astronomy.ch\/de\/wp-json\/wp\/v2\/product_brand?post=12011"},{"taxonomy":"product_cat","embeddable":true,"href":"https:\/\/deep-space-astronomy.ch\/de\/wp-json\/wp\/v2\/product_cat?post=12011"},{"taxonomy":"product_tag","embeddable":true,"href":"https:\/\/deep-space-astronomy.ch\/de\/wp-json\/wp\/v2\/product_tag?post=12011"}],"curies":[{"name":"wp","href":"https:\/\/api.w.org\/{rel}","templated":true}]}}