{"id":12014,"date":"2025-11-21T19:12:44","date_gmt":"2025-11-21T18:12:44","guid":{"rendered":"https:\/\/deep-space-astronomy.ch\/?post_type=product&#038;p=12014"},"modified":"2025-11-21T19:13:00","modified_gmt":"2025-11-21T18:13:00","slug":"longue-vue-celestron-regal-m2-100ed","status":"publish","type":"product","link":"https:\/\/deep-space-astronomy.ch\/de\/produkt\/longue-vue-celestron-regal-m2-100ed\/","title":{"rendered":"Fernrohr Celestron Regal M2 100ED"},"content":{"rendered":"<h3 style=\"text-align: center;\">Celestron Regal M2 100ED - High-End-Spektiv mit ED-Optik und 22-67-fachem Zoom<\/h3>\n<p>Die <strong>Celestron Regal M2 100ED<\/strong> ist ein Spektiv f\u00fcr anspruchsvolle Benutzer: Ornithologen, Naturforscher, Sportsch\u00fctzen, Landschaftsbeobachter und Amateurastronomen.<br \/>\nDank seiner <strong>apochromatische ED-Linse<\/strong>, seine Behandlung <strong>XLT Fully Multi-Coated<\/strong>, Ton <strong>Magnesiumrahmen<\/strong> und sein <strong>Zoom-Okular 22-67x<\/strong>, Sie liefert Bilder mit bemerkenswerter Helligkeit und Sch\u00e4rfe, mit naturgetreuen Farben und hohem Kontrast.<\/p>\n<p>Sie ist auch kompatibel mit <strong>astronomischen Okularen 1,25\u2033.<\/strong>, Das macht es zu einem perfekten Hybridinstrument f\u00fcr die Natur- und Himmelsbeobachtung. Es ist wasserdicht, beschlagfrei, wird mit Tasche, Sonnenblende, T-Ring und Schienenwaage geliefert und bietet eines der besten Preis-Leistungs-Verh\u00e4ltnisse seiner Klasse.<\/p>\n<h3>ED-Optik f\u00fcr minimale chromatische Aberrationen<\/h3>\n<p>Die Regal M2 100ED ist mit einem <strong>ED-Objektiv (Extra-Low Dispersion)<\/strong>, :<\/p>\n<ul>\n<li>eine <strong>drastische Reduzierung der chromatischen Aberration<\/strong> (farbige Fransen) ;<\/li>\n<li>eine <strong>bessere Aufl\u00f6sung<\/strong> auf die feinen Details ;<\/li>\n<li>eine <strong>perfekte Farbtreue<\/strong> : realistische Farben, nat\u00fcrliche T\u00f6ne ;<\/li>\n<li>eine <strong>verst\u00e4rkter Kontrast<\/strong>, Das Buch ist ein wichtiges Hilfsmittel f\u00fcr die Ornithologie und Digiscoping.<\/li>\n<\/ul>\n<p>Die ED-Optik sorgt auch bei hoher Vergr\u00f6\u00dferung f\u00fcr ein sauberes, scharfes und professionelles Bild.<\/p>\n<h3>XLT Fully Multi-Coated-Verarbeitung: maximale Helligkeit<\/h3>\n<p>Celestron wendet seine propriet\u00e4ren Behandlungen an <strong>XLT (Fully Multi-Coated)<\/strong> :<\/p>\n<ul>\n<li>optimierte Licht\u00fcbertragung \u00fcber den gesamten Strahlengang ;<\/li>\n<li><strong>hellere Bilder<\/strong> bei schwachem Licht ;<\/li>\n<li><strong>h\u00f6here Aufl\u00f6sung<\/strong> \u00fcber feine Details ;<\/li>\n<li><strong>verbesserter Kontrast<\/strong> und Reduzierung von Spiegelungen.<\/li>\n<\/ul>\n<p>Mit Prismen verbunden <strong>BaK-4<\/strong>, Diese Behandlungen garantieren eine erstklassige optische Qualit\u00e4t.<\/p>\n<h3>Chassis aus Magnesiumlegierung: robust und leicht<\/h3>\n<p>Der Regal M2 verwendet eine Struktur aus <strong>Magnesiumlegierung<\/strong>, Es ist leichter als Aluminium, aber dennoch extrem stabil:<\/p>\n<ul>\n<li><strong>Fortschrittliche Nachhaltigkeit<\/strong> f\u00fcr den intensiven Gebrauch im Freien.<\/li>\n<li><strong>Reduzierung des Gewichts<\/strong> ohne Kompromisse bei der Steifigkeit.<\/li>\n<li>Erh\u00f6hte Widerstandsf\u00e4higkeit gegen St\u00f6\u00dfe und raue Bedingungen.<\/li>\n<\/ul>\n<p>Seine vollst\u00e4ndig <strong>wasserdicht<\/strong> und <strong>mit Stickstoff gef\u00fcllt<\/strong> garantiert einen vollst\u00e4ndigen Schutz vor Regen, Staub und internem Beschlagen.<\/p>\n<h3>Dual-Fokus: schnell + pr\u00e4zise<\/h3>\n<p>Die Regal M2 ist mit einem Fokussierungssystem mit <strong>Doppelbestellung<\/strong> :<\/p>\n<ul>\n<li><strong>Schnelle Brennweite<\/strong> : Stellt den allgemeinen Fokus schnell ein.<\/li>\n<li><strong>Feine Brennweite<\/strong> : passt sehr genau f\u00fcr subtile Details an.<\/li>\n<\/ul>\n<p>Dieses System ist ideal, um ein sich bewegendes Motiv zu verfolgen und dann sofort die Sch\u00e4rfe zu verfeinern.<\/p>\n<h3>Drehbares Stativgestell: perfekte Ergonomie<\/h3>\n<p>Die drehbare Stativhalterung mit <strong>crans (z\u00e4hne)<\/strong> erm\u00f6glicht :<\/p>\n<ul>\n<li>von <strong>das Fernrohr um 360\u00b0 drehen<\/strong> ohne sie vom Stativ zu nehmen; ;<\/li>\n<li>das Okular in die <strong>beste Position<\/strong> je nach Verwendungszweck ;<\/li>\n<li>ganz einfach zwischen horizontaler und geneigter Beobachtung wechseln.<\/li>\n<\/ul>\n<h3>22-67x Zoom-Okular: extreme Vielseitigkeit<\/h3>\n<p>Das Regal M2 wird mit einem Okular geliefert:<\/p>\n<ul>\n<li><strong>22-67-facher Zoom<\/strong> (8-24 mm),<\/li>\n<li><strong>weites Feld<\/strong> bei geringer Vergr\u00f6\u00dferung,<\/li>\n<li><strong>feine Details<\/strong> bei starker Vergr\u00f6\u00dferung,<\/li>\n<li><strong>Twist-up-Augenmuschel<\/strong> f\u00fcr einen optimalen Tragekomfort mit oder ohne Brille,<\/li>\n<li><strong>gro\u00dfz\u00fcgiges Augenrelief<\/strong> von 20 mm bis 22x.<\/li>\n<\/ul>\n<p>Sie akzeptiert auch alle <strong>Okulare im Format 1,25\u2033.<\/strong> : ein enormer Vorteil f\u00fcr Astronomen.<\/p>\n<h3>Bereit f\u00fcr die Aufnahme: T-Ring im Lieferumfang enthalten<\/h3>\n<p>Das Spektiv ist mit Digiscoping und DSLR-Fotografie kompatibel:<\/p>\n<ul>\n<li><strong>Inklusive T-Ring<\/strong> f\u00fcr Spiegelreflex- und Hybridkameras ;<\/li>\n<li>M\u00f6glichkeit der Anpassung von Kompaktkameras oder Smartphones (mit kompatiblem Zubeh\u00f6r) ;<\/li>\n<li>ideal, um V\u00f6gel, Tiere, Landschaften oder sogar den Mond einzufangen.<\/li>\n<\/ul>\n<h3>Schiebe-Sonnenblende + Sichtlinie<\/h3>\n<p>Die integrierte Sonnenblende :<\/p>\n<ul>\n<li>reduziert Streulicht,<\/li>\n<li>verbessert den Kontrast,<\/li>\n<li>sch\u00fctzt das Objektiv vor Regen und Feuchtigkeit,<\/li>\n<li>integriert eine <strong>Sichtlinie<\/strong> um das Auffinden der Themen zu erleichtern.<\/li>\n<\/ul>\n<h3>Wichtigste optische Merkmale<\/h3>\n<table>\n<tbody>\n<tr>\n<td><strong>Vergr\u00f6\u00dferung<\/strong><\/td>\n<td>22-67x (inkl. Okular)<\/td>\n<\/tr>\n<tr>\n<td><strong>Objektivdurchmesser<\/strong><\/td>\n<td>100 mm (3,94\u2033)<\/td>\n<\/tr>\n<tr>\n<td><strong>Brennweite<\/strong><\/td>\n<td>540 mm (21,26\u2033)<\/td>\n<\/tr>\n<tr>\n<td><strong>Okular im Lieferumfang enthalten<\/strong><\/td>\n<td>8-24 mm (Zoom 22-67x)<\/td>\n<\/tr>\n<tr>\n<td><strong>Winkelfeld<\/strong><\/td>\n<td>1,9\u00b0 \u00e0 0,9\u00b0<\/td>\n<\/tr>\n<tr>\n<td><strong>Lineares Feld bei 1000 m<\/strong><\/td>\n<td>33 bis 16 m<\/td>\n<\/tr>\n<tr>\n<td><strong>Austrittspupille<\/strong><\/td>\n<td>4,5 bis 1,5 mm<\/td>\n<\/tr>\n<tr>\n<td><strong>Augenrelief<\/strong><\/td>\n<td>20 mm (bei 22x)<\/td>\n<\/tr>\n<tr>\n<td><strong>Min. Fokussierabstand.<\/strong><\/td>\n<td>8 m<\/td>\n<\/tr>\n<tr>\n<td><strong>Grenzmagnitude<\/strong><\/td>\n<td>12,5 (ideal)<\/td>\n<\/tr>\n<tr>\n<td><strong>D\u00e4mmerungsfaktor<\/strong><\/td>\n<td>46,9 - 81,9<\/td>\n<\/tr>\n<tr>\n<td><strong>Relative Helligkeit<\/strong><\/td>\n<td>20,2 - 2,2<\/td>\n<\/tr>\n<\/tbody>\n<\/table>\n<h3>Mechanische und physikalische Eigenschaften<\/h3>\n<table>\n<tbody>\n<tr>\n<td><strong>Prismen<\/strong><\/td>\n<td>BaK-4 mit FMC-Behandlungen<\/td>\n<\/tr>\n<tr>\n<td><strong>Wasserdichtheit<\/strong><\/td>\n<td>Wasserfest, mit Stickstoff gef\u00fcllt<\/td>\n<\/tr>\n<tr>\n<td><strong>Gewicht<\/strong><\/td>\n<td>2102 g (ohne Okular) \/ 2417 g (mit Okular)<\/td>\n<\/tr>\n<tr>\n<td><strong>Abmessungen<\/strong><\/td>\n<td>490 \u00d7 121 \u00d7 124 mm (ohne Okular)<br \/>\n555 \u00d7 121 \u00d7 175 mm (mit Okular)<\/td>\n<\/tr>\n<tr>\n<td><strong>Stativmontage<\/strong><\/td>\n<td>Ja, mit drehbarer Fassung<\/td>\n<\/tr>\n<tr>\n<td><strong>Fotoadaptierbar<\/strong><\/td>\n<td>Ja (T-Ring im Lieferumfang enthalten)<\/td>\n<\/tr>\n<tr>\n<td><strong>Etui<\/strong><\/td>\n<td>Gr\u00fcnes, gepolstertes Etui, \u00d6ffnung f\u00fcr direkten Gebrauch<\/td>\n<\/tr>\n<\/tbody>\n<\/table>\n<h3>Inklusive Zubeh\u00f6r<\/h3>\n<ul>\n<li>Zoom-Okular 22-67x<\/li>\n<li>Ausgleichsschiene (balance rail)<\/li>\n<li>Objektivdeckel<\/li>\n<li>Kappe des Okularhalters<\/li>\n<li>Gepolsterte Tragetasche<\/li>\n<li>T-Ring f\u00fcr DSLR<\/li>\n<li>Mikrofasertuch<\/li>\n<li>Handbuch<\/li>\n<\/ul>\n<h3>Warnhinweis Solarsicherheit<\/h3>\n<p><strong>Beobachten Sie die Sonne niemals ohne einen speziell zertifizierten Sonnenfilter.<\/strong><\/p>\n<ul>\n<li>Direkte Beobachtung = Risiko von <strong>irreversible Augensch\u00e4den<\/strong>.<\/li>\n<li>Bildprojektion = Gefahr der Zerst\u00f6rung der Optik durch Hitzestau.<\/li>\n<li>Lassen Sie das Fernrohr nie unbeaufsichtigt, vor allem nicht, wenn Kinder anwesend sind.<\/li>\n<\/ul>\n<h3>F\u00fcr wen ist der Celestron Regal M2 100ED geeignet?<\/h3>\n<p>Dieses Fernrohr ist ideal f\u00fcr :<\/p>\n<ul>\n<li><strong>fortgeschrittene Ornithologie<\/strong> ;<\/li>\n<li><strong>die Beobachtung der Natur<\/strong> und Tiere \u00fcber gro\u00dfe Entfernungen ;<\/li>\n<li><strong>die Digiskopie<\/strong> (Teleobjektivaufnahme \u00fcber das Fernrohr) ;<\/li>\n<li><strong>das sportliche Schie\u00dfen mit gro\u00dfer Reichweite<\/strong> ;<\/li>\n<li><strong>die Gro\u00dffeldastronomie<\/strong> (Mond, Sternhaufen, helle Nebel) ;<\/li>\n<li>Nutzer, die eine <strong>sehr vielseitiges ED-Spektiv<\/strong>, robust und kompatibel 1,25\u2033.<\/li>\n<\/ul>\n<p>Das Regal M2 100ED bietet professionelle optische Qualit\u00e4t und au\u00dfergew\u00f6hnliche Vielseitigkeit, sowohl f\u00fcr die Natur als auch f\u00fcr den Himmel.<\/p>","protected":false},"excerpt":{"rendered":"<p>Celestron Regal M2 100ED \u2013 Longue-vue haut de gamme avec optique ED et zoom 22\u201367x La Celestron Regal M2 100ED est une longue-vue destin\u00e9e aux utilisateurs exigeants : ornithologues, naturalistes, tireurs sportifs, observateurs de paysage et astronomes amateurs. Gr\u00e2ce \u00e0 sa lentille apochromatique ED, son traitement XLT Fully Multi-Coated, son ch\u00e2ssis en magn\u00e9sium et son [&hellip;]<\/p>\n","protected":false},"featured_media":12015,"comment_status":"open","ping_status":"closed","template":"","meta":[],"product_brand":[413],"product_cat":[758],"product_tag":[],"class_list":{"0":"post-12014","1":"product","2":"type-product","3":"status-publish","4":"has-post-thumbnail","6":"product_brand-celestron","7":"product_cat-longues-vues","9":"first","10":"instock","11":"taxable","12":"shipping-taxable","13":"purchasable","14":"product-type-simple"},"_links":{"self":[{"href":"https:\/\/deep-space-astronomy.ch\/de\/wp-json\/wp\/v2\/product\/12014","targetHints":{"allow":["GET"]}}],"collection":[{"href":"https:\/\/deep-space-astronomy.ch\/de\/wp-json\/wp\/v2\/product"}],"about":[{"href":"https:\/\/deep-space-astronomy.ch\/de\/wp-json\/wp\/v2\/types\/product"}],"replies":[{"embeddable":true,"href":"https:\/\/deep-space-astronomy.ch\/de\/wp-json\/wp\/v2\/comments?post=12014"}],"wp:featuredmedia":[{"embeddable":true,"href":"https:\/\/deep-space-astronomy.ch\/de\/wp-json\/wp\/v2\/media\/12015"}],"wp:attachment":[{"href":"https:\/\/deep-space-astronomy.ch\/de\/wp-json\/wp\/v2\/media?parent=12014"}],"wp:term":[{"taxonomy":"product_brand","embeddable":true,"href":"https:\/\/deep-space-astronomy.ch\/de\/wp-json\/wp\/v2\/product_brand?post=12014"},{"taxonomy":"product_cat","embeddable":true,"href":"https:\/\/deep-space-astronomy.ch\/de\/wp-json\/wp\/v2\/product_cat?post=12014"},{"taxonomy":"product_tag","embeddable":true,"href":"https:\/\/deep-space-astronomy.ch\/de\/wp-json\/wp\/v2\/product_tag?post=12014"}],"curies":[{"name":"wp","href":"https:\/\/api.w.org\/{rel}","templated":true}]}}