{"id":12116,"date":"2025-11-26T20:22:03","date_gmt":"2025-11-26T19:22:03","guid":{"rendered":"https:\/\/deep-space-astronomy.ch\/?post_type=product&#038;p=12116"},"modified":"2026-02-26T15:56:22","modified_gmt":"2026-02-26T14:56:22","slug":"celestron-starsense-explorer-lt-70az","status":"publish","type":"product","link":"https:\/\/deep-space-astronomy.ch\/de\/produkt\/celestron-starsense-explorer-lt-70az\/","title":{"rendered":"Celestron StarSense Explorer LT 70AZ"},"content":{"rendered":"<h3 style=\"text-align: center;\">StarSense Explorer 70mm Teleskop - ein preiswerter Einstieg in die Astrofotografie<\/h3>\n<p>Das StarSense Explorer 70mm ist das ideale Teleskop f\u00fcr einen entspannten Einstieg in die Astronomie. Sie brauchen keine Kenntnisse \u00fcber die Sternbilder: Ihr Smartphone f\u00fchrt Sie Schritt f\u00fcr Schritt zu den sch\u00f6nsten Wundern am Himmel.<\/p>\n<p>Dank der patentierten Technologie <strong>StarSense<\/strong>, Das Teleskop verwendet die Kamera Ihres Computers.<br \/>\nTelefon, um die Sterne \u00fcber Ihnen zu erkennen und seinen Standort automatisch in Echtzeit zu bestimmen.<br \/>\nDie Anwendung <strong>StarSense Explorer, gespeist von SkySafari\u2122<\/strong>, In diesem Fall wird Ihnen eine Liste<br \/>\nvon Objekten, die gerade sichtbar sind: Planeten, helle Nebel, Sternhaufen, einfache Galaxien und Doppelsterne.<\/p>\n<p>Von der Stadt aus kommen Sie bereits in den Genuss vieler heller Objekte. Wenn Sie Ihr Teleskop unter einen dunkleren Himmel mitnehmen, k\u00f6nnen Sie schw\u00e4chere Deep-Sky-Objekte erforschen und noch tiefer in die Welt des Universums vordringen.<\/p>\n<h3>Einfache Bedienung, perfekt f\u00fcr Anf\u00e4nger<\/h3>\n<p>Das Teleskop ist auf einem <strong>manuelle azimutale Montierung<\/strong>, Die Navigation ist sehr intuitiv: Man bewegt sich einfach von links nach rechts und von oben nach unten.<br \/>\nEine <strong>feine Bewegung in der H\u00f6he<\/strong> mit Einstellstab erm\u00f6glicht es Ihnen, genau zu verfolgen<br \/>\ndie Pfeile, die auf dem Bildschirm Ihres Smartphones angezeigt werden. Wenn das Fadenkreuz gr\u00fcn wird, ist das Objekt zentriert: Jetzt m\u00fcssen Sie nur noch durch das Okular schauen!<\/p>\n<h3>Lichtoptik und Zubeh\u00f6r inklusive<\/h3>\n<p>Der optische Tubus ist eine <strong>70-mm-L\u00fcnette<\/strong> mit vollst\u00e4ndig verg\u00fcteten Glaslinsen ausgestattet,<br \/>\num helle und detailreiche Bilder des Mondes, der Planeten und der hellsten Deep-Sky-Objekte zu liefern.<\/p>\n<p><strong>Mitgeliefertes Zubeh\u00f6r :<\/strong><\/p>\n<ul>\n<li>2 Okulare : <strong>25 mm<\/strong> (geringe Vergr\u00f6\u00dferung, weites Feld) und <strong>10 mm<\/strong> (st\u00e4rkere Vergr\u00f6\u00dferung).<\/li>\n<li><strong>Barlow 2x<\/strong> um die verf\u00fcgbaren Vergr\u00f6\u00dferungen zu verdoppeln.<\/li>\n<li><strong>StarSense-Dock f\u00fcr Smartphones<\/strong> um die automatische Zielf\u00fchrung zu nutzen.<\/li>\n<li><strong>Abgewinkelte Umlenkung mit begradigtem Bild<\/strong>, Das ist praktisch, um bequem zu beobachten und ein Bild in der richtigen Richtung zu erhalten.<\/li>\n<li><strong>Rotpunktsucher<\/strong> um das Teleskop auch ohne Smartphone auf altmodische Weise zu nutzen.<\/li>\n<li><strong>Stativ in Standardgr\u00f6\u00dfe<\/strong>, Das stabile, h\u00f6henverstellbare Pult erm\u00f6glicht eine einfache Installation, egal wo Sie sich befinden.<\/li>\n<\/ul>\n<p>Zusammenfassend l\u00e4sst sich sagen, dass dieses Teleskop f\u00fcr Anf\u00e4nger gedacht ist, die <strong>sich schnell eine Freude machen<\/strong>, ohne sich in der Technik zu verlieren. Es f\u00fchrt Sie durch den Himmel, hilft Ihnen, Objekte leicht zu finden, und bietet Ihnen eine erste Beobachtungserfahrung, die Spa\u00df macht und gleichzeitig faszinierend ist.<\/p>","protected":false},"excerpt":{"rendered":"<p>T\u00e9lescope StarSense Explorer 70mm \u2013 d\u00e9butez l&rsquo;astro \u00e0 petit prix Le StarSense Explorer 70mm est un t\u00e9lescope id\u00e9al pour d\u00e9buter l\u2019astronomie sans prise de t\u00eate. Pas besoin de conna\u00eetre les constellations : votre smartphone vous guide pas \u00e0 pas vers les plus belles merveilles du ciel. Gr\u00e2ce \u00e0 la technologie brevet\u00e9e StarSense, le t\u00e9lescope utilise [&hellip;]<\/p>\n","protected":false},"featured_media":12117,"comment_status":"open","ping_status":"closed","template":"","meta":[],"product_brand":[413],"product_cat":[815,384,754],"product_tag":[],"class_list":{"0":"post-12116","1":"product","2":"type-product","3":"status-publish","4":"has-post-thumbnail","6":"product_brand-celestron","7":"product_cat-debutants","8":"product_cat-lunettes_refracteurs","9":"product_cat-lunettes-achromatiques","11":"first","12":"instock","13":"taxable","14":"shipping-taxable","15":"purchasable","16":"product-type-simple"},"_links":{"self":[{"href":"https:\/\/deep-space-astronomy.ch\/de\/wp-json\/wp\/v2\/product\/12116","targetHints":{"allow":["GET"]}}],"collection":[{"href":"https:\/\/deep-space-astronomy.ch\/de\/wp-json\/wp\/v2\/product"}],"about":[{"href":"https:\/\/deep-space-astronomy.ch\/de\/wp-json\/wp\/v2\/types\/product"}],"replies":[{"embeddable":true,"href":"https:\/\/deep-space-astronomy.ch\/de\/wp-json\/wp\/v2\/comments?post=12116"}],"wp:featuredmedia":[{"embeddable":true,"href":"https:\/\/deep-space-astronomy.ch\/de\/wp-json\/wp\/v2\/media\/12117"}],"wp:attachment":[{"href":"https:\/\/deep-space-astronomy.ch\/de\/wp-json\/wp\/v2\/media?parent=12116"}],"wp:term":[{"taxonomy":"product_brand","embeddable":true,"href":"https:\/\/deep-space-astronomy.ch\/de\/wp-json\/wp\/v2\/product_brand?post=12116"},{"taxonomy":"product_cat","embeddable":true,"href":"https:\/\/deep-space-astronomy.ch\/de\/wp-json\/wp\/v2\/product_cat?post=12116"},{"taxonomy":"product_tag","embeddable":true,"href":"https:\/\/deep-space-astronomy.ch\/de\/wp-json\/wp\/v2\/product_tag?post=12116"}],"curies":[{"name":"wp","href":"https:\/\/api.w.org\/{rel}","templated":true}]}}