{"id":12118,"date":"2025-11-26T20:26:58","date_gmt":"2025-11-26T19:26:58","guid":{"rendered":"https:\/\/deep-space-astronomy.ch\/?post_type=product&#038;p=12118"},"modified":"2025-12-14T17:54:31","modified_gmt":"2025-12-14T16:54:31","slug":"lunette-celestron-starsense-explorer-dx-102az","status":"publish","type":"product","link":"https:\/\/deep-space-astronomy.ch\/de\/produkt\/lunette-celestron-starsense-explorer-dx-102az\/","title":{"rendered":"Celestron StarSense Explorer DX 102AZ Fernrohr"},"content":{"rendered":"<h3 style=\"text-align: center;\">StarSense Explorer 102mm Teleskop - F\u00fcr den selbstst\u00e4ndigen Einstieg in die Astronomie<\/h3>\n<p>Mit der StarSense Explorer 102mm wird Ihr <strong>Smartphone wird zum echten Himmelsf\u00fchrer<\/strong>. Sie brauchen keine astronomischen Erfahrungen: Die App zeigt Ihnen genau, wohin Sie zeigen m\u00fcssen, um die sch\u00f6nsten und einfachsten Objekte des Nachthimmels zu entdecken.<\/p>\n<p>Die patentierte Technologie <strong>StarSense<\/strong> analysiert mithilfe der Kamera Ihres Telefons die Sternenmuster \u00fcber Ihnen und berechnet die Position des Teleskops in Echtzeit. Die Anwendung <strong>StarSense Explorer (Powered by SkySafari\u2122)<\/strong> erzeugt automatisch eine<br \/>\nListe der gerade sichtbaren Objekte: Planeten, helle Nebel, Sternhaufen, Galaxien und Doppelsterne. Von der Stadt aus sehen Sie bereits viele helle Ziele, und unter einem dunklen Himmel k\u00f6nnen Sie schw\u00e4chere Deep-Sky-Objekte erkunden.<\/p>\n<h3>Ultraeinfache Bedienung f\u00fcr Anf\u00e4nger<\/h3>\n<p>Das Teleskop ist auf einem <strong>alt-azimutale Fassung manuell<\/strong> mit <strong>langsame Bewegungen auf zwei Achsen<\/strong>. Sie folgen einfach den Pfeilen auf dem Bildschirm Ihres<br \/>\nSmartphone zu sehen. Wenn das Fadenkreuz gr\u00fcn wird, ist das Objekt zentriert: Jetzt m\u00fcssen Sie nur noch durch das Okular schauen (mit 25 mm zum Grobschliff und dann, wenn das Objekt zentriert ist, k\u00f6nnen Sie auf 10 mm wechseln).<\/p>\n<h3>Ein helles und vielseitiges 102-mm-Fernrohr<\/h3>\n<p>Die StarSense Explorer ist eine <strong>102-mm-L\u00fcnette<\/strong> (4\u2033) \u00e0 <strong>Brennweite von 660 mm<\/strong>, oder ein Fokusverh\u00e4ltnis <strong>f\/6.5<\/strong>. Dies ist eine Optik, die hell genug ist, um gro\u00dfartige Ansichten des Mondes, der Ringe des Saturn, der Jupiterb\u00e4nder sowie heller Sternhaufen und Nebel zu liefern.<\/p>\n<p>Linsen profitieren von speziellen Behandlungen <strong>XLT hohe \u00dcbertragung<\/strong>, Diese erh\u00f6hen die Helligkeit und den Kontrast der Bilder. Das Fernrohr ist auf einem leichten Aluminiumrohr montiert, das leicht zu transportieren und zu installieren ist.<\/p>\n<h3>Mitgeliefertes Zubeh\u00f6r<\/h3>\n<p><strong>Alles, was Sie f\u00fcr den Anfang brauchen:<\/strong><\/p>\n<ul>\n<li>Okular <strong>25 mm<\/strong> - Vergr\u00f6\u00dferung von ca. <strong>26x<\/strong>, Das ist ideal, um den Himmel zu scannen und Objekte zu finden.<\/li>\n<li>Okular <strong>10 mm<\/strong> - Vergr\u00f6\u00dferung von ca. <strong>66x<\/strong>, Das ist perfekt, um den Mond und die Planeten zu vergr\u00f6\u00dfern.<\/li>\n<li><strong>Abgewinkelte Umlenkung mit aufgerichtetem Bild 90\u00b0 (1,25\u2033)<\/strong> um bequem und mit dem Bild in der richtigen Richtung zu beobachten.<\/li>\n<li><strong>StarPointer\u2122-Sucher (roter Punkt)<\/strong> um schnell zu zielen, auch ohne das Smartphone zu benutzen.<\/li>\n<li><strong>StarSense-Dock f\u00fcr Smartphones<\/strong> um die automatische Zielf\u00fchrung zu nutzen.<\/li>\n<li><strong>Aluminium-Stativ in voller H\u00f6he<\/strong> mit Zubeh\u00f6rtablett, stabil und verstellbar.<\/li>\n<\/ul>\n<h3>Hauptmerkmale (Zusammenfassung)<\/h3>\n<table>\n<tbody>\n<tr>\n<td><strong>Art der Optik<\/strong><\/td>\n<td>Fernrohr (Refraktor)<\/td>\n<\/tr>\n<tr>\n<td><strong>Er\u00f6ffnung<\/strong><\/td>\n<td>102 mm<\/td>\n<\/tr>\n<tr>\n<td><strong>Brennweite<\/strong><\/td>\n<td>660 mm (f\/6,5)<\/td>\n<\/tr>\n<tr>\n<td><strong>N\u00fctzliche Vergr\u00f6\u00dferungen im Lieferumfang enthalten<\/strong><\/td>\n<td>26x (25 mm) und 66x (10 mm)<\/td>\n<\/tr>\n<tr>\n<td><strong>Empfohlene max. Vergr\u00f6\u00dferung<\/strong><\/td>\n<td>\u2248 240x<\/td>\n<\/tr>\n<tr>\n<td><strong>Lichtsammelkraft<\/strong><\/td>\n<td>\u2248 212\u00d7 das menschliche Auge<\/td>\n<\/tr>\n<tr>\n<td><strong>Rahmen<\/strong><\/td>\n<td>Alt-azimutal manuell mit langsamen Bewegungen<\/td>\n<\/tr>\n<tr>\n<td><strong>Gesamtgewicht des Sets<\/strong><\/td>\n<td>\u2248 6,4 kg<\/td>\n<\/tr>\n<tr>\n<td><strong>Software<\/strong><\/td>\n<td>App StarSense Explorer, SkyPortal, Celestron Starry Night Basic<\/td>\n<\/tr>\n<\/tbody>\n<\/table>\n<p>Zusammengefasst ist der StarSense Explorer 102mm ein <strong>ideales Teleskop f\u00fcr ernsthafte Anf\u00e4nger<\/strong><br \/>\nin der Astronomie: Smartphone-gesteuert, helle Optik, einfach zu bedienende Montierung und das ganze<br \/>\ndie in der Schachtel ben\u00f6tigt wird, um den Himmel schon in der ersten Nacht zu genie\u00dfen.<\/p>\n<p>&nbsp;<\/p>","protected":false},"excerpt":{"rendered":"<p>T\u00e9lescope StarSense Explorer 102mm \u2013 Pour d\u00e9buter en astronomie en toute autonomie Avec la StarSense Explorer 102mm, votre smartphone devient un v\u00e9ritable guide du ciel. Pas besoin d\u2019exp\u00e9rience en astronomie : l\u2019application vous montre exactement o\u00f9 pointer pour d\u00e9couvrir les plus beaux objets faciles du ciel nocturne. La technologie brevet\u00e9e StarSense analyse les motifs d\u2019\u00e9toiles [&hellip;]<\/p>\n","protected":false},"featured_media":12119,"comment_status":"open","ping_status":"closed","template":"","meta":[],"product_brand":[413],"product_cat":[815,384,754],"product_tag":[],"class_list":{"0":"post-12118","1":"product","2":"type-product","3":"status-publish","4":"has-post-thumbnail","6":"product_brand-celestron","7":"product_cat-debutants","8":"product_cat-lunettes_refracteurs","9":"product_cat-lunettes-achromatiques","11":"first","12":"instock","13":"taxable","14":"shipping-taxable","15":"purchasable","16":"product-type-simple"},"_links":{"self":[{"href":"https:\/\/deep-space-astronomy.ch\/de\/wp-json\/wp\/v2\/product\/12118","targetHints":{"allow":["GET"]}}],"collection":[{"href":"https:\/\/deep-space-astronomy.ch\/de\/wp-json\/wp\/v2\/product"}],"about":[{"href":"https:\/\/deep-space-astronomy.ch\/de\/wp-json\/wp\/v2\/types\/product"}],"replies":[{"embeddable":true,"href":"https:\/\/deep-space-astronomy.ch\/de\/wp-json\/wp\/v2\/comments?post=12118"}],"wp:featuredmedia":[{"embeddable":true,"href":"https:\/\/deep-space-astronomy.ch\/de\/wp-json\/wp\/v2\/media\/12119"}],"wp:attachment":[{"href":"https:\/\/deep-space-astronomy.ch\/de\/wp-json\/wp\/v2\/media?parent=12118"}],"wp:term":[{"taxonomy":"product_brand","embeddable":true,"href":"https:\/\/deep-space-astronomy.ch\/de\/wp-json\/wp\/v2\/product_brand?post=12118"},{"taxonomy":"product_cat","embeddable":true,"href":"https:\/\/deep-space-astronomy.ch\/de\/wp-json\/wp\/v2\/product_cat?post=12118"},{"taxonomy":"product_tag","embeddable":true,"href":"https:\/\/deep-space-astronomy.ch\/de\/wp-json\/wp\/v2\/product_tag?post=12118"}],"curies":[{"name":"wp","href":"https:\/\/api.w.org\/{rel}","templated":true}]}}