{"id":12120,"date":"2025-11-26T20:33:33","date_gmt":"2025-11-26T19:33:33","guid":{"rendered":"https:\/\/deep-space-astronomy.ch\/?post_type=product&#038;p=12120"},"modified":"2025-11-26T20:36:11","modified_gmt":"2025-11-26T19:36:11","slug":"telescope-starsense-explorer-dx-5-125mm-schmidt-cassegrain","status":"publish","type":"product","link":"https:\/\/deep-space-astronomy.ch\/de\/produkt\/telescope-starsense-explorer-dx-5-125mm-schmidt-cassegrain\/","title":{"rendered":"Teleskop StarSense Explorer DX 5\u2033 (125mm) Schmidt-Cassegrain"},"content":{"rendered":"<h3>StarSense Explorer DX 5\u2033 Schmidt-Cassegrain - Das einfache und leistungsstarke Teleskop<\/h3>\n<p>Der StarSense Explorer DX 5\u2033 verwandelt Ihre <strong>Smartphone als interaktiver Himmelsf\u00fchrer<\/strong>.<br \/>\nAuch ohne jegliche Erfahrung k\u00f6nnen Sie die Planeten, den Mond, Sternhaufen und die<br \/>\nNebel in nur wenigen Minuten.<\/p>\n<p>Dank der patentierten Technologie <strong>StarSense<\/strong>, Das Teleskop analysiert automatisch die Sterne<br \/>\n\u00fcber Ihnen und bestimmt seine Position in Echtzeit. Die Anwendung<br \/>\n<strong>StarSense Explorer (Powered by SkySafari\u2122)<\/strong> erzeugt eine Liste von Objekten, die zum aktuellen Zeitpunkt sichtbar sind<br \/>\nvon Ihrem Standort aus. Von der Stadt aus k\u00f6nnen Sie viele Objekte beobachten, unter einem dunklen Himmel sogar noch mehr.<\/p>\n<h3>Einfache F\u00fchrung, perfekt f\u00fcr Anf\u00e4nger<\/h3>\n<p>Das Gestell <strong>alt-azimutal manuell<\/strong> mit <strong>langsame Bewegungen auf zwei Achsen<\/strong><br \/>\nerm\u00f6glicht es Ihnen, den auf Ihrem Smartphone angezeigten Pfeilen einfach zu folgen.<br \/>\nWenn der Kreis gr\u00fcn wird, ist das Objekt zentriert: Sie m\u00fcssen nur noch durch das Okular schauen!<\/p>\n<h3>Ein optischer Schmidt-Cassegrain-Tubus mit 125 mm Durchmesser<\/h3>\n<p>Das Herzst\u00fcck dieses Teleskops ist ein <strong>Schmidt-Cassegrain von 5\u201d.\u201d<\/strong> (125 mm), ein Design<br \/>\nvielseitiges und leistungsstarkes Ger\u00e4t, das helle und kontrastreiche Bilder liefert.<br \/>\nMit seiner Brennweite von <strong>1250 mm<\/strong> (f\/10) zeichnet er sich auf dem Mond, den Planeten, Sternhaufen und sogar<br \/>\nbestimmte helle Nebel und Galaxien.<\/p>\n<p>Die Optik wird mit der Beschichtung <strong>StarBright XLT<\/strong>, die die Lichtdurchl\u00e4ssigkeit maximiert<br \/>\num eine optimale Bildqualit\u00e4t zu bieten. Die kompakte und leichte R\u00f6hre l\u00e4sst sich leicht transportieren.<\/p>\n<h3>Inklusive Zubeh\u00f6r<\/h3>\n<p><strong>Das Set enth\u00e4lt alles, was Sie brauchen, um von der ersten Nacht an zu beobachten:<\/strong><\/p>\n<ul>\n<li>Okular <strong>25 mm<\/strong> - etwa <strong>50x<\/strong>, Das ist ideal f\u00fcr breite Objekte.<\/li>\n<li>Okular <strong>10 mm<\/strong> - etwa <strong>125x<\/strong>, Der Mond und die Planeten sind perfekt.<\/li>\n<li><strong>Abgewinkelte Umlenkung 90\u00b0 mit aufgerichtetem Bild<\/strong> (1,25\u2033) f\u00fcr mehr Komfort.<\/li>\n<li><strong>StarPointer\u2122-Sucher<\/strong> (roter Punkt), um auch ohne Smartphone leicht zu zielen.<\/li>\n<li><strong>StarSense-Dock f\u00fcr Smartphones<\/strong>.<\/li>\n<li><strong>Stahlstativ volle H\u00f6he<\/strong> mit Zubeh\u00f6rtablett.<\/li>\n<\/ul>\n<h3>Hauptmerkmale (Zusammenfassung)<\/h3>\n<table>\n<tbody>\n<tr>\n<td><strong>Art der Optik<\/strong><\/td>\n<td>Schmidt-Cassegrain<\/td>\n<\/tr>\n<tr>\n<td><strong>Er\u00f6ffnung<\/strong><\/td>\n<td>125 mm (5\u2033)<\/td>\n<\/tr>\n<tr>\n<td><strong>Brennweite<\/strong><\/td>\n<td>1250 mm (f\/10)<\/td>\n<\/tr>\n<tr>\n<td><strong>Mitgelieferte Vergr\u00f6\u00dferungen<\/strong><\/td>\n<td>50x (25 mm) und 125x (10 mm)<\/td>\n<\/tr>\n<tr>\n<td><strong>Empfohlene max. Vergr\u00f6\u00dferung<\/strong><\/td>\n<td>\u2248 295x<\/td>\n<\/tr>\n<tr>\n<td><strong>Lichtsammelkraft<\/strong><\/td>\n<td>\u2248 329\u00d7 das menschliche Auge<\/td>\n<\/tr>\n<tr>\n<td><strong>Rahmen<\/strong><\/td>\n<td>Alt-azimutal manuell mit langsamen Bewegungen<\/td>\n<\/tr>\n<tr>\n<td><strong>Gesamtgewicht des Sets<\/strong><\/td>\n<td>\u2248 6,6 kg<\/td>\n<\/tr>\n<tr>\n<td><strong>Software<\/strong><\/td>\n<td>StarSense Explorer App, SkyPortal, Starry Night Basic<\/td>\n<\/tr>\n<\/tbody>\n<\/table>\n<p>Kurz gesagt, der StarSense Explorer DX 5\u2033 ist ein <strong>intelligentes, leistungsstarkes und unglaublich einfaches Teleskop<\/strong>.<br \/>\nEr kombiniert die optische Qualit\u00e4t eines Schmidt-Cassegrain mit einer modernen Routenf\u00fchrung per Smartphone,<br \/>\nwas sie zu einer idealen Wahl f\u00fcr Anf\u00e4nger macht, die ein leistungsstarkes und leicht zu bedienendes Instrument suchen.<\/p>","protected":false},"excerpt":{"rendered":"<p>StarSense Explorer DX 5&Prime; Schmidt-Cassegrain \u2013 Le t\u00e9lescope facile et puissant Le StarSense Explorer DX 5&Prime; transforme votre smartphone en guide interactif du ciel. M\u00eame sans aucune exp\u00e9rience, vous pouvez explorer les plan\u00e8tes, la Lune, les amas d\u2019\u00e9toiles et les n\u00e9buleuses en quelques minutes seulement. Gr\u00e2ce \u00e0 la technologie brevet\u00e9e StarSense, le t\u00e9lescope analyse automatiquement [&hellip;]<\/p>\n","protected":false},"featured_media":12121,"comment_status":"open","ping_status":"closed","template":"","meta":[],"product_brand":[413],"product_cat":[815,748],"product_tag":[],"class_list":{"0":"post-12120","1":"product","2":"type-product","3":"status-publish","4":"has-post-thumbnail","6":"product_brand-celestron","7":"product_cat-debutants","8":"product_cat-schmidt-cassegrain","10":"first","11":"instock","12":"taxable","13":"shipping-taxable","14":"purchasable","15":"product-type-simple"},"_links":{"self":[{"href":"https:\/\/deep-space-astronomy.ch\/de\/wp-json\/wp\/v2\/product\/12120","targetHints":{"allow":["GET"]}}],"collection":[{"href":"https:\/\/deep-space-astronomy.ch\/de\/wp-json\/wp\/v2\/product"}],"about":[{"href":"https:\/\/deep-space-astronomy.ch\/de\/wp-json\/wp\/v2\/types\/product"}],"replies":[{"embeddable":true,"href":"https:\/\/deep-space-astronomy.ch\/de\/wp-json\/wp\/v2\/comments?post=12120"}],"wp:featuredmedia":[{"embeddable":true,"href":"https:\/\/deep-space-astronomy.ch\/de\/wp-json\/wp\/v2\/media\/12121"}],"wp:attachment":[{"href":"https:\/\/deep-space-astronomy.ch\/de\/wp-json\/wp\/v2\/media?parent=12120"}],"wp:term":[{"taxonomy":"product_brand","embeddable":true,"href":"https:\/\/deep-space-astronomy.ch\/de\/wp-json\/wp\/v2\/product_brand?post=12120"},{"taxonomy":"product_cat","embeddable":true,"href":"https:\/\/deep-space-astronomy.ch\/de\/wp-json\/wp\/v2\/product_cat?post=12120"},{"taxonomy":"product_tag","embeddable":true,"href":"https:\/\/deep-space-astronomy.ch\/de\/wp-json\/wp\/v2\/product_tag?post=12120"}],"curies":[{"name":"wp","href":"https:\/\/api.w.org\/{rel}","templated":true}]}}