{"id":12122,"date":"2025-11-26T20:37:27","date_gmt":"2025-11-26T19:37:27","guid":{"rendered":"https:\/\/deep-space-astronomy.ch\/?post_type=product&#038;p=12122"},"modified":"2025-11-26T20:40:38","modified_gmt":"2025-11-26T19:40:38","slug":"telescope-starsense-explorer-dx-6-150mm-schmidt-cassegrain","status":"publish","type":"product","link":"https:\/\/deep-space-astronomy.ch\/de\/produkt\/telescope-starsense-explorer-dx-6-150mm-schmidt-cassegrain\/","title":{"rendered":"Teleskop StarSense Explorer DX 6\u2033 (150mm) Schmidt-Cassegrain"},"content":{"rendered":"<h3>StarSense Explorer 6\u2033 Schmidt-Cassegrain - Den Himmel zu entdecken war noch nie so einfach.<\/h3>\n<p>\nMit dem <strong>StarSense Explorer 6\u2033<\/strong>, Celestron macht die Himmelsbeobachtung f\u00fcr jedermann zug\u00e4nglich.<br \/>\nMan muss weder die Sternbilder kennen noch ein Teleskop ausrichten k\u00f6nnen:<br \/>\n<strong>Ihr Smartphone erledigt die ganze Arbeit<\/strong>.\n<\/p>\n<p>\nSie m\u00fcssen nur das Teleskop aufstellen und Ihr Telefon in das StarSense Dock einlegen,<br \/>\ndie Anwendung zu starten, ein Ziel auszuw\u00e4hlen... und den Pfeilen auf dem Bildschirm zu folgen.<br \/>\nDie Kamera Ihres Smartphones scannt den Himmel in Echtzeit und zeigt genau an, wie das Teleskop ausgerichtet werden muss.<br \/>\nWenn das Fadenkreuz gr\u00fcn wird, ist das Objekt zentriert: Schauen Sie durch das Okular und genie\u00dfen Sie!\n<\/p>\n<h3>Eine 150 mm Schmidt-Cassegrain-Optik<\/h3>\n<p>\nDas Teleskop verwendet eine Optik <strong>Schmidt-Cassegrain 150 mm (6\u2033)<\/strong>,<br \/>\nideal, um kontrastreiche Bilder des Mondes, von Planeten und Sternhaufen zu liefern<br \/>\nund helle Nebel zu sehen. Mit einer Brennweite von <strong>1500 mm<\/strong>, Es erm\u00f6glicht<br \/>\nsch\u00f6ne Vergr\u00f6\u00dferungen und ist dabei kompakt und leicht zu transportieren.\n<\/p>\n<p>\nDas StarSense-System \u00f6ffnet Ihnen sofort Hunderte von Himmelsobjekten,<br \/>\nselbst wenn Sie zum ersten Mal beobachten. Von einem st\u00e4dtischen Himmel aus sehen Sie bereits die meisten<br \/>\nhelle Ziele zu erreichen. Unter einem dunklen Himmel erhalten Sie Zugang zu schw\u00e4cheren Galaxien und Nebeln.\n<\/p>\n<h3>Einfache Bedienung mit der StarSense Explorer App<\/h3>\n<p>\nDie StarSense Explorer App macht das Beobachten intuitiv :\n<\/p>\n<ul>\n<li>Installieren Sie die App auf Ihrem Smartphone.<\/li>\n<li>Schieben Sie ihn in den <strong>StarSense-Dock<\/strong>.<\/li>\n<li>Folgen Sie den Pfeilen, die zeigen, wie Sie das Teleskop bewegen m\u00fcssen.<\/li>\n<li>Wenn das Fadenkreuz gr\u00fcn leuchtet, befindet sich das Objekt im Feld!<\/li>\n<\/ul>\n<p>\nDieses einzigartige System erm\u00f6glicht es, Objekte zu finden <strong>viel schneller<\/strong><br \/>\nals mit einem herk\u00f6mmlichen Teleskop, und das <strong>ohne jegliche Vorkenntnisse<\/strong>.\n<\/p>\n<h3>Mitgeliefertes Zubeh\u00f6r<\/h3>\n<p><strong>Alles ist enthalten, um sofort loszulegen:<\/strong><\/p>\n<ul>\n<li>Okulare <strong>25 mm<\/strong> und <strong>10 mm<\/strong> (1,25\u2033)<\/li>\n<li><strong>Abgewinkelte Umlenkung<\/strong> 90\u00b0<\/li>\n<li><strong>StarPointer\u2122-Sucher<\/strong> (roter Punkt)<\/li>\n<li><strong>StarSense-Dock f\u00fcr Smartphones<\/strong><\/li>\n<li><strong>Azimutales Stativ<\/strong> mit Zubeh\u00f6rtablett<\/li>\n<li>Entsperrungscode f\u00fcr die StarSense Explorer-Anwendung<\/li>\n<\/ul>\n<h3>Hauptmerkmale (Zusammenfassung)<\/h3>\n<table>\n<tbody>\n<tr>\n<td><strong>Art der Optik<\/strong><\/td>\n<td>Schmidt-Cassegrain (SC)<\/td>\n<\/tr>\n<tr>\n<td><strong>Er\u00f6ffnung<\/strong><\/td>\n<td>150 mm (6\u2033)<\/td>\n<\/tr>\n<tr>\n<td><strong>Brennweite<\/strong><\/td>\n<td>1500 mm (f\/10)<\/td>\n<\/tr>\n<tr>\n<td><strong>Empfohlene max. Vergr\u00f6\u00dferung<\/strong><\/td>\n<td>\u2248 354\u00d7<\/td>\n<\/tr>\n<tr>\n<td><strong>Rahmen<\/strong><\/td>\n<td>Manuell Azimutal<\/td>\n<\/tr>\n<tr>\n<td><strong>Fotografie<\/strong><\/td>\n<td>Begrenzt (haupts\u00e4chlich visuell)<\/td>\n<\/tr>\n<tr>\n<td><strong>Gesamtgewicht<\/strong><\/td>\n<td>\u2248 6,35 kg<\/td>\n<\/tr>\n<tr>\n<td><strong>Inhalt<\/strong><\/td>\n<td>Teleskop, Stativ, 25 mm &amp; 10 mm Okulare, gewinkelter Umlenkspiegel, StarPointer, StarSense Dockingstation<\/td>\n<\/tr>\n<tr>\n<td><strong>Empfohlene Verwendung<\/strong><\/td>\n<td>Mond\/Planeten, helle Galaxien, Sternhaufen<\/td>\n<\/tr>\n<tr>\n<td><strong>Garantie<\/strong><\/td>\n<td>24 Monate<\/td>\n<\/tr>\n<\/tbody>\n<\/table>\n<p>\nDer StarSense Explorer 6\u2033 ist ein <strong>leistungsstarkes, aber unglaublich einfaches Teleskop<\/strong>,<br \/>\nperfekt f\u00fcr Anf\u00e4nger, die sich ein seri\u00f6ses, vielseitiges und leicht zu erlernendes Instrument w\u00fcnschen.<\/p>","protected":false},"excerpt":{"rendered":"<p>StarSense Explorer 6&Prime; Schmidt-Cassegrain \u2013 D\u00e9couvrir le ciel n\u2019a jamais \u00e9t\u00e9 aussi simple Avec le StarSense Explorer 6&Prime;, Celestron rend l\u2019observation du ciel accessible \u00e0 tout le monde. Pas besoin de conna\u00eetre les constellations, ni de savoir aligner un t\u00e9lescope&nbsp;: votre smartphone fait tout le travail. Il suffit de mettre le t\u00e9lescope en place, d\u2019installer [&hellip;]<\/p>\n","protected":false},"featured_media":12123,"comment_status":"open","ping_status":"closed","template":"","meta":[],"product_brand":[413],"product_cat":[815,748],"product_tag":[],"class_list":{"0":"post-12122","1":"product","2":"type-product","3":"status-publish","4":"has-post-thumbnail","6":"product_brand-celestron","7":"product_cat-debutants","8":"product_cat-schmidt-cassegrain","10":"first","11":"instock","12":"taxable","13":"shipping-taxable","14":"purchasable","15":"product-type-simple"},"_links":{"self":[{"href":"https:\/\/deep-space-astronomy.ch\/de\/wp-json\/wp\/v2\/product\/12122","targetHints":{"allow":["GET"]}}],"collection":[{"href":"https:\/\/deep-space-astronomy.ch\/de\/wp-json\/wp\/v2\/product"}],"about":[{"href":"https:\/\/deep-space-astronomy.ch\/de\/wp-json\/wp\/v2\/types\/product"}],"replies":[{"embeddable":true,"href":"https:\/\/deep-space-astronomy.ch\/de\/wp-json\/wp\/v2\/comments?post=12122"}],"wp:featuredmedia":[{"embeddable":true,"href":"https:\/\/deep-space-astronomy.ch\/de\/wp-json\/wp\/v2\/media\/12123"}],"wp:attachment":[{"href":"https:\/\/deep-space-astronomy.ch\/de\/wp-json\/wp\/v2\/media?parent=12122"}],"wp:term":[{"taxonomy":"product_brand","embeddable":true,"href":"https:\/\/deep-space-astronomy.ch\/de\/wp-json\/wp\/v2\/product_brand?post=12122"},{"taxonomy":"product_cat","embeddable":true,"href":"https:\/\/deep-space-astronomy.ch\/de\/wp-json\/wp\/v2\/product_cat?post=12122"},{"taxonomy":"product_tag","embeddable":true,"href":"https:\/\/deep-space-astronomy.ch\/de\/wp-json\/wp\/v2\/product_tag?post=12122"}],"curies":[{"name":"wp","href":"https:\/\/api.w.org\/{rel}","templated":true}]}}