{"id":12125,"date":"2025-11-26T20:48:53","date_gmt":"2025-11-26T19:48:53","guid":{"rendered":"https:\/\/deep-space-astronomy.ch\/?post_type=product&#038;p=12125"},"modified":"2025-11-26T20:54:01","modified_gmt":"2025-11-26T19:54:01","slug":"celestron-cgx-800-hd-le-pack-edgehd-8-sur-monture-equatoriale","status":"publish","type":"product","link":"https:\/\/deep-space-astronomy.ch\/de\/produkt\/celestron-cgx-800-hd-le-pack-edgehd-8-sur-monture-equatoriale\/","title":{"rendered":"Celestron CGX 800 HD - Das 8\u2033 EdgeHD-Paket auf \u00e4quatorialer Montierung."},"content":{"rendered":"<h3>Celestron CGX 800 HD - Das 8\u2033 EdgeHD-Paket auf \u00e4quatorialer Computerfassung der Spitzenklasse.<\/h3>\n<p>Die <strong>CGX 800 HD<\/strong> kombiniert zwei au\u00dfergew\u00f6hnliche Elemente: die optische R\u00f6hre <strong>EdgeHD 8\u2033<\/strong>, Das f\u00fcr seine gestochen scharfen Bilder bekannte Objektiv und das robuste \u00e4quatoriale Objektivbajonett sind f\u00fcr die Aufnahme von Fotos geeignet. <strong>CGX<\/strong>, Die neue, f\u00fcr fortgeschrittene visuelle Beobachtung und anspruchsvolle Astrofotografie entwickelte Kamera.<br \/>\nEs ist eines der leistungsst\u00e4rksten und vielseitigsten Pakete f\u00fcr alle, die mit einem zuverl\u00e4ssigen und erweiterbaren Instrument in die hochaufl\u00f6sende und tiefe Bildgebung einsteigen m\u00f6chten.<\/p>\n<h3>Eine optische R\u00f6hre EdgeHD 8\u2033 in hoher Aufl\u00f6sung<\/h3>\n<p>Der EdgeHD ist ein aplanatischer Schmidt-Cassegrain und bietet einen <strong>vollkommen flaches Feld <\/strong>und <strong>ohne Koma<\/strong> \u00fcber das gesamte Bild hinweg. Im Gegensatz zu Standardoptiken garantiert sie scharfe Sterne bis zum Rand, was sie zur idealen Wahl f\u00fcr moderne, selbst gro\u00dfe Sensoren macht.<\/p>\n<p>Kein Shifting bei EdgeHD-Modellen, was beim Fotografieren sehr wichtig ist!<\/p>\n<p>Mit seiner Er\u00f6ffnung von <strong>203 mm<\/strong> und seine Brennweite von <strong>2032 mm<\/strong> (f\/10) bietet es eine beeindruckende Lichtsammelf\u00e4higkeit und eine hervorragende Leistung auf dem Mond, bei Planeten, Kugelsternhaufen, planetarischen Nebeln und hellen Galaxien.<\/p>\n<p>Die Behandlungen <strong>StarBright XLT<\/strong> maximieren die Lichtdurchl\u00e4ssigkeit und sorgen so f\u00fcr helle, kontrastreiche und detailreiche Bilder.<\/p>\n<h3>\u00c4quatorialer Rahmen CGX - Stabilit\u00e4t, Pr\u00e4zision und Technologie<\/h3>\n<p>Das Gestell <strong>CGX<\/strong> bringt eine moderne, stabile Mechanik mit, die f\u00fcr die Astrofotografie entwickelt wurde. Sie h\u00e4lt bis zu <strong>25 kg<\/strong> an Instrumentenlast, verf\u00fcgt \u00fcber pr\u00e4zise Triebwerke, Stern-, Sonnen- und Mondnachf\u00fchrung und alle notwendigen Funktionen<br \/>\nzur Steuerung des Teleskops aus der Ferne oder \u00fcber den PC.<\/p>\n<p>St\u00e4rken von CGX :<\/p>\n<ul>\n<li>Kompaktes Design in <strong>tieferer Schwerpunkt<\/strong> f\u00fcr maximale Stabilit\u00e4t<\/li>\n<li><strong>Positionssensoren<\/strong> f\u00fcr die R\u00fcckkehr in die \u201cHome\u201d-Position\u201d<\/li>\n<li>System von <strong>optimierte Kabel<\/strong> um ein H\u00e4ngenbleiben zu vermeiden<\/li>\n<li><strong>RLP<\/strong> (periodische Fehlerkorrektur)<\/li>\n<li>Einfache Ausrichtung: 2-Star, 1-Star, Solar System, Quick Align usw.<\/li>\n<li>Robuste Basis mit Stativ Stahl von <strong>2\u2033<\/strong><\/li>\n<li>Kompatibel mit <strong>StarSense<\/strong>, <strong>SkyPortal WiFi<\/strong> und PC-Software wie <strong>CPWI<\/strong><\/li>\n<\/ul>\n<h3>Gelieferte Elemente und enthaltenes Zubeh\u00f6r<\/h3>\n<ul>\n<li>Ein C8 EdgeHD 8\u2033 (203mm)<\/li>\n<li>Eine CGX-Montierung<\/li>\n<li>Okular <strong>40 mm Pl\u00f6ssl<\/strong> (1,25\u2033)<\/li>\n<li><strong>Abgewinkelte Umlenkung 1,25\u2033.<\/strong> f\u00fcr bequeme Beobachtung<\/li>\n<li><strong>Sucher 9\u00d750<\/strong><\/li>\n<li><strong>2 Gegengewichte \u00e0 5 kg<\/strong> jeder<\/li>\n<li>Schneeschuh <strong>NexStar+<\/strong> mit einer Datenbank von 40.000 Objekten<\/li>\n<li>12-V-Netzkabel, Holster, Inbusschl\u00fcssel, Zubeh\u00f6rtablett<\/li>\n<\/ul>\n<h3>Hauptmerkmale (Zusammenfassung)<\/h3>\n<table>\n<tbody>\n<tr>\n<td><strong>Art der Optik<\/strong><\/td>\n<td>EdgeHD 8\u2033<\/td>\n<\/tr>\n<tr>\n<td><strong>Er\u00f6ffnung<\/strong><\/td>\n<td>203 mm<\/td>\n<\/tr>\n<tr>\n<td><strong>Brennweite<\/strong><\/td>\n<td>2032 mm (f\/10)<\/td>\n<\/tr>\n<tr>\n<td><strong>Gelieferte Vergr\u00f6\u00dferung<\/strong><\/td>\n<td>\u2248 81\u00d7 (25 mm Okular)<\/td>\n<\/tr>\n<tr>\n<td><strong>Empfohlene max. Vergr\u00f6\u00dferung<\/strong><\/td>\n<td>\u2248 480\u00d7<\/td>\n<\/tr>\n<tr>\n<td><strong>Rahmen<\/strong><\/td>\n<td>\u00c4quatorial Informatik CGX (25 kg Traglast)<\/td>\n<\/tr>\n<tr>\n<td><strong>Gesamtgewicht des Sets<\/strong><\/td>\n<td>\u2248 45 kg<\/td>\n<\/tr>\n<tr>\n<td><strong>Software<\/strong><\/td>\n<td>CPWI, Starry Night SE, SkyPortal<\/td>\n<\/tr>\n<\/tbody>\n<\/table>\n<p>Zusammenfassend l\u00e4sst sich sagen, dass der <strong>CGX 800 HD<\/strong> ist ein Paket f\u00fcr anspruchsvolle Astronomen :<br \/>\nau\u00dfergew\u00f6hnliche Stabilit\u00e4t, pr\u00e4zise Nachf\u00fchrung, hochwertige EdgeHD-Optik<br \/>\nund vollst\u00e4ndige Kompatibilit\u00e4t f\u00fcr fortgeschrittene Astrofotografie.<br \/>\nEin vollst\u00e4ndiges Instrument zur Erkundung des Himmels in hoher Aufl\u00f6sung.<\/p>\n<p>&nbsp;<\/p>","protected":false},"excerpt":{"rendered":"<p>Celestron CGX 800 HD \u2013 Le pack EdgeHD 8&Prime; sur monture \u00e9quatoriale informatique haut de gamme Le CGX 800 HD combine deux \u00e9l\u00e9ments d\u2019exception : le tube optique EdgeHD 8&Prime;, r\u00e9put\u00e9 pour ses images d\u2019une nettet\u00e9 remarquable, et la robuste monture \u00e9quatoriale CGX, con\u00e7ue pour l\u2019observation visuelle avanc\u00e9e et l\u2019astrophotographie exigeante. C\u2019est l\u2019un des ensembles [&hellip;]<\/p>\n","protected":false},"featured_media":12126,"comment_status":"open","ping_status":"closed","template":"","meta":[],"product_brand":[413],"product_cat":[748],"product_tag":[],"class_list":{"0":"post-12125","1":"product","2":"type-product","3":"status-publish","4":"has-post-thumbnail","6":"product_brand-celestron","7":"product_cat-schmidt-cassegrain","9":"first","10":"instock","11":"taxable","12":"shipping-taxable","13":"purchasable","14":"product-type-simple"},"_links":{"self":[{"href":"https:\/\/deep-space-astronomy.ch\/de\/wp-json\/wp\/v2\/product\/12125","targetHints":{"allow":["GET"]}}],"collection":[{"href":"https:\/\/deep-space-astronomy.ch\/de\/wp-json\/wp\/v2\/product"}],"about":[{"href":"https:\/\/deep-space-astronomy.ch\/de\/wp-json\/wp\/v2\/types\/product"}],"replies":[{"embeddable":true,"href":"https:\/\/deep-space-astronomy.ch\/de\/wp-json\/wp\/v2\/comments?post=12125"}],"wp:featuredmedia":[{"embeddable":true,"href":"https:\/\/deep-space-astronomy.ch\/de\/wp-json\/wp\/v2\/media\/12126"}],"wp:attachment":[{"href":"https:\/\/deep-space-astronomy.ch\/de\/wp-json\/wp\/v2\/media?parent=12125"}],"wp:term":[{"taxonomy":"product_brand","embeddable":true,"href":"https:\/\/deep-space-astronomy.ch\/de\/wp-json\/wp\/v2\/product_brand?post=12125"},{"taxonomy":"product_cat","embeddable":true,"href":"https:\/\/deep-space-astronomy.ch\/de\/wp-json\/wp\/v2\/product_cat?post=12125"},{"taxonomy":"product_tag","embeddable":true,"href":"https:\/\/deep-space-astronomy.ch\/de\/wp-json\/wp\/v2\/product_tag?post=12125"}],"curies":[{"name":"wp","href":"https:\/\/api.w.org\/{rel}","templated":true}]}}