{"id":12193,"date":"2025-12-01T18:09:03","date_gmt":"2025-12-01T17:09:03","guid":{"rendered":"https:\/\/deep-space-astronomy.ch\/?post_type=product&#038;p=12193"},"modified":"2025-12-01T18:10:21","modified_gmt":"2025-12-01T17:10:21","slug":"premiere-case-du-calendrier-de-lavent-2025","status":"publish","type":"product","link":"https:\/\/deep-space-astronomy.ch\/de\/produkt\/premiere-case-du-calendrier-de-lavent-2025\/","title":{"rendered":"Erstes K\u00e4stchen des Adventskalenders 2025"},"content":{"rendered":"<p style=\"text-align: center;\"><strong>Sonderangebot bestehend aus einem 7\u00d72\u2033 Indigo Pegasus Filterrad und 4 LRGB 2\u2033 Filtern von Pegasus!<\/strong><\/p>\n<p>&nbsp;<\/p>\n<p>&nbsp;<\/p>\n<p>&nbsp;<\/p>\n<p>&nbsp;<\/p>\n<p style=\"text-align: center;\"><em>Wird f\u00fcr Sie bestellt. Zeitlich begrenztes Angebot.\u00a0<\/em><\/p>","protected":false},"excerpt":{"rendered":"<p>Offre sp\u00e9ciale comprenant une roue \u00e0 filtres 7&#215;2&Prime; Indigo Pegasus et 4 filtres LRGB 2&Prime; de Pegasus ! &nbsp; &nbsp; &nbsp; &nbsp; Sera command\u00e9 pour vous. Offre limit\u00e9e dans le temps.\u00a0<\/p>","protected":false},"featured_media":12194,"comment_status":"open","ping_status":"closed","template":"","meta":[],"product_brand":[517],"product_cat":[816],"product_tag":[],"class_list":{"0":"post-12193","1":"product","2":"type-product","3":"status-publish","4":"has-post-thumbnail","6":"product_brand-pegasus","7":"product_cat-nouveautes","9":"first","10":"on_supplier","11":"sale","12":"taxable","13":"shipping-taxable","14":"purchasable","15":"product-type-simple"},"_links":{"self":[{"href":"https:\/\/deep-space-astronomy.ch\/de\/wp-json\/wp\/v2\/product\/12193","targetHints":{"allow":["GET"]}}],"collection":[{"href":"https:\/\/deep-space-astronomy.ch\/de\/wp-json\/wp\/v2\/product"}],"about":[{"href":"https:\/\/deep-space-astronomy.ch\/de\/wp-json\/wp\/v2\/types\/product"}],"replies":[{"embeddable":true,"href":"https:\/\/deep-space-astronomy.ch\/de\/wp-json\/wp\/v2\/comments?post=12193"}],"wp:featuredmedia":[{"embeddable":true,"href":"https:\/\/deep-space-astronomy.ch\/de\/wp-json\/wp\/v2\/media\/12194"}],"wp:attachment":[{"href":"https:\/\/deep-space-astronomy.ch\/de\/wp-json\/wp\/v2\/media?parent=12193"}],"wp:term":[{"taxonomy":"product_brand","embeddable":true,"href":"https:\/\/deep-space-astronomy.ch\/de\/wp-json\/wp\/v2\/product_brand?post=12193"},{"taxonomy":"product_cat","embeddable":true,"href":"https:\/\/deep-space-astronomy.ch\/de\/wp-json\/wp\/v2\/product_cat?post=12193"},{"taxonomy":"product_tag","embeddable":true,"href":"https:\/\/deep-space-astronomy.ch\/de\/wp-json\/wp\/v2\/product_tag?post=12193"}],"curies":[{"name":"wp","href":"https:\/\/api.w.org\/{rel}","templated":true}]}}