{"id":12209,"date":"2025-12-02T18:00:06","date_gmt":"2025-12-02T17:00:06","guid":{"rendered":"https:\/\/deep-space-astronomy.ch\/?post_type=product&#038;p=12209"},"modified":"2026-03-29T17:45:04","modified_gmt":"2026-03-29T15:45:04","slug":"saddle-powerbox","status":"publish","type":"product","link":"https:\/\/deep-space-astronomy.ch\/de\/produkt\/saddle-powerbox\/","title":{"rendered":"Pegasus Saddle Powerbox"},"content":{"rendered":"<h3>Pegasus Astro - Saddle Powerbox<\/h3>\n<p>Die <strong>Pegasus Astro Saddle Powerbox<\/strong> ist ein vielseitiges Zubeh\u00f6r, das entwickelt wurde, um jede Astronomie- oder Astrofotografie-Installation zu vereinfachen und zuverl\u00e4ssiger zu machen.<br \/>\nSie kombiniert eine <strong>Befestigungssattel (Losmandy &amp; Vixen)<\/strong> und eine <strong>intelligentes Kraftwerk<\/strong>, Die Kamera ist mit einer Vielzahl von Kabeln ausgestattet, um Kameras, Montierungen, Heizelemente, Zubeh\u00f6r und Computer mit Strom zu versorgen und gleichzeitig den Platzbedarf f\u00fcr Kabel drastisch zu reduzieren.<\/p>\n<p>Mit ihren USB-Anschl\u00fcssen, zahlreichen 12V-Ausg\u00e4ngen, eingebauten Sensoren und einer umfassenden Steuerungssoftware sichert die Saddle Powerbox Ihr Setup, vermeidet Stromausf\u00e4lle und garantiert ein optimales Management Ihrer Beobachtungsn\u00e4chte.<\/p>\n<p><strong>Auf Lager<\/strong><\/p>\n<h3>Hauptmerkmale<\/h3>\n<ul>\n<li>Bis zu <strong>4 + 2 Ausg\u00e4nge 12V DC<\/strong> (insgesamt 6, wenn man die Widerstandsanschl\u00fcsse in feste 12V umwandelt).<\/li>\n<li><strong>10A (120W)<\/strong> an verf\u00fcgbarem Gesamtstrom.<\/li>\n<li>Integrierter USB3-Hub : <strong>2\u00d7 USB3.1 + 2\u00d7 USB2<\/strong>.<\/li>\n<li>High Power USB: bis zu <strong>3A<\/strong> (kompatibel mit Raspberry Pi 3\/4 Stromversorgung).<\/li>\n<li>Integrierte Sensoren : <strong>Temperatur<\/strong> &amp; <strong>Feuchtigkeit<\/strong>.<\/li>\n<li><strong>2 PWM-Kan\u00e4le<\/strong> f\u00fcr Heizwiderst\u00e4nde (mit DC\u2192RCA-Adaptern im Lieferumfang enthalten).<\/li>\n<li>Funktion <strong>Auto-Dew<\/strong> : automatische Einstellung der Widerst\u00e4nde.<\/li>\n<li>Messung von <strong>Spannung<\/strong>, <strong>Strom<\/strong> und <strong>Macht<\/strong>.<\/li>\n<li><strong>Schutz vor Verpolung<\/strong>.<\/li>\n<li>Verwendung <strong>PC \/ USB<\/strong> oder <strong>standalone<\/strong> (ohne Computer).<\/li>\n<li>Befestigung <strong>Losmandy &amp; Vixen<\/strong> integriert.<\/li>\n<li>Pucks erh\u00e4ltlich f\u00fcr die Fassungen AM5, EQ6, RST, HEQ5, CEM26, GEM28, Star Adventurer GTi, Avalon, AZ-EQ6.<\/li>\n<\/ul>\n<h3>6 Ausg\u00e4nge f\u00fcr 12V-Stromversorgung<\/h3>\n<p>Die Powerbox verf\u00fcgt \u00fcber <strong>4 Standard 12V-Ausg\u00e4nge<\/strong> und von <strong>2 PWM-Ausg\u00e4nge<\/strong> f\u00fcr Heizwiderst\u00e4nde (umwandelbar in feste 12-V-Ausg\u00e4nge). Die internen MOSFETs sorgen f\u00fcr eine stabile und zuverl\u00e4ssige Stromversorgung. Die 4 Hauptausg\u00e4nge schalten sich gemeinsam ein und aus, w\u00e4hrend die beiden PWM-Ausg\u00e4nge einzeln steuerbar sind.<\/p>\n<h3>Integrierte Sensoren<\/h3>\n<p>Die Saddle Powerbox misst kontinuierlich die <strong>Temperatur<\/strong> und die<strong>Feuchtigkeit<\/strong> Umgebungsbedingungen, um eine optimale Beobachtung der Bedingungen und eine automatische Beschlagskontrolle zu erm\u00f6glichen.<br \/>\nSie zeigt auch die <strong>Eingangsspannung<\/strong> und der <strong>verbrauchter Strom<\/strong>.<\/p>\n<h3>Heizwiderst\u00e4nde (2 Anschl\u00fcsse)<\/h3>\n<p>Zwei PWM-Ausg\u00e4nge bieten eine pr\u00e4zise Steuerung Ihrer Heizwiderst\u00e4nde, mit einer Kapazit\u00e4t von <strong>5A pro Ausgang<\/strong>.<br \/>\nDie Funktion <strong>Auto-Dew<\/strong> passt die Leistung automatisch an den Taupunkt an.<br \/>\nZwei Adapter <strong>DC 2.1 \u2192 RCA<\/strong> enthalten sind.<\/p>\n<h3>Monitoring des Stromverbrauchs<\/h3>\n<p>Ein interner Amperemeter misst den Gesamtverbrauch Ihres Setups. Sie k\u00f6nnen die Spannung und den Strom in Echtzeit \u00fcberwachen, um eine \u00dcberlastung zu vermeiden.<\/p>\n<h3>Mehr als 10A verf\u00fcgbarer Strom<\/h3>\n<p>Die Powerbox wurde f\u00fcr anspruchsvolle Setups konzipiert und kann bis zu <strong>10A<\/strong> insgesamt.<br \/>\nEine herk\u00f6mmliche Fotoinstallation verbraucht in der Regel zwischen 5 und 7A.<\/p>\n<h3>Integrierter USB3-Hub<\/h3>\n<ul>\n<li>2 \u00d7 USB3 SuperSpeed 5 Gbps<\/li>\n<li>2 \u00d7 USB2 High-Speed<\/li>\n<li>USB-Anschl\u00fcsse liefern bis zu <strong>3A<\/strong> (Ger\u00e4teversorgung 5V)<\/li>\n<li>Unabh\u00e4ngiger MTT-Controller zur Vermeidung von Verlangsamungen bei USB2-Ger\u00e4ten<\/li>\n<\/ul>\n<h3>Einrichten von USB-Anschl\u00fcssen<\/h3>\n<ul>\n<li>USB1: USB2 &amp; USB3<\/li>\n<li>USB2: USB2 &amp; USB3<\/li>\n<li>USB3: USB2<\/li>\n<li>USB4: USB2<\/li>\n<\/ul>\n<h3>Optionale Pucks f\u00fcr Reittiere<\/h3>\n<ul>\n<li><strong>AM5 \/ AM3<\/strong> : PEG-PUCK-AM5<\/li>\n<li><strong>EQ6 \/ NEQ6 \/ EQ6-R<\/strong> : PEG-PUCK-EQ6R<\/li>\n<li><strong>RST-135 \/ RST-300<\/strong> : PEG-PUCK-RST<\/li>\n<li><strong>HEQ5<\/strong> : PEG-PUCK-HEQ5<\/li>\n<li><strong>CEM26 \/ GEM28<\/strong> : PEG-PUCK-iCEM26GEM28<\/li>\n<li><strong>Star Adventurer GTi<\/strong> : PEG-PUCK-SAGTi<\/li>\n<li><strong>Avalon M-UNO \/ LINEAR<\/strong> : PEG-PUCK-UNO<\/li>\n<li><strong>AZ-EQ6<\/strong> : PEG-PUCK-EQ6AZ<\/li>\n<\/ul>\n<h3>Erweiterte Funktionen<\/h3>\n<ul>\n<li><strong>Standalone<\/strong> : autonomer Betrieb, automatische Wiederherstellung der Einstellungen.<\/li>\n<li><strong>2 PWM-Ausg\u00e4nge<\/strong> \u00fcber Software steuerbar.<\/li>\n<li><strong>Auto-Dew<\/strong> : automatische Regelung nach dem Taupunkt.<\/li>\n<li><strong>Status-LED<\/strong> \u00fcber Software abschaltbar.<\/li>\n<li><strong>Verpolungsschutz<\/strong>.<\/li>\n<li><strong>Watchdog Material<\/strong> die einen automatischen Reset im Falle eines Freeze beinhaltet.<\/li>\n<li><strong>Aufr\u00fcstbare Firmware<\/strong>.<\/li>\n<li>Unterst\u00fctzung von Befestigungen <strong>Losmandy 3\u2033<\/strong> und <strong>Vixen<\/strong>.<\/li>\n<\/ul>\n<h3>Software-Kompatibilit\u00e4t<\/h3>\n<ul>\n<li><strong>ASCOM 6.5<\/strong> : ObservingConditions &amp; Switches<\/li>\n<li><strong>INDI<\/strong> : volle Kompatibilit\u00e4t (Stellarmate etc.)<\/li>\n<li><strong>Unity-Plattform<\/strong> : Vereinheitlichte Pegasus Astro Software + REST\/JSON API<\/li>\n<\/ul>\n<h3>Inhalt der Schachtel<\/h3>\n<ul>\n<li>1 \u00d7 Saddle Powerbox<\/li>\n<li>2 \u00d7 DC 2.1 \u2192 RCA-Adapter (15 cm)<\/li>\n<li>4 \u00d7 Kabel DC 2.1 \u2192 2.1 (2\u00d70.5 m + 2\u00d71 m)<\/li>\n<li>1 \u00d7 USB3 Typ-B-Kabel (1,8 m)<\/li>\n<\/ul>\n<h3>Technische Spezifikationen<\/h3>\n<ul>\n<li><strong>Schwalbenschwanzformate<\/strong> : Losmandy &amp; Vixen<\/li>\n<li><strong>Ern\u00e4hrung<\/strong> : 12-14V DC<\/li>\n<li><strong>Anschl\u00fcsse<\/strong> : DC 5.5\u00d72.1mm (positive Mitte)<\/li>\n<li><strong>USB-Hub<\/strong> : USB3 Typ-B<\/li>\n<li><strong>4 12V-Ausg\u00e4nge<\/strong> : max 10A gesamt<\/li>\n<li><strong>2 PWM-Ausg\u00e4nge<\/strong> : 4A jeweils<\/li>\n<li><strong>Sensoren<\/strong> : Feuchtigkeit 0-100%, Temperatur -40 bis +80\u00b0C<\/li>\n<li><strong>Voltmeter<\/strong> : Messung 5-15V<\/li>\n<li><strong>Maximale Belastung<\/strong> : 40 kg<\/li>\n<\/ul>","protected":false},"excerpt":{"rendered":"<p>Pegasus Astro \u2013 Saddle Powerbox La Pegasus Astro Saddle Powerbox est un accessoire polyvalent con\u00e7u pour simplifier et fiabiliser toute installation d\u2019astronomie ou d\u2019astrophotographie. Elle combine une selle de fixation (Losmandy &amp; Vixen) et une centrale d\u2019alimentation intelligente, permettant d\u2019alimenter proprement cam\u00e9ras, monture, r\u00e9sistances chauffantes, accessoires et informatique tout en r\u00e9duisant drastiquement l\u2019encombrement des c\u00e2bles. [&hellip;]<\/p>\n","protected":false},"featured_media":12210,"comment_status":"open","ping_status":"closed","template":"","meta":[],"product_brand":[517],"product_cat":[816],"product_tag":[],"class_list":{"0":"post-12209","1":"product","2":"type-product","3":"status-publish","4":"has-post-thumbnail","6":"product_brand-pegasus","7":"product_cat-nouveautes","9":"first","10":"outofstock","11":"sale","12":"taxable","13":"shipping-taxable","14":"purchasable","15":"product-type-variable"},"_links":{"self":[{"href":"https:\/\/deep-space-astronomy.ch\/de\/wp-json\/wp\/v2\/product\/12209","targetHints":{"allow":["GET"]}}],"collection":[{"href":"https:\/\/deep-space-astronomy.ch\/de\/wp-json\/wp\/v2\/product"}],"about":[{"href":"https:\/\/deep-space-astronomy.ch\/de\/wp-json\/wp\/v2\/types\/product"}],"replies":[{"embeddable":true,"href":"https:\/\/deep-space-astronomy.ch\/de\/wp-json\/wp\/v2\/comments?post=12209"}],"wp:featuredmedia":[{"embeddable":true,"href":"https:\/\/deep-space-astronomy.ch\/de\/wp-json\/wp\/v2\/media\/12210"}],"wp:attachment":[{"href":"https:\/\/deep-space-astronomy.ch\/de\/wp-json\/wp\/v2\/media?parent=12209"}],"wp:term":[{"taxonomy":"product_brand","embeddable":true,"href":"https:\/\/deep-space-astronomy.ch\/de\/wp-json\/wp\/v2\/product_brand?post=12209"},{"taxonomy":"product_cat","embeddable":true,"href":"https:\/\/deep-space-astronomy.ch\/de\/wp-json\/wp\/v2\/product_cat?post=12209"},{"taxonomy":"product_tag","embeddable":true,"href":"https:\/\/deep-space-astronomy.ch\/de\/wp-json\/wp\/v2\/product_tag?post=12209"}],"curies":[{"name":"wp","href":"https:\/\/api.w.org\/{rel}","templated":true}]}}