{"id":12213,"date":"2025-12-02T20:31:32","date_gmt":"2025-12-02T19:31:32","guid":{"rendered":"https:\/\/deep-space-astronomy.ch\/?post_type=product&#038;p=12213"},"modified":"2026-01-19T18:50:32","modified_gmt":"2026-01-19T17:50:32","slug":"sky-watcher-heliostar-100ha","status":"publish","type":"product","link":"https:\/\/deep-space-astronomy.ch\/de\/produkt\/sky-watcher-heliostar-100ha\/","title":{"rendered":"Sky-Watcher HELIOSTAR-100Ha"},"content":{"rendered":"<h3 style=\"text-align: center;\">Sky-Watcher HELIOSTAR 100H\u03b1 - H-Alpha-Sonnenteleskop 100 mm<\/h3>\n<p>Die <strong>Sky-Watcher HELIOSTAR 100 H\u03b1<\/strong> ist eine hochleistungsf\u00e4hige H-Alpha-Sonnenbrille von <strong>100 mm \u00d6ffnung<\/strong>, f\u00fcr anspruchsvolle Sonnenbeobachter und Astrofotografen. Mit einer Bandbreite von <strong>0,5 \u00c5 oder besser<\/strong>, In den letzten Jahren ist die Aktivit\u00e4t der Sonnenoberfl\u00e4che und der Chromosph\u00e4re mit bemerkenswerter Genauigkeit aufgezeichnet worden.<\/p>\n<p>Sie wird komplett geliefert und enth\u00e4lt unter anderem einen <strong>Okular 22 mm 70\u00b0 gro\u00dfes Feld<\/strong>ein <strong>90\u00b0-Solarprisma<\/strong> und ein Sonnensucher<strong>\u00a0integriert<\/strong>, Das Projekt ist ein schl\u00fcsselfertiges Instrument f\u00fcr die Beobachtung und Abbildung der Sonne im H-Alpha-Bereich.<\/p>\n<h3>Sonnenbeobachtung in H-alpha<\/h3>\n<p>Die Beobachtung der Sonne in <strong>Wasserstoff-alpha (H\u03b1)<\/strong> erm\u00f6glicht es, eine Dynamik und einen Detailreichtum zu entdecken, die mit einem einfachen Sonnenfilter bei wei\u00dfem Licht unm\u00f6glich zu sehen sind.<\/p>\n<p>In H-alpha k\u00f6nnen Sie bewundern :<\/p>\n<ul>\n<li>Die <strong>Ausst\u00fclpungen<\/strong> am Rand der Scheibe (f\u00e4lschlicherweise oft als \u201cFlares\u201d bezeichnet).<\/li>\n<li>Die <strong>aktive Regionen<\/strong> die mit Sonnenflecken verbunden sind.<\/li>\n<li>Die <strong>Granulation<\/strong> der Oberfl\u00e4che.<\/li>\n<li>Die <strong>Filamente<\/strong> aus d\u00fcnnem, schlangenf\u00f6rmigem Plasma, die die Scheibe durchziehen.<\/li>\n<\/ul>\n<p>Bei der Beobachtung der Sonne in der sehr schmalen H-alpha-Bandbreite erh\u00e4lt der Astronom spektakul\u00e4re Echtzeitansichten unseres Sterns, der in seiner ganzen majest\u00e4tischen Pracht erstrahlt.<\/p>\n<h3>Filtertechnologie und optische Sicherheit<\/h3>\n<p>L\u2019<strong>HELIOSTAR-100H\u03b1<\/strong> verwendet mehrere Technologien, um das menschliche Auge bei der Sonnenbeobachtung zu sch\u00fctzen. Sie integriert :<\/p>\n<ul>\n<li>Eine <strong>Reflexionsfilm f\u00fcr Infrarotstrahlen<\/strong> um die thermische Belastung zu verringern.<\/li>\n<li>Eine <strong>spezieller Hitzesperrfilter<\/strong>.<\/li>\n<li>Eine <strong>UV-Sperrfilter<\/strong> um zu verhindern, dass sch\u00e4dliche Strahlung den Betrachter erreicht.<\/li>\n<\/ul>\n<p>Eine Kombination aus <strong>Front- und Heckfilter<\/strong> l\u00e4sst nur monochromatisches Licht mit der Wellenl\u00e4nge von durch. <strong>656,28 nm<\/strong>, Die anderen Wellenl\u00e4ngen werden dabei rigoros blockiert. Das Ergebnis sind extrem kontrastreiche Chromosph\u00e4rendetails und Protuberanzen in der H-Alpha-Linie.<\/p>\n<h3>Solis-Technologie und 0,5 \u00c5 Bandbreite<\/h3>\n<p>Technologie <strong>Solis Hengst<\/strong> von Sky-Watcher erm\u00f6glicht es dem HELIOSTAR-100H\u03b1, eine <strong>Bandbreite von 0,5 \u00c5<\/strong> ohne die Komplexit\u00e4t und die Kosten eines zweiten Standards.<br \/>\nSo erh\u00e4lt der Beobachter direkt aus der Box heraus detaillierte Bilder der Sonnenscheibe, ohne dass er zus\u00e4tzlich in ein Doppelnormal investieren muss.<\/p>\n<p>Die <strong>Standardeinstellung <\/strong>wird durch ein System von <strong>Druckanpassung (pressure tuning)<\/strong>, Die Software bietet eine Feinabstimmung der Bandbreite, um den Kontrast von Sonnenstrukturen zu optimieren.<\/p>\n<h3>Einhaltung der Sicherheitsbestimmungen<\/h3>\n<p>Die <strong>HELIOSTAR-100H\u03b1<\/strong> entspricht den \u00dcbertragungsanforderungen des Standards <strong>ISO 12312-2:2015<\/strong> (Filter f\u00fcr die direkte Sonnenbeobachtung). Bei der Verwendung sollten stets die Anweisungen des Herstellers und die grundlegenden Sicherheitsregeln bei der Sonnenbeobachtung genau beachtet werden.<\/p>\n<h3>Wichtige Sicherheitsinformationen<\/h3>\n<p>Die Sonnenbeobachtung erfordert eine <strong>h\u00f6chste Vorsicht<\/strong>. Unsachgem\u00e4\u00dfer Gebrauch kann zu schweren oder sogar dauerhaften Augensch\u00e4den f\u00fchren.<\/p>\n<p>Die <strong>20-mm-Sperrfilter<\/strong> der sich im abnehmbaren Solar-Winkelst\u00fcck befindet, ist Teil des <strong>Sicherheitsvorrichtung<\/strong> der HELIOSTAR.<\/p>\n<p><strong>Verwenden Sie dieses Teleskop niemals mit einer anderen Art von gekr\u00fcmmter Umlenkung.<\/strong> oder ohne den speziell f\u00fcr dieses Instrument vorgesehenen Filterblock.<\/p>\n<h3>Enthaltene Ausstattung<\/h3>\n<ul>\n<li><strong>Sonnenteleskop HELIOSTAR 100H\u03b1<\/strong> (nur OTA).<\/li>\n<li><strong>Okular 22 mm, 70\u00b0 UltraWide (1,25\u2033)<\/strong>.<\/li>\n<li><strong>Abgewinkelte Umlenkung Solar 90\u00b0 (1,25\u2033)<\/strong> mit integriertem 20-mm-Sperrfilter.<\/li>\n<li><strong>Integrierter Solar Guider<\/strong>.<\/li>\n<li><strong>Crayford 2\u2033 Focuser mit doppelter Geschwindigkeit<\/strong>.<\/li>\n<li><strong>Rohrschellen<\/strong> mit <strong>integrierter Tragegriff<\/strong>.<\/li>\n<li><strong>Schwalbenschwanzstange 45 mm<\/strong> mit 1\/4\u2033-20 Stativgewinde.<\/li>\n<li><strong>Hartschalenkoffer<\/strong> Transport und Schutz.<\/li>\n<\/ul>\n<h3>Optische &amp; mechanische Eigenschaften<\/h3>\n<ul>\n<li><strong>Prim\u00e4re \u00d6ffnung<\/strong> : 100 mm.<\/li>\n<li><strong>Brennweite des Teleskops<\/strong> : 800 mm.<\/li>\n<li><strong>Fokusbericht<\/strong> : f\/8.<\/li>\n<li><strong>Vergr\u00f6\u00dferung mit eingeschlossenem Okular<\/strong> : 36,4\u00d7 (22 mm).<\/li>\n<li><strong>Okular im Lieferumfang enthalten<\/strong> : 22 mm, scheinbares Sehfeld 70\u00b0 (1,25\u2033).<\/li>\n<li><strong>Hengst<\/strong> : Bandbreite &lt; 0,5 \u00c5.<\/li>\n<li><strong>Methode der Einstellung<\/strong> : <em>Drucktuning<\/em>.<\/li>\n<li><strong>Integrierte Technologien<\/strong> : Sky-Watcher Trifid Tuner &amp; Solis Etalon.<\/li>\n<li><strong>Austritts\u00f6ffnung des Filterblocks<\/strong> : 20 mm.<\/li>\n<li><strong>Filterblock<\/strong> : 20 mm (in den Solar-Winkeltrieb integriert).<\/li>\n<li><strong>Abgewinkelte Solar-Umlenkung<\/strong> : 90\u00b0, 1,25\u2033.<\/li>\n<li><strong>Solar Guider<\/strong> : integriert.<\/li>\n<li><strong>Fokussieren<\/strong> : Crayford 2\u2033 mit doppelter Geschwindigkeit.<\/li>\n<\/ul>\n<h3>Back focus &amp; imaging<\/h3>\n<ul>\n<li><strong>Back focus<\/strong> : 20 mm (OTA).<\/li>\n<li><strong>Bildgebung<\/strong> : Geeignet f\u00fcr die Bildgebung mit Kamera und 1,25\u2033-Adapter mit einem 60-mm-Backfokus.<\/li>\n<li><strong>Gr\u00f6\u00dfe des Sonnenbildes<\/strong> : 7,6 mm.<\/li>\n<\/ul>\n<h3>Physische Daten &amp; Konformit\u00e4t<\/h3>\n<ul>\n<li><strong>Einhaltung der Sicherheitsbestimmungen<\/strong> : ISO 12312-2:2015.<\/li>\n<li><strong>L\u00e4nge des Rohrs (OTA)<\/strong> : 760 mm.<\/li>\n<li><strong>Gewicht der R\u00f6hre (OTA)<\/strong> : 6 kg.<\/li>\n<li><strong>Lieferung<\/strong> : Teleskop, geliefert in einer <strong>Hartschalenkoffer<\/strong>.<\/li>\n<\/ul>","protected":false},"excerpt":{"rendered":"<p>Sky-Watcher HELIOSTAR 100H\u03b1 \u2013 T\u00e9lescope solaire H-alpha 100 mm La Sky-Watcher HELIOSTAR 100 H\u03b1 est une lunette solaire H-alpha hautes performances de 100 mm d\u2019ouverture, destin\u00e9e aux observateurs et astrophotographes solaires exigeants. Gr\u00e2ce \u00e0 sa bande passante de 0,5 \u00c5 ou mieux, elle r\u00e9v\u00e8le avec une finesse remarquable l\u2019activit\u00e9 de la surface solaire et de [&hellip;]<\/p>\n","protected":false},"featured_media":12214,"comment_status":"open","ping_status":"closed","template":"","meta":[],"product_brand":[822],"product_cat":[816,643,642],"product_tag":[],"class_list":{"0":"post-12213","1":"product","2":"type-product","3":"status-publish","4":"has-post-thumbnail","6":"product_brand-sky-watcher","7":"product_cat-nouveautes","8":"product_cat-lunettes-solaires","9":"product_cat-materiel-pour-lobservation-solaire","11":"first","12":"on_supplier","13":"taxable","14":"shipping-taxable","15":"purchasable","16":"product-type-simple"},"_links":{"self":[{"href":"https:\/\/deep-space-astronomy.ch\/de\/wp-json\/wp\/v2\/product\/12213","targetHints":{"allow":["GET"]}}],"collection":[{"href":"https:\/\/deep-space-astronomy.ch\/de\/wp-json\/wp\/v2\/product"}],"about":[{"href":"https:\/\/deep-space-astronomy.ch\/de\/wp-json\/wp\/v2\/types\/product"}],"replies":[{"embeddable":true,"href":"https:\/\/deep-space-astronomy.ch\/de\/wp-json\/wp\/v2\/comments?post=12213"}],"wp:featuredmedia":[{"embeddable":true,"href":"https:\/\/deep-space-astronomy.ch\/de\/wp-json\/wp\/v2\/media\/12214"}],"wp:attachment":[{"href":"https:\/\/deep-space-astronomy.ch\/de\/wp-json\/wp\/v2\/media?parent=12213"}],"wp:term":[{"taxonomy":"product_brand","embeddable":true,"href":"https:\/\/deep-space-astronomy.ch\/de\/wp-json\/wp\/v2\/product_brand?post=12213"},{"taxonomy":"product_cat","embeddable":true,"href":"https:\/\/deep-space-astronomy.ch\/de\/wp-json\/wp\/v2\/product_cat?post=12213"},{"taxonomy":"product_tag","embeddable":true,"href":"https:\/\/deep-space-astronomy.ch\/de\/wp-json\/wp\/v2\/product_tag?post=12213"}],"curies":[{"name":"wp","href":"https:\/\/api.w.org\/{rel}","templated":true}]}}