{"id":12272,"date":"2025-12-04T21:18:28","date_gmt":"2025-12-04T20:18:28","guid":{"rendered":"https:\/\/deep-space-astronomy.ch\/?post_type=product&#038;p=12272"},"modified":"2026-02-03T13:05:05","modified_gmt":"2026-02-03T12:05:05","slug":"touptek-gpcmos02000kma-imx290-mono","status":"publish","type":"product","link":"https:\/\/deep-space-astronomy.ch\/de\/produkt\/touptek-gpcmos02000kma-imx290-mono\/","title":{"rendered":"ToupTek GPCMOS02000KMA - IMX290 Mono"},"content":{"rendered":"<h3 style=\"text-align: center;\">ToupTek GPCMOS02000KMA - IMX290 Mono F\u00fchrungs- &amp; Abbildungskamera<\/h3>\n<p>Die <strong>ToupTek Astro GPCMOS02000KMA<\/strong> ist eine hochempfindliche monochrome Kamera, die entwickelt wurde, um eine <strong>pr\u00e4zise F\u00fchrung<\/strong> und eine hervorragende Leistung in <strong>planetarische und lunare Astrofotografie<\/strong>. Sie ist kompakt, leicht und kompatibel mit den meisten Autoguiding-Setups. Sie ist eine zuverl\u00e4ssige L\u00f6sung f\u00fcr Astronomen, die eine leistungsstarke Kamera zu einem g\u00fcnstigen Preis suchen.<\/p>\n<p>Ausgestattet mit dem ber\u00fchmten Sony-Sensor <strong>IMX290 mit Hintergrundbeleuchtung<\/strong>, Sie bietet eine hervorragende Empfindlichkeit, sehr geringes Rauschen und eine Aufl\u00f6sung, die ideal ist, um Leitsterne und planetare Details in feiner Aufl\u00f6sung zu erfassen.<\/p>\n<h3>Eine ideale Kamera f\u00fcr Autoguiding<\/h3>\n<p>Dank seiner <strong>hohe Empfindlichkeit<\/strong> und seinen Pixeln von <strong>2.9 \u00b5m<\/strong>, Mit der GPCMOS02000KMA lassen sich Leitsterne selbst mit einem kleinen Fernrohr oder einem OAG leicht finden. Seine Schnittstelle <strong>ST-4<\/strong> erm\u00f6glicht den direkten Anschluss an die meisten \u00e4quatorialen Montierungen f\u00fcr eine fl\u00fcssige und stabile F\u00fchrung.<\/p>\n<ul>\n<li>Einfache Erkennung schwacher Sterne<\/li>\n<li>Stabiler Betrieb bei langen Belichtungszeiten<\/li>\n<li>Kompatibel mit Guidescopes, Sucher-Modifikationsger\u00e4ten und OAGs<\/li>\n<li>K\u00f6rper aus 1,25\u2033 f\u00fcr eine einfache Integration<\/li>\n<\/ul>\n<h3>Sony IMX290 Monochrom-Sensor - Au\u00dfergew\u00f6hnliche Empfindlichkeit<\/h3>\n<p>Im Herzen der Kamera befindet sich der <strong>Sony IMX290<\/strong>, Der CMOS-Sensor mit Hintergrundbeleuchtung ist bekannt f\u00fcr :<\/p>\n<ul>\n<li>seine <strong>sehr hohe Quanteneffizienz<\/strong>,<\/li>\n<li>seine <strong>geringes Rauschen beim Lesen<\/strong>,<\/li>\n<li>seine F\u00e4higkeit, feine Details einzufangen,<\/li>\n<li>seine hervorragende Leistung bei schwachem Licht.<\/li>\n<\/ul>\n<p>Mit einer Aufl\u00f6sung von <strong>1920 \u00d7 1080<\/strong>, Mit diesem Objektiv k\u00f6nnen Sie auch sch\u00f6ne Aufnahmen von Planeten machen (Mond, Jupiter, Saturn, Sonne in H-Alpha mit einem geeigneten Filter).<\/p>\n<h3>Astrofotografie von Planeten und Mond<\/h3>\n<p>Die GPCMOS02000KMA ist ein hervorragendes Autoguiding-Ger\u00e4t, aber auch f\u00fcr Planeten- und Mondaufnahmen geeignet:<\/p>\n<ul>\n<li>seinen schnellen Sensor,<\/li>\n<li>seine Dynamik in 12 Bit,<\/li>\n<li>seine hohe Empfindlichkeit im sichtbaren und nahen Infrarotbereich.<\/li>\n<\/ul>\n<p>Sie ist ideal f\u00fcr die Aufnahme von detaillierten Bildern des Mondes, der Planeten, von Bedeckungen und sogar f\u00fcr einige Deep-Sky-Objekte. <strong>Kurzposen<\/strong>.<\/p>\n<h3>Erweiterter Belichtungsumfang<\/h3>\n<p>Die Kamera unterst\u00fctzt Belichtungen zwischen <strong>0,105 ms und 1000 s<\/strong>, Dadurch kann sie sowohl f\u00fcr das F\u00fchren von Bildern mit hoher Geschwindigkeit als auch f\u00fcr Aufnahmen von helleren Objekten oder f\u00fcr schnelle Belichtungen verwendet werden.<\/p>\n<h3>Wichtigste technische Daten<\/h3>\n<ul>\n<li><strong>Sensor :<\/strong> Sony IMX290 monochrom 1\/2.8\u2033.<\/li>\n<li><strong>Aufl\u00f6sung :<\/strong> 1920 \u00d7 1080 Pixel (2,1 MP)<\/li>\n<li><strong>Pixelgr\u00f6\u00dfe :<\/strong> 2.9 \u00b5m<\/li>\n<li><strong>Sensorgr\u00f6\u00dfe :<\/strong> 5.6 \u00d7 3.1 mm (diag. 6.4 mm)<\/li>\n<li><strong>Konverter :<\/strong> 12-Bit ADC<\/li>\n<li><strong>Ausstellungen :<\/strong> 0.105 ms bis 1000 s<\/li>\n<li><strong>Schnittstelle :<\/strong> USB 2.0<\/li>\n<li><strong>Autoguiding :<\/strong> Integrierter ST-4-Anschluss<\/li>\n<li><strong>Montage :<\/strong> Format 1.25\u2033<\/li>\n<li><strong>Gewicht :<\/strong> ca. 70 g<\/li>\n<\/ul>\n<h3>Kompatibilit\u00e4t &amp; Software<\/h3>\n<ul>\n<li>Kompatibel mit Windows, macOS und Linux<\/li>\n<li>Funktioniert mit PHD2 Guiding, SharpCap, FireCapture, NINA, ASCOM usw.<\/li>\n<li>Nutzbar f\u00fcr direktes Autoguiding \u00fcber den ST-4-Anschluss<\/li>\n<\/ul>\n<h3>Inhalt der Schachtel<\/h3>\n<ul>\n<li>ToupTek-Kamera GPCMOS02000KMA<\/li>\n<li>USB 2.0-Kabel<\/li>\n<li>ST-4 Autoguiding-Kabel<\/li>\n<li>Adapter 1.25\u2033<\/li>\n<\/ul>\n<h3>F\u00fcr wen ist die GPCMOS02000KMA geeignet?<\/h3>\n<p>Diese Kamera ist ideal f\u00fcr :<\/p>\n<ul>\n<li>Astrofotografen, die nach einem <strong>zuverl\u00e4ssiger Autoguider<\/strong> und sehr empfindlich,<\/li>\n<li>diejenigen, die zu einem geringen Preis mit der Planetenabbildung beginnen m\u00f6chten,<\/li>\n<li>leichte oder mobile Setups,<\/li>\n<li>OAG-Nutzer, die einen sehr reaktionsschnellen Sensor ben\u00f6tigen.<\/li>\n<\/ul>\n<h3>Zusammenfassend<\/h3>\n<p>Die <strong>ToupTek GPCMOS02000KMA<\/strong> ist eine vielseitige, leistungsstarke und extrem empfindliche Kamera mit einem hervorragenden Preis-Leistungs-Verh\u00e4ltnis. Egal, ob Sie Ihr Autoguiding verbessern oder mit der Planetenfotografie beginnen m\u00f6chten, sie garantiert Pr\u00e4zision, Zuverl\u00e4ssigkeit und einfache Bedienung.<\/p>","protected":false},"excerpt":{"rendered":"<p>ToupTek GPCMOS02000KMA \u2013 Cam\u00e9ra de guidage &amp; imagerie mono IMX290 La ToupTek Astro GPCMOS02000KMA est une cam\u00e9ra monochrome hautement sensible con\u00e7ue pour offrir un guidage pr\u00e9cis et une excellente performance en astrophotographie plan\u00e9taire et lunaire. Compacte, l\u00e9g\u00e8re et compatible avec la grande majorit\u00e9 des setups d\u2019autoguidage, elle constitue une solution fiable pour les astronomes recherchant [&hellip;]<\/p>\n","protected":false},"featured_media":12273,"comment_status":"open","ping_status":"closed","template":"","meta":[],"product_brand":[831],"product_cat":[32,781,769],"product_tag":[],"class_list":{"0":"post-12272","1":"product","2":"type-product","3":"status-publish","4":"has-post-thumbnail","6":"product_brand-touptek","7":"product_cat-cameras","8":"product_cat-planetaire","9":"product_cat-planetaire-guidage-lucky-imaging","11":"first","12":"outofstock","13":"sale","14":"taxable","15":"shipping-taxable","16":"purchasable","17":"product-type-simple"},"_links":{"self":[{"href":"https:\/\/deep-space-astronomy.ch\/de\/wp-json\/wp\/v2\/product\/12272","targetHints":{"allow":["GET"]}}],"collection":[{"href":"https:\/\/deep-space-astronomy.ch\/de\/wp-json\/wp\/v2\/product"}],"about":[{"href":"https:\/\/deep-space-astronomy.ch\/de\/wp-json\/wp\/v2\/types\/product"}],"replies":[{"embeddable":true,"href":"https:\/\/deep-space-astronomy.ch\/de\/wp-json\/wp\/v2\/comments?post=12272"}],"wp:featuredmedia":[{"embeddable":true,"href":"https:\/\/deep-space-astronomy.ch\/de\/wp-json\/wp\/v2\/media\/12273"}],"wp:attachment":[{"href":"https:\/\/deep-space-astronomy.ch\/de\/wp-json\/wp\/v2\/media?parent=12272"}],"wp:term":[{"taxonomy":"product_brand","embeddable":true,"href":"https:\/\/deep-space-astronomy.ch\/de\/wp-json\/wp\/v2\/product_brand?post=12272"},{"taxonomy":"product_cat","embeddable":true,"href":"https:\/\/deep-space-astronomy.ch\/de\/wp-json\/wp\/v2\/product_cat?post=12272"},{"taxonomy":"product_tag","embeddable":true,"href":"https:\/\/deep-space-astronomy.ch\/de\/wp-json\/wp\/v2\/product_tag?post=12272"}],"curies":[{"name":"wp","href":"https:\/\/api.w.org\/{rel}","templated":true}]}}