{"id":12388,"date":"2025-12-10T16:42:22","date_gmt":"2025-12-10T15:42:22","guid":{"rendered":"https:\/\/deep-space-astronomy.ch\/?post_type=product&#038;p=12388"},"modified":"2025-12-10T16:44:34","modified_gmt":"2025-12-10T15:44:34","slug":"askar-sqa130","status":"publish","type":"product","link":"https:\/\/deep-space-astronomy.ch\/de\/produkt\/askar-sqa130\/","title":{"rendered":"Askar SQA130"},"content":{"rendered":"<div class=\"product-description\">\n<h3 style=\"text-align: center;\">Askar SQA130 - Quintuplet Petzval 130\/624 f\/4.8 \u00abTOA-130 Killer\u00bb.\u00bb<\/h3>\n<p>L\u2019<strong>Askar SQA130<\/strong> ist ein optischer Tubus mit einem Durchmesser von 130 mm und einer Brennweite von 624 mm (<strong>f\/4,8<\/strong>) zu Konzeption <strong>Petzval f\u00fcnffach<\/strong>, einschlie\u00dflich zweier Linsen aus SD-Glas. Diese Architektur bietet ein perfekt korrigiertes Feld bis zum Mittelformat (55 mm) und eine beeindruckende Sch\u00e4rfe mit Sternen. <strong>fein, rund und sauber bis zum Rand des Feldes<\/strong>. Es ist ein Instrument, das f\u00fcr die Deep-Sky-Bildgebung im gro\u00dfen Feld mit modernen Sensoren zugeschnitten ist.<\/p>\n<p><img decoding=\"async\" src=\"https:\/\/omo-oss-image.thefastimg.com\/portal-saas\/pg2024111409483993253\/cms\/image\/880f7dc0-572e-415d-b62f-f328b440b925.jpg\" \/><\/p>\n<h3>130 mm bei 1:4,8: ein echter Photonenstaubsauger f\u00fcr den Deep-Sky-Bereich<\/h3>\n<p>Mit 130 mm \u00d6ffnungsweite und einem schnellen \u00d6ffnungsverh\u00e4ltnis von <strong>f\/4,8<\/strong>, erm\u00f6glicht das SQA130 das schnelle Sammeln von Signalen \u00fcber diffuse Nebel, gro\u00dfe H\u03b1-Komplexe und dichte Sternfelder.<\/p>\n<p>Die Brennweite von 624 mm ist ideal f\u00fcr :<\/p>\n<ul>\n<li>Die gro\u00dfen Nebel (Orion, Kalifornien, Nordamerika, Schwan, Schleier usw.).<\/li>\n<li>Komplexe HII-Regionen in Mosaik- oder Gro\u00dffeldform.<\/li>\n<li>Die gro\u00dfen offenen Sternhaufen und die reichen Sternfelder der Milchstra\u00dfe.<\/li>\n<li>Mittelgro\u00dfe Galaxien mit einem sehr guten Kompromiss zwischen Feld und Aufl\u00f6sung.<\/li>\n<\/ul>\n<p>Die Tube wird f\u00fcr <strong>das Mittelformat (55 mm) und das Vollformat (44 mm) abdecken<\/strong>, Dies macht sie zu einem hervorragenden Begleiter f\u00fcr Vollformatkameras wie die 6200\/2400er Serie oder Hybridkameras.<\/p>\n<h3>F\u00fcnffaches Petzval-Design mit zwei SD-Linsen<\/h3>\n<p>Der SQA130 verwendet eine Optik <strong>Quintuplet Petzval APO<\/strong> einschlie\u00dflich <strong>zwei Linsen aus SD-Glas<\/strong>.<\/p>\n<p>Konkret bedeutet dies:<\/p>\n<ul>\n<li><strong>APO perfekt korrigiert<\/strong> im sichtbaren Bereich mit einer extrem gut beherrschten Chromatik.<\/li>\n<li><strong>Natives Planfeld<\/strong> : Sie m\u00fcssen nicht nach einem externen Flattener suchen und einen millimetergenauen Backfocus verwalten.<\/li>\n<li><strong>Homogenes Piqu\u00e9<\/strong> \u00fcber das gesamte Feld f\u00fcr Sensoren bis zum Mittelformat.<\/li>\n<li>Ein Design, das von Anfang an f\u00fcr die Astrofotografie gedacht war, ohne visuelle\/fotografische Kompromisse.<\/li>\n<\/ul>\n<p>Das Ergebnis sind Deep-Sky-Bilder mit bis zum Rand runden Sternen, selbst bei sehr gro\u00dfen Sensoren. Der Hersteller hebt \u00fcbrigens Bilder hervor wie <strong>M42<\/strong> erhalten mit einem <strong>IMX571<\/strong>, Die meisten Sch\u00fclerinnen und Sch\u00fcler, die sich f\u00fcr die Korrektur entschieden haben, sind in der Lage, die Qualit\u00e4t der Korrektur zu beurteilen.<\/p>\n<p><img decoding=\"async\" src=\"https:\/\/omo-oss-image.thefastimg.com\/common\/design\/detail\/a71df458-e82e-4b5d-bb0a-a591ec0b5cc6.jpg\" \/><\/p>\n<h3>Schwere Mechanik, starre R\u00f6hre und komplette Fotoschnittstellen<\/h3>\n<p>Der SQA130 ist ein echter \u00abCentral Setup\u00bb-Tubus f\u00fcr eine Sternwarte oder eine halbfeste Station. Die Mechanik ist so dimensioniert, dass sie eine gek\u00fchlte Kamera, ein Filterrad, einen optischen Teiler oder einen integrierten Guider problemlos tragen kann:<\/p>\n<ul>\n<li><strong>Gesamtl\u00e4nge<\/strong>\u00a0650 mm eingefahrene Windschutzscheibe, 764 mm ausgefahrene Windschutzscheibe.<\/li>\n<li><strong>Gewicht der OTA<\/strong>\u00a0: 9,18 kg.<\/li>\n<li><strong>Gewicht mit Schellen und Schwalbenschwanz<\/strong>\u00a0: 11,76 kg.<\/li>\n<li><strong>Modularer Hinterausgang<\/strong>\u00a0: Adapter <strong>M48 \/ M54 \/ M68<\/strong> bereitgestellt.<\/li>\n<li><strong>Einstellbarer Backfocus<\/strong>\u00a0: unterst\u00fctzter Bereich von <strong>46 mm bis 76 mm<\/strong>, Empfohlene Verbindungsl\u00e4nge <strong>55 mm<\/strong>.<\/li>\n<\/ul>\n<p>Die Tube wird mit einem <strong>einziehbarer Nebelf\u00e4nger<\/strong>Die <strong>starke Schellen<\/strong> und eine <strong>Schwalbenschwanz<\/strong> von hoher Qualit\u00e4t sowie eine <strong>Koffer aus Oxford-Stoff<\/strong>, Das ist sehr praktisch f\u00fcr den Transport und die Aufbewahrung. Die von Askar bereitgestellten Diagramme (Gr\u00f6\u00dfendiagramm, Anschlussdiagramm, Position der Feststellschrauben, Montage eines elektronischen Fokussierers) zeigen eine gut durchdachte Mechanik f\u00fcr den Einsatz im Feld.<\/p>\n<h3><img decoding=\"async\" src=\"https:\/\/omo-oss-image.thefastimg.com\/portal-saas\/pg2024111409483993253\/cms\/image\/48abf15f-8c6e-4345-98bc-cb21cbeca6c4.jpeg\" \/><\/h3>\n<h3>Kompatibilit\u00e4t von Sensoren und Fotomontage<\/h3>\n<p>Die Optik wird angek\u00fcndigt als <strong>Mittelformat 55 mm<\/strong>, Die meisten dieser Kameras sind f\u00fcr das Vollformat (44 mm) ausgelegt.<\/p>\n<p>Dies \u00f6ffnet die T\u00fcr zu :<\/p>\n<ul>\n<li>Vollformatkameras (IMX455, IMX410 usw.).<\/li>\n<li>Moderne APS-C-Sensoren (571, 533, 071 usw.) mit einem sehr gut korrigierten Feld.<\/li>\n<li>Vollformat-Kamerageh\u00e4use mithilfe entsprechender Adapter (M48\/M54\/M68).<\/li>\n<\/ul>\n<p>Die mitgelieferten Adapter vereinfachen die Integration des SQA130 in einen kompletten optischen Zug, sei es mit einem Filterrad, einem Leitprisma oder einem optischen Teiler. Der Backfocus-Bereich von 46-76 mm erm\u00f6glicht die Anpassung an eine Vielzahl von Montierungen, mit einem praktischen Verweis auf <strong>55 mm<\/strong> der gut passt<br \/>\nf\u00fcr g\u00e4ngige Astrokameras.<\/p>\n<h3>F\u00fcr welche Art von Amateurastronomen?<\/h3>\n<p>Das SQA130 richtet sich eindeutig an die\u2019<strong>Astrofotograf, der ein stabiles, schnelles und sehr gut korrigiertes Hauptrohr will<\/strong>. Es wird besonders geeignet sein :<\/p>\n<ul>\n<li>An den Amateur, der <strong>ein Referenzinstrument<\/strong> f\u00fcr ein Observatorium oder eine feste Position.<\/li>\n<li>An diejenigen, die arbeiten <strong>mit gro\u00dfen Sensoren<\/strong> (Vollformat oder gr\u00f6\u00dfer) und wollen ein natives Planfeld.<\/li>\n<li>An den Nutzer, der lieber <strong>eine All-in-One-L\u00f6sung von Petzval<\/strong> anstatt Flattener und Ringe \u00fcbereinander zu stapeln.<\/li>\n<li>An Astrofotografen, die auf der Jagd nach gro\u00dfen, detailreichen Feldern sind, ohne bei kompakteren Objekten Abstriche bei der Aufl\u00f6sung zu machen.<\/li>\n<\/ul>\n<p>Auf einer Montierung der Klasse EQ6 \/ CEM60 \/ EQ8 oder gleichwertig wird der SQA130 zum Herzst\u00fcck eines umfangreichen Setups, das tiefe und aufgel\u00f6ste Bilder auf einer Vielzahl von Zielen erzeugen kann.<\/p>\n<h3><img decoding=\"async\" src=\"https:\/\/omo-oss-image.thefastimg.com\/portal-saas\/pg2024111409483993253\/cms\/image\/4e23570a-20f7-4ddb-9a05-72b7178b0976.jpg\" \/><\/h3>\n<p style=\"text-align: center;\">ClearSky | M42 | ASKAR SQA130 + ZWO 2600DUO<\/p>\n<h3>Technische Daten zu Askar SQA130<\/h3>\n<table class=\"product-specs\">\n<tbody>\n<tr>\n<td><strong>Art des Instruments<\/strong><\/td>\n<td>APO Petzval F\u00fcnffach-Refraktor<\/td>\n<\/tr>\n<tr>\n<td><strong>Durchmesser des Objektivs<\/strong><\/td>\n<td>130 mm<\/td>\n<\/tr>\n<tr>\n<td><strong>Brennweite<\/strong><\/td>\n<td>624 mm<\/td>\n<\/tr>\n<tr>\n<td><strong>Er\u00f6ffnungsbericht<\/strong><\/td>\n<td>f\/4,8<\/td>\n<\/tr>\n<tr>\n<td><strong>Gestaltung des Ziels<\/strong><\/td>\n<td>Quintuplet Petzval APO, davon zwei Linsen aus SD-Glas<\/td>\n<\/tr>\n<tr>\n<td><strong>L\u00e4nge des Rohrs<\/strong><\/td>\n<td>650 mm (eingefahrener Windschutz) \/ 764 mm (ausgefahrener Windschutz)<\/td>\n<\/tr>\n<tr>\n<td><strong>Gedecktes Format<\/strong><\/td>\n<td>Mittelformat 55 mm, kompatibel mit Vollformat 44 mm<\/td>\n<\/tr>\n<tr>\n<td><strong>Gewicht der OTA<\/strong><\/td>\n<td>9,18 kg<\/td>\n<\/tr>\n<tr>\n<td><strong>Gewicht mit Schellen + Schwalbenschwanz<\/strong><\/td>\n<td>11,76 kg<\/td>\n<\/tr>\n<tr>\n<td><strong>Hintere Gewinde<\/strong><\/td>\n<td>Adapter M48 \/ M54 \/ M68<\/td>\n<\/tr>\n<tr>\n<td><strong>Backfocus unterst\u00fctzt<\/strong><\/td>\n<td>46-76 mm (empfohlene L\u00e4nge 55 mm)<\/td>\n<\/tr>\n<tr>\n<td><strong>Gelieferte Elemente<\/strong><\/td>\n<td>SQA130 OTA, Halsketten, Schwalbenschwanz, Koffer Oxford-Stoff<\/td>\n<\/tr>\n<\/tbody>\n<\/table>\n<h3>SQA130: Ein Zentralrohr f\u00fcr ein vollendetes Astrofotosetup<\/h3>\n<p>Zusammenfassend l\u00e4sst sich sagen, dass der <strong>Askar SQA130<\/strong> ist ein <strong>schnelle Weitfeldr\u00f6hre<\/strong>, Die Kamera wurde f\u00fcr Astrofotografen entwickelt, die gro\u00dfe Sensoren nutzen m\u00f6chten, ohne sich mit externen Korrekturen herumschlagen zu m\u00fcssen.<\/p>\n<p>Das f\u00fcnffache Petzval-Design, die Abdeckung bis zum Mittelformat und die solide Mechanik machen es zu einer hervorragenden Grundlage f\u00fcr ein anspruchsvolles und langlebiges Astrofotosetup.<\/p>\n<\/div>","protected":false},"excerpt":{"rendered":"<p>Askar SQA130 \u2013 quintuplet Petzval 130\/624 f\/4.8 \u00ab\u00a0TOA-130 Killer\u00a0\u00bb L&rsquo;Askar SQA130 est un tube optique de 130 mm de diam\u00e8tre pour 624 mm de focale (f\/4,8) \u00e0 conception Petzval quintuplet, incluant deux lentilles en verre SD. Cette architecture offre un champ parfaitement corrig\u00e9 jusqu\u2019au format moyen (55 mm) et un piqu\u00e9 impressionnant, avec des \u00e9toiles [&hellip;]<\/p>\n","protected":false},"featured_media":12389,"comment_status":"open","ping_status":"closed","template":"","meta":[],"product_brand":[382],"product_cat":[816,384,755],"product_tag":[],"class_list":{"0":"post-12388","1":"product","2":"type-product","3":"status-publish","4":"has-post-thumbnail","6":"product_brand-askar","7":"product_cat-nouveautes","8":"product_cat-lunettes_refracteurs","9":"product_cat-lunettes-apochromatiques","11":"first","12":"onbackorder","13":"taxable","14":"shipping-taxable","15":"purchasable","16":"product-type-simple"},"_links":{"self":[{"href":"https:\/\/deep-space-astronomy.ch\/de\/wp-json\/wp\/v2\/product\/12388","targetHints":{"allow":["GET"]}}],"collection":[{"href":"https:\/\/deep-space-astronomy.ch\/de\/wp-json\/wp\/v2\/product"}],"about":[{"href":"https:\/\/deep-space-astronomy.ch\/de\/wp-json\/wp\/v2\/types\/product"}],"replies":[{"embeddable":true,"href":"https:\/\/deep-space-astronomy.ch\/de\/wp-json\/wp\/v2\/comments?post=12388"}],"wp:featuredmedia":[{"embeddable":true,"href":"https:\/\/deep-space-astronomy.ch\/de\/wp-json\/wp\/v2\/media\/12389"}],"wp:attachment":[{"href":"https:\/\/deep-space-astronomy.ch\/de\/wp-json\/wp\/v2\/media?parent=12388"}],"wp:term":[{"taxonomy":"product_brand","embeddable":true,"href":"https:\/\/deep-space-astronomy.ch\/de\/wp-json\/wp\/v2\/product_brand?post=12388"},{"taxonomy":"product_cat","embeddable":true,"href":"https:\/\/deep-space-astronomy.ch\/de\/wp-json\/wp\/v2\/product_cat?post=12388"},{"taxonomy":"product_tag","embeddable":true,"href":"https:\/\/deep-space-astronomy.ch\/de\/wp-json\/wp\/v2\/product_tag?post=12388"}],"curies":[{"name":"wp","href":"https:\/\/api.w.org\/{rel}","templated":true}]}}