{"id":12391,"date":"2025-12-10T17:20:38","date_gmt":"2025-12-10T16:20:38","guid":{"rendered":"https:\/\/deep-space-astronomy.ch\/?post_type=product&#038;p=12391"},"modified":"2026-02-21T16:51:31","modified_gmt":"2026-02-21T15:51:31","slug":"ioptron-skyguider-pro","status":"publish","type":"product","link":"https:\/\/deep-space-astronomy.ch\/de\/produkt\/ioptron-skyguider-pro\/","title":{"rendered":"iOptron SkyGuider Pro"},"content":{"rendered":"<div class=\"product-description\">\n<h3 style=\"text-align: center;\">iOptron SkyGuider Pro - leichte Nachf\u00fchrmontierung f\u00fcr die Astrofotografie im gro\u00dfen Feld<\/h3>\n<p>Die <strong>SkyGuider Pro<\/strong> ist einer der absoluten Ma\u00dfst\u00e4be f\u00fcr die Astrofotografie f\u00fcr unterwegs. Kompakt, leise, pr\u00e4zise und mit einem langlebigen internen Akku ausgestattet, erm\u00f6glicht es scharfe Langzeitbelichtungen mit einer einfachen Fotokamera ... oder sogar mit einem kleinen Teleskop dank des mitgelieferten DEC-Kits und des Gegengewichts. Es ist eine echte St\u00fctze f\u00fcr die Astro-Landschaft und Deep-Sky-Weitfeldaufnahmen.<\/p>\n<h3>Ein ultrakompakter, aber sehr pr\u00e4ziser Tracker<\/h3>\n<p>Der SkyGuider Pro passt buchst\u00e4blich in die Handfl\u00e4che: nur <strong>2,2 lbs (1 kg)<\/strong><br \/>\nf\u00fcr den Kopf allein. Trotzdem geht er an Bord :<\/p>\n<ul>\n<li>Eine <strong>Motor mit optischem Encoder<\/strong> gew\u00e4hrleistet eine fl\u00fcssige und ger\u00e4uschlose Verfolgung.<\/li>\n<li>Eine <strong>worm wheel 88 mm - 144 Z\u00e4hne<\/strong>, Das ist ein Garant f\u00fcr mechanische Pr\u00e4zision.<\/li>\n<li>Eine <strong>35 mm gerade Aufstiegsachse<\/strong> auf 4 Lagern montiert.<\/li>\n<li>Eine <strong>interne Batterie<\/strong> f\u00fcr etwa <strong>20 Stunden<\/strong> Autonomie (bei 20\u00b0C).<\/li>\n<\/ul>\n<p>Das Ganze erm\u00f6glicht saubere Langzeitbelichtungen mit einem Foto-, Tele- oder<br \/>\nsetup plus konsequent, wenn das DEC-Kit installiert und gut ausbalanciert ist.<\/p>\n<h3>Polar Alignment leicht gemacht mit dem AccuAlign-Polarsucher<\/h3>\n<p>Der SkyGuider Pro integriert einen <strong>AccuAlign Polsucher<\/strong> fein graviert, mit<br \/>\n<strong>einstellbare Beleuchtung<\/strong>. Die Einstellung ist schnell und effektiv, selbst bei einem Himmel<br \/>\nmit ein wenig Lichtverschmutzung. In Verbindung mit einer mobilen Anwendung wird die Polarausrichtung<br \/>\neinfach und sehr schnell.<\/p>\n<p>Die Basis <strong>alt-az einstellbar<\/strong> bereitgestellt wird, verbessert die Genauigkeit weiter durch :<\/p>\n<ul>\n<li>Feineinstellungen in H\u00f6he und Azimut,<\/li>\n<li>Ein breiter H\u00f6henbereich <strong>von -30\u00b0 bis +65\u00b0<\/strong>,<\/li>\n<li>Eine eingebaute Wasserwaage,<\/li>\n<li>Ein robuster Mechanismus mit Gradmarkierungen.<\/li>\n<\/ul>\n<h3>Vier Nachf\u00fchrgeschwindigkeiten f\u00fcr die Anpassung an jede Aufnahme<\/h3>\n<p>Der SkyGuider Pro bietet vier Verfolgungsgeschwindigkeiten:<\/p>\n<ul>\n<li><strong>1\u00d7 siderisch<\/strong> f\u00fcr die Verfolgung von Sternen,<\/li>\n<li><strong>1\/2\u00d7<\/strong> um die Milchstra\u00dfe UND die Nettolandschaft gleichzeitig einzufangen,<\/li>\n<li><strong>Solar Tracking<\/strong>,<\/li>\n<li><strong>Mondbeobachtung<\/strong>.<\/li>\n<\/ul>\n<p>Alle diese Geschwindigkeiten funktionieren in beiden Hemisph\u00e4ren.<br \/>\nDer Modus <strong>slew schnell 144\u00d7<\/strong> (vorw\u00e4rts\/r\u00fcckw\u00e4rts) erm\u00f6glicht das Zuschneiden, ohne das Setup zu verstellen.<\/p>\n<h3>Nutzlast: schwere Teleobjektive und kleine Teleskope<\/h3>\n<p>Mit dem DEC-Kit und dem Gegengewicht tr\u00e4gt die Montierung bis zu <strong>5 kg<\/strong> ausgeglichen.<br \/>\nDies erm\u00f6glicht sehr unterschiedliche Setups:<\/p>\n<ul>\n<li>Gro\u00dfe Teleobjektive (200-600 mm),<\/li>\n<li>Kleine, kompakte Teleskope,<\/li>\n<li>Konfigurationen mit F\u00fchrungsprisma,<\/li>\n<li>Gek\u00fchlte Astrofotokameras.<\/li>\n<\/ul>\n<p>Das Ganze bleibt leicht genug, um problemlos zu reisen.<\/p>\n<h3>Vollst\u00e4ndige Anschl\u00fcsse f\u00fcr Astrofotografen<\/h3>\n<p>Der SkyGuider Pro enth\u00e4lt alles, was ein moderner Astrofotograf braucht:<\/p>\n<ul>\n<li><strong>ST-4-Anschluss<\/strong> f\u00fcr Autoguiding,<\/li>\n<li><strong>Kameraausl\u00f6seanschluss<\/strong>,<\/li>\n<li><strong>USB-Anschluss<\/strong> f\u00fcr die Stromversorgung, zum Aufladen und f\u00fcr Firmware-Updates,<\/li>\n<li>Kompatibilit\u00e4t mit der <strong>Fernbedienung Go2Nova 8408<\/strong> (optional),<\/li>\n<li>Direkte Montage auf 1\/4\u2033- oder 3\/8\u2033-Fotostativ.<\/li>\n<\/ul>\n<h3>Technische Daten des SkyGuider Pro<\/h3>\n<table class=\"product-specs\">\n<tbody>\n<tr>\n<td><strong>Typ<\/strong><\/td>\n<td>Einachsige \u00e4quatoriale Montierung f\u00fcr die Nachf\u00fchrung von Fotos<\/td>\n<\/tr>\n<tr>\n<td><strong>Max. Nutzlast<\/strong><\/td>\n<td>5 kg (ausgewogen, mit DEC-Kit)<\/td>\n<\/tr>\n<tr>\n<td><strong>Gewicht Kopf allein<\/strong><\/td>\n<td>1 kg<\/td>\n<\/tr>\n<tr>\n<td><strong>Gewicht mit Basis<\/strong><\/td>\n<td>1,45 kg<\/td>\n<\/tr>\n<tr>\n<td><strong>Materialien<\/strong><\/td>\n<td>Vollst\u00e4ndige Metallstruktur<\/td>\n<\/tr>\n<tr>\n<td><strong>R\u00e4der und Schnecken<\/strong><\/td>\n<td>Wurmrad 88 mm \/ 144 Z\u00e4hne, Schraube 15,2 mm<\/td>\n<\/tr>\n<tr>\n<td><strong>Motor<\/strong><\/td>\n<td>DC-Servo mit optischem Encoder<\/td>\n<\/tr>\n<tr>\n<td><strong>Geschwindigkeiten<\/strong><\/td>\n<td>siderisch, 1\/2\u00d7, solar, lunar + slew 144\u00d7<\/td>\n<\/tr>\n<tr>\n<td><strong>Autoguiding<\/strong><\/td>\n<td>ST-4-Anschluss<\/td>\n<\/tr>\n<tr>\n<td><strong>Polsucher<\/strong><\/td>\n<td>AccuAlign, 6\u00b0-Feld mit Beleuchtung<\/td>\n<\/tr>\n<tr>\n<td><strong>Interner Akku<\/strong><\/td>\n<td>Li-Po 3,7V 2000 mAh (\u224820h)<\/td>\n<\/tr>\n<tr>\n<td><strong>Nachladen<\/strong><\/td>\n<td>Micro USB, 80% in 5h<\/td>\n<\/tr>\n<tr>\n<td><strong>Temperaturbereich<\/strong><\/td>\n<td>-10\u00b0C bis +40\u00b0C<\/td>\n<\/tr>\n<tr>\n<td><strong>Inhalt der Schachtel<\/strong><\/td>\n<td>Montierung, Alt-az Basis, Polsucher, USB-Kabel, gepolsterte Tasche, komplettes DEC-Kit, Gegengewicht 1,35 kg, CW-Welle<\/td>\n<\/tr>\n<\/tbody>\n<\/table>\n<h3>Ein Muss f\u00fcr die Astrofotografie unterwegs<\/h3>\n<p><img fetchpriority=\"high\" decoding=\"async\" class=\"aligncenter size-full wp-image-12392\" src=\"https:\/\/deep-space-astronomy.ch\/wp-content\/uploads\/2025\/12\/3550-6.jpg\" alt=\"\" width=\"1200\" height=\"928\" srcset=\"https:\/\/deep-space-astronomy.ch\/wp-content\/uploads\/2025\/12\/3550-6.jpg 1200w, https:\/\/deep-space-astronomy.ch\/wp-content\/uploads\/2025\/12\/3550-6-300x232.jpg 300w, https:\/\/deep-space-astronomy.ch\/wp-content\/uploads\/2025\/12\/3550-6-1024x792.jpg 1024w, https:\/\/deep-space-astronomy.ch\/wp-content\/uploads\/2025\/12\/3550-6-768x594.jpg 768w, https:\/\/deep-space-astronomy.ch\/wp-content\/uploads\/2025\/12\/3550-6-16x12.jpg 16w, https:\/\/deep-space-astronomy.ch\/wp-content\/uploads\/2025\/12\/3550-6-600x464.jpg 600w\" sizes=\"(max-width: 1200px) 100vw, 1200px\" \/>Die <strong>SkyGuider Pro<\/strong> ist einer der beliebtesten Tracker f\u00fcr Astrofotografen.<br \/>\nEr bietet sich an f\u00fcr :<\/p>\n<ul>\n<li>die Astro-Landschaft,<\/li>\n<li>die Milchstra\u00dfe gro\u00dfes Feld,<\/li>\n<li>Teleobjektive von 135 mm bis 400-600 mm,<\/li>\n<li>kompakten Deep-Sky-Setups.<\/li>\n<\/ul>\n<p>Leicht, zuverl\u00e4ssig und extrem einfach zu bedienen, begleitet es m\u00fchelos jeden Ausflug unter den Sternen.<\/p>\n<p class=\"p1\"><b>INHALT:<\/b><b><\/b><\/p>\n<ul>\n<li>\n<p class=\"p1\">Foto-Rahmen <span class=\"s1\"><b>SkyGuider\u2122 Pro<\/b><b><\/b><\/span><\/p>\n<\/li>\n<li>\n<p class=\"p1\">Basis <span class=\"s1\"><b>alt-az<\/b><\/span> (aufgestellt)<\/p>\n<\/li>\n<li>\n<p class=\"p1\"><span class=\"s1\"><b>AccuAlign\u2122 Polsucher<\/b><\/span> mit beleuchtetem Dunkelfeld (installiert)<\/p>\n<\/li>\n<li>\n<p class=\"p1\">Ladekabel <span class=\"s1\"><b>Micro USB<\/b><b><\/b><\/span><\/p>\n<\/li>\n<li>\n<p class=\"p1\"><b>Gepolsterte Tragetasche<\/b><b><\/b><\/p>\n<\/li>\n<li>\n<p class=\"p1\">Halsband <span class=\"s1\"><b>DEC<\/b><\/span> mit Befestigungsscheibe f\u00fcr die Kamera<\/p>\n<\/li>\n<li>\n<p class=\"p1\"><b>Gegengewicht von 1,35 kg<\/b><b><\/b><\/p>\n<\/li>\n<li>\n<p class=\"p1\"><b>Gegengewichtswelle<\/b><b><\/b><\/p>\n<\/li>\n<li>\n<p class=\"p1\"><span class=\"s1\"><b>Ein Jahr beschr\u00e4nkte Garantie<\/b><\/span> (90 Tage f\u00fcr den Akku)<\/p>\n<\/li>\n<\/ul>\n<\/div>","protected":false},"excerpt":{"rendered":"<p>iOptron SkyGuider Pro \u2013 monture de suivi l\u00e9g\u00e8re pour astrophotographie grand champ Le SkyGuider Pro est l\u2019une des r\u00e9f\u00e9rences absolues en astrophotographie nomade. Compact, silencieux, pr\u00e9cis et dot\u00e9 d\u2019une batterie interne longue dur\u00e9e, il permet de r\u00e9aliser des poses longues nettes avec un simple bo\u00eetier photo\u2026 ou m\u00eame avec un petit t\u00e9lescope gr\u00e2ce au kit [&hellip;]<\/p>\n","protected":false},"featured_media":12393,"comment_status":"open","ping_status":"closed","template":"","meta":[],"product_brand":[819],"product_cat":[816,762,20,765],"product_tag":[],"class_list":{"0":"post-12391","1":"product","2":"type-product","3":"status-publish","4":"has-post-thumbnail","6":"product_brand-ioptron","7":"product_cat-nouveautes","8":"product_cat-equatoriales","9":"product_cat-montures","10":"product_cat-ultra-portables","12":"first","13":"on_supplier","14":"taxable","15":"shipping-taxable","16":"purchasable","17":"product-type-simple"},"_links":{"self":[{"href":"https:\/\/deep-space-astronomy.ch\/de\/wp-json\/wp\/v2\/product\/12391","targetHints":{"allow":["GET"]}}],"collection":[{"href":"https:\/\/deep-space-astronomy.ch\/de\/wp-json\/wp\/v2\/product"}],"about":[{"href":"https:\/\/deep-space-astronomy.ch\/de\/wp-json\/wp\/v2\/types\/product"}],"replies":[{"embeddable":true,"href":"https:\/\/deep-space-astronomy.ch\/de\/wp-json\/wp\/v2\/comments?post=12391"}],"wp:featuredmedia":[{"embeddable":true,"href":"https:\/\/deep-space-astronomy.ch\/de\/wp-json\/wp\/v2\/media\/12393"}],"wp:attachment":[{"href":"https:\/\/deep-space-astronomy.ch\/de\/wp-json\/wp\/v2\/media?parent=12391"}],"wp:term":[{"taxonomy":"product_brand","embeddable":true,"href":"https:\/\/deep-space-astronomy.ch\/de\/wp-json\/wp\/v2\/product_brand?post=12391"},{"taxonomy":"product_cat","embeddable":true,"href":"https:\/\/deep-space-astronomy.ch\/de\/wp-json\/wp\/v2\/product_cat?post=12391"},{"taxonomy":"product_tag","embeddable":true,"href":"https:\/\/deep-space-astronomy.ch\/de\/wp-json\/wp\/v2\/product_tag?post=12391"}],"curies":[{"name":"wp","href":"https:\/\/api.w.org\/{rel}","templated":true}]}}