{"id":12395,"date":"2025-12-10T17:31:49","date_gmt":"2025-12-10T16:31:49","guid":{"rendered":"https:\/\/deep-space-astronomy.ch\/?post_type=product&#038;p=12395"},"modified":"2025-12-10T17:32:06","modified_gmt":"2025-12-10T16:32:06","slug":"trepied-en-carbone-ioptron-charge-lourde-40mm-ver-a","status":"publish","type":"product","link":"https:\/\/deep-space-astronomy.ch\/de\/produkt\/trepied-en-carbone-ioptron-charge-lourde-40mm-ver-a\/","title":{"rendered":"iOptron Schwerlast Carbon Stativ 40mm Ver.A"},"content":{"rendered":"<div class=\"product-description\">\n<h3 style=\"text-align: center;\">iOptron Carbon-Stativ - leichte und steife Halterung f\u00fcr mobile Fassungen<\/h3>\n<p>Die <strong>iOptron Carbon-Stativ<\/strong> bietet Unterst\u00fctzung <strong>leicht und sehr steif<\/strong> f\u00fcr eine breite Palette von iOptron-Montierungen und Foto-Setups. Es ist ideal f\u00fcr den mobilen Astrofotografen, da es Gewicht spart, ohne die Stabilit\u00e4t zu beeintr\u00e4chtigen, selbst bei einer gro\u00dfen Last.<\/p>\n<h3>Kompatibilit\u00e4t mit iOptron-Rahmen und Fotoausr\u00fcstung<\/h3>\n<p>Dieses Stativ ist mit vielen iOptron-Montierungen kompatibel (manchmal mit zus\u00e4tzlichem Montagezubeh\u00f6r) :<\/p>\n<ul>\n<li>Fassungen <strong>HEM15 \/ HEM27 \/ HEM44<\/strong><\/li>\n<li>Fassungen <strong>HAE29 \/ HAE43<\/strong><\/li>\n<li>Alt-az-Fassungen <strong>HAZ31 \/ HAZ46<\/strong><\/li>\n<li><strong>CEM40<\/strong><\/li>\n<li><strong>GEM45<\/strong> (kann die Verwendung in niedrigen Breitengraden einschr\u00e4nken)<\/li>\n<li><strong>EMC26<\/strong><\/li>\n<li><strong>GEM28<\/strong><\/li>\n<li><strong>SkyHunter<\/strong><\/li>\n<li><strong>SkyGuider Pro<\/strong><\/li>\n<li><strong>iEQ30 \/ iEQ30 Pro<\/strong> (kann die Verwendung in niedrigen Breitengraden einschr\u00e4nken)<\/li>\n<li>Kameras mit <strong>3\/8\u2033-Gewinde<\/strong><\/li>\n<li>Weitere Ausstattung mit <strong>Montageloch 3\/8\u2033<\/strong><\/li>\n<\/ul>\n<p><strong>Nicht kompatibel<\/strong> mit den Reittieren : <strong>HAE69 \/ CEM70 \/ CEM60 \/ iEQ45<\/strong>.<\/p>\n<h3>Karbonkonstruktion: Steifigkeit und Tragekomfort<\/h3>\n<p>Dank seiner Struktur in <strong>Kohlenstoff<\/strong>, Das Stativ kombiniert eine hervorragende Steifigkeit mit einem sehr geringen Gewicht.<br \/>\nEs eignet sich hervorragend f\u00fcr Astrofotografie-Setups, die viel unterwegs sind :<\/p>\n<ul>\n<li><strong>L\u00e4nge zusammengeklappt<\/strong> : 597 mm (23,5\u2033), l\u00e4sst sich leicht in eine Tasche oder einen Kofferraum stecken.<\/li>\n<li><strong>Eigengewicht<\/strong> : nur 2,29 kg.<\/li>\n<li><strong>Maximale Belastung<\/strong> bis zu 50 kg, genug, um weitgehend Gestell + Tubus + Zubeh\u00f6r zu tragen.<\/li>\n<\/ul>\n<p>Dieses Stativ ist daher ein guter Begleiter f\u00fcr leichte bis mittelschwere Fassungen, wobei ein gro\u00dfer Sicherheitsspielraum erhalten bleibt.<\/p>\n<h3>Anpassungen und Ergonomie im Feld<\/h3>\n<p>Das Stativ bietet einen H\u00f6henbereich, der sich an verschiedene Zwecke anpassen l\u00e4sst, sei es f\u00fcr ein Fotosetup<br \/>\ngro\u00dfes Feld oder eine l\u00e4ngere R\u00f6hre :<\/p>\n<ul>\n<li><strong>Einstellbare H\u00f6he<\/strong> : von 535 bis 935 mm (21\u2033 - 36,8\u2033).<\/li>\n<li><strong>Durchmesser des Tisches<\/strong> : 120 mm (~4,7\u2033) und bietet eine gro\u00dfe Auflagefl\u00e4che.<\/li>\n<li><strong>Rohrquerschnitte<\/strong> : \u00d840 mm (oben) \/ \u00d836 mm (unten).<\/li>\n<\/ul>\n<p>Gro\u00dfe Rohrquerschnitte tragen zur Stabilit\u00e4t bei und begrenzen Vibrationen, was entscheidend ist f\u00fcr<br \/>\nlange Belichtungszeiten in der Astrofotografie.<\/p>\n<h3>Technische Daten des iOptron Carbon-Stativs<\/h3>\n<table class=\"product-specs\">\n<tbody>\n<tr>\n<td><strong>Typ<\/strong><\/td>\n<td>Carbon-Stativ f\u00fcr \u00e4quatoriale \/ Alt-az Montierungen und Kameras<\/td>\n<\/tr>\n<tr>\n<td><strong>Maximale Belastung<\/strong><\/td>\n<td>50 kg (110 lbs)<\/td>\n<\/tr>\n<tr>\n<td><strong>Eigengewicht<\/strong><\/td>\n<td>2,29 kg (5 lbs)<\/td>\n<\/tr>\n<tr>\n<td><strong>L\u00e4nge zusammengeklappt<\/strong><\/td>\n<td>597 mm (23,5\u2033)<\/td>\n<\/tr>\n<tr>\n<td><strong>Einstellbare H\u00f6he<\/strong><\/td>\n<td>535 - 935 mm (21\u2033 - 36,8\u2033)<\/td>\n<\/tr>\n<tr>\n<td><strong>Durchmesser des Tisches<\/strong><\/td>\n<td>120 mm (~4,7\u2033)<\/td>\n<\/tr>\n<tr>\n<td><strong>Gr\u00f6\u00dfe der R\u00f6hren<\/strong><\/td>\n<td>\u00d840 mm (oberer Abschnitt) \/ \u00d836 mm (unterer Abschnitt)<\/td>\n<\/tr>\n<tr>\n<td><strong>Montagegewinde<\/strong><\/td>\n<td>Kompatibel mit Ger\u00e4ten mit 3\/8\u2033-Montageloch<\/td>\n<\/tr>\n<tr>\n<td><strong>Kompatibilit\u00e4t von Brillenfassungen<\/strong><\/td>\n<td>HEM15, HEM27, HEM44, HAE29, HAE43, HAZ31, HAZ46, CEM40, GEM45*, CEM26, GEM28, SkyHunter, SkyGuider Pro, iEQ30 \/ iEQ30 Pro* (*kann die Verwendung in niedrigen Breitengraden einschr\u00e4nken)<\/td>\n<\/tr>\n<tr>\n<td><strong>Nicht kompatible Brillengestelle<\/strong><\/td>\n<td>HAE69, CEM70, CEM60, iEQ45<\/td>\n<\/tr>\n<tr>\n<td><strong>Garantie<\/strong><\/td>\n<td>Ein Jahr beschr\u00e4nkte Garantie<\/td>\n<\/tr>\n<\/tbody>\n<\/table>\n<h3>Ein Karbonstativ, das f\u00fcr die Astro-Nomaden gedacht ist<\/h3>\n<p>Mit seiner hohen Tragf\u00e4higkeit, seinem geringen Gewicht und seiner umfassenden Kompatibilit\u00e4t ist der<br \/>\n<strong>Carbon-Stativ iOptron<\/strong> ist eine ausgezeichnete Wahl zur Stabilisierung eines Nomadenstativs oder eines Setups<br \/>\nFoto, das der Astrofotografie gewidmet ist. Er erm\u00f6glicht es, die Leistung der Montierung voll auszusch\u00f6pfen und gleichzeitig<br \/>\nleicht zu transportieren bei jedem Ausflug unter den Sternen.<\/p>\n<\/div>","protected":false},"excerpt":{"rendered":"<p>Tr\u00e9pied en carbone iOptron \u2013 support l\u00e9ger et rigide pour montures nomades Le tr\u00e9pied en carbone iOptron offre un support \u00e0 la fois l\u00e9ger et tr\u00e8s rigide pour une large gamme de montures iOptron et de setups photo. Id\u00e9al pour l\u2019astrophotographe nomade, il permet de gagner du poids sans sacrifier la stabilit\u00e9, m\u00eame avec une [&hellip;]<\/p>\n","protected":false},"featured_media":12396,"comment_status":"open","ping_status":"closed","template":"","meta":[],"product_brand":[],"product_cat":[816,814,20,635],"product_tag":[],"class_list":{"0":"post-12395","1":"product","2":"type-product","3":"status-publish","4":"has-post-thumbnail","6":"product_cat-nouveautes","7":"product_cat-accessoires-pour-montures","8":"product_cat-montures","9":"product_cat-trpieds","11":"first","12":"instock","13":"taxable","14":"shipping-taxable","15":"purchasable","16":"product-type-simple"},"_links":{"self":[{"href":"https:\/\/deep-space-astronomy.ch\/de\/wp-json\/wp\/v2\/product\/12395","targetHints":{"allow":["GET"]}}],"collection":[{"href":"https:\/\/deep-space-astronomy.ch\/de\/wp-json\/wp\/v2\/product"}],"about":[{"href":"https:\/\/deep-space-astronomy.ch\/de\/wp-json\/wp\/v2\/types\/product"}],"replies":[{"embeddable":true,"href":"https:\/\/deep-space-astronomy.ch\/de\/wp-json\/wp\/v2\/comments?post=12395"}],"wp:featuredmedia":[{"embeddable":true,"href":"https:\/\/deep-space-astronomy.ch\/de\/wp-json\/wp\/v2\/media\/12396"}],"wp:attachment":[{"href":"https:\/\/deep-space-astronomy.ch\/de\/wp-json\/wp\/v2\/media?parent=12395"}],"wp:term":[{"taxonomy":"product_brand","embeddable":true,"href":"https:\/\/deep-space-astronomy.ch\/de\/wp-json\/wp\/v2\/product_brand?post=12395"},{"taxonomy":"product_cat","embeddable":true,"href":"https:\/\/deep-space-astronomy.ch\/de\/wp-json\/wp\/v2\/product_cat?post=12395"},{"taxonomy":"product_tag","embeddable":true,"href":"https:\/\/deep-space-astronomy.ch\/de\/wp-json\/wp\/v2\/product_tag?post=12395"}],"curies":[{"name":"wp","href":"https:\/\/api.w.org\/{rel}","templated":true}]}}