{"id":12460,"date":"2025-12-14T17:50:14","date_gmt":"2025-12-14T16:50:14","guid":{"rendered":"https:\/\/deep-space-astronomy.ch\/?post_type=product&#038;p=12460"},"modified":"2026-03-24T13:21:40","modified_gmt":"2026-03-24T12:21:40","slug":"celestron-origin-mark-ii","status":"publish","type":"product","link":"https:\/\/deep-space-astronomy.ch\/de\/produkt\/celestron-origin-mark-ii\/","title":{"rendered":"Celestron Origin Mark II"},"content":{"rendered":"<p><!-- Description produit SEO \u2013 Celestron Origin Mark II (Item #12100) --><\/p>\n<div class=\"product-description\">\n<h3 style=\"text-align: center;\">Celestron Origin Mark II - Intelligente \u201cAll-in-One\u201d-Sternwarte f\u00fcr den Deep-Sky-Bereich<\/h3>\n<p><img decoding=\"async\" src=\"https:\/\/www.celestron.com\/cdn\/shop\/files\/12099_Origin_Smart_Home_Observatory_03.jpg?v=1718746426&amp;width=1445\" alt=\"Celestron Origin Mark II Intelligent Home Observatory\" \/><\/p>\n<p><strong>Celestron Origin Mark II<\/strong> definiert Beobachtung und Astrofotografie neu, indem es in einem einzigen System vereint,<br \/>\neine <strong>ultraschnelles Teleskop RASA 6\u2033.<\/strong>eine <strong>Farbkamera Sony Starvis 2<\/strong>, Ein GoTo-Rahmen,<br \/>\neinen Bordcomputer und eine umfassende mobile Anwendung. Das Ziel: Ihnen zu zeigen <strong>Galaxien, Nebel und Sternhaufen<\/strong><br \/>\nmit verbl\u00fcffender Einfachheit direkt auf Ihrem <strong>Smartphone oder Tablet<\/strong>, Innerhalb von Sekunden.<\/p>\n<p>Dank seiner <strong>f\/2.2<\/strong> und in der\u2019<strong>Stapeln\/Verarbeitung in Echtzeit<\/strong>, Die Bilder, die Sie erhalten, erscheinen oft<br \/>\nreicher und detaillierter als das, was man durch das Okular eines viel gr\u00f6\u00dferen Teleskops unter einem dunkleren Himmel sehen w\u00fcrde.<\/p>\n<h3>Warum der Origin Mark II anders ist<\/h3>\n<ul>\n<li><strong>Patentierte RASA-Optik (Rowe-Ackermann Schmidt Astrograph)<\/strong> : Sensor an der Vorderseite des Rohrs f\u00fcr ein System <strong>ultrahell f\/2.2<\/strong> und ein weites Feld mit scharfen Sternen bis zum Rand.<\/li>\n<li><strong>Apertura 152 mm<\/strong> + <strong>335 mm Brennweite<\/strong> : eine ideale Kombo f\u00fcr den Deep-Sky-\u201cWide Field\u201d-Bereich (Nebel, Galaxien, gro\u00dfe Komplexe).<\/li>\n<li><strong>Farbkamera der n\u00e4chsten Generation 678C<\/strong> : Sensor <strong>Sony IMX678 Starvis 2<\/strong> hintergrundbeleuchtet, empfindlicher und definierter.<\/li>\n<li><strong>Automatische \u201cAI-powered\u201d Astrofotografie\u201d<\/strong> : Der Origin stapelt und verarbeitet jede Pose in <strong>Echtzeit<\/strong> (ohne Eingreifen), um nach und nach die Details sichtbar zu machen.<\/li>\n<li><strong>Express-Start mit StarSense<\/strong> Das Instrument scannt den Himmel, fokussiert und richtet sich selbstst\u00e4ndig aus - Sie sind bereit f\u00fcr die Bildaufnahme in <strong>weniger als 2 Minuten<\/strong>.<\/li>\n<li><strong>Celestron Origin-Anwendung Powered by SkySafari\u2122<\/strong> (iOS \/ Android): intuitives Planetarium, Auswahl der besten Ziele (\u201cTonight's Best\u201d), vollst\u00e4ndige Kontrolle.<\/li>\n<li><strong>Mehrbenutzer-Freigabe<\/strong> : Mehrere Personen k\u00f6nnen den Livestream gleichzeitig ansehen, M\u00f6glichkeit, auf TV zu casten und sofort zu teilen.<\/li>\n<li><strong>Skalierbar<\/strong> : Wiederherstellung der <strong>Rohdateien<\/strong>, Filterschublade <strong>1.25\u2033 \/ 2\u2033<\/strong>, Die Optionen umfassen die folgenden Bereiche: \u201cModus f\u00fcr geplante Beobachtungen\u201d, \"Modus f\u00fcr geplante Beobachtungen\" und \"Erweiterte Optionen\" (Wedge-Modus \/ optionales Autoguiding).<\/li>\n<\/ul>\n<h3>Ein begehbares Astrofoto (und das ist keine generative KI)<\/h3>\n<p>Die Algorithmen an Bord bearbeiten Ihre Bilder wie ein erfahrener Astrofotograf: Sie stapeln, verst\u00e4rken und optimieren<br \/>\ndie Details ab <strong>Ihre eigenen Daten<\/strong>. Wichtig: Die von Celestron erw\u00e4hnte \u201cAI\u201d-Behandlung<br \/>\n<strong>ist keine generative KI<\/strong> (keine k\u00fcnstlichen Zus\u00e4tze, keine erfundene Kolorierung).<br \/>\nSie k\u00f6nnen auch manuell Einstellungen anpassen (Helligkeit, Kontrast, S\u00e4ttigung usw.).<\/p>\n<p><img decoding=\"async\" src=\"https:\/\/www.celestron.com\/cdn\/shop\/files\/12099_Origin_Lifestyle_01.jpg?v=1760374488&amp;width=1445\" alt=\"Celestron Origin Mark II Intelligent Home Observatory\" \/><\/p>\n<h3>Ultra-einfacher Workflow: drau\u00dfen einschalten, beobachten<\/h3>\n<ol>\n<li>Stellen Sie den Origin Mark II drau\u00dfen hin, schalten Sie ihn ein und verbinden Sie sich mit der App.<\/li>\n<li>StarSense scannt den Himmel, richtet sich aus und fokussiert automatisch.<\/li>\n<li>W\u00e4hlen Sie ein Ziel im Planetarium, starten Sie Posen (z. B. <strong>10 Sekunden<\/strong>), und sehen Sie zu, wie die Details live montiert werden.<\/li>\n<\/ol>\n<h3>Weiterf\u00fchrende Fragen: Filter, Raw-Dateien, Planung, Wedge-Modus<\/h3>\n<ul>\n<li><strong>Integrierte Filterschublade<\/strong> kompatibel <strong>1.25\u2033 und 2\u2033.<\/strong> : N\u00fctzlich bei Lichtverschmutzung (Nebel) oder zum Experimentieren.<\/li>\n<li><strong>RAW-Wiederherstellung<\/strong> : \u00fcber USB-Stick (Anschl\u00fcsse an der R\u00f6hre) oder Download \u00fcber das integrierte WiFi, zur manuellen Bearbeitung.<\/li>\n<li><strong>Scheduled observations<\/strong> : Planen Sie Aufnahmen \u00fcber Nacht und finden Sie Ihre Bilder nach dem Aufwachen wieder.<\/li>\n<li><strong>\u00c4quatorialer Keilmodus<\/strong> (mit NexStar Evolution-kompatiblem Wedge + optionalem StarSense Autoguider) :<br \/>\nReduzierung der Felddrehung, l\u00e4ngere manuelle Belichtungszeiten, Bildgebung in der N\u00e4he des Zenits (dunkler).<\/li>\n<\/ul>\n<p><img fetchpriority=\"high\" decoding=\"async\" class=\"aligncenter size-full wp-image-12463\" src=\"https:\/\/deep-space-astronomy.ch\/wp-content\/uploads\/2025\/12\/Origin_Wedge-avec-arriere-plan-supprime-1.png\" alt=\"\" width=\"2048\" height=\"2048\" srcset=\"https:\/\/deep-space-astronomy.ch\/wp-content\/uploads\/2025\/12\/Origin_Wedge-avec-arriere-plan-supprime-1.png 2048w, https:\/\/deep-space-astronomy.ch\/wp-content\/uploads\/2025\/12\/Origin_Wedge-avec-arriere-plan-supprime-1-300x300.png 300w, https:\/\/deep-space-astronomy.ch\/wp-content\/uploads\/2025\/12\/Origin_Wedge-avec-arriere-plan-supprime-1-1024x1024.png 1024w, https:\/\/deep-space-astronomy.ch\/wp-content\/uploads\/2025\/12\/Origin_Wedge-avec-arriere-plan-supprime-1-150x150.png 150w, https:\/\/deep-space-astronomy.ch\/wp-content\/uploads\/2025\/12\/Origin_Wedge-avec-arriere-plan-supprime-1-768x768.png 768w, https:\/\/deep-space-astronomy.ch\/wp-content\/uploads\/2025\/12\/Origin_Wedge-avec-arriere-plan-supprime-1-1536x1536.png 1536w, https:\/\/deep-space-astronomy.ch\/wp-content\/uploads\/2025\/12\/Origin_Wedge-avec-arriere-plan-supprime-1-12x12.png 12w, https:\/\/deep-space-astronomy.ch\/wp-content\/uploads\/2025\/12\/Origin_Wedge-avec-arriere-plan-supprime-1-600x600.png 600w, https:\/\/deep-space-astronomy.ch\/wp-content\/uploads\/2025\/12\/Origin_Wedge-avec-arriere-plan-supprime-1-100x100.png 100w\" sizes=\"(max-width: 2048px) 100vw, 2048px\" \/><\/p>\n<h3>Erdbeobachtung &amp; \u201cNachtsicht\u201d<\/h3>\n<p>Die Origin Mark II ist nicht nur f\u00fcr Sterne geeignet: Sie k\u00f6nnen auch terrestrische Szenen bei Tag abbilden und genie\u00dfen<br \/>\nseiner schnellen Optik und seiner empfindlichen Kamera, um bei Nacht unter sehr schwachen Bedingungen zu sehen (\u201cQuasi-Nachtsicht\u201d-Effekt).<\/p>\n<h3>Was enthalten ist<\/h3>\n<ul>\n<li>Optische R\u00f6hre <strong>RASA 6\u2033<\/strong> mit <strong>eingebaute Kamera<\/strong><\/li>\n<li>Rahmen <strong>alt-az GoTo<\/strong> einarmig mit <strong>eingebauter Lithium-Akku<\/strong><\/li>\n<li>Bordcomputer (mit L\u00fcftern + WiFi)<\/li>\n<li>Autofokus (Autofokus \/ Manueller Fokus)<\/li>\n<li>Anti-Beschlag-System: Umweltsensor + Heizwiderstand + Beschlagsschutz<\/li>\n<li>Integrierte Filterschublade<\/li>\n<li>Stativ volle H\u00f6he<\/li>\n<li>Stopfen \/ Kappe<\/li>\n<li>Netzladeger\u00e4t<\/li>\n<\/ul>\n<h3>Celestron-Technologien inbegriffen<\/h3>\n<ul>\n<li><strong>Rowe-Ackermann Schmidt Astrograph (RASA)<\/strong><\/li>\n<li><strong>StarBright XLT<\/strong> (optische Behandlungen)<\/li>\n<li><strong>StarSense\u00ae Technology<\/strong><\/li>\n<li><strong>WiFi<\/strong><\/li>\n<li><strong>LiFePO4-Akku<\/strong><\/li>\n<\/ul>\n<h3>Technische Eigenschaften (Spezifikationen)<\/h3>\n<h3>Optik<\/h3>\n<table>\n<tbody>\n<tr>\n<td><strong>Optisches Design<\/strong><\/td>\n<td>Rowe-Ackermann Schmidt Astrograph (RASA)<\/td>\n<\/tr>\n<tr>\n<td><strong>Er\u00f6ffnung<\/strong><\/td>\n<td>152 mm (5.98\u2033)<\/td>\n<\/tr>\n<tr>\n<td><strong>Brennweite<\/strong><\/td>\n<td>335 mm (13.18\u2033)<\/td>\n<\/tr>\n<tr>\n<td><strong>Fokusbericht<\/strong><\/td>\n<td>f\/2.2<\/td>\n<\/tr>\n<tr>\n<td><strong>Behandlungen<\/strong><\/td>\n<td>StarBright XLT auf allen Oberfl\u00e4chen<\/td>\n<\/tr>\n<tr>\n<td><strong>Zentrale Obstruktion<\/strong><\/td>\n<td>63 mm (2.48\u2033) (41% des Durchmessers)<\/td>\n<\/tr>\n<tr>\n<td><strong>Sammelkraft (vs. Auge)<\/strong><\/td>\n<td>474\u00d7<\/td>\n<\/tr>\n<tr>\n<td><strong>Bildaufl\u00f6sung<\/strong><\/td>\n<td>1.48 arcsec\/pixel<\/td>\n<\/tr>\n<tr>\n<td><strong>Schwalbenschwanz<\/strong><\/td>\n<td>CG-5 Dovetail Bar<\/td>\n<\/tr>\n<tr>\n<td><strong>Filterschublade<\/strong><\/td>\n<td>Integriert, akzeptiert Astrofilter 1.25\u2033 oder 2\u2033.<\/td>\n<\/tr>\n<\/tbody>\n<\/table>\n<h3>Sensor \/ Kamera<\/h3>\n<table>\n<tbody>\n<tr>\n<td><strong>Sensor<\/strong><\/td>\n<td>Sony IMX678-AAQR1, Farbe, Hintergrundbeleuchtung<\/td>\n<\/tr>\n<tr>\n<td><strong>Gr\u00f6\u00dfe des Sensors<\/strong><\/td>\n<td>8.9 mm (0.35\u2033) Diagonale<\/td>\n<\/tr>\n<tr>\n<td><strong>Pixelgr\u00f6\u00dfe<\/strong><\/td>\n<td>2.0 \u03bcm \u00d7 2.0 \u03bcm<\/td>\n<\/tr>\n<tr>\n<td><strong>Effektive Pixel<\/strong><\/td>\n<td>8.3 M (3856 \u00d7 2180)<\/td>\n<\/tr>\n<tr>\n<td><strong>Feld<\/strong><\/td>\n<td>1.32\u00b0 \u00d7 0.75\u00b0<\/td>\n<\/tr>\n<\/tbody>\n<\/table>\n<h3>Elektronik &amp; Reittier<\/h3>\n<table>\n<tbody>\n<tr>\n<td><strong>Onboard-Computer<\/strong><\/td>\n<td>Raspberry Pi 4 Model B<\/td>\n<\/tr>\n<tr>\n<td><strong>Rahmen<\/strong><\/td>\n<td>Altazimuth GoTo computergest\u00fctzt<\/td>\n<\/tr>\n<tr>\n<td><strong>Antibeschlag<\/strong><\/td>\n<td>Integrierter automatisierter Heizwiderstand (Frontlinse) + abnehmbarer Beschlagschutz<\/td>\n<\/tr>\n<tr>\n<td><strong>Fokussieren<\/strong><\/td>\n<td>Autofokus oder manuelle Steuerung<\/td>\n<\/tr>\n<tr>\n<td><strong>L\u00fcftung<\/strong><\/td>\n<td>1 optischer L\u00fcfter + 1 elektronischer L\u00fcfter (Absaugung \u00fcber gesch\u00fctzte Gitter)<\/td>\n<\/tr>\n<tr>\n<td><strong>Status-LED-Ring<\/strong><\/td>\n<td>Visuelle Zustandsanzeige \u201cauf einen Blick\u201d<\/td>\n<\/tr>\n<\/tbody>\n<\/table>\n<h3>Anschl\u00fcsse<\/h3>\n<table>\n<tbody>\n<tr>\n<td><strong>USB-A<\/strong><\/td>\n<td>2 auf der Tube (Zugriff auf Rohdateien) + 1 auf dem Mount (nur Aufladen des Mobilger\u00e4ts)<\/td>\n<\/tr>\n<tr>\n<td><strong>Ethernet<\/strong><\/td>\n<td>1 auf dem Rohr<\/td>\n<\/tr>\n<tr>\n<td><strong>Hilfsports<\/strong><\/td>\n<td>2 auf dem Rohr + 4 auf dem Rahmen<\/td>\n<\/tr>\n<\/tbody>\n<\/table>\n<h3>Ern\u00e4hrung<\/h3>\n<table>\n<tbody>\n<tr>\n<td><strong>Akku<\/strong><\/td>\n<td>Integriertes LiFePO4, 97.9 Wh, Betriebsdauer 6+ Stunden<\/td>\n<\/tr>\n<tr>\n<td><strong>Eintrag<\/strong><\/td>\n<td>12V DC-Adapter (Aufladen des internen Akkus oder Betrieb \u00fcber externes Netz)<\/td>\n<\/tr>\n<\/tbody>\n<\/table>\n<h3>Anwendung &amp; Kompatibilit\u00e4t<\/h3>\n<table>\n<tbody>\n<tr>\n<td><strong>Anwendung<\/strong><\/td>\n<td>Celestron Origin App (Powered by SkySafari\u2122)<\/td>\n<\/tr>\n<tr>\n<td><strong>iOS<\/strong><\/td>\n<td>iOS 16 oder h\u00f6her<\/td>\n<\/tr>\n<tr>\n<td><strong>Android<\/strong><\/td>\n<td>Android 12 oder h\u00f6her<\/td>\n<\/tr>\n<\/tbody>\n<\/table>\n<h3>Abmessungen<\/h3>\n<table>\n<tbody>\n<tr>\n<td><strong>Tube<\/strong><\/td>\n<td>609.6 mm \u00d7 177.8 mm (24\u2033 \u00d7 7\u2033)<\/td>\n<\/tr>\n<tr>\n<td><strong>Rahmen<\/strong><\/td>\n<td>457.2 mm \u00d7 304.8 mm \u00d7 254 mm (18\u2033 \u00d7 12\u2033 \u00d7 10\u2033)<\/td>\n<\/tr>\n<tr>\n<td><strong>Stativ (eingeklappt)<\/strong><\/td>\n<td>330.2 mm \u00d7 304.8 mm \u00d7 812.8 mm (13\u2033 \u00d7 12\u2033 \u00d7 32\u2033)<\/td>\n<\/tr>\n<tr>\n<td><strong>Zusammengesetztes System<\/strong><\/td>\n<td>609.6 L \u00d7 660.4 W \u00d7 1219.2 H (24\u2033 \u00d7 26\u2033 \u00d7 48\u2033)<\/td>\n<\/tr>\n<\/tbody>\n<\/table>\n<h3>Gewicht<\/h3>\n<table>\n<tbody>\n<tr>\n<td><strong>Tube<\/strong><\/td>\n<td>4.8 kg (10.6 lb)<\/td>\n<\/tr>\n<tr>\n<td><strong>Rahmen<\/strong><\/td>\n<td>7.7 kg (17 lb)<\/td>\n<\/tr>\n<tr>\n<td><strong>Stativ<\/strong><\/td>\n<td>6.35 kg (14 lb)<\/td>\n<\/tr>\n<tr>\n<td><strong>Gesamt<\/strong><\/td>\n<td>18.87 kg (41.6 lb)<\/td>\n<\/tr>\n<\/tbody>\n<\/table>\n<h3>\u00a0Beispielbild:<\/h3>\n<p><img decoding=\"async\" src=\"https:\/\/www.celestron.com\/cdn\/shop\/files\/IMG_2959.jpg?v=1760374488&amp;width=1445\" alt=\"Celestron Origin Mark II Intelligent Home Observatory\" \/><\/p>\n<h3>Garantie<strong>\u00a0:<\/strong> 2 Jahre<\/h3>\n<h3>Wichtig: Solarwarnung<\/h3>\n<p><strong>Schauen Sie nie in die Sonne<\/strong> mit blo\u00dfem Auge oder durch eine Optik <strong>ohne geeigneten Sonnenfilter<\/strong>.<br \/>\nGefahr von bleibenden Augensch\u00e4den. Projizieren Sie das Bild der Sonne niemals auf eine Oberfl\u00e4che (Gefahr von \u00dcberhitzung und Besch\u00e4digung).<br \/>\nLassen Sie das Instrument nie unbeaufsichtigt, insbesondere wenn Kinder anwesend sind.<\/p>\n<p>&nbsp;<\/p>\n<\/div>","protected":false},"excerpt":{"rendered":"<p>Celestron Origin Mark II \u2013 Observatoire intelligent \u201ctout-en-un\u201d pour le ciel profond Celestron Origin Mark II red\u00e9finit l\u2019observation et l\u2019astrophoto en r\u00e9unissant, dans un seul syst\u00e8me, un t\u00e9lescope ultra-rapide RASA 6&Prime;, une cam\u00e9ra couleur Sony Starvis 2, une monture GoTo, un ordinateur embarqu\u00e9 et une application mobile compl\u00e8te. L\u2019objectif : vous montrer des galaxies, n\u00e9buleuses [&hellip;]<\/p>\n","protected":false},"featured_media":12462,"comment_status":"open","ping_status":"closed","template":"","meta":[],"product_brand":[413],"product_cat":[816,749,753],"product_tag":[],"class_list":{"0":"post-12460","1":"product","2":"type-product","3":"status-publish","4":"has-post-thumbnail","6":"product_brand-celestron","7":"product_cat-nouveautes","8":"product_cat-rowe-ackermann-schmidt-rasa","9":"product_cat-smart-telescopes-telescopes_reflecteurs","11":"first","12":"instock","13":"taxable","14":"shipping-taxable","15":"purchasable","16":"product-type-simple"},"_links":{"self":[{"href":"https:\/\/deep-space-astronomy.ch\/de\/wp-json\/wp\/v2\/product\/12460","targetHints":{"allow":["GET"]}}],"collection":[{"href":"https:\/\/deep-space-astronomy.ch\/de\/wp-json\/wp\/v2\/product"}],"about":[{"href":"https:\/\/deep-space-astronomy.ch\/de\/wp-json\/wp\/v2\/types\/product"}],"replies":[{"embeddable":true,"href":"https:\/\/deep-space-astronomy.ch\/de\/wp-json\/wp\/v2\/comments?post=12460"}],"wp:featuredmedia":[{"embeddable":true,"href":"https:\/\/deep-space-astronomy.ch\/de\/wp-json\/wp\/v2\/media\/12462"}],"wp:attachment":[{"href":"https:\/\/deep-space-astronomy.ch\/de\/wp-json\/wp\/v2\/media?parent=12460"}],"wp:term":[{"taxonomy":"product_brand","embeddable":true,"href":"https:\/\/deep-space-astronomy.ch\/de\/wp-json\/wp\/v2\/product_brand?post=12460"},{"taxonomy":"product_cat","embeddable":true,"href":"https:\/\/deep-space-astronomy.ch\/de\/wp-json\/wp\/v2\/product_cat?post=12460"},{"taxonomy":"product_tag","embeddable":true,"href":"https:\/\/deep-space-astronomy.ch\/de\/wp-json\/wp\/v2\/product_tag?post=12460"}],"curies":[{"name":"wp","href":"https:\/\/api.w.org\/{rel}","templated":true}]}}