{"id":12568,"date":"2025-12-18T17:12:32","date_gmt":"2025-12-18T16:12:32","guid":{"rendered":"https:\/\/deep-space-astronomy.ch\/?post_type=product&#038;p=12568"},"modified":"2026-02-26T17:49:27","modified_gmt":"2026-02-26T16:49:27","slug":"camera-touptek-g3m2210m-capteur-sc2210-mono","status":"publish","type":"product","link":"https:\/\/deep-space-astronomy.ch\/de\/produkt\/camera-touptek-g3m2210m-capteur-sc2210-mono\/","title":{"rendered":"ToupTek G3M2210M Kamera (SC2210 Mono-Sensor)"},"content":{"rendered":"<h3 style=\"text-align: center;\">ToupTek G3M2210M Kamera (SC2210 Mono-Sensor) - Superschnelle Planetenkamera &amp; USB 3.0 Autoguiding (Mono)<\/h3>\n<p>Die <strong>ToupTek G3M2210M<\/strong> ist eine Kamera <strong>monochrom<\/strong> kompakt und sehr reaktionsschnell, gedacht f\u00fcr zwei Schl\u00fcsselanwendungen: die <strong>planetarisch\/mondf\u00f6rmig<\/strong> in hoher Geschwindigkeit (lucky imaging) und die\u2019<strong>Autoguiding<\/strong> (Leitfernrohr oder <strong>OAG<\/strong>). Dank seiner Schnittstelle <strong>USB 3.0<\/strong> und einem modernen Sensor mit <strong>Pixel von 4 \u00b5m<\/strong>, Sie bietet eine ideale Kombination aus <strong>Empfindlichkeit<\/strong>, <strong>Stabilit\u00e4t<\/strong> und <strong>Geschwindigkeit<\/strong> - genau das, was man sucht, um die Turbulenzen auf Jupiter\/Saturn \u201ceinzufrieren\u201d oder Leitsterne selbst in engen Feldern leicht zu finden.<\/p>\n<h3>Warum die G3M2210M im Planetarischen furchteinfl\u00f6\u00dfend ist<\/h3>\n<ul>\n<li><strong>Bis zu 150 fps<\/strong> : Nehmen Sie sehr viele Bilder auf, um nur die besten zu behalten (Momente mit g\u00fcnstigem Seeing).<\/li>\n<li><strong>Mono-Sensor<\/strong> : ausgezeichneter Kontrast und Effizienz in der Luminanz (oft der K\u00f6nigsweg in der Planetenabbildung).<\/li>\n<li><strong>ROI (Region of Interest)<\/strong> : Beschleunigen Sie das Tempo weiter, indem Sie den auf dem Sensor gelesenen Bereich verkleinern.<\/li>\n<li><strong>Geringes Rauschen beim Lesen<\/strong> : Erm\u00f6glicht es, die Bildrate zu erh\u00f6hen, ohne das Signal bei feinen Details zu \u201cbrechen\u201d.<\/li>\n<\/ul>\n<h3>Ein echtes \u201ckleines Monster\u201d f\u00fcr das Autoguiding (F\u00fchrungsfernrohr oder OAG)<\/h3>\n<p>In der F\u00fchrung ist die Priorit\u00e4t einfach: <strong>schwache Sterne aufsp\u00fcren<\/strong> schnell und erhalten eine stabile Nachsorge. Die G3M2210M hakt ab:<\/p>\n<ul>\n<li><strong>Hohe Empfindlichkeit<\/strong> zum Aufh\u00e4ngen von Sternen auch in <strong>OAG<\/strong> (wo das Feld oft arm ist).<\/li>\n<li><strong>ST-4-Anschluss<\/strong> integriert, um bei Bedarf eine direkte \u201con-camera\u201d-F\u00fchrung zu erm\u00f6glichen.<\/li>\n<li><strong>USB 3.0<\/strong> : schnelle und bequeme \u00dcbertragung, n\u00fctzlich bei Setups, bei denen es auf maximale Reaktionsf\u00e4higkeit ankommt.<\/li>\n<\/ul>\n<h3>SC2210 Mono-Sensor: ein ausgezeichneter Kompromiss zwischen Aufl\u00f6sung und Pixeln<\/h3>\n<p>Der eingebaute Sensor (SmartSens <strong>SC2210<\/strong> in Version <strong>monochrom<\/strong>) schl\u00e4gt eine Definition vor <strong>Full HD 1920\u00d71080<\/strong>, Sie ist perfekt f\u00fcr :<\/p>\n<ul>\n<li>die <strong>planetarisch<\/strong> (Kadenz + ROI + Stapeln),<\/li>\n<li>die <strong>F\u00fchrung<\/strong> (Sterne, die leicht zu rahmen und zu isolieren sind),<\/li>\n<li>l\u2019<strong>EAA<\/strong> \/ kurze Belichtungen auf helle Objekte (abh\u00e4ngig von Instrument und Bedingungen).<\/li>\n<\/ul>\n<h3>Technische Daten<\/h3>\n<table>\n<tbody>\n<tr>\n<th style=\"text-align: left;\">Typ<\/th>\n<td>USB 3.0 Astronomie-Kamera - - <strong>Monochrom<\/strong><\/td>\n<\/tr>\n<tr>\n<th style=\"text-align: left;\">Sensor<\/th>\n<td>SmartSens <strong>SC2210<\/strong> (mono)<\/td>\n<\/tr>\n<tr>\n<th style=\"text-align: left;\">Aufl\u00f6sung<\/th>\n<td><strong>2 MP<\/strong> - 1920 \u00d7 1080<\/td>\n<\/tr>\n<tr>\n<th style=\"text-align: left;\">Pixelgr\u00f6\u00dfe<\/th>\n<td><strong>4,0 \u00b5m<\/strong><\/td>\n<\/tr>\n<tr>\n<th style=\"text-align: left;\">Gr\u00f6\u00dfe des Sensors<\/th>\n<td>7,68 mm \u00d7 4,32 mm (Diagonale 8,81 mm)<\/td>\n<\/tr>\n<tr>\n<th style=\"text-align: left;\">Tiefe (ADC)<\/th>\n<td><strong>12-Bit<\/strong><\/td>\n<\/tr>\n<tr>\n<th style=\"text-align: left;\">Max. Trittfrequenz<\/th>\n<td><strong>150 fps<\/strong> (volle Aufl\u00f6sung)<\/td>\n<\/tr>\n<tr>\n<th style=\"text-align: left;\">Zeit f\u00fcr das Legen<\/th>\n<td>0,244 ms bis 1000 s<\/td>\n<\/tr>\n<tr>\n<th style=\"text-align: left;\">K\u00d6NIG<\/th>\n<td>Unterst\u00fctzt<\/td>\n<\/tr>\n<tr>\n<th style=\"text-align: left;\">Ports<\/th>\n<td><strong>USB 3.0<\/strong> + <strong>ST-4<\/strong><\/td>\n<\/tr>\n<tr>\n<th style=\"text-align: left;\">Schutzfenster<\/th>\n<td>AR-Behandlung (Antireflexion)<\/td>\n<\/tr>\n<tr>\n<th style=\"text-align: left;\">Backfocus (indikativ)<\/th>\n<td>12,5 mm<\/td>\n<\/tr>\n<tr>\n<th style=\"text-align: left;\">Kompatibilit\u00e4t<\/th>\n<td>Windows \/ macOS \/ Linux<\/td>\n<\/tr>\n<\/tbody>\n<\/table>\n<h3>Inhalt der Schachtel<\/h3>\n<ul>\n<li>Kamera <strong>ToupTek G3M2210M<\/strong><\/li>\n<li>Kabel <strong>USB 3.0<\/strong><\/li>\n<li>Kabel <strong>ST-4<\/strong> (Autoguiding)<\/li>\n<li>Erweiterung \/ Adapter <strong>1,25\u2033<\/strong><\/li>\n<\/ul>\n<h3>F\u00fcr wen ist diese Kamera gedacht?<\/h3>\n<ul>\n<li><strong>Planetare Bildgebung<\/strong> (Jupiter, Saturn, Mars) und <strong>lunar<\/strong> mit hoher Taktrate.<\/li>\n<li><strong>Autoguiding<\/strong> mit einer F\u00fchrungsbrille oder <strong>OAG<\/strong>, Wenn Sie eine empfindliche und schnelle Kamera ben\u00f6tigen, ist dies die beste L\u00f6sung.<\/li>\n<li>Anwender, die eine kompakte, einfach zu integrierende Kamera mit einem modernen Workflow \u00fcber USB 3.0 suchen.<\/li>\n<\/ul>\n<p><strong>Tipp<\/strong> Bei Planetenaufnahmen kombinieren Sie die G3M2210M mit einem Filter (IR-Pass, UV, Rot, etc.) je nach Ziel und Seeing, dann stapeln Sie (AutoStakkert!) und bearbeiten Sie sie (Wavelets \/ Deconvolution), um ein Maximum an Details zu extrahieren.<\/p>","protected":false},"excerpt":{"rendered":"<p>Cam\u00e9ra ToupTek G3M2210M (Capteur SC2210 mono) \u2013 Cam\u00e9ra plan\u00e9taire &amp; autoguidage USB 3.0 (mono) ultra rapide La ToupTek G3M2210M est une cam\u00e9ra monochrome compacte et tr\u00e8s r\u00e9active, pens\u00e9e pour deux usages cl\u00e9s : le plan\u00e9taire\/lunaire en haute cadence (lucky imaging) et l\u2019autoguidage (lunette guide ou OAG). Gr\u00e2ce \u00e0 son interface USB 3.0 et \u00e0 un [&hellip;]<\/p>\n","protected":false},"featured_media":12567,"comment_status":"open","ping_status":"closed","template":"","meta":[],"product_brand":[831],"product_cat":[816,32,769],"product_tag":[],"class_list":{"0":"post-12568","1":"product","2":"type-product","3":"status-publish","4":"has-post-thumbnail","6":"product_brand-touptek","7":"product_cat-nouveautes","8":"product_cat-cameras","9":"product_cat-planetaire-guidage-lucky-imaging","11":"first","12":"outofstock","13":"sale","14":"taxable","15":"shipping-taxable","16":"purchasable","17":"product-type-simple"},"_links":{"self":[{"href":"https:\/\/deep-space-astronomy.ch\/de\/wp-json\/wp\/v2\/product\/12568","targetHints":{"allow":["GET"]}}],"collection":[{"href":"https:\/\/deep-space-astronomy.ch\/de\/wp-json\/wp\/v2\/product"}],"about":[{"href":"https:\/\/deep-space-astronomy.ch\/de\/wp-json\/wp\/v2\/types\/product"}],"replies":[{"embeddable":true,"href":"https:\/\/deep-space-astronomy.ch\/de\/wp-json\/wp\/v2\/comments?post=12568"}],"wp:featuredmedia":[{"embeddable":true,"href":"https:\/\/deep-space-astronomy.ch\/de\/wp-json\/wp\/v2\/media\/12567"}],"wp:attachment":[{"href":"https:\/\/deep-space-astronomy.ch\/de\/wp-json\/wp\/v2\/media?parent=12568"}],"wp:term":[{"taxonomy":"product_brand","embeddable":true,"href":"https:\/\/deep-space-astronomy.ch\/de\/wp-json\/wp\/v2\/product_brand?post=12568"},{"taxonomy":"product_cat","embeddable":true,"href":"https:\/\/deep-space-astronomy.ch\/de\/wp-json\/wp\/v2\/product_cat?post=12568"},{"taxonomy":"product_tag","embeddable":true,"href":"https:\/\/deep-space-astronomy.ch\/de\/wp-json\/wp\/v2\/product_tag?post=12568"}],"curies":[{"name":"wp","href":"https:\/\/api.w.org\/{rel}","templated":true}]}}