{"id":12569,"date":"2025-12-18T17:18:08","date_gmt":"2025-12-18T16:18:08","guid":{"rendered":"https:\/\/deep-space-astronomy.ch\/?post_type=product&#038;p=12569"},"modified":"2025-12-19T22:44:54","modified_gmt":"2025-12-19T21:44:54","slug":"camera-touptek-g3662m-imx662-mono-bsi","status":"publish","type":"product","link":"https:\/\/deep-space-astronomy.ch\/de\/produkt\/camera-touptek-g3662m-imx662-mono-bsi\/","title":{"rendered":"Kamera ToupTek G3662M (IMX662 mono BSI)"},"content":{"rendered":"<h3 style=\"text-align: center;\">ToupTek G3662M Kamera (IMX662 mono BSI)- Hochempfindliche monochrome USB 3.0 Kamera f\u00fcr Planeten, Mond, Sonne und Autoguiding<\/h3>\n<p>Die <strong>ToupTek G3M662M<\/strong> ist eine astronomische Kamera <strong>monochrom<\/strong> kompakt und sehr leistungsstark, speziell entwickelt f\u00fcr die\u2019<strong>planetare Bildgebung<\/strong>, <strong>lunar<\/strong> und <strong>Solar<\/strong> (mit entsprechendem Filter), w\u00e4hrend sie gleichzeitig f\u00fcr die\u2019<strong>Autoguiding<\/strong>. Sie enth\u00e4lt den ber\u00fchmten Sensor <strong>Sony IMX662<\/strong> Hintergrundbeleuchtung (BSI), bekannt f\u00fcr seine <strong>extrem niedriges Leserauschen<\/strong>seine <strong>sehr hohe Empfindlichkeit<\/strong> und sein hervorragendes Verhalten bei hohen Taktraten.<\/p>\n<p>Dank seiner Schnittstelle <strong>USB 3.0<\/strong>, Die G3M662M mit ihrem eingebauten Pufferspeicher und ihrem kompakten Format eignet sich sowohl f\u00fcr anspruchsvolle Amateure als auch f\u00fcr erfahrene Astrofotografen, die eine schnelle, stabile und moderne Kamera f\u00fcr ihre Arbeit suchen. <em>lucky imaging<\/em>.<\/p>\n<h3>Sony IMX662-Sensor: ein moderner Ma\u00dfstab f\u00fcr Planetenaufnahmen<\/h3>\n<ul>\n<li><strong>Sony IMX662 Monochrom-Sensor (BSI)<\/strong> : Keine Bayer-Matrix, jedes Pixel f\u00e4ngt das Licht direkt ein, um ein maximales Signal zu erhalten.<\/li>\n<li><strong>Full HD-Aufl\u00f6sung<\/strong> : 1920 \u00d7 1080 (2,1 MP), ideal f\u00fcr Planeten- und Mondaufnahmen.<\/li>\n<li><strong>Pixel von 2,9 \u00b5m<\/strong> : Ausgezeichneter Kompromiss zwischen Aufl\u00f6sung und Empfindlichkeit, insbesondere bei hohen Brennweiten.<\/li>\n<li><strong>Sehr hohe Quanteneffizienz<\/strong> (angek\u00fcndigt &gt; 90 %): f\u00e4ngt ein Maximum an Photonen ein, selbst bei kontrastarmen Zielen.<\/li>\n<li><strong>Ultra-niedriges Leseger\u00e4usch<\/strong> : erm\u00f6glicht es, mit hoher Verst\u00e4rkung zu arbeiten, ohne das Bild zu verschlechtern.<\/li>\n<\/ul>\n<h3>USB 3.0 und Pufferspeicher: Maximale Fl\u00fcssigkeit bei hohen Taktraten<\/h3>\n<p>Die G3M662M ist mit einer Schnittstelle ausgestattet <strong>USB 3.0<\/strong> schnell, gekoppelt mit einer <strong>512 MB DDR3-Pufferspeicher<\/strong>. Diese Architektur garantiert :<\/p>\n<ul>\n<li>einen stabilen und kontinuierlichen Bilderstrom,<\/li>\n<li>eine Verringerung des Bildverlusts bei hohen Bildraten,<\/li>\n<li>eine zuverl\u00e4ssigere Erfassung auf Laptops oder Mini-PCs.<\/li>\n<\/ul>\n<p>Bei voller Aufl\u00f6sung kann die Kamera bis zu <strong>ca. 100 Bilder pro Sekunde<\/strong> im 8-Bit-Modus und noch mehr durch die Verwendung eines <strong>K\u00d6NIG<\/strong> (Region of Interest).<\/p>\n<h3>Eine ideale Kamera f\u00fcr das Lucky Imaging<\/h3>\n<p>Die Kombination <strong>hohe Bildrate + geringes Rauschen + Mono-Sensor<\/strong> macht die G3M662M zu einer ausgezeichneten Kamera f\u00fcr :<\/p>\n<ul>\n<li><strong>Jupiter, Saturn, Mars<\/strong> : Erfassen Sie Tausende von Bildern, um nur die besten zu behalten.<\/li>\n<li><strong>Mond<\/strong> : detaillierte Mosaike und kontrastreiche Bilder.<\/li>\n<li><strong>Sonne<\/strong> (mit H-Alpha-, Ca-K- oder Kontinuum-Filter): feine Details und ausgezeichnete Dynamik.<\/li>\n<\/ul>\n<h3>Autoguiding und Sekund\u00e4rnutzung<\/h3>\n<p>Dank ihrer Empfindlichkeit und des geringen Rauschens kann die G3M662M auch f\u00fcr :<\/p>\n<ul>\n<li><strong>die Selbststeuerung<\/strong> in F\u00fchrungsbrille oder <strong>OAG<\/strong>,<\/li>\n<li>Anwendungen von\u2019<strong>EAA<\/strong> oder kurze Belichtungen auf gl\u00e4nzende Objekte, je nachdem, welches Instrument Sie verwenden.<\/li>\n<\/ul>\n<p>Eine <strong>ST-4-Anschluss<\/strong> ist vorhanden, um die Fassung bei Bedarf direkt zu f\u00fchren.<\/p>\n<h3>Technische Daten<\/h3>\n<table>\n<tbody>\n<tr>\n<th style=\"text-align: left;\">Typ<\/th>\n<td>USB 3.0 Astronomie-Kamera - Monochrom<\/td>\n<\/tr>\n<tr>\n<th style=\"text-align: left;\">Sensor<\/th>\n<td>Sony IMX662 BSI CMOS (Mono)<\/td>\n<\/tr>\n<tr>\n<th style=\"text-align: left;\">Aufl\u00f6sung<\/th>\n<td>1920 \u00d7 1080 (2,1 MP)<\/td>\n<\/tr>\n<tr>\n<th style=\"text-align: left;\">Pixelgr\u00f6\u00dfe<\/th>\n<td>2,9 \u00b5m<\/td>\n<\/tr>\n<tr>\n<th style=\"text-align: left;\">Optisches Format<\/th>\n<td>1\/2,8\u2033<\/td>\n<\/tr>\n<tr>\n<th style=\"text-align: left;\">ADC-Tiefe<\/th>\n<td>12 Bits<\/td>\n<\/tr>\n<tr>\n<th style=\"text-align: left;\">Maximale Trittfrequenz<\/th>\n<td>\u2248 100 fps (volle Aufl\u00f6sung, 8 Bit)<\/td>\n<\/tr>\n<tr>\n<th style=\"text-align: left;\">Zeit f\u00fcr das Legen<\/th>\n<td>Sehr kurz bis mehrere hundert Sekunden<\/td>\n<\/tr>\n<tr>\n<th style=\"text-align: left;\">K\u00d6NIG<\/th>\n<td>Unterst\u00fctzt<\/td>\n<\/tr>\n<tr>\n<th style=\"text-align: left;\">Schnittstelle<\/th>\n<td>USB 3.0<\/td>\n<\/tr>\n<tr>\n<th style=\"text-align: left;\">Pufferspeicher<\/th>\n<td>512 MB DDR3<\/td>\n<\/tr>\n<tr>\n<th style=\"text-align: left;\">Autoguider-Port<\/th>\n<td>ST-4<\/td>\n<\/tr>\n<tr>\n<th style=\"text-align: left;\">Kompatibilit\u00e4t<\/th>\n<td>Windows, macOS, Linux<\/td>\n<\/tr>\n<\/tbody>\n<\/table>\n<h3>Inhalt der Schachtel<\/h3>\n<ul>\n<li>Kamera <strong>ToupTek G3M662M<\/strong><\/li>\n<li>Kabel <strong>USB 3.0<\/strong><\/li>\n<li>Adapter\/Verl\u00e4ngerung <strong>1,25\u2033<\/strong><\/li>\n<li>Kabel <strong>ST-4<\/strong><\/li>\n<li>Schutzkappe<\/li>\n<\/ul>\n<h3>F\u00fcr wen ist die G3M662M geeignet?<\/h3>\n<ul>\n<li>Astrofotografen <strong>anspruchsvollen Planeten<\/strong> auf der Suche nach einer modernen, hochempfindlichen Monokamera.<\/li>\n<li>Liebhaber von <strong>lunar und solar<\/strong> die m\u00f6glichst viele feine Details extrahieren m\u00f6chten.<\/li>\n<li>Nutzer, die nach einer kompakten Kamera suchen, die auch f\u00fcr die\u2019<strong>Autoguiding<\/strong>.<\/li>\n<\/ul>\n<p><strong>Rat<\/strong> : In Verbindung mit geeigneten Filtern (IR-Pass, Rot, H-Alpha-Sonne usw.) und einer guten Kollimation ist die G3M662M in der Lage, selbst bei mittleren Turbulenzen Planeten- und Mondbilder auf h\u00f6chstem Niveau zu liefern.<\/p>","protected":false},"excerpt":{"rendered":"<p>Cam\u00e9ra ToupTek G3662M (IMX662 mono BSI)\u2013 Cam\u00e9ra monochrome USB 3.0 ultra sensible pour plan\u00e9taire, lunaire, solaire et autoguidage La ToupTek G3M662M est une cam\u00e9ra astronomique monochrome compacte et tr\u00e8s performante, sp\u00e9cialement con\u00e7ue pour l\u2019imagerie plan\u00e9taire, lunaire et solaire (avec filtre adapt\u00e9), tout en restant parfaitement exploitable pour l\u2019autoguidage. Elle int\u00e8gre le c\u00e9l\u00e8bre capteur Sony IMX662 [&hellip;]<\/p>\n","protected":false},"featured_media":12567,"comment_status":"open","ping_status":"closed","template":"","meta":[],"product_brand":[831],"product_cat":[816,32,769],"product_tag":[],"class_list":{"0":"post-12569","1":"product","2":"type-product","3":"status-publish","4":"has-post-thumbnail","6":"product_brand-touptek","7":"product_cat-nouveautes","8":"product_cat-cameras","9":"product_cat-planetaire-guidage-lucky-imaging","11":"first","12":"outofstock","13":"taxable","14":"shipping-taxable","15":"purchasable","16":"product-type-simple"},"_links":{"self":[{"href":"https:\/\/deep-space-astronomy.ch\/de\/wp-json\/wp\/v2\/product\/12569","targetHints":{"allow":["GET"]}}],"collection":[{"href":"https:\/\/deep-space-astronomy.ch\/de\/wp-json\/wp\/v2\/product"}],"about":[{"href":"https:\/\/deep-space-astronomy.ch\/de\/wp-json\/wp\/v2\/types\/product"}],"replies":[{"embeddable":true,"href":"https:\/\/deep-space-astronomy.ch\/de\/wp-json\/wp\/v2\/comments?post=12569"}],"wp:featuredmedia":[{"embeddable":true,"href":"https:\/\/deep-space-astronomy.ch\/de\/wp-json\/wp\/v2\/media\/12567"}],"wp:attachment":[{"href":"https:\/\/deep-space-astronomy.ch\/de\/wp-json\/wp\/v2\/media?parent=12569"}],"wp:term":[{"taxonomy":"product_brand","embeddable":true,"href":"https:\/\/deep-space-astronomy.ch\/de\/wp-json\/wp\/v2\/product_brand?post=12569"},{"taxonomy":"product_cat","embeddable":true,"href":"https:\/\/deep-space-astronomy.ch\/de\/wp-json\/wp\/v2\/product_cat?post=12569"},{"taxonomy":"product_tag","embeddable":true,"href":"https:\/\/deep-space-astronomy.ch\/de\/wp-json\/wp\/v2\/product_tag?post=12569"}],"curies":[{"name":"wp","href":"https:\/\/api.w.org\/{rel}","templated":true}]}}