{"id":12636,"date":"2025-12-21T18:01:24","date_gmt":"2025-12-21T17:01:24","guid":{"rendered":"https:\/\/deep-space-astronomy.ch\/?post_type=product&#038;p=12636"},"modified":"2025-12-23T06:29:57","modified_gmt":"2025-12-23T05:29:57","slug":"camera-planetaire-player-one-mars-c-ii-imx662-couleur","status":"publish","type":"product","link":"https:\/\/deep-space-astronomy.ch\/de\/produkt\/camera-planetaire-player-one-mars-c-ii-imx662-couleur\/","title":{"rendered":"Planetenkamera Player One Mars-C II (IMX662 Farbe)"},"content":{"rendered":"<h3 style=\"text-align: center;\">Player One Mars-C II Planetenkamera USB3.0 - IMX662 Farbe (STARVIS 2)<\/h3>\n<p><strong>Die Mars-C II<\/strong> ist eine <strong>USB 3.0 Farb-Planetenkamera<\/strong> von PO entwickelt, die das brandneue <strong>Sony IMX662-Sensor<\/strong> im Format <strong>1\/2.8\u201d<\/strong>. Konzipiert f\u00fcr die\u2019<strong>planetare Bildgebung<\/strong>, Der Mond und der\u2019<strong>EAA<\/strong>, Sie zeichnet sich durch eine <strong>hohe Sensibilit\u00e4t<\/strong>eine <strong>au\u00dfergew\u00f6hnliche Brunnenkapazit\u00e4t<\/strong> und vor allem eine <strong>v\u00f6lliges Fehlen von Amp Glow<\/strong>, Dies ist ein gro\u00dfer Vorteil, wenn es darum geht, saubere und leicht zu bearbeitende Bilder zu erhalten.<\/p>\n<h3>Sony IMX662 - STARVIS 2 Sensor der neuesten Generation<\/h3>\n<p>Der Mars-C II basiert auf der Technologie <strong>Sony STARVIS 2<\/strong>, Die Kamera verf\u00fcgt \u00fcber eine CMOS-Architektur mit Hintergrundbeleuchtung (BSI), die f\u00fcr schwache Lichtverh\u00e4ltnisse optimiert ist. Der Sensor <strong>IMX662<\/strong> angebot :<\/p>\n<ul>\n<li><strong>Aufl\u00f6sung<\/strong> : 1936 \u00d7 1100 Pixel (2.1 MP)<\/li>\n<li><strong>Pixelgr\u00f6\u00dfe<\/strong> : 2,9 \u00b5m<\/li>\n<li><strong>Diagonal<\/strong> : 6,44 mm<\/li>\n<li><strong>Brunnenkapazit\u00e4t<\/strong> : 54 ke- (\u2248 4,5\u00d7 mehr als der IMX462)<\/li>\n<\/ul>\n<p>Diese hohe Senkenkapazit\u00e4t erm\u00f6glicht es, die hellen Bereiche der Planeten besser zu bew\u00e4ltigen und gleichzeitig feine Details zu erhalten, insbesondere auf <strong>Jupiter<\/strong>, <strong>Saturn<\/strong> und <strong>M\u00e4rz<\/strong>.<\/p>\n<h3>Zero Amp Glow: ein entscheidender Vorteil<\/h3>\n<p>Eine der gr\u00f6\u00dften St\u00e4rken der <strong>Player One Mars-C II<\/strong> ist sein <strong>dark frame v\u00f6llig frei von amp glow<\/strong>. Selbst wenn Sie die Kurven stark dr\u00fccken, bleibt der Hintergrund sauber und gleichm\u00e4\u00dfig. Dies \u00e4u\u00dfert sich in :<\/p>\n<ul>\n<li>Eine <strong>sehr kontrolliertes Hintergrundrauschen<\/strong><\/li>\n<li>Eine <strong>einfachere und sauberere Behandlung<\/strong><\/li>\n<li>Eine hervorragende Eignung f\u00fcr die\u2019<strong>hochaufl\u00f6sende Mond- und Planetenbilder<\/strong><\/li>\n<\/ul>\n<h3>Hohe Geschwindigkeit und stabile \u00dcbertragung<\/h3>\n<p>Dank seiner Schnittstelle <strong>USB 3.0<\/strong>, erreicht die Mars-C II bis zu <strong>108 Bilder pro Sekunde<\/strong> in <strong>RAW8 (10-Bit ADC)<\/strong> bei voller Aufl\u00f6sung. Au\u00dferdem integriert sie eine <strong>256 MB DDR3-Cache-Speicher<\/strong>, Ein exklusives Player One Video \u00fcber Planetenkameras, das :<\/p>\n<ul>\n<li>Reduziert stark die <strong>Bildverluste<\/strong><\/li>\n<li>Stabilisiert den Datenfluss<\/li>\n<li>Verringert den <strong>Leseger\u00e4usche<\/strong><\/li>\n<\/ul>\n<p>Die Kamera beh\u00e4lt auch an einem Port eine hervorragende Leistung bei <strong>USB 2.0<\/strong>, Das macht sie sehr tolerant gegen\u00fcber bescheidenen Computerkonfigurationen.<\/p>\n<h3>DPS und Schutzelektronik<\/h3>\n<p>Die Mars-C II beinhaltet die Technologie <strong>DPS (Dead Pixel Suppression)<\/strong>, Sie analysiert Darks, um fehlerhafte Pixel zu kartieren und diese w\u00e4hrend der Aufnahme dynamisch zu korrigieren. Sie verf\u00fcgt au\u00dferdem \u00fcber <strong>Schutz vor \u00dcberspannungen und \u00dcberstr\u00f6men<\/strong>, Die Kamera und Ihre Ausr\u00fcstung sind sicher.<\/p>\n<h3>Mechanisches Design und High-End-Ergonomie<\/h3>\n<p>Die Kamera \u00fcbernimmt das Player One Signature Design: ein <strong>Sechskantk\u00f6rper<\/strong> eine Mischung aus Steifheit und Eleganz, mit einer hochwertigen matten roten und schwarzen Oberfl\u00e4che. Sie ist ausgestattet mit :<\/p>\n<ul>\n<li>Von einer <strong>Tiltplatte Sensor der 2. Generation<\/strong> (auch bei Deep Sky n\u00fctzlich)<\/li>\n<li>Von einem <strong>innere Dichtung mit hoher Dichte<\/strong> blockiert jegliches Streulicht<\/li>\n<\/ul>\n<p>Der Name <strong>\u201cM\u00e4rz\u201d<\/strong>, Das auf dem Geh\u00e4use eingravierte Symbol entspricht dem Format des Sensors (1\/2,8\u201d), entsprechend der Planetennomenklatur von Player One Astronomy.<\/p>\n<h3>Kompatibilit\u00e4t und empfohlene Verwendungszwecke<\/h3>\n<p>Die <strong>Player One Mars-C II IMX662<\/strong> ist ideal f\u00fcr :<\/p>\n<ul>\n<li>L'<strong>planetare Farbbilder<\/strong> in lucky imaging<\/li>\n<li>Die <strong>Mond<\/strong> in hoher Aufl\u00f6sung<\/li>\n<li>L'<strong>EAA<\/strong> auf gl\u00e4nzenden Objekten<\/li>\n<li>L'<strong>Autoguiding<\/strong> \u00fcber Port ST4<\/li>\n<\/ul>\n<p>Sie ist voll kompatibel mit g\u00e4ngiger Software wie <strong>FireCapture<\/strong>, <strong>SharpCap<\/strong> und Sensoranalysetools (aktives HCG mit 210 Gain).<\/p>\n<h3>Zusammenfassung<\/h3>\n<ul>\n<li>Sensor <strong>Sony IMX662 Farbe - STARVIS 2<\/strong><\/li>\n<li><strong>54 ke-<\/strong> von full well, ideal f\u00fcr helle Planeten<\/li>\n<li><strong>Null Amp Glow<\/strong> f\u00fcr einen perfekt sauberen Hintergrund<\/li>\n<li>Bis zu <strong>108 FPS<\/strong> in RAW8<\/li>\n<li>Ausblenden <strong>DDR3 256 MB<\/strong> und Technologie <strong>DPS<\/strong><\/li>\n<\/ul>\n<h3>SEO-Schl\u00fcsselw\u00f6rter<\/h3>\n<p>Player One Mars-C II, IMX662 Planetenkamera, IMX662 Farbkamera, USB3 Planetenkamera, Jupiter Saturn Mars Kamera, hochaufl\u00f6sende Mondkamera, STARVIS 2 Astrofotografie, planetarische EAA-Kamera<\/p>","protected":false},"excerpt":{"rendered":"<p>Cam\u00e9ra plan\u00e9taire Player One Mars-C II USB3.0 \u2013 IMX662 couleur (STARVIS 2) La Mars-C II est une cam\u00e9ra plan\u00e9taire couleur USB 3.0 d\u00e9velopp\u00e9e par PO\u00a0int\u00e9grant le tout nouveau capteur Sony IMX662 au format 1\/2.8\u201d. Con\u00e7ue pour l\u2019imagerie plan\u00e9taire, lunaire et l\u2019EAA, elle se distingue par une sensibilit\u00e9 \u00e9lev\u00e9e, une capacit\u00e9 de puits exceptionnelle et surtout [&hellip;]<\/p>\n","protected":false},"featured_media":12638,"comment_status":"open","ping_status":"closed","template":"","meta":[],"product_brand":[556],"product_cat":[781,769],"product_tag":[],"class_list":{"0":"post-12636","1":"product","2":"type-product","3":"status-publish","4":"has-post-thumbnail","6":"product_brand-player-one","7":"product_cat-planetaire","8":"product_cat-planetaire-guidage-lucky-imaging","10":"first","11":"outofstock","12":"sale","13":"taxable","14":"shipping-taxable","15":"purchasable","16":"product-type-simple"},"_links":{"self":[{"href":"https:\/\/deep-space-astronomy.ch\/de\/wp-json\/wp\/v2\/product\/12636","targetHints":{"allow":["GET"]}}],"collection":[{"href":"https:\/\/deep-space-astronomy.ch\/de\/wp-json\/wp\/v2\/product"}],"about":[{"href":"https:\/\/deep-space-astronomy.ch\/de\/wp-json\/wp\/v2\/types\/product"}],"replies":[{"embeddable":true,"href":"https:\/\/deep-space-astronomy.ch\/de\/wp-json\/wp\/v2\/comments?post=12636"}],"wp:featuredmedia":[{"embeddable":true,"href":"https:\/\/deep-space-astronomy.ch\/de\/wp-json\/wp\/v2\/media\/12638"}],"wp:attachment":[{"href":"https:\/\/deep-space-astronomy.ch\/de\/wp-json\/wp\/v2\/media?parent=12636"}],"wp:term":[{"taxonomy":"product_brand","embeddable":true,"href":"https:\/\/deep-space-astronomy.ch\/de\/wp-json\/wp\/v2\/product_brand?post=12636"},{"taxonomy":"product_cat","embeddable":true,"href":"https:\/\/deep-space-astronomy.ch\/de\/wp-json\/wp\/v2\/product_cat?post=12636"},{"taxonomy":"product_tag","embeddable":true,"href":"https:\/\/deep-space-astronomy.ch\/de\/wp-json\/wp\/v2\/product_tag?post=12636"}],"curies":[{"name":"wp","href":"https:\/\/api.w.org\/{rel}","templated":true}]}}