{"id":1278,"date":"2024-12-18T16:30:09","date_gmt":"2024-12-18T15:30:09","guid":{"rendered":"https:\/\/deep-space-astronomy.geekworkers.dev\/?post_type=product&#038;p=1278"},"modified":"2025-06-03T10:36:15","modified_gmt":"2025-06-03T08:36:15","slug":"reducteur-0-75x65phq","status":"publish","type":"product","link":"https:\/\/deep-space-astronomy.ch\/de\/produkt\/reducteur-0-75x65phq\/","title":{"rendered":"Reduzierst\u00fcck 0.75x 65PHQ"},"content":{"rendered":"<h3>Askar 65PHQ 0.75x Full-Frame Reducer - Spezifikationen und Eigenschaften<\/h3>\n<p>Der Askar 65PHQ 0,75x Reducer ist eine Ausr\u00fcstung, die f\u00fcr Astrofotografen entwickelt wurde, die eine h\u00f6here Bildqualit\u00e4t und eine verbesserte Benutzerfreundlichkeit suchen. Dieses Full-Frame-Modell nutzt ein Quadruplet-Design f\u00fcr eine optimale optische Leistung, wodurch das Brennverh\u00e4ltnis verk\u00fcrzt und das Sichtfeld f\u00fcr schnellere und umfangreichere Aufnahmen erweitert werden kann.<\/p>\n<h3>Eigenschaften des Reduzierst\u00fccks Askar 65PHQ 0.75x<\/h3>\n<ul>\n<li><strong>Fokusbericht :<\/strong> f\/4.8 nach Verkleinerung, bietet verbesserte Helligkeit<\/li>\n<li><strong>Brennweite :<\/strong> 312 mm nach Verkleinerung, ideal f\u00fcr Himmelsobjekte mit gro\u00dfer Ausdehnung<\/li>\n<li><strong>Linsenart :<\/strong> Quadruplet-Design f\u00fcr eine bessere Kontrolle von Verzerrungen und Aberrationen<\/li>\n<li><strong>Hintere Brennweite :<\/strong> 55 mm (Standardabstand f\u00fcr astrofotografische Konfigurationen)<\/li>\n<li><strong>Gewicht und Robustheit :<\/strong> Konstruiert f\u00fcr eine stabile und dauerhafte Nutzung, geeignet f\u00fcr Astrograf-Montagen<\/li>\n<\/ul>\n<p>Dieser Reduzierer wird mit zwei Gewindeadaptern (M54 und M48) geliefert, die auch ein 2-Zoll-Filtergewinde (M48*0,75) integrieren. Diese Flexibilit\u00e4t erm\u00f6glicht eine einfache und stabile Verbindung mit zahlreichen Ger\u00e4ten und Zubeh\u00f6rteilen und macht die Installation f\u00fcr den Benutzer einfach.<\/p>\n<h3>Zus\u00e4tzliche Ma\u00dfe und Spezifikationen<\/h3>\n<ul>\n<li><strong>Hinteres Gewinde :<\/strong> M58*0.75 (Innengewinde)<\/li>\n<li><strong>Mitgelieferte Adapter :<\/strong> M540.75 und M480.75, mit verbesserter Kompatibilit\u00e4t f\u00fcr 2-Zoll-Filter<\/li>\n<li><strong>Optisches Design :<\/strong> Quadruplet f\u00fcr ein breites Bildfeld und eine pr\u00e4zise Bildkorrektur bis zum Rand<\/li>\n<\/ul>\n<h3>Vorteile f\u00fcr Astrofotografen<\/h3>\n<p>Durch die Reduzierung der erforderlichen Belichtungszeit ist dieser Reducer ideal f\u00fcr die Deep-Sky-Astrofotografie geeignet und bietet mehr Komfort und Effizienz. Die gro\u00dfe Blende erm\u00f6glicht es, Nebel, Sternhaufen und andere Himmelsobjekte mit hoher Genauigkeit einzufangen. Damit bietet dieses Modell mehr M\u00f6glichkeiten f\u00fcr Benutzer, die weite Sichtfelder erkunden m\u00f6chten.<\/p>","protected":false},"excerpt":{"rendered":"<p>R\u00e9ducteur Askar 65PHQ 0.75x Full-Frame &#8211; Sp\u00e9cifications et caract\u00e9ristiques Le r\u00e9ducteur Askar 65PHQ 0.75x est un \u00e9quipement con\u00e7u pour les astrophotographes \u00e0 la recherche d\u2019une qualit\u00e9 d\u2019image sup\u00e9rieure et d\u2019une facilit\u00e9 d\u2019utilisation accrue. Ce mod\u00e8le full-frame utilise une conception quadruplet pour un rendement optique optimal, permettant de raccourcir le rapport focal et d\u2019\u00e9largir le champ [&hellip;]<\/p>\n","protected":false},"featured_media":6765,"comment_status":"open","ping_status":"closed","template":"","meta":[],"product_brand":[382],"product_cat":[650],"product_tag":[],"class_list":{"0":"post-1278","1":"product","2":"type-product","3":"status-publish","4":"has-post-thumbnail","6":"product_brand-askar","7":"product_cat-rducteurs-correcteurs-ap","9":"first","10":"on_supplier","11":"taxable","12":"shipping-taxable","13":"purchasable","14":"product-type-simple"},"_links":{"self":[{"href":"https:\/\/deep-space-astronomy.ch\/de\/wp-json\/wp\/v2\/product\/1278","targetHints":{"allow":["GET"]}}],"collection":[{"href":"https:\/\/deep-space-astronomy.ch\/de\/wp-json\/wp\/v2\/product"}],"about":[{"href":"https:\/\/deep-space-astronomy.ch\/de\/wp-json\/wp\/v2\/types\/product"}],"replies":[{"embeddable":true,"href":"https:\/\/deep-space-astronomy.ch\/de\/wp-json\/wp\/v2\/comments?post=1278"}],"wp:featuredmedia":[{"embeddable":true,"href":"https:\/\/deep-space-astronomy.ch\/de\/wp-json\/wp\/v2\/media\/6765"}],"wp:attachment":[{"href":"https:\/\/deep-space-astronomy.ch\/de\/wp-json\/wp\/v2\/media?parent=1278"}],"wp:term":[{"taxonomy":"product_brand","embeddable":true,"href":"https:\/\/deep-space-astronomy.ch\/de\/wp-json\/wp\/v2\/product_brand?post=1278"},{"taxonomy":"product_cat","embeddable":true,"href":"https:\/\/deep-space-astronomy.ch\/de\/wp-json\/wp\/v2\/product_cat?post=1278"},{"taxonomy":"product_tag","embeddable":true,"href":"https:\/\/deep-space-astronomy.ch\/de\/wp-json\/wp\/v2\/product_tag?post=1278"}],"curies":[{"name":"wp","href":"https:\/\/api.w.org\/{rel}","templated":true}]}}