{"id":1285,"date":"2024-12-18T16:40:50","date_gmt":"2024-12-18T15:40:50","guid":{"rendered":"https:\/\/deep-space-astronomy.geekworkers.dev\/?post_type=product&#038;p=1285"},"modified":"2025-06-03T10:36:24","modified_gmt":"2025-06-03T08:36:24","slug":"reducteur-0-8x-apo120","status":"publish","type":"product","link":"https:\/\/deep-space-astronomy.ch\/de\/produkt\/reducteur-0-8x-apo120\/","title":{"rendered":"0.8x Reducer APO120"},"content":{"rendered":"<h3>Reduzierst\u00fcck 0,8x f\u00fcr Askar 120 APO<\/h3>\n<p>Der 0,8x Reducer f\u00fcr das Askar 120 APO ist ein hochwertiges Zubeh\u00f6r, das entwickelt wurde, um die Leistung Ihres Teleskops zu optimieren. Er reduziert das Brennweitenverh\u00e4ltnis des 120 APO von f\/7 auf f\/5,6, wodurch das Gesichtsfeld vergr\u00f6\u00dfert und die Belichtungszeiten verk\u00fcrzt werden. Perfekt, um gro\u00dfe Teile des Himmels wie ausgedehnte Nebel, Sternhaufen und andere sich schnell bewegende Himmelsobjekte einzufangen.<\/p>\n<h3>Eigenschaften des 0,8-fachen Reduktionsmittels<\/h3>\n<ul>\n<li><strong>Brennweite nach der Installation :<\/strong> 672 mm<\/li>\n<li><strong>Fokusbericht :<\/strong> f\/5,6<\/li>\n<li><strong>Anzahl der Linsen :<\/strong> Triplet-Design, f\u00fcr gestochen scharfe Bilder<\/li>\n<li><strong>Back focus :<\/strong> 55 mm ab Basis des M48-Au\u00dfengewindes<\/li>\n<li><strong>Gewicht :<\/strong> 0,75 kg, bietet eine erh\u00f6hte Stabilit\u00e4t<\/li>\n<li><strong>Hinterer Gewindetyp :<\/strong> M68\u00d71, M54\u00d70,75 und M48\u00d70,75 mit internem Filtergewinde 2\".<\/li>\n<li><strong>Vorderes Gewinde :<\/strong> M84\u00d71, garantiert eine sichere Befestigung am Teleskop<\/li>\n<\/ul>\n<h3>Installation des Getriebes 0,8x<\/h3>\n<p>Die Installation ist schnell und einfach und gew\u00e4hrleistet eine effektive Einrichtung. Sie gehen wie folgt vor:<\/p>\n<ol>\n<li><strong>Entfernen Sie vorhandene Adapter :<\/strong> Schrauben Sie den 2\"-Adapter und den 1,25\"-Adapter vom Okularhalter Ihres Askar 120 APO ab.<\/li>\n<li><strong>Bereiten Sie das Getriebe vor :<\/strong> Entfernen Sie die Staubschutzkappe vom Zubeh\u00f6r und legen Sie dabei das Gewinde frei.<\/li>\n<li><strong>Befestigen Sie das Getriebe :<\/strong> Schrauben Sie das 0,8-fache Reduzierst\u00fcck mit den verf\u00fcgbaren Gewinden (M68\u00d71, M54\u00d70,75 oder M48\u00d70,75 je nach Bedarf) in das Teleskop.<\/li>\n<\/ol>\n<p>Dieser 0,8-fache Reducer ist CNC-gefertigt und verf\u00fcgt an beiden Enden \u00fcber Metallkappen mit Gewinde, die einen optimalen Schutz vor Staub bieten, wenn die Kamera nicht verwendet wird. Es handelt sich um ein ideales Zubeh\u00f6r f\u00fcr Astrofotografen, die auf der Suche nach Details und Schnelligkeit sind.<\/p>","protected":false},"excerpt":{"rendered":"<p>R\u00e9ducteur 0,8x pour Askar 120 APO Le r\u00e9ducteur 0,8x pour l\u2019Askar 120 APO est un accessoire de qualit\u00e9, con\u00e7u pour optimiser les performances de votre t\u00e9lescope. Il permet de r\u00e9duire le rapport focal du 120 APO de f\/7 \u00e0 f\/5,6, augmentant le champ de vision et r\u00e9duisant les temps d\u2019exposition. Parfait pour capturer de larges [&hellip;]<\/p>\n","protected":false},"featured_media":6757,"comment_status":"open","ping_status":"closed","template":"","meta":[],"product_brand":[382],"product_cat":[650],"product_tag":[],"class_list":{"0":"post-1285","1":"product","2":"type-product","3":"status-publish","4":"has-post-thumbnail","6":"product_brand-askar","7":"product_cat-rducteurs-correcteurs-ap","9":"first","10":"on_supplier","11":"taxable","12":"shipping-taxable","13":"purchasable","14":"product-type-simple"},"_links":{"self":[{"href":"https:\/\/deep-space-astronomy.ch\/de\/wp-json\/wp\/v2\/product\/1285","targetHints":{"allow":["GET"]}}],"collection":[{"href":"https:\/\/deep-space-astronomy.ch\/de\/wp-json\/wp\/v2\/product"}],"about":[{"href":"https:\/\/deep-space-astronomy.ch\/de\/wp-json\/wp\/v2\/types\/product"}],"replies":[{"embeddable":true,"href":"https:\/\/deep-space-astronomy.ch\/de\/wp-json\/wp\/v2\/comments?post=1285"}],"wp:featuredmedia":[{"embeddable":true,"href":"https:\/\/deep-space-astronomy.ch\/de\/wp-json\/wp\/v2\/media\/6757"}],"wp:attachment":[{"href":"https:\/\/deep-space-astronomy.ch\/de\/wp-json\/wp\/v2\/media?parent=1285"}],"wp:term":[{"taxonomy":"product_brand","embeddable":true,"href":"https:\/\/deep-space-astronomy.ch\/de\/wp-json\/wp\/v2\/product_brand?post=1285"},{"taxonomy":"product_cat","embeddable":true,"href":"https:\/\/deep-space-astronomy.ch\/de\/wp-json\/wp\/v2\/product_cat?post=1285"},{"taxonomy":"product_tag","embeddable":true,"href":"https:\/\/deep-space-astronomy.ch\/de\/wp-json\/wp\/v2\/product_tag?post=1285"}],"curies":[{"name":"wp","href":"https:\/\/api.w.org\/{rel}","templated":true}]}}