{"id":12868,"date":"2026-01-02T15:00:21","date_gmt":"2026-01-02T14:00:21","guid":{"rendered":"https:\/\/deep-space-astronomy.ch\/?post_type=product&#038;p=12868"},"modified":"2026-01-02T15:13:45","modified_gmt":"2026-01-02T14:13:45","slug":"wandererbox-pro-v3","status":"publish","type":"product","link":"https:\/\/deep-space-astronomy.ch\/de\/produkt\/wandererbox-pro-v3\/","title":{"rendered":"WandererBox Pro V3"},"content":{"rendered":"<h3 style=\"text-align: center;\">WandererBox Pro V3 - PowerBox &amp; USB-Hub f\u00fcr Astro-Setup<\/h3>\n<p><img decoding=\"async\" src=\"https:\/\/28647633.s21i.faiusr.com\/2\/ABUIABACGAAgvtWFqQYo3rablAcwtA842go.jpg.webp\" \/><\/p>\n<p>Die <strong>WandererBox Pro V3<\/strong> ist eine All-in-One-L\u00f6sung, die entwickelt wurde, um die Stromversorgung Ihres Astrofotografie-Setsups zu vereinfachen und zu sichern: <strong>DC-Multiport-Verteilung<\/strong>, <strong>USB-Hub<\/strong>, <strong>Ansteuerung von Heizwiderst\u00e4nden<\/strong> und <strong>Bedingungsmessung<\/strong> (Temperatur \/ Luftfeuchtigkeit), und das alles mit einer f\u00fcr die Automatisierung gedachten Steuerungsschnittstelle.<\/p>\n<h3>Stromversorgung: 10 DC-Ausg\u00e4nge, um das gesamte Observatorium abzudecken<\/h3>\n<ul>\n<li><strong>1\u00d7 19V \/ 6A Ausgang (DC5525)<\/strong> : Dediziert f\u00fcr Mini-PCs (bis zu 120W+ in der Spitze). Getestet unter Volllast auf Intel NUC 7 i7 und NUC 8 i7 (universelle Kompatibilit\u00e4t nicht garantiert).<\/li>\n<li><strong>2\u00d7 geregelte Ausg\u00e4nge 5 bis 13,2V \/ 5A (DC5521)<\/strong> : Spannung <strong>verstellbar<\/strong> und <strong>umschaltbar ON\/OFF<\/strong> (die beiden Ports teilen sich einen maximalen Gesamtstrom von 5A).<\/li>\n<li><strong>3\u00d7 Ausg\u00e4nge \u201cDew heater\u201d (DC5521)<\/strong> : <strong>unabh\u00e4ngige Kontrolle<\/strong>, Sie k\u00f6nnen das Ger\u00e4t auch zur Leistungssteuerung (PWM) oder als einfachen Schalter verwenden.<\/li>\n<li><strong>4\u00d7 umschaltbare 12V-Ausg\u00e4nge (DC5521)<\/strong> : 2 Gruppen (2 Anschl\u00fcsse pro Gruppe), jede Gruppe teilt sich <strong>8A max<\/strong>, Die Lichtintensit\u00e4t kann zwischen ON und OFF umgeschaltet werden.<\/li>\n<li><strong>1\u00d7 12V \u201calways-on\u201d Ausgang (DC5525)<\/strong> : direkt mit dem Eingang verbunden, <strong>10A max<\/strong>.<\/li>\n<\/ul>\n<p>Mit einem <strong>maximaler Eingangsstrom von 18A<\/strong>, Die Pro V3 ist auf anspruchsvolle Konfigurationen zugeschnitten: gek\u00fchlte Kamera, Montierung, Fokussierer, Widerst\u00e4nde, Zubeh\u00f6r ... und sogar ein Mini-PC f\u00fcr den Einsatz vor Ort oder als Remote.<\/p>\n<h3>Integrierter USB-Hub: 3\u00d7 USB 3.1 + 6\u00d7 USB 2.0 (alle umschaltbar)<\/h3>\n<ul>\n<li><strong>3\u00d7 USB 3.1<\/strong> : gedacht f\u00fcr Kameras, die einen hohen Datendurchsatz ben\u00f6tigen, <strong>ON\/OFF einzeln<\/strong>.<\/li>\n<li><strong>6\u00d7 USB 2.0<\/strong> : f\u00fcr Reittiere, Motorisierungen, Zubeh\u00f6r (2 Gruppen von 3, <strong>ON\/OFF pro Gruppe<\/strong>).<\/li>\n<li><strong>Gemeinsame USB-Stromversorgung: 5V \/ 6A<\/strong> (kann auch einen \u201cUSB dew heater\u201d versorgen).<\/li>\n<\/ul>\n<h3>Intelligentes Beschlagsmanagement + Sensoren inklusive<\/h3>\n<p><img decoding=\"async\" src=\"https:\/\/28647633.s21i.faiusr.com\/4\/ABUIABAEGAAgn8iqugYo2uSv-QYw5Ao47QU.png.webp\" \/><\/p>\n<p>Die WandererBox Pro V3 wird mit den notwendigen Sensoren geliefert (ohne zus\u00e4tzlichen Kauf) : <strong>1\u00d7 DHT22-Sensor (Temperatur &amp; Luftfeuchtigkeit)<\/strong> und <strong>3\u00d7 Temperaturf\u00fchler<\/strong>.<\/p>\n<ul>\n<li><strong>Manueller Modus<\/strong> : PWM-Duty-Cycle-Einstellung (0-255), um die Leistung anzupassen.<\/li>\n<li><strong>Konstanter Temperaturmodus<\/strong> : Aufrechterhaltung einer Zieltemperatur.<\/li>\n<li><strong>Modus \u201cAbweichung vom Taupunkt\u201d<\/strong> : Aufrechterhaltung einer Temperatur \u00fcber dem Dew Point, um Energie zu sparen<br \/>\nund die \u00dcberhitzung der Widerst\u00e4nde begrenzen (Erhaltung der Bildqualit\u00e4t).<\/li>\n<\/ul>\n<h3>Stabilit\u00e4t, \u00dcberwachung und Schutz (remote gedacht)<\/h3>\n<ul>\n<li><strong>Monitoring<\/strong> : Eingangsspannung \/ -strom + Ausgangsstrom 19V und 5-13,2V (Richtwerte).<\/li>\n<li><strong>Schutzma\u00dfnahmen<\/strong> : \u00dcberspannung, Kurzschluss, \u00dcberstrom, Elektrostatik.<\/li>\n<li><strong>Intelligente K\u00fchlung<\/strong> : leiser Ventilator mit Magnetschwebetechnik, automatischer Start<br \/>\nnur bei hoher Belastung (19 V oder Regler 5-13,2 V), um die F\u00fchrung nicht zu st\u00f6ren.<\/li>\n<li><strong>Konzeption gro\u00dfe K\u00e4lte<\/strong> : angek\u00fcndigter Betrieb bis zu <strong>-25\u00b0C<\/strong>.<\/li>\n<\/ul>\n<h3>Mechanische Montage &amp; Integration<\/h3>\n<ul>\n<li><strong>Gewindel\u00f6cher M6 und M4<\/strong> auf der Basis zur Befestigung an einer Platte\/Struktur.<\/li>\n<li>Kompatibilit\u00e4t mit typischen Befestigungss\u00e4tzen <strong>Vixen<\/strong> \/ <strong>Losmandy<\/strong> (als Zubeh\u00f6r).<\/li>\n<li><strong>Indikatoren<\/strong> 19V \/ 12V \/ 5V f\u00fcr eine schnelle Diagnose vor Ort.<\/li>\n<\/ul>\n<h3>Zusammenfassung<\/h3>\n<p>Wenn Sie eine PowerBox suchen, die eine komplette Konfiguration (einschlie\u00dflich Mini-PCs) mit Strom versorgen kann und gleichzeitig USB, Antibeschlagmanagement und \u00dcberwachung zentralisiert, ist die <strong>WandererBox Pro V3<\/strong> ist eine robuste und stark auf Automatisierung\/Remote ausgerichtete L\u00f6sung.<\/p>\n<h3>Hauptmerkmale<\/h3>\n<table>\n<tbody>\n<tr>\n<td><strong>Modell<\/strong><\/td>\n<td>WandererBox Pro V3<\/td>\n<\/tr>\n<tr>\n<td><strong>SKU<\/strong><\/td>\n<td>WBX3-Pro<\/td>\n<\/tr>\n<tr>\n<td><strong>DC-Ausg\u00e4nge<\/strong><\/td>\n<td>10 Ports (19V, 5-13,2V reguliert, dew heater, 12V schaltbar, 12V always-on)<\/td>\n<\/tr>\n<tr>\n<td><strong>USB<\/strong><\/td>\n<td>3\u00d7 USB 3.1 + 6\u00d7 USB 2.0 (umschaltbar)<\/td>\n<\/tr>\n<tr>\n<td><strong>Sensoren enthalten<\/strong><\/td>\n<td>1\u00d7 DHT22 + 3\u00d7 Temperaturf\u00fchler<\/td>\n<\/tr>\n<tr>\n<td><strong>Max. Eingangsstrom<\/strong><\/td>\n<td>18A<\/td>\n<\/tr>\n<tr>\n<td><strong>Min. angek\u00fcndigte Temperatur<\/strong><\/td>\n<td>-25\u00b0C<\/td>\n<\/tr>\n<\/tbody>\n<\/table>\n<p>&nbsp;<\/p>\n<p><img decoding=\"async\" src=\"https:\/\/28647633.s21i.faiusr.com\/2\/ABUIABACGAAgkeyaqQYopPrnkgYw8wo4vgc.jpg.webp\" \/><\/p>","protected":false},"excerpt":{"rendered":"<p>WandererBox Pro V3 \u2013 PowerBox &amp; hub USB pour setup astro La WandererBox Pro V3 est une solution \u201ctout-en-un\u201d con\u00e7ue pour simplifier et s\u00e9curiser l\u2019alimentation de votre setup d\u2019astrophotographie : distribution DC multi-ports, hub USB, pilotage de r\u00e9sistances chauffantes et mesure de conditions (temp\u00e9rature \/ humidit\u00e9), le tout avec une interface de contr\u00f4le pens\u00e9e pour [&hellip;]<\/p>\n","protected":false},"featured_media":12869,"comment_status":"open","ping_status":"closed","template":"","meta":[],"product_brand":[839],"product_cat":[19,637,636,816,690],"product_tag":[],"class_list":{"0":"post-12868","1":"product","2":"type-product","3":"status-publish","4":"has-post-thumbnail","6":"product_brand-wanderer-astro","7":"product_cat-accessoires","8":"product_cat-alimentations","9":"product_cat-electroniques-batteries-et-alimentations","10":"product_cat-nouveautes","11":"product_cat-technologies-integrees-pour-telescopes","13":"first","14":"on_supplier","15":"taxable","16":"shipping-taxable","17":"purchasable","18":"product-type-simple"},"_links":{"self":[{"href":"https:\/\/deep-space-astronomy.ch\/de\/wp-json\/wp\/v2\/product\/12868","targetHints":{"allow":["GET"]}}],"collection":[{"href":"https:\/\/deep-space-astronomy.ch\/de\/wp-json\/wp\/v2\/product"}],"about":[{"href":"https:\/\/deep-space-astronomy.ch\/de\/wp-json\/wp\/v2\/types\/product"}],"replies":[{"embeddable":true,"href":"https:\/\/deep-space-astronomy.ch\/de\/wp-json\/wp\/v2\/comments?post=12868"}],"wp:featuredmedia":[{"embeddable":true,"href":"https:\/\/deep-space-astronomy.ch\/de\/wp-json\/wp\/v2\/media\/12869"}],"wp:attachment":[{"href":"https:\/\/deep-space-astronomy.ch\/de\/wp-json\/wp\/v2\/media?parent=12868"}],"wp:term":[{"taxonomy":"product_brand","embeddable":true,"href":"https:\/\/deep-space-astronomy.ch\/de\/wp-json\/wp\/v2\/product_brand?post=12868"},{"taxonomy":"product_cat","embeddable":true,"href":"https:\/\/deep-space-astronomy.ch\/de\/wp-json\/wp\/v2\/product_cat?post=12868"},{"taxonomy":"product_tag","embeddable":true,"href":"https:\/\/deep-space-astronomy.ch\/de\/wp-json\/wp\/v2\/product_tag?post=12868"}],"curies":[{"name":"wp","href":"https:\/\/api.w.org\/{rel}","templated":true}]}}