{"id":1288,"date":"2024-12-18T16:43:57","date_gmt":"2024-12-18T15:43:57","guid":{"rendered":"https:\/\/deep-space-astronomy.geekworkers.dev\/?post_type=product&#038;p=1288"},"modified":"2025-06-03T10:36:24","modified_gmt":"2025-06-03T08:36:24","slug":"reducteur-full-frame-61edphiii-f-4-4","status":"publish","type":"product","link":"https:\/\/deep-space-astronomy.ch\/de\/produkt\/reducteur-full-frame-61edphiii-f-4-4\/","title":{"rendered":"Reducer Full-Frame 61EDPHIII f\/4.4"},"content":{"rendered":"<h3>Vollformat-Reduzierer 61EDPHIII f\/4.4 Sharpstar<\/h3>\n<p>Der Vollbildreduzierer 61EDPHIII 1:4,4 wurde speziell f\u00fcr die Verwendung mit dem Sharpstar 61EDPHIII-Teleskop entwickelt. Dieses Zubeh\u00f6r bietet eine Brennweitenreduzierung bei gleichzeitiger Gew\u00e4hrleistung einer Vollbildabdeckung, was ideal f\u00fcr die Deep-Sky-Astrofotografie ist.<\/p>\n<h3>Kompatibilit\u00e4t und Anwendung<\/h3>\n<p>Dieser Reducer ist perfekt auf das Modell 61EDPHIII abgestimmt und erm\u00f6glicht eine Reduzierung des Brennweitenverh\u00e4ltnisses auf 1:4,4 und der Brennweite auf 270 mm. Dabei bleibt die optimale Bildfeldabdeckung mit einem Bildkreis von 44 mm erhalten, der ideal f\u00fcr Vollformatsensoren ist.<\/p>\n<h3>Technische Eigenschaften und Vorteile<\/h3>\n<ul>\n<li><strong>Anwendung :<\/strong> Sharpstar 61EDPHIII<\/li>\n<li><strong>Fokusbericht :<\/strong> f\/4.4<\/li>\n<li><strong>Bildkreis :<\/strong> 44 mm, ideal f\u00fcr Vollformatsensoren<\/li>\n<li><strong>Linsendesign :<\/strong> Quadrupel mit durch Luft beabstandeter Struktur<\/li>\n<li><strong>Back-focus :<\/strong> 55 mm (erweiterbar auf 75 mm mit dem M54-Adapter)<\/li>\n<li><strong>Verkleidung :<\/strong> Multilayer auf der gesamten Oberfl\u00e4che f\u00fcr eine optimale \u00dcbertragung<\/li>\n<li><strong>Gewicht :<\/strong> 0.4 kg<\/li>\n<\/ul>\n<h3>Gewinde und Kompatibilit\u00e4t mit Zubeh\u00f6r<\/h3>\n<p>Dieser Reduzierer ist auf einer Seite mit einem M68x1-Gewinde ausgestattet, um mit dem Okularhalter des Teleskops verbunden zu werden, w\u00e4hrend das andere Ende ein M48x0,75-Gewinde mit einem integrierten Gewinde f\u00fcr 2-Zoll-Filter aufweist. Dieses Design erm\u00f6glicht den einfachen Anschluss an eine Vielzahl von Kameras und Zubeh\u00f6rteilen und bietet Astrofotografen somit eine gro\u00dfe Vielseitigkeit.<\/p>\n<p>Alles in allem ist der Sharpstar 61EDPHIII 1:4,4 Vollformatreduzierer eine unverzichtbare Wahl f\u00fcr ernsthafte Astrofotografen, die das 61EDPHIII-Teleskop verwenden, und bietet hochwertige Bildgebung mit einer f\u00fcr Vollformatsensoren optimierten Konfiguration. Es garantiert scharfe, vignettierungsfreie Bilder, die ideal sind, um Deep-Sky-Objekte pr\u00e4zise einzufangen.<\/p>","protected":false},"excerpt":{"rendered":"<p>R\u00e9ducteur plein cadre 61EDPHIII f\/4.4 Sharpstar Le r\u00e9ducteur plein cadre 61EDPHIII f\/4.4 est sp\u00e9cialement con\u00e7u pour \u00eatre utilis\u00e9 avec le t\u00e9lescope 61EDPHIII de Sharpstar. Cet accessoire offre une r\u00e9duction de focale tout en garantissant une couverture plein cadre, ce qui est id\u00e9al pour l\u2019astrophotographie du ciel profond. Compatibilit\u00e9 et Application Ce r\u00e9ducteur est parfaitement adapt\u00e9 [&hellip;]<\/p>\n","protected":false},"featured_media":6950,"comment_status":"open","ping_status":"closed","template":"","meta":[],"product_brand":[386],"product_cat":[650],"product_tag":[],"class_list":{"0":"post-1288","1":"product","2":"type-product","3":"status-publish","4":"has-post-thumbnail","6":"product_brand-sharpstar","7":"product_cat-rducteurs-correcteurs-ap","9":"first","10":"on_supplier","11":"taxable","12":"shipping-taxable","13":"purchasable","14":"product-type-simple"},"_links":{"self":[{"href":"https:\/\/deep-space-astronomy.ch\/de\/wp-json\/wp\/v2\/product\/1288","targetHints":{"allow":["GET"]}}],"collection":[{"href":"https:\/\/deep-space-astronomy.ch\/de\/wp-json\/wp\/v2\/product"}],"about":[{"href":"https:\/\/deep-space-astronomy.ch\/de\/wp-json\/wp\/v2\/types\/product"}],"replies":[{"embeddable":true,"href":"https:\/\/deep-space-astronomy.ch\/de\/wp-json\/wp\/v2\/comments?post=1288"}],"wp:featuredmedia":[{"embeddable":true,"href":"https:\/\/deep-space-astronomy.ch\/de\/wp-json\/wp\/v2\/media\/6950"}],"wp:attachment":[{"href":"https:\/\/deep-space-astronomy.ch\/de\/wp-json\/wp\/v2\/media?parent=1288"}],"wp:term":[{"taxonomy":"product_brand","embeddable":true,"href":"https:\/\/deep-space-astronomy.ch\/de\/wp-json\/wp\/v2\/product_brand?post=1288"},{"taxonomy":"product_cat","embeddable":true,"href":"https:\/\/deep-space-astronomy.ch\/de\/wp-json\/wp\/v2\/product_cat?post=1288"},{"taxonomy":"product_tag","embeddable":true,"href":"https:\/\/deep-space-astronomy.ch\/de\/wp-json\/wp\/v2\/product_tag?post=1288"}],"curies":[{"name":"wp","href":"https:\/\/api.w.org\/{rel}","templated":true}]}}