{"id":1289,"date":"2024-12-18T16:45:02","date_gmt":"2024-12-18T15:45:02","guid":{"rendered":"https:\/\/deep-space-astronomy.geekworkers.dev\/?post_type=product&#038;p=1289"},"modified":"2025-06-03T10:36:24","modified_gmt":"2025-06-03T08:36:24","slug":"reducteur-0-84x-50-edph","status":"publish","type":"product","link":"https:\/\/deep-space-astronomy.ch\/de\/produkt\/reducteur-0-84x-50-edph\/","title":{"rendered":"Reduzierst\u00fcck 0.84x 50 EDPH"},"content":{"rendered":"<h3>Reducer 0.84\u00d7 Sharpstar f\u00fcr 50EDPH<\/h3>\n<p>Der Sharpstar 0.84\u00d7 Reducer wurde speziell f\u00fcr das Sharpstar 50EDPH-Teleskop entwickelt und bietet dem Benutzer eine Brennweitenreduzierung bei gleichzeitiger Abflachung des Feldes. Dieser Reducer verbessert die Abbildungsleistung des Teleskops erheblich, da er einen gr\u00f6\u00dferen Blickwinkel und k\u00fcrzere Belichtungszeiten erm\u00f6glicht. Dies macht das Teleskop zu einer ausgezeichneten Wahl f\u00fcr Astrofotografen, die gro\u00dfe Bereiche von Nebeln, Sternhaufen und schnellen, lichtschwachen Himmelsobjekten einfangen m\u00f6chten.<\/p>\n<h3>Kompatibilit\u00e4t und Anwendung<\/h3>\n<p>Durch die Reduzierung des Brennweitenverh\u00e4ltnisses auf f\/4,6 erm\u00f6glicht dieser Reducer die Aufnahme von Bildern mit einem gr\u00f6\u00dferen Sichtfeld. Da er f\u00fcr eine APS-C-Abdeckung optimiert ist, eignet er sich perfekt f\u00fcr Sensoren dieser Gr\u00f6\u00dfe und garantiert scharfe, runde Sterne auf der gesamten Bildfl\u00e4che.<\/p>\n<h3>Technische Eigenschaften und Vorteile<\/h3>\n<ul>\n<li><strong>Anwendung :<\/strong> Sharpstar 50EDPH<\/li>\n<li><strong>Fokusbericht :<\/strong> Reduziert auf f\/4.6<\/li>\n<li><strong>Linsendesign :<\/strong> Quadruplet, f\u00fcr eine effektive Abflachung des Feldes<\/li>\n<li><strong>Back-focus :<\/strong> 55 mm (ab Gewinde M48)<\/li>\n<li><strong>Eingangsgewinde :<\/strong> M42x1 f\u00fcr das Teleskop<\/li>\n<li><strong>Austrittsgewinde :<\/strong> M48x0,75 f\u00fcr die Kamera<\/li>\n<li><strong>Filtergewinde :<\/strong> Integriert f\u00fcr 2-Zoll-Filter<\/li>\n<li><strong>Gewicht :<\/strong> 0.24 kg<\/li>\n<\/ul>\n<h3>Fertigungsqualit\u00e4t und Praktisches Design<\/h3>\n<p>Das vollst\u00e4ndig CNC-gefr\u00e4ste 0,84\u00d7-Getriebe ist auf optimale Haltbarkeit ausgelegt und verf\u00fcgt \u00fcber Metallkappen an jedem Ende, um es zu sch\u00fctzen, wenn es nicht in Gebrauch ist. Dank seines kompakten und leichten Designs (0,24 kg) ist es bequem zu transportieren und zu installieren und bietet so Flexibilit\u00e4t f\u00fcr Nutzer, die viel unterwegs sind.<\/p>\n<p>Zusammenfassend l\u00e4sst sich sagen, dass der 0,84\u00d7 Reducer f\u00fcr Sharpstar 50EDPH das ideale Zubeh\u00f6r f\u00fcr Astrofotografen ist, die das 50EDPH verwenden. Er erh\u00f6ht die Abbildungsleistung des Teleskops und erm\u00f6glicht sch\u00e4rfere und hellere Fotos in einem gr\u00f6\u00dferen Feld.<\/p>","protected":false},"excerpt":{"rendered":"<p>R\u00e9ducteur 0.84\u00d7 Sharpstar pour 50EDPH Le r\u00e9ducteur 0.84\u00d7 Sharpstar est con\u00e7u sp\u00e9cifiquement pour le t\u00e9lescope 50EDPH de Sharpstar, offrant aux utilisateurs une r\u00e9duction de focale tout en aplanissant le champ. Ce r\u00e9ducteur am\u00e9liore consid\u00e9rablement la capacit\u00e9 d\u2019imagerie du t\u00e9lescope en permettant une vue plus large et des temps d\u2019exposition plus courts, ce qui en fait [&hellip;]<\/p>\n","protected":false},"featured_media":6949,"comment_status":"open","ping_status":"closed","template":"","meta":[],"product_brand":[386],"product_cat":[650],"product_tag":[],"class_list":{"0":"post-1289","1":"product","2":"type-product","3":"status-publish","4":"has-post-thumbnail","6":"product_brand-sharpstar","7":"product_cat-rducteurs-correcteurs-ap","9":"first","10":"on_supplier","11":"taxable","12":"shipping-taxable","13":"purchasable","14":"product-type-simple"},"_links":{"self":[{"href":"https:\/\/deep-space-astronomy.ch\/de\/wp-json\/wp\/v2\/product\/1289","targetHints":{"allow":["GET"]}}],"collection":[{"href":"https:\/\/deep-space-astronomy.ch\/de\/wp-json\/wp\/v2\/product"}],"about":[{"href":"https:\/\/deep-space-astronomy.ch\/de\/wp-json\/wp\/v2\/types\/product"}],"replies":[{"embeddable":true,"href":"https:\/\/deep-space-astronomy.ch\/de\/wp-json\/wp\/v2\/comments?post=1289"}],"wp:featuredmedia":[{"embeddable":true,"href":"https:\/\/deep-space-astronomy.ch\/de\/wp-json\/wp\/v2\/media\/6949"}],"wp:attachment":[{"href":"https:\/\/deep-space-astronomy.ch\/de\/wp-json\/wp\/v2\/media?parent=1289"}],"wp:term":[{"taxonomy":"product_brand","embeddable":true,"href":"https:\/\/deep-space-astronomy.ch\/de\/wp-json\/wp\/v2\/product_brand?post=1289"},{"taxonomy":"product_cat","embeddable":true,"href":"https:\/\/deep-space-astronomy.ch\/de\/wp-json\/wp\/v2\/product_cat?post=1289"},{"taxonomy":"product_tag","embeddable":true,"href":"https:\/\/deep-space-astronomy.ch\/de\/wp-json\/wp\/v2\/product_tag?post=1289"}],"curies":[{"name":"wp","href":"https:\/\/api.w.org\/{rel}","templated":true}]}}