{"id":1290,"date":"2024-12-18T16:50:54","date_gmt":"2024-12-18T15:50:54","guid":{"rendered":"https:\/\/deep-space-astronomy.geekworkers.dev\/?post_type=product&#038;p=1290"},"modified":"2025-06-03T10:36:24","modified_gmt":"2025-06-03T08:36:24","slug":"aplanisseurs-de-champs-pour-la-103apo","status":"publish","type":"product","link":"https:\/\/deep-space-astronomy.ch\/de\/produkt\/aplanisseurs-de-champs-pour-la-103apo\/","title":{"rendered":"Feldplaner f\u00fcr die 103APO"},"content":{"rendered":"<h3>Flattener 1.0x f\u00fcr das Askar 103APO Teleskop<\/h3>\n<p>Der 1,0x Flattener ist ein Premium-Zubeh\u00f6r, das speziell zur Optimierung der Leistung des Askar 103APO Teleskops entwickelt wurde, indem es die Brennweite von 700,4 mm und das Brennweitenverh\u00e4ltnis von f\/6,8 beibeh\u00e4lt. Er ist ideal f\u00fcr die Astrofotografie, da er die Feldkr\u00fcmmung und die Koma korrigiert, wodurch flachere Feldr\u00e4nder und feinere Sterne erzielt werden, wodurch die Gesamtqualit\u00e4t der aufgenommenen Bilder verbessert wird.<\/p>\n<h3>Hauptmerkmale<\/h3>\n<ul>\n<li><strong>Design :<\/strong> Dieser Flattener verwendet ein Triplet-Design und bietet ein unterst\u00fctztes Bildfeld von 44 mm, das ideal f\u00fcr Vollformatsensoren ist. Diese Konfiguration tr\u00e4gt zu einer besseren Sch\u00e4rfe und Gleichm\u00e4\u00dfigkeit des Bildes bei.<\/li>\n<li><strong>Gewicht und Abmessungen :<\/strong><\/li>\n<ul>\n<li><strong>Gewicht :<\/strong> 0,58 kg<\/li>\n<li><strong>Durchmesser :<\/strong> 88 mm<\/li>\n<li><strong>Gesamtl\u00e4nge :<\/strong> 71,7 mm<\/li>\n<li>Es ist leicht genug, um das Teleskop nicht aus dem Gleichgewicht zu bringen, und dennoch robust.<\/li>\n<\/ul>\n<li><strong>Back Focus :<\/strong><\/li>\n<ul>\n<li>Standardisierte Back-Fokus-Entfernung von 55 mm, gemessen von der Basis des M48-Au\u00dfengewindes. Dieser pr\u00e4zise Backfokus ist entscheidend f\u00fcr optimale optische Einstellungen, insbesondere bei der Verwendung von Astrofotografie-Kameras.<\/li>\n<\/ul>\n<li><strong>Kompatibilit\u00e4t und Verbindungen :<\/strong><\/li>\n<ul>\n<li><strong>Vorderes Gewinde :<\/strong> M84\u00d71<\/li>\n<li><strong>Hinteres Gewinde :<\/strong> M54\u00d70,75 und M48\u00d70,75, mit einem 2-Zoll-Filtergewinde (M48\u00d70,75 integriert).<\/li>\n<li>Dieser Flattener ist mit zwei Adaptern (M54\u00d70,75 und M48\u00d70,75) ausgestattet, um die Flexibilit\u00e4t bei der Verbindung mit verschiedenen Kameras zu erh\u00f6hen.<\/li>\n<\/ul>\n<li><strong>Schutz :<\/strong><\/li>\n<ul>\n<li>Er wird durch CNC-Bearbeitung hergestellt und verf\u00fcgt auf beiden Seiten \u00fcber Metallkappen mit Gewinde, die das Gewinde und die optischen Oberfl\u00e4chen vor Staub und Kratzern sch\u00fctzen, wenn der Flattener nicht benutzt wird.<\/li>\n<\/ul>\n<\/ul>\n<h3>Weiteres Zubeh\u00f6r f\u00fcr den Askar 103APO<\/h3>\n<p>Die Askar 103APO bietet drei hochwertige Zubeh\u00f6rteile, die jeweils spezifische Optionen f\u00fcr verschiedene Anwendungen bieten:<\/p>\n<ul>\n<li><strong>Flattener 1.0x<\/strong> (hier abgebildet): Optimiert die Leistung f\u00fcr den Standardgebrauch mit Feldkorrektur.<\/li>\n<li><strong>Reduzierst\u00fcck 0.8x<\/strong> : Verringert das Seitenverh\u00e4ltnis f\u00fcr ein breiteres Feld.<\/li>\n<li><strong>Reduktionsmittel 0.6x<\/strong> : Bietet eine noch st\u00e4rkere Verkleinerung, um ausgedehnte Szenen einzufangen.<\/li>\n<\/ul>\n<p>Dieser 1.0x Flattener ist daher ein vielseitiges und wichtiges Werkzeug f\u00fcr Astrofotografen, die die M\u00f6glichkeiten ihres Askar 103APO Teleskops voll aussch\u00f6pfen wollen, und garantiert ein perfekt korrigiertes Bild, das den Anforderungen der astronomischen Fotografie entspricht.<\/p>","protected":false},"excerpt":{"rendered":"<p>Flattener 1.0x pour le t\u00e9lescope Askar 103APO Le flattener 1.0x est un accessoire premium con\u00e7u sp\u00e9cialement pour optimiser les performances du t\u00e9lescope Askar 103APO, en maintenant une longueur focale de 700,4 mm et un rapport focal de f\/6,8. Il est id\u00e9al pour l\u2019astrophotographie, en corrigeant la courbure de champ et la coma, ce qui permet [&hellip;]<\/p>\n","protected":false},"featured_media":5264,"comment_status":"open","ping_status":"closed","template":"","meta":[],"product_brand":[382],"product_cat":[19,650,575],"product_tag":[],"class_list":{"0":"post-1290","1":"product","2":"type-product","3":"status-publish","4":"has-post-thumbnail","6":"product_brand-askar","7":"product_cat-accessoires","8":"product_cat-rducteurs-correcteurs-ap","9":"product_cat-astrophotographie","11":"first","12":"on_supplier","13":"taxable","14":"shipping-taxable","15":"purchasable","16":"product-type-simple"},"_links":{"self":[{"href":"https:\/\/deep-space-astronomy.ch\/de\/wp-json\/wp\/v2\/product\/1290","targetHints":{"allow":["GET"]}}],"collection":[{"href":"https:\/\/deep-space-astronomy.ch\/de\/wp-json\/wp\/v2\/product"}],"about":[{"href":"https:\/\/deep-space-astronomy.ch\/de\/wp-json\/wp\/v2\/types\/product"}],"replies":[{"embeddable":true,"href":"https:\/\/deep-space-astronomy.ch\/de\/wp-json\/wp\/v2\/comments?post=1290"}],"wp:featuredmedia":[{"embeddable":true,"href":"https:\/\/deep-space-astronomy.ch\/de\/wp-json\/wp\/v2\/media\/5264"}],"wp:attachment":[{"href":"https:\/\/deep-space-astronomy.ch\/de\/wp-json\/wp\/v2\/media?parent=1290"}],"wp:term":[{"taxonomy":"product_brand","embeddable":true,"href":"https:\/\/deep-space-astronomy.ch\/de\/wp-json\/wp\/v2\/product_brand?post=1290"},{"taxonomy":"product_cat","embeddable":true,"href":"https:\/\/deep-space-astronomy.ch\/de\/wp-json\/wp\/v2\/product_cat?post=1290"},{"taxonomy":"product_tag","embeddable":true,"href":"https:\/\/deep-space-astronomy.ch\/de\/wp-json\/wp\/v2\/product_tag?post=1290"}],"curies":[{"name":"wp","href":"https:\/\/api.w.org\/{rel}","templated":true}]}}