{"id":12908,"date":"2026-01-06T17:51:59","date_gmt":"2026-01-06T16:51:59","guid":{"rendered":"https:\/\/deep-space-astronomy.ch\/?post_type=product&#038;p=12908"},"modified":"2026-03-29T17:40:24","modified_gmt":"2026-03-29T15:40:24","slug":"bande-chauffante-pour-objectif-anti-buee-pour-astrophotographie-avec-controleur","status":"publish","type":"product","link":"https:\/\/deep-space-astronomy.ch\/de\/produkt\/bande-chauffante-pour-objectif-anti-buee-pour-astrophotographie-avec-controleur\/","title":{"rendered":"Heizstreifen f\u00fcr Objektiv \/ Antibeschlag f\u00fcr Astrofotografie (mit Controller)"},"content":{"rendered":"<h3>USB-Antibeschlag-Linsenw\u00e4rmer (5V) f\u00fcr Fotoobjektive<\/h3>\n<p>Dieser Linsenw\u00e4rmer wurde entwickelt, um Ihr Kameraobjektiv vor dem Beschlagen zu sch\u00fctzen und es w\u00e4hrend Ihrer Fotosessions, insbesondere bei der Astrofotografie, trocken zu halten. Er wird um das Objektiv herum befestigt und gibt eine gleichm\u00e4\u00dfige W\u00e4rme ab, um die Kondensation zu begrenzen.<\/p>\n<h3>Urspr\u00fcngliche Geschichte<\/h3>\n<p><strong>Geboren aus Ihrem Heizbedarf f\u00fcr Astro.<\/strong> Wir haben geh\u00f6rt, dass viele von Ihnen nach Heizl\u00f6sungen suchen (z. B. Heizkissen zum Sitzen oder andere Heizsysteme, die speziell f\u00fcr die Astronomie bestimmt sind). Teilen Sie uns einfach Ihre Bed\u00fcrfnisse mit und wir werden passende L\u00f6sungen entwerfen.<\/p>\n<h3>Spezifikationen<\/h3>\n<ul>\n<li><strong>Ern\u00e4hrung :<\/strong> 5V<\/li>\n<li><strong>Anmelden:<\/strong> USB-A<\/li>\n<li><strong>Funktionsweise :<\/strong> ben\u00f6tigt f\u00fcr den Betrieb eine st\u00e4ndige Verbindung zu einer externen Batterie (Powerbank)<\/li>\n<li><strong>Material :<\/strong> Neopren (Material f\u00fcr Taucheranz\u00fcge)<\/li>\n<li><strong>L\u00e4nge :<\/strong> 42,5 cm (16,73\u2033)<\/li>\n<li><strong>Breite :<\/strong> 3,4 cm (1,33\u2033)<\/li>\n<li><strong>Heizdurchmesser :<\/strong> 9 cm (3,54\u2033)<\/li>\n<li><strong>Maximaler Durchmesser :<\/strong> 13,5 cm (5,31\u2033)<\/li>\n<li><strong>L\u00e4nge des USB-Stromkabels :<\/strong> 153 cm (60,23\u2033)<\/li>\n<li><strong>Kabell\u00e4nge des Temperaturreglers :<\/strong> 166 cm (60,35\u2033)<\/li>\n<li><strong>Heizbereich :<\/strong> 40\u00b0C bis 75\u00b0C (104\u00b0F bis 167\u00b0F)<\/li>\n<\/ul>\n<h3>Starke Punkte<\/h3>\n<ul>\n<li><strong>Kompatibel mit den meisten Objektiven auf dem Markt<\/strong><\/li>\n<li><strong>USB-Kabel<\/strong> f\u00fcr den einfachen Anschluss an eine Stromquelle (Powerbank etc.)<\/li>\n<li><strong>Klebendes Band<\/strong> die eine einfache Befestigung und Entfernung erm\u00f6glichen<\/li>\n<li><strong>Neopren Typ Taucheranzug<\/strong> : hilft, die W\u00e4rme l\u00e4nger zu halten<\/li>\n<\/ul>\n<h3>Darstellung in 3 Aspekten<\/h3>\n<h3>1) Das Material: Neopren<\/h3>\n<p>Das Hauptgewebe dieses Antibeschlagbands besteht aus <strong>Neopren<\/strong>, Neopren unterscheidet sich von gew\u00f6hnlichen Stoffen. Neopren ist wasserbest\u00e4ndig, hat eine gute chemische Stabilit\u00e4t und beh\u00e4lt seine Flexibilit\u00e4t \u00fcber einen breiten Temperaturbereich. Aufgrund seiner hervorragenden Haltbarkeit wird es u. a. f\u00fcr Laptop-H\u00fcllen, orthop\u00e4dische Schienen, Badeanz\u00fcge, Taucheranz\u00fcge und Kamerataschen verwendet.<\/p>\n<p>Nach dem Vergleich mit anderen Antibeschlagb\u00e4ndern haben wir festgestellt, dass dieses Material <strong>h\u00e4lt die W\u00e4rme gut zur\u00fcck<\/strong>, Dies kann zu einer energiesparenderen Nutzung beitragen.<\/p>\n<h3>2) Die Potenz<\/h3>\n<ul>\n<li><strong>Erh\u00f6ht :<\/strong> 7,5 W<\/li>\n<li><strong>Durchschnitt :<\/strong> 3,75 W<\/li>\n<li><strong>Niedrig :<\/strong> 1,85 W<\/li>\n<\/ul>\n<p>Kompatibel mit den meisten externen Akkus in <strong>5V<\/strong>. Sie k\u00f6nnen ihn mit einer handels\u00fcblichen Powerbank mit einem Ausgang <strong>5V<\/strong> \u00fcber einen Verbinder <strong>USB-A<\/strong>.<\/p>\n<h3>3) Temperaturkontrolle (3 Stufen)<\/h3>\n<p>Der Linsenw\u00e4rmer verf\u00fcgt \u00fcber <strong>3 Leistungsstufen<\/strong>, Die Temperaturbereiche :<\/p>\n<ul>\n<li><strong>Hohe Temperaturen :<\/strong> 61\u00b0C bis 75\u00b0C (141,8\u00b0F bis 167\u00b0F)<\/li>\n<li><strong>Durchschnittliche Temperatur :<\/strong> 50\u00b0C bis 60\u00b0C (122\u00b0F bis 140\u00b0F)<\/li>\n<li><strong>Niedrige Temperatur :<\/strong> 40\u00b0C bis 49\u00b0C (104\u00b0F bis 120\u00b0F)<\/li>\n<\/ul>\n<p><strong>Durchgef\u00fchrter Test<\/strong> mit einem externen Akku (Ausgang: 5V, 2A) bei einer Raumtemperatur von 24\u00b0C bis 25\u00b0C (75,2\u00b0F bis 77\u00b0F).<\/p>\n<h3>Inhalt des Pakets<\/h3>\n<ul>\n<li>Antibeschlag-Heizstreifen<\/li>\n<li>Kontrollkabel<\/li>\n<\/ul>\n<h3>Wie wird es verwendet?<\/h3>\n<p>Dieser Linsenw\u00e4rmer kann direkt \u00fcber den <strong>Hauptkabel<\/strong>. Wenn Sie das Steuerkabel nicht mit dem Hauptkabel verbinden, k\u00f6nnen Sie den Linsenw\u00e4rmer so verwenden, wie er ist.<\/p>\n<ol>\n<li>Wickeln Sie den Linsenw\u00e4rmer um das Objektiv.<\/li>\n<li>Verbinden Sie das USB-Kabel mit einem <strong>externe Batterie<\/strong> (kontinuierliche Verbindung erforderlich).<\/li>\n<li>Ohne Steuerkabel funktioniert der Linsenw\u00e4rmer in der <strong>Hochstrand<\/strong> (61\u00b0C bis 75\u00b0C).<\/li>\n<\/ol>\n<p>Sie k\u00f6nnen auch <strong>das Kontrollkabel anschlie\u00dfen<\/strong> am Hauptkabel, um den gew\u00fcnschten Temperaturbereich (niedrig \/ mittel \/ hoch) zu w\u00e4hlen.<\/p>","protected":false},"excerpt":{"rendered":"<p>Chauffe-lentille anti-bu\u00e9e USB (5V) pour objectif photo Ce chauffe-lentille est con\u00e7u pour emp\u00eacher votre objectif d\u2019appareil photo de s\u2019embuer et pour le maintenir au sec pendant vos sessions photo, notamment en astrophotographie. Il se fixe autour de l\u2019objectif et d\u00e9livre une chaleur r\u00e9guli\u00e8re afin de limiter la condensation. Histoire d\u2019origine N\u00e9 de vos besoins de [&hellip;]<\/p>\n","protected":false},"featured_media":12909,"comment_status":"open","ping_status":"closed","template":"","meta":[],"product_brand":[821],"product_cat":[816,833,733],"product_tag":[],"class_list":{"0":"post-12908","1":"product","2":"type-product","3":"status-publish","4":"has-post-thumbnail","6":"product_brand-move-shoot-move","7":"product_cat-nouveautes","8":"product_cat-en-stock","9":"product_cat-resistances-chauffante-et-controleurs","11":"first","12":"instock","13":"taxable","14":"shipping-taxable","15":"purchasable","16":"product-type-simple"},"_links":{"self":[{"href":"https:\/\/deep-space-astronomy.ch\/de\/wp-json\/wp\/v2\/product\/12908","targetHints":{"allow":["GET"]}}],"collection":[{"href":"https:\/\/deep-space-astronomy.ch\/de\/wp-json\/wp\/v2\/product"}],"about":[{"href":"https:\/\/deep-space-astronomy.ch\/de\/wp-json\/wp\/v2\/types\/product"}],"replies":[{"embeddable":true,"href":"https:\/\/deep-space-astronomy.ch\/de\/wp-json\/wp\/v2\/comments?post=12908"}],"wp:featuredmedia":[{"embeddable":true,"href":"https:\/\/deep-space-astronomy.ch\/de\/wp-json\/wp\/v2\/media\/12909"}],"wp:attachment":[{"href":"https:\/\/deep-space-astronomy.ch\/de\/wp-json\/wp\/v2\/media?parent=12908"}],"wp:term":[{"taxonomy":"product_brand","embeddable":true,"href":"https:\/\/deep-space-astronomy.ch\/de\/wp-json\/wp\/v2\/product_brand?post=12908"},{"taxonomy":"product_cat","embeddable":true,"href":"https:\/\/deep-space-astronomy.ch\/de\/wp-json\/wp\/v2\/product_cat?post=12908"},{"taxonomy":"product_tag","embeddable":true,"href":"https:\/\/deep-space-astronomy.ch\/de\/wp-json\/wp\/v2\/product_tag?post=12908"}],"curies":[{"name":"wp","href":"https:\/\/api.w.org\/{rel}","templated":true}]}}